{"id":2118,"date":"2017-11-18T20:20:14","date_gmt":"2017-11-18T20:20:14","guid":{"rendered":"http:\/\/biblian.is\/1981\/jeremia-26-kafli\/"},"modified":"2017-11-18T20:20:14","modified_gmt":"2017-11-18T20:20:14","slug":"jeremia-26-kafli","status":"publish","type":"page","link":"https:\/\/biblian.is\/1981\/jeremia-26-kafli\/","title":{"rendered":"Jerem\u00eda 26. kafli"},"content":{"rendered":"<p><a name=\"1\"><span class=\"versanumer\">1<\/span><\/a>\u00cd byrjun r\u00edkisstj\u00f3rnar J\u00f3jak\u00edms J\u00f3s\u00edasonar, konungs \u00ed J\u00fada, kom \u00feetta or\u00f0 fr\u00e1 Drottni:<a name=\"2\"><span class=\"versanumer\">2<\/span><\/a>Svo segir Drottinn: Gakk \u00ed forgar\u00f0 musteris Drottins, og tala til allra \u00feeirra manna \u00far J\u00fadaborgum, sem komnir eru til \u00feess a\u00f0 falla fram \u00ed musteri Drottins, \u00f6ll \u00feau or\u00f0, sem \u00e9g hefi bo\u00f0i\u00f0 \u00fe\u00e9r a\u00f0 tala til \u00feeirra. \u00de\u00fa skalt ekki draga neitt or\u00f0 undan.<a name=\"3\"><span class=\"versanumer\">3<\/span><\/a>Ef til vill hl\u00fd\u00f0a \u00feeir og sn\u00faa s\u00e9r, hver og einn fr\u00e1 s\u00ednum vonda vegi. Mun mig \u00fe\u00e1 i\u00f0ra \u00feeirrar \u00f3hamingju, sem \u00e9g hygg a\u00f0 lei\u00f0a yfir \u00fe\u00e1 sakir illra verka \u00feeirra.<a name=\"4\"><span class=\"versanumer\">4<\/span><\/a>Og \u00fe\u00fa skalt segja \u00feeim: Svo segir Drottinn: Ef \u00fe\u00e9r hl\u00fd\u00f0i\u00f0 m\u00e9r ekki, svo a\u00f0 \u00fe\u00e9r breyti\u00f0 eftir l\u00f6gm\u00e1li m\u00ednu, sem \u00e9g hefi fyrir y\u00f0ur lagt,<a name=\"5\"><span class=\"versanumer\">5<\/span><\/a>svo a\u00f0 \u00fe\u00e9r hl\u00fd\u00f0i\u00f0 or\u00f0um \u00fej\u00f3na minna, sp\u00e1mannanna, er \u00e9g hefi sent til y\u00f0ar \u00e6 a\u00f0 n\u00fdju \u00f3afl\u00e1tanlega, en \u00fe\u00e9r hafi\u00f0 ekki hl\u00fdtt \u00feeim,<a name=\"6\"><span class=\"versanumer\">6<\/span><\/a>\u00fe\u00e1 vil \u00e9g fara me\u00f0 \u00feetta h\u00fas eins og h\u00fasi\u00f0 \u00ed S\u00edl\u00f3, og gj\u00f6ra \u00feessa borg a\u00f0 form\u00e6ling fyrir allar \u00fej\u00f3\u00f0ir jar\u00f0arinnar.<a name=\"7\"><span class=\"versanumer\">7<\/span><\/a>En er prestarnir og sp\u00e1mennirnir og allur l\u00fd\u00f0urinn heyr\u00f0i Jerem\u00eda flytja \u00feessi or\u00f0 \u00ed musteri Drottins,<a name=\"8\"><span class=\"versanumer\">8<\/span><\/a>og Jerem\u00eda haf\u00f0i loki\u00f0 a\u00f0 tala allt \u00fea\u00f0, sem Drottinn haf\u00f0i bo\u00f0i\u00f0 honum a\u00f0 tala til alls l\u00fd\u00f0sins, \u00fe\u00e1 t\u00f3ku prestarnir og sp\u00e1mennirnir og allur l\u00fd\u00f0urinn hann h\u00f6ndum og s\u00f6g\u00f0u: \u00de\u00fa skalt vissulega deyja!<a name=\"9\"><span class=\"versanumer\">9<\/span><\/a>Hv\u00ed hefir \u00fe\u00fa sp\u00e1\u00f0 \u00ed nafni Drottins og sagt: \u00deetta h\u00fas skal ver\u00f0a eins og h\u00fasi\u00f0 \u00ed S\u00edl\u00f3, og \u00feessi borg skal \u00ed ey\u00f0i l\u00f6g\u00f0 og mannlaus ver\u00f0a! Og allur l\u00fd\u00f0urinn safna\u00f0ist gegn Jerem\u00eda \u00ed musteri Drottins.<a name=\"10\"><span class=\"versanumer\">10<\/span><\/a>En er h\u00f6f\u00f0ingjarnir \u00ed J\u00fada fr\u00e9ttu \u00feetta, f\u00f3ru \u00feeir \u00far konungsh\u00f6llinni upp til musteris Drottins og settust \u00fati fyrir Hinu n\u00fdja hli\u00f0i musterisins.<a name=\"11\"><span class=\"versanumer\">11<\/span><\/a>Og prestarnir og sp\u00e1mennirnir t\u00f6lu\u00f0u til h\u00f6f\u00f0ingjanna og alls l\u00fd\u00f0sins og s\u00f6g\u00f0u: \u00deessi ma\u00f0ur er dau\u00f0a sekur, \u00fev\u00ed a\u00f0 hann hefir sp\u00e1\u00f0 gegn \u00feessari borg, eins og \u00fe\u00e9r hafi\u00f0 heyrt me\u00f0 eigin eyrum.<a name=\"12\"><span class=\"versanumer\">12<\/span><\/a>Jerem\u00eda m\u00e6lti til allra h\u00f6f\u00f0ingjanna og alls l\u00fd\u00f0sins \u00e1 \u00feessa lei\u00f0: Drottinn hefir sent mig til \u00feess a\u00f0 bo\u00f0a \u00f6ll \u00feessi or\u00f0, sem \u00fe\u00e9r hafi\u00f0 heyrt, gegn \u00feessu h\u00fasi og \u00feessari borg.<a name=\"13\"><span class=\"versanumer\">13<\/span><\/a>Og b\u00e6ti\u00f0 n\u00fa framfer\u00f0i y\u00f0ar og athafnir og hl\u00fd\u00f0i\u00f0 raustu Drottins, Gu\u00f0s y\u00f0ar, svo a\u00f0 Drottin megi i\u00f0ra \u00feeirrar \u00f3hamingju, er hann hefir h\u00f3ta\u00f0 y\u00f0ur.<a name=\"14\"><span class=\"versanumer\">14<\/span><\/a>En a\u00f0 \u00fev\u00ed er til sj\u00e1lfs m\u00edn kemur, \u00fe\u00e1 er \u00e9g \u00e1 y\u00f0ar valdi. Gj\u00f6ri\u00f0 vi\u00f0 mig \u00fea\u00f0, sem y\u00f0ur \u00feykir gott og r\u00e9tt.<a name=\"15\"><span class=\"versanumer\">15<\/span><\/a>En \u00fea\u00f0 skulu\u00f0 \u00fe\u00e9r vita, a\u00f0 ef \u00fe\u00e9r dey\u00f0i\u00f0 mig, \u00fe\u00e1 lei\u00f0i\u00f0 \u00fe\u00e9r saklaust bl\u00f3\u00f0 yfir y\u00f0ur og yfir \u00feessa borg og yfir \u00edb\u00faa hennar, \u00fev\u00ed a\u00f0 Drottinn hefir sannlega sent mig til y\u00f0ar til \u00feess a\u00f0 flytja y\u00f0ur \u00f6ll \u00feessi or\u00f0.<a name=\"16\"><span class=\"versanumer\">16<\/span><\/a>\u00de\u00e1 s\u00f6g\u00f0u h\u00f6f\u00f0ingjarnir og allur l\u00fd\u00f0urinn vi\u00f0 prestana og sp\u00e1mennina: \u00deessi ma\u00f0ur er ekki dau\u00f0a sekur, \u00fev\u00ed a\u00f0 hann hefir tala\u00f0 til vor \u00ed nafni Drottins, Gu\u00f0s vors.<a name=\"17\"><span class=\"versanumer\">17<\/span><\/a>\u00de\u00e1 gengu nokkrir af \u00f6ldungum landsins fram og m\u00e6ltu til alls mannsafna\u00f0arins \u00e1 \u00feessa lei\u00f0:<a name=\"18\"><span class=\"versanumer\">18<\/span><\/a>M\u00edka fr\u00e1 M\u00f3reset kom fram sem sp\u00e1ma\u00f0ur \u00e1 d\u00f6gum Hisk\u00eda konungs \u00ed J\u00fada og m\u00e6lti til alls J\u00fadal\u00fd\u00f0s \u00e1 \u00feessa lei\u00f0: Svo segir Drottinn allsherjar: S\u00edon mun pl\u00e6g\u00f0 ver\u00f0a sem akur og Jer\u00fasalem mun ver\u00f0a a\u00f0 r\u00fastum og musterisfjalli\u00f0 a\u00f0 sk\u00f3garh\u00e6\u00f0um.<a name=\"19\"><span class=\"versanumer\">19<\/span><\/a>Hvort deyddi Hisk\u00eda J\u00fadakonungur og allur J\u00fadal\u00fd\u00f0ur hann? \u00d3tta\u00f0ist hann ekki Drottin og bl\u00ed\u00f0ka\u00f0i Drottin, svo a\u00f0 Drottin i\u00f0ra\u00f0i \u00feeirrar \u00f3hamingju, er hann haf\u00f0i h\u00f3ta\u00f0 \u00feeim? En v\u00e9r erum r\u00e9tt a\u00f0 \u00fev\u00ed komnir a\u00f0 baka oss mikla \u00f3hamingju!<a name=\"20\"><span class=\"versanumer\">20<\/span><\/a>Annar ma\u00f0ur var og, sem sp\u00e1\u00f0i \u00ed nafni Drottins, \u00dar\u00eda Semajason fr\u00e1 Kirjat-Jear\u00edm. Hann sp\u00e1\u00f0i og gegn \u00feessari borg og \u00feessu landi, alveg \u00e1 sama h\u00e1tt og Jerem\u00eda.<a name=\"21\"><span class=\"versanumer\">21<\/span><\/a>En er J\u00f3jak\u00edm konungur og allir kappar hans og allir h\u00f6f\u00f0ingjarnir spur\u00f0u or\u00f0 hans, leita\u00f0ist konungur vi\u00f0 a\u00f0 l\u00e1ta drepa hann. En er \u00dar\u00eda fr\u00e9tti \u00fea\u00f0, var\u00f0 hann hr\u00e6ddur, fl\u00fd\u00f0i burt og f\u00f3r til Egyptalands.<a name=\"22\"><span class=\"versanumer\">22<\/span><\/a>En J\u00f3jak\u00edm konungur gj\u00f6r\u00f0i menn til Egyptalands, Elnatan Akb\u00f3rsson og menn me\u00f0 honum.<a name=\"23\"><span class=\"versanumer\">23<\/span><\/a>Og \u00feeir s\u00f3ttu \u00dar\u00eda til Egyptalands og f\u00f3ru me\u00f0 hann til J\u00f3jak\u00edms konungs, og hann l\u00e9t drepa hann me\u00f0 sver\u00f0i og kasta l\u00edkinu \u00e1 grafir m\u00fagamanna.<a name=\"24\"><span class=\"versanumer\">24<\/span><\/a>En Ah\u00edkam Safansson vernda\u00f0i Jerem\u00eda, svo a\u00f0 hann var eigi framseldur \u00ed hendur l\u00fd\u00f0sins til l\u00edfl\u00e1ts.<\/p>\n<div class=\"footnote1981\"><b>26.1<\/b> J\u00f3jak\u00edm Jer 1.3+<br \/>\n<b>26.2<\/b> Ekkert darga undan Opb 22.19<br \/>\n<b>26.3<\/b> Ef til vill 2M\u00f3s 32.30, Am 5.15; sbr L\u00fak 20.13 \u2013 sn\u00faa Jer 18.11+ &#8211; Drottinn i\u00f0rast Jer 18.8+<br \/>\n<b>26.4<\/b> Ef \u00fe\u00e9r hl\u00fd\u00f0i\u00f0 ekki 5M\u00f3s 28.15<br \/>\n<b>26.5<\/b> \u00dej\u00f3nar m\u00ednir Jer 7.25+<br \/>\n<b>26.6<\/b> Eins og S\u00edl\u00f3 Jer 7.12+ ; sbr L\u00fak 21.6,20-22 \u2013 b\u00f6lvun Jer 29.22; sbr 24.9+<br \/>\n<b>26.7<\/b> Prestar og sp\u00e1menn Jer 2.8<br \/>\n<b>26.13<\/b> B\u00e6ti\u00f0 framfer\u00f0i y\u00f0ar Jer 7.3,5; 18.11 \u2013 Drottin i\u00f0rast Jer 26.3; 18.8+<br \/>\n<b>26.15<\/b> Saklaust bl\u00f3\u00f0 Jer 7.6; 19.4<br \/>\n<b>26.18<\/b> M\u00edka sp\u00e1ma\u00f0ur M\u00edk 3.12<br \/>\n<b>26.19<\/b> Kalla \u00f3g\u00e6fu yfir sj\u00e1lfa okkur Post 5.39<br \/>\n<b>26.20<\/b> Kirjat Jear\u00edm J\u00f3s 15.60; 18.14<br \/>\n<b>26.21<\/b> J\u00f3jak\u00edm Jer 1.3+<br \/>\n<b>26.22<\/b> Elnatan Jer 36.12,25 \u2013 Akb\u00f3r 2Kon 22.12,14<br \/>\n<b>26.23<\/b> J\u00f3jak\u00edm fremur \u00f3h\u00e6fu Jer 22.17<br \/>\n<b>26.24<\/b> Safan 2Kon 22.8-14 \u2013 synir: Ah\u00edkam 2Kon 22.12; Elasa Jer 29.3; Gemar\u00eda Jer 36.10 \u2013 sonasynir: M\u00edka Jer 36.11-13; Gedalja Jer 39.14; 40.5-41.2<\/div>\n","protected":false},"excerpt":{"rendered":"<p>1\u00cd byrjun r\u00edkisstj\u00f3rnar J\u00f3jak\u00edms J\u00f3s\u00edasonar, konungs \u00ed J\u00fada, kom \u00feetta or\u00f0 fr\u00e1 Drottni:2Svo segir Drottinn: Gakk \u00ed forgar\u00f0 musteris Drottins, og tala til allra \u00feeirra manna \u00far J\u00fadaborgum, sem komnir eru til \u00feess a\u00f0 falla fram \u00ed musteri Drottins, \u00f6ll \u00feau or\u00f0, sem \u00e9g hefi bo\u00f0i\u00f0 \u00fe\u00e9r a\u00f0 tala til \u00feeirra. \u00de\u00fa skalt ekki draga neitt or\u00f0 undan.3Ef til vill hl\u00fd\u00f0a \u00feeir og sn\u00faa s\u00e9r, hver og einn fr\u00e1 s\u00ednum vonda vegi. Mun mig \u00fe\u00e1 i\u00f0ra \u00feeirrar \u00f3hamingju, sem \u00e9g hygg a\u00f0 lei\u00f0a yfir \u00fe\u00e1 sakir illra verka \u00feeirra.4Og \u00fe\u00fa skalt segja \u00feeim: Svo segir Drottinn: Ef \u00fe\u00e9r hl\u00fd\u00f0i\u00f0 m\u00e9r <a href=\"https:\/\/biblian.is\/1981\/jeremia-26-kafli\/\"> [&#8230;]<\/a><\/p>\n","protected":false},"author":1,"featured_media":0,"parent":0,"menu_order":0,"comment_status":"open","ping_status":"open","template":"bibliukaflar.php","meta":{"footnotes":""},"class_list":["post-2118","page","type-page","status-publish","hentry"],"_links":{"self":[{"href":"https:\/\/biblian.is\/1981\/wp-json\/wp\/v2\/pages\/2118","targetHints":{"allow":["GET"]}}],"collection":[{"href":"https:\/\/biblian.is\/1981\/wp-json\/wp\/v2\/pages"}],"about":[{"href":"https:\/\/biblian.is\/1981\/wp-json\/wp\/v2\/types\/page"}],"author":[{"embeddable":true,"href":"https:\/\/biblian.is\/1981\/wp-json\/wp\/v2\/users\/1"}],"replies":[{"embeddable":true,"href":"https:\/\/biblian.is\/1981\/wp-json\/wp\/v2\/comments?post=2118"}],"version-history":[{"count":0,"href":"https:\/\/biblian.is\/1981\/wp-json\/wp\/v2\/pages\/2118\/revisions"}],"wp:attachment":[{"href":"https:\/\/biblian.is\/1981\/wp-json\/wp\/v2\/media?parent=2118"}],"curies":[{"name":"wp","href":"https:\/\/api.w.org\/{rel}","templated":true}]}}