{"id":2116,"date":"2017-11-18T20:20:14","date_gmt":"2017-11-18T20:20:14","guid":{"rendered":"http:\/\/biblian.is\/1981\/jeremia-24-kafli\/"},"modified":"2017-11-18T20:20:14","modified_gmt":"2017-11-18T20:20:14","slug":"jeremia-24-kafli","status":"publish","type":"page","link":"https:\/\/biblian.is\/1981\/jeremia-24-kafli\/","title":{"rendered":"Jerem\u00eda 24. kafli"},"content":{"rendered":"<p><a name=\"1\"><span class=\"versanumer\">1<\/span><\/a>Drottinn l\u00e9t mig sj\u00e1: Tv\u00e6r karfir fullar af f\u00edkjum voru settar fyrir framan musteri Drottins, eftir a\u00f0 Neb\u00fakadresar Babelkonungur haf\u00f0i herleitt Jekonja J\u00f3jak\u00edmsson, J\u00fadakonung, og h\u00f6f\u00f0ingjana \u00ed J\u00fada og tr\u00e9smi\u00f0ina og j\u00e1rnsmi\u00f0ina burt fr\u00e1 Jer\u00fasalem og flutt \u00fe\u00e1 til Bab\u00fdlon.<a name=\"2\"><span class=\"versanumer\">2<\/span><\/a>\u00cd annarri k\u00f6rfinni voru mj\u00f6g g\u00f3\u00f0ar f\u00edkjur, l\u00edkar \u00e1rf\u00edkjum, en \u00ed hinni k\u00f6rfinni voru mj\u00f6g vondar f\u00edkjur, sem voru svo vondar, a\u00f0 \u00fe\u00e6r voru \u00f3\u00e6tar.<a name=\"3\"><span class=\"versanumer\">3<\/span><\/a>\u00de\u00e1 sag\u00f0i Drottinn vi\u00f0 mig: Hva\u00f0 s\u00e9r \u00fe\u00fa, Jerem\u00eda? Og \u00e9g svara\u00f0i: F\u00edkjur! G\u00f3\u00f0u f\u00edkjurnar eru mj\u00f6g g\u00f3\u00f0ar, en \u00fe\u00e6r vondu eru mj\u00f6g vondar, j\u00e1 svo vondar, a\u00f0 \u00fe\u00e6r eru \u00f3\u00e6tar.<a name=\"4\"><span class=\"versanumer\">4<\/span><\/a>\u00de\u00e1 kom or\u00f0 Drottins til m\u00edn:<a name=\"5\"><span class=\"versanumer\">5<\/span><\/a>Svo segir Drottinn, \u00cdsraels Gu\u00f0: Eins og \u00e1 \u00feessar g\u00f3\u00f0u f\u00edkjur, svo l\u00edt \u00e9g \u00e1 hina herleiddu \u00far J\u00fada, sem \u00e9g hefi sent h\u00e9\u00f0an til Kaldealands, \u00feeim til heilla.<a name=\"6\"><span class=\"versanumer\">6<\/span><\/a>\u00c9g beini augum m\u00ednum \u00e1 \u00fe\u00e1 \u00feeim til heilla og flyt \u00fe\u00e1 aftur inn \u00ed \u00feetta land, svo a\u00f0 \u00e9g megi byggja \u00fe\u00e1 upp og ekki r\u00edfa \u00fe\u00e1 ni\u00f0ur aftur og gr\u00f3\u00f0ursetja \u00fe\u00e1 og ekki uppr\u00e6ta \u00fe\u00e1 aftur.<a name=\"7\"><span class=\"versanumer\">7<\/span><\/a>Og \u00e9g gef \u00feeim hjarta til a\u00f0 \u00feekkja mig, a\u00f0 \u00e9g er Drottinn, og \u00feeir skulu vera m\u00edn \u00fej\u00f3\u00f0 og \u00e9g skal vera \u00feeirra Gu\u00f0, \u00feegar \u00feeir sn\u00faa s\u00e9r til m\u00edn af \u00f6llu hjarta.<a name=\"8\"><span class=\"versanumer\">8<\/span><\/a>Og eins og vondu f\u00edkjurnar, sem eru svo vondar, a\u00f0 \u00fe\u00e6r eru \u00f3\u00e6tar j\u00e1, svo segir Drottinn, \u00feannig vil \u00e9g fara me\u00f0 Sedek\u00eda konung \u00ed J\u00fada og h\u00f6f\u00f0ingja hans og leifarnar af Jer\u00fasalem, \u00fe\u00e1 sem eftir eru \u00ed \u00feessu landi og \u00fe\u00e1 sem sest hafa a\u00f0 \u00ed Egyptalandi.<a name=\"9\"><span class=\"versanumer\">9<\/span><\/a>\u00c9g mun gj\u00f6ra \u00fe\u00e1 a\u00f0 gr\u00fdlu, a\u00f0 andstygg\u00f0 \u00f6llum konungsr\u00edkjum jar\u00f0ar, a\u00f0 h\u00e1\u00f0ung, or\u00f0skvi\u00f0, spotti og form\u00e6ling \u00e1 \u00f6llum \u00feeim st\u00f6\u00f0um, \u00feanga\u00f0 sem \u00e9g rek \u00fe\u00e1.<a name=\"10\"><span class=\"versanumer\">10<\/span><\/a>Og \u00e9g sendi sver\u00f0, hungur og dreps\u00f3tt \u00ed m\u00f3ti \u00feeim, \u00fear til er \u00feeir eru gj\u00f6reyddir \u00far landinu, sem \u00e9g gaf \u00feeim og fe\u00f0rum \u00feeirra.<\/p>\n<div class=\"footnote1981\"><b>24.1<\/b> \u00c1vaxtak\u00f6rfur Am 8.1 \u2013 Neb\u00fakadresar Jer 21.2+ &#8211; reka Jekonja \u00ed \u00fatleg\u00f0 Jer 22.24+<br \/>\n<b>24.2<\/b> \u00d3\u00e6tar Jer 29.17<br \/>\n<b>24.3<\/b> Hva\u00f0 s\u00e9r\u00f0u? Jer 1.11+<br \/>\n<b>24.5<\/b> G\u00f3\u00f0ir eins og &#8230; sbr 29.11; Slm 118.22<br \/>\n<b>24.6<\/b> Flytja aftur Jer 23.3 \u2013 gr\u00f3\u00f0urset og ekki r\u00edfa upp sbr Jer 1.10+<br \/>\n<b>24.7<\/b> L\u00f6ngun til a\u00f0 \u00feekkja Jer 9.23+ ; 32.39 \u2013 m\u00edn \u00fej\u00f3\u00f0, \u00feeirra Gu\u00f0 Jer 7.23+ ; sbr 5M\u00f3s 26.17-18<br \/>\n<b>24.8<\/b> Sedek\u00eda Jer 1.3+<br \/>\n<b>24.9<\/b> A\u00f0 vi\u00f0urstygg\u00f0 Jer 15.4+ form\u00e6lingar Jer 25.18; 26.6; 29.18,22; 42.18; 44.8,12,22; 49.13<br \/>\n<b>24.10<\/b> Sver\u00f0, hungur og dreps\u00f3tt Jer 14.12+<\/div>\n","protected":false},"excerpt":{"rendered":"<p>1Drottinn l\u00e9t mig sj\u00e1: Tv\u00e6r karfir fullar af f\u00edkjum voru settar fyrir framan musteri Drottins, eftir a\u00f0 Neb\u00fakadresar Babelkonungur haf\u00f0i herleitt Jekonja J\u00f3jak\u00edmsson, J\u00fadakonung, og h\u00f6f\u00f0ingjana \u00ed J\u00fada og tr\u00e9smi\u00f0ina og j\u00e1rnsmi\u00f0ina burt fr\u00e1 Jer\u00fasalem og flutt \u00fe\u00e1 til Bab\u00fdlon.2\u00cd annarri k\u00f6rfinni voru mj\u00f6g g\u00f3\u00f0ar f\u00edkjur, l\u00edkar \u00e1rf\u00edkjum, en \u00ed hinni k\u00f6rfinni voru mj\u00f6g vondar f\u00edkjur, sem voru svo vondar, a\u00f0 \u00fe\u00e6r voru \u00f3\u00e6tar.3\u00de\u00e1 sag\u00f0i Drottinn vi\u00f0 mig: Hva\u00f0 s\u00e9r \u00fe\u00fa, Jerem\u00eda? Og \u00e9g svara\u00f0i: F\u00edkjur! G\u00f3\u00f0u f\u00edkjurnar eru mj\u00f6g g\u00f3\u00f0ar, en \u00fe\u00e6r vondu eru mj\u00f6g vondar, j\u00e1 svo vondar, a\u00f0 \u00fe\u00e6r eru \u00f3\u00e6tar.4\u00de\u00e1 kom or\u00f0 Drottins til m\u00edn:5Svo segir <a href=\"https:\/\/biblian.is\/1981\/jeremia-24-kafli\/\"> [&#8230;]<\/a><\/p>\n","protected":false},"author":1,"featured_media":0,"parent":0,"menu_order":0,"comment_status":"open","ping_status":"open","template":"bibliukaflar.php","meta":{"footnotes":""},"class_list":["post-2116","page","type-page","status-publish","hentry"],"_links":{"self":[{"href":"https:\/\/biblian.is\/1981\/wp-json\/wp\/v2\/pages\/2116","targetHints":{"allow":["GET"]}}],"collection":[{"href":"https:\/\/biblian.is\/1981\/wp-json\/wp\/v2\/pages"}],"about":[{"href":"https:\/\/biblian.is\/1981\/wp-json\/wp\/v2\/types\/page"}],"author":[{"embeddable":true,"href":"https:\/\/biblian.is\/1981\/wp-json\/wp\/v2\/users\/1"}],"replies":[{"embeddable":true,"href":"https:\/\/biblian.is\/1981\/wp-json\/wp\/v2\/comments?post=2116"}],"version-history":[{"count":0,"href":"https:\/\/biblian.is\/1981\/wp-json\/wp\/v2\/pages\/2116\/revisions"}],"wp:attachment":[{"href":"https:\/\/biblian.is\/1981\/wp-json\/wp\/v2\/media?parent=2116"}],"curies":[{"name":"wp","href":"https:\/\/api.w.org\/{rel}","templated":true}]}}