{"id":2114,"date":"2017-11-18T20:20:14","date_gmt":"2017-11-18T20:20:14","guid":{"rendered":"http:\/\/biblian.is\/1981\/jeremia-22-kafli\/"},"modified":"2017-11-18T20:20:14","modified_gmt":"2017-11-18T20:20:14","slug":"jeremia-22-kafli","status":"publish","type":"page","link":"https:\/\/biblian.is\/1981\/jeremia-22-kafli\/","title":{"rendered":"Jerem\u00eda 22. kafli"},"content":{"rendered":"<p><a name=\"1\"><span class=\"versanumer\">1<\/span><\/a>Svo m\u00e6lti Drottinn: Gakk \u00fe\u00fa ofan a\u00f0 h\u00f6ll J\u00fadakonungs og flyt \u00fear \u00feessi or\u00f0<a name=\"2\"><span class=\"versanumer\">2<\/span><\/a>og seg: Heyr or\u00f0 Drottins, konungur \u00ed J\u00fada, \u00fe\u00fa sem situr \u00ed h\u00e1s\u00e6ti Dav\u00ed\u00f0s, \u00fe\u00fa og \u00fej\u00f3nar \u00fe\u00ednir og l\u00fd\u00f0ur \u00feinn, \u00feeir sem ganga inn um \u00feessi hli\u00f0!<a name=\"3\"><span class=\"versanumer\">3<\/span><\/a>Svo segir Drottinn: I\u00f0ki\u00f0 r\u00e9tt og r\u00e9ttl\u00e6ti og frelsi\u00f0 hinn r\u00e6nda af hendi k\u00fagarans. Undiroki\u00f0 ekki \u00fatlendinga, muna\u00f0arleysingja og ekkjur, og hafi\u00f0 ekki \u00f3r\u00e9tt \u00ed frammi, og \u00fathelli\u00f0 ekki saklausu bl\u00f3\u00f0i \u00e1 \u00feessum sta\u00f0.<a name=\"4\"><span class=\"versanumer\">4<\/span><\/a>\u00dev\u00ed ef \u00fe\u00e9r gj\u00f6ri\u00f0 \u00feetta, munu inn um hli\u00f0 \u00feessa h\u00fass fara konungar, er sitja \u00ed h\u00e1s\u00e6ti Dav\u00ed\u00f0s sem eftirmenn hans, akandi \u00ed v\u00f6gnum og r\u00ed\u00f0andi \u00e1 hestum konungurinn sj\u00e1lfur, \u00fej\u00f3nar hans og l\u00fd\u00f0ur hans.<a name=\"5\"><span class=\"versanumer\">5<\/span><\/a>En ef \u00fe\u00e9r hl\u00fd\u00f0i\u00f0 ekki \u00feessum or\u00f0um, \u00fe\u00e1 sver \u00e9g vi\u00f0 sj\u00e1lfan mig segir Drottinn a\u00f0 h\u00f6ll \u00feessi skal ver\u00f0a a\u00f0 ey\u00f0ir\u00fast.<a name=\"6\"><span class=\"versanumer\">6<\/span><\/a>Svo segir Drottinn um h\u00f6ll J\u00fadakonungs: \u00de\u00fa ert m\u00e9r sem G\u00edlea\u00f0, sem L\u00edbanonstindur. Vissulega vil \u00e9g gj\u00f6ra \u00feig a\u00f0 ey\u00f0im\u00f6rk, eins og \u00f3bygg\u00f0ar borgir,<a name=\"7\"><span class=\"versanumer\">7<\/span><\/a>og v\u00edgja spillvirkja \u00ed m\u00f3ti \u00fe\u00e9r, hvern me\u00f0 s\u00edn vopn, til \u00feess a\u00f0 \u00feeir h\u00f6ggvi \u00fe\u00edn \u00e1g\u00e6tu sedrustr\u00e9 og varpi \u00feeim \u00e1 eldinn.<a name=\"8\"><span class=\"versanumer\">8<\/span><\/a>Margar \u00fej\u00f3\u00f0ir skulu ganga fram hj\u00e1 \u00feessari borg og menn segja hver vi\u00f0 annan: Hvers vegna hefir Drottinn fari\u00f0 svo me\u00f0 \u00feessa miklu borg?<a name=\"9\"><span class=\"versanumer\">9<\/span><\/a>Og \u00fe\u00e1 munu menn svara: Af \u00fev\u00ed a\u00f0 \u00feeir yfirg\u00e1fu s\u00e1ttm\u00e1la Drottins, Gu\u00f0s s\u00edns, og f\u00e9llu fram fyrir \u00f6\u00f0rum gu\u00f0um og \u00fej\u00f3nu\u00f0u \u00feeim.<a name=\"10\"><span class=\"versanumer\">10<\/span><\/a>Gr\u00e1ti\u00f0 ekki \u00feann, sem dau\u00f0ur er, og harmi\u00f0 hann ekki. Gr\u00e1ti\u00f0 miklu heldur \u00feann, sem burt er farinn, \u00fev\u00ed a\u00f0 hann mun aldrei koma heim aftur og sj\u00e1 \u00e6ttland sitt.<a name=\"11\"><span class=\"versanumer\">11<\/span><\/a>\u00dev\u00ed a\u00f0 svo segir Drottinn um Sall\u00fam J\u00f3s\u00edason, konung \u00ed J\u00fada, sem r\u00edki t\u00f3k eftir J\u00f3s\u00eda f\u00f6\u00f0ur sinn og burt er farinn \u00far \u00feessum sta\u00f0: Hann mun aldrei framar koma hinga\u00f0 aftur,<a name=\"12\"><span class=\"versanumer\">12<\/span><\/a>heldur mun hann deyja \u00e1 \u00feeim sta\u00f0, \u00feanga\u00f0 sem \u00feeir hafa flutt hann hertekinn, en \u00feetta land mun hann aldrei framar l\u00edta.<a name=\"13\"><span class=\"versanumer\">13<\/span><\/a>Vei \u00feeim, sem byggir h\u00fas sitt me\u00f0 rangl\u00e6ti og veggsvalir s\u00ednar me\u00f0 rangindum, sem l\u00e6tur n\u00e1unga sinn vinna fyrir ekki neitt og grei\u00f0ir honum ekki kaup hans,<a name=\"14\"><span class=\"versanumer\">14<\/span><\/a>sem segir: \u00c9g vil reisa m\u00e9r r\u00famgott h\u00fas og loftg\u00f3\u00f0ar svalir! og heggur s\u00e9r glugga, \u00feiljar me\u00f0 sedrusvi\u00f0i og m\u00e1lar fagurrautt!<a name=\"15\"><span class=\"versanumer\">15<\/span><\/a>Ert \u00fe\u00fa konungur, \u00fe\u00f3tt \u00fe\u00fa keppir vi\u00f0 a\u00f0ra me\u00f0 h\u00fasagj\u00f6r\u00f0 \u00far sedrusvi\u00f0i? \u00c1t ekki fa\u00f0ir \u00feinn og drakk? En hann i\u00f0ka\u00f0i r\u00e9tt og r\u00e9ttl\u00e6ti, \u00fe\u00e1 vegna\u00f0i honum vel.<a name=\"16\"><span class=\"versanumer\">16<\/span><\/a>Hann rak r\u00e9ttar hinna aumu og f\u00e1t\u00e6ku, \u00fe\u00e1 gekk allt vel. Er sl\u00edkt ekki a\u00f0 \u00feekkja mig? segir Drottinn.<a name=\"17\"><span class=\"versanumer\">17<\/span><\/a>En augu \u00fe\u00edn og hjarta stefna eing\u00f6ngu a\u00f0 eigin \u00e1vinning og a\u00f0 \u00fev\u00ed a\u00f0 \u00fathella saklausu bl\u00f3\u00f0i og beita k\u00fagun og undirokun.<a name=\"18\"><span class=\"versanumer\">18<\/span><\/a>Fyrir \u00fev\u00ed segir Drottinn svo um J\u00f3jak\u00edm J\u00f3s\u00edason, J\u00fadakonung: Menn munu ekki harma hann og segja: \u00c6, br\u00f3\u00f0ir minn! \u00c6, systir! Menn munu ekki harma hann og segja: \u00c6, herra! \u00c6, vegsemd hans!<a name=\"19\"><span class=\"versanumer\">19<\/span><\/a>Hann skal ver\u00f0a jar\u00f0a\u00f0ur eins og asni er jar\u00f0a\u00f0ur: dreginn burt og varpa\u00f0 langt \u00fat fyrir hli\u00f0 Jer\u00fasalem.<a name=\"20\"><span class=\"versanumer\">20<\/span><\/a>St\u00edg \u00fe\u00fa upp \u00e1 L\u00edbanon og hlj\u00f3\u00f0a! L\u00e1t raust \u00fe\u00edna gjalla \u00ed Basan og hlj\u00f3\u00f0a \u00fe\u00fa fr\u00e1 Abar\u00edm, \u00fev\u00ed a\u00f0 allir \u00e1stmenn \u00fe\u00ednir eru sundurmola\u00f0ir.<a name=\"21\"><span class=\"versanumer\">21<\/span><\/a>\u00c9g tala\u00f0i vi\u00f0 \u00feig \u00ed velgengni \u00feinni, en \u00fe\u00fa sag\u00f0ir: \u00c9g vil ekki heyra! \u00deannig var breytni \u00fe\u00edn fr\u00e1 \u00e6sku, a\u00f0 \u00fe\u00fa hl\u00fdddir ekki minni raustu.<a name=\"22\"><span class=\"versanumer\">22<\/span><\/a>N\u00fa mun stormurinn hir\u00f0a alla hir\u00f0a \u00fe\u00edna, og \u00e1stmenn \u00fe\u00ednir munu herleiddir ver\u00f0a. J\u00e1, \u00fe\u00e1 munt \u00fe\u00fa ver\u00f0a til skammar og sm\u00e1nar vegna allrar vonsku \u00feinnar.<a name=\"23\"><span class=\"versanumer\">23<\/span><\/a>\u00de\u00fa sem b\u00fdr \u00e1 L\u00edbanon og hrei\u00f0rar \u00feig \u00ed sedrustrj\u00e1m, hversu munt \u00fe\u00fa stynja, \u00feegar hr\u00ed\u00f0irnar koma yfir \u00feig, kvalir eins og yfir j\u00f3\u00f0sj\u00faka konu.<a name=\"24\"><span class=\"versanumer\">24<\/span><\/a>Svo sannarlega sem \u00e9g lifi segir Drottinn \u00fe\u00f3tt Konja J\u00f3jak\u00edmsson, konungur \u00ed J\u00fada, v\u00e6ri innsiglishringur \u00e1 h\u00e6gri hendi minni, \u00fe\u00e1 mundi \u00e9g r\u00edfa hann \u00fea\u00f0an.<a name=\"25\"><span class=\"versanumer\">25<\/span><\/a>Og \u00e9g sel \u00feig \u00ed hendur \u00feeirra, sem sitja um l\u00edf \u00feitt, og \u00ed hendur \u00feeirra, sem \u00fe\u00fa hr\u00e6\u00f0ist, og \u00ed hendur Neb\u00fakadresars Babelkonungs og \u00ed hendur Kaldea.<a name=\"26\"><span class=\"versanumer\">26<\/span><\/a>Og \u00e9g varpa \u00fe\u00e9r og m\u00f3\u00f0ur \u00feinni, sem \u00f3l \u00feig, burt til annars lands, \u00fear sem \u00fei\u00f0 ekki eru\u00f0 f\u00e6dd, og \u00fear skulu\u00f0 \u00fei\u00f0 deyja,<a name=\"27\"><span class=\"versanumer\">27<\/span><\/a>en \u00ed landi\u00f0, sem \u00feeir \u00fer\u00e1 a\u00f0 komast til aftur, \u00feanga\u00f0 skulu \u00feeir aldrei aftur komast.<a name=\"28\"><span class=\"versanumer\">28<\/span><\/a>Er \u00fe\u00e1 \u00feessi Konja fyrirlitlegt \u00edl\u00e1t, sem ekki er til annars en a\u00f0 brj\u00f3ta sundur, e\u00f0a ker, sem engum manni ge\u00f0jast a\u00f0? Hv\u00ed var honum og ni\u00f0jum hans \u00fe\u00e1 kasta\u00f0 burt og varpa\u00f0 til lands, sem \u00feeir \u00feekktu ekki?<a name=\"29\"><span class=\"versanumer\">29<\/span><\/a>\u00d3 land, land, land, heyr or\u00f0 Drottins!<a name=\"30\"><span class=\"versanumer\">30<\/span><\/a>Svo segir Drottinn: Skr\u00e1setji\u00f0 \u00feennan mann barnlausan, mann, sem ekki mun ver\u00f0a l\u00e1ngefinn um dagana, \u00fev\u00ed a\u00f0 engum af ni\u00f0jum hans mun au\u00f0nast a\u00f0 sitja \u00ed h\u00e1s\u00e6ti Dav\u00ed\u00f0s og r\u00edkja framar yfir J\u00fada.<\/p>\n<div class=\"footnote1981\"><b>22.2<\/b> Hl\u00fdddu \u00e1 J\u00fadakonungur Jer 7.2; 17.20; 34.4<br \/>\n<b>22.3<\/b> Bjarga hinum r\u00e6nda Jer 21.12 \u2013 a\u00f0komuma\u00f0ur, muna\u00f0arleysingi, ekkja Jer 7.6; 2M\u00f3s 22.21-22 \u2013 saklaust bl\u00f3\u00f0 Jer 22.17; 5M\u00f3s 19.10<br \/>\n<b>22.4<\/b> Arftakar Dav\u00ed\u00f0s Jer 17.25<br \/>\n<b>22.5<\/b> Svardagi Gu\u00f0s Jer 49.13; 51.14; 1M\u00f3s 22.16; Jes 45.23; Heb 6.13; sbr Jer 44.26; Jes 62.8; Am 4.2; 8.7; Slm 89.36,50<br \/>\n<b>22.6<\/b> G\u00edlea\u00f0 og L\u00edbanon Sak 10.10<br \/>\n<b>22.7<\/b> Helga ey\u00f0endur Jer 6.4; 12.3; Jes 13.3<br \/>\n<b>22.8<\/b> Hvers vegna? Jer 5.19+<br \/>\n<b>22.9<\/b> Sni\u00f0gengu Jer 2.13+ &#8211; tilb\u00e1\u00f0u Jer 7.9+<br \/>\n<b>22.10<\/b> Hinn dau\u00f0a (J\u00f3s\u00eda) 2Kon 23.29-30 \u2013 harmur 2Kro 35.24-25<br \/>\n<b>22.11<\/b> Sall\u00fam (J\u00f3ahas) 2Kon 23.31-34; Esk 19.4<br \/>\n<b>22.13-22<\/b> Vei \u00feeim Hab 2.6-12<br \/>\n<b>22.13<\/b> J\u00f3jak\u00edm Jer 1.3+ &#8211; konungur, v\u00f6r\u00f0ur laganna Jer 22.3,15; 23.5; 33.15; M\u00edk 3.1; Slm 72.2-4,12-14; Okv 16.12-13; 29.4,14 \u2013 Gu\u00f0 hefnir undiroka\u00f0ra Jer 5.28-29; Am 2.6-8; Slm 94.1-2,5-6 \u2013 me\u00f0 rangindum M\u00edk 3.10; S\u00edr 21.8 \u2013 laun 5M\u00f3s 24.14-15; Jak 5.4<br \/>\n<b>22.14<\/b> \u00c9g byggi m\u00e9r &#8230; L\u00fak 12.18<br \/>\n<b>22.15<\/b> Fa\u00f0ir \u00feinn (J\u00f3s\u00eda) Jer 1.2+ ; 2Kro 34-35; S\u00edr 49.1-4<br \/>\n<b>22.16<\/b> A\u00f0 j\u00e1ta (s\u00f6nn \u00feekking ) Jer 9.5,23; H\u00f3s 6.6<br \/>\n<b>22.17<\/b> Gr\u00f3\u00f0i Slm 119.36 \u2013 \u00fathella saklausu bl\u00f3\u00f0i Jer 26.23; sbr 26.15<br \/>\n<b>22.18<\/b> Syrgja ekki Jer 16.6; Slm 78.64 \u2013 \u00e6, herra Jer 34.5; 1Kon 13.30<br \/>\n<b>22.19<\/b> Ekki jar\u00f0a\u00f0ur Jer 36.30; sbr 8.1-2; Jes 14.19; 2Kon 24.6<br \/>\n<b>22.20<\/b> L\u00edbanon Jes 2.13+ &#8211; Basan Am 4.1+ &#8211; Jer\u00fasalem Jer 2.2-3; Esk 16 \u2013 elskhugar Jer 4.30+<br \/>\n<b>22.21<\/b> Vildi ekki hlusta Jer 2.25; 18.12 \u2013 fr\u00e1 \u00e6sku Jer 3.25; 31.19<br \/>\n<b>22.22<\/b> Fyrir illsku \u00fe\u00edna Jer 7.12; 30.14-15<br \/>\n<b>22.23<\/b> Hr\u00ed\u00f0ir Jer 30.6; Jes 42.14<br \/>\n<b>22.24<\/b> Konja Jer 13.18; 24.1; 29.2; 37.1; 52.31-34; 2Kon 24.6-17<br \/>\n<b>22.28<\/b> Ver\u00f0laust ker Jer 19.11; 48.38; S\u00edr 21.14 \u2013 fleygt \u00ed burtu Slm 31.13<br \/>\n<b>22.30<\/b> Synir Konja 1Kro 3.17-24 \u2013 \u00ed h\u00e1s\u00e6ti Dav\u00ed\u00f0s sbr Jer 36.30<\/div>\n","protected":false},"excerpt":{"rendered":"<p>1Svo m\u00e6lti Drottinn: Gakk \u00fe\u00fa ofan a\u00f0 h\u00f6ll J\u00fadakonungs og flyt \u00fear \u00feessi or\u00f02og seg: Heyr or\u00f0 Drottins, konungur \u00ed J\u00fada, \u00fe\u00fa sem situr \u00ed h\u00e1s\u00e6ti Dav\u00ed\u00f0s, \u00fe\u00fa og \u00fej\u00f3nar \u00fe\u00ednir og l\u00fd\u00f0ur \u00feinn, \u00feeir sem ganga inn um \u00feessi hli\u00f0!3Svo segir Drottinn: I\u00f0ki\u00f0 r\u00e9tt og r\u00e9ttl\u00e6ti og frelsi\u00f0 hinn r\u00e6nda af hendi k\u00fagarans. Undiroki\u00f0 ekki \u00fatlendinga, muna\u00f0arleysingja og ekkjur, og hafi\u00f0 ekki \u00f3r\u00e9tt \u00ed frammi, og \u00fathelli\u00f0 ekki saklausu bl\u00f3\u00f0i \u00e1 \u00feessum sta\u00f0.4\u00dev\u00ed ef \u00fe\u00e9r gj\u00f6ri\u00f0 \u00feetta, munu inn um hli\u00f0 \u00feessa h\u00fass fara konungar, er sitja \u00ed h\u00e1s\u00e6ti Dav\u00ed\u00f0s sem eftirmenn hans, akandi \u00ed v\u00f6gnum og r\u00ed\u00f0andi \u00e1 <a href=\"https:\/\/biblian.is\/1981\/jeremia-22-kafli\/\"> [&#8230;]<\/a><\/p>\n","protected":false},"author":1,"featured_media":0,"parent":0,"menu_order":0,"comment_status":"open","ping_status":"open","template":"bibliukaflar.php","meta":{"footnotes":""},"class_list":["post-2114","page","type-page","status-publish","hentry"],"_links":{"self":[{"href":"https:\/\/biblian.is\/1981\/wp-json\/wp\/v2\/pages\/2114","targetHints":{"allow":["GET"]}}],"collection":[{"href":"https:\/\/biblian.is\/1981\/wp-json\/wp\/v2\/pages"}],"about":[{"href":"https:\/\/biblian.is\/1981\/wp-json\/wp\/v2\/types\/page"}],"author":[{"embeddable":true,"href":"https:\/\/biblian.is\/1981\/wp-json\/wp\/v2\/users\/1"}],"replies":[{"embeddable":true,"href":"https:\/\/biblian.is\/1981\/wp-json\/wp\/v2\/comments?post=2114"}],"version-history":[{"count":0,"href":"https:\/\/biblian.is\/1981\/wp-json\/wp\/v2\/pages\/2114\/revisions"}],"wp:attachment":[{"href":"https:\/\/biblian.is\/1981\/wp-json\/wp\/v2\/media?parent=2114"}],"curies":[{"name":"wp","href":"https:\/\/api.w.org\/{rel}","templated":true}]}}