{"id":2113,"date":"2017-11-18T20:20:14","date_gmt":"2017-11-18T20:20:14","guid":{"rendered":"http:\/\/biblian.is\/1981\/jeremia-21-kafli\/"},"modified":"2017-11-18T20:20:14","modified_gmt":"2017-11-18T20:20:14","slug":"jeremia-21-kafli","status":"publish","type":"page","link":"https:\/\/biblian.is\/1981\/jeremia-21-kafli\/","title":{"rendered":"Jerem\u00eda 21. kafli"},"content":{"rendered":"<p><a name=\"1\"><span class=\"versanumer\">1<\/span><\/a>Or\u00f0i\u00f0 sem kom til Jerem\u00eda fr\u00e1 Drottni, \u00feegar Sedek\u00eda konungur sendi \u00fe\u00e1 Pash\u00far Malk\u00edason og Sefan\u00eda prest Maasejason til hans me\u00f0 \u00feessa or\u00f0sendingu:<a name=\"2\"><span class=\"versanumer\">2<\/span><\/a>Neb\u00fakadresar Babelkonungur herjar \u00e1 oss. Gakk til fr\u00e9tta vi\u00f0 Drottin fyrir oss, hvort Drottinn muni vi\u00f0 oss gj\u00f6ra samkv\u00e6mt \u00f6llum s\u00ednum d\u00e1semdarverkum, svo a\u00f0 hann fari burt fr\u00e1 oss aftur.<a name=\"3\"><span class=\"versanumer\">3<\/span><\/a>\u00de\u00e1 sag\u00f0i Jerem\u00eda vi\u00f0 \u00fe\u00e1: Segi\u00f0 svo Sedek\u00eda:<a name=\"4\"><span class=\"versanumer\">4<\/span><\/a>Svo segir Drottinn, \u00cdsraels Gu\u00f0: Sj\u00e1, \u00e9g sn\u00fd vi\u00f0 hervopnunum \u00ed h\u00f6ndum y\u00f0ar, sem \u00fe\u00e9r berjist me\u00f0 vi\u00f0 Babelkonung og vi\u00f0 Kaldea, sem a\u00f0 y\u00f0ur kreppa fyrir utan borgarm\u00farinn. \u00c9g safna \u00feeim saman inni \u00ed \u00feessari borg,<a name=\"5\"><span class=\"versanumer\">5<\/span><\/a>og \u00e9g mun sj\u00e1lfur berjast vi\u00f0 y\u00f0ur me\u00f0 \u00fatr\u00e9ttri hendi og sterkum armlegg og me\u00f0 rei\u00f0i, heift og mikilli gremi.<a name=\"6\"><span class=\"versanumer\">6<\/span><\/a>\u00c9g mun lj\u00f3sta \u00edb\u00faa \u00feessarar borgar, b\u00e6\u00f0i menn og skepnur, \u00feeir skulu deyja af mikilli dreps\u00f3tt.<a name=\"7\"><span class=\"versanumer\">7<\/span><\/a>En eftir \u00fea\u00f0 segir Drottinn mun \u00e9g selja Sedek\u00eda J\u00fadakonung og \u00fej\u00f3na hans og l\u00fd\u00f0inn, \u00fe\u00e1 er eftir ver\u00f0a \u00ed \u00feessari borg eftir dreps\u00f3ttina, sver\u00f0i\u00f0 og hungri\u00f0, \u00ed hendur Neb\u00fakadresars Babelkonungs og \u00ed hendur \u00f3vina \u00feeirra og \u00ed hendur \u00feeirra, er s\u00e6kjast eftir l\u00edfi \u00feeirra, og hann mun drepa \u00fe\u00e1 me\u00f0 sver\u00f0seggjum hl\u00edf\u00f0arlaust, v\u00e6g\u00f0arlaust og miskunnarlaust.<a name=\"8\"><span class=\"versanumer\">8<\/span><\/a>En vi\u00f0 l\u00fd\u00f0 \u00feennan skalt \u00fe\u00fa segja: Svo segir Drottinn: Sj\u00e1, \u00e9g legg fyrir y\u00f0ur veg l\u00edfsins og veg dau\u00f0ans.<a name=\"9\"><span class=\"versanumer\">9<\/span><\/a>\u00deeir sem ver\u00f0a kyrrir \u00ed \u00feessari borg, munu deyja fyrir sver\u00f0i, af hungri og af dreps\u00f3tt, en \u00feeir sem fara \u00fat og ganga \u00e1 vald Kaldeum, sem a\u00f0 y\u00f0ur kreppa, \u00feeir munu l\u00edfi halda og hlj\u00f3ta l\u00edf sitt a\u00f0 herfangi.<a name=\"10\"><span class=\"versanumer\">10<\/span><\/a>\u00dev\u00ed a\u00f0 \u00e9g hefi sn\u00fai\u00f0 andliti m\u00ednu gegn \u00feessari borg, til \u00f3heilla og ekki til heilla segir Drottinn. H\u00fan skal ofurseld ver\u00f0a Babelkonungi, og hann skal brenna hana \u00ed eldi.<a name=\"11\"><span class=\"versanumer\">11<\/span><\/a>Um h\u00fas konungsins \u00ed J\u00fada. Heyri\u00f0 or\u00f0 Drottins! Dav\u00ed\u00f0s h\u00fas,<a name=\"12\"><span class=\"versanumer\">12<\/span><\/a>svo segir Drottinn: Haldi\u00f0 r\u00e9tt a\u00f0 morgni dags og frelsi\u00f0 hinn r\u00e6nda af hendi k\u00fagarans, til \u00feess a\u00f0 heiftarrei\u00f0i m\u00edn brj\u00f3tist ekki \u00fat eins og eldur og brenni, svo a\u00f0 enginn f\u00e1i sl\u00f6kkt sakir illverka y\u00f0ar!<a name=\"13\"><span class=\"versanumer\">13<\/span><\/a>Sj\u00e1, \u00e9g skal finna \u00feig, \u00fe\u00fa sem b\u00fdr \u00ed dalnum, kletturinn \u00e1 sl\u00e9ttunni segir Drottinn y\u00f0ur sem segi\u00f0: Hver skyldi koma ofan gegn oss og hver skyldi brj\u00f3tast inn \u00ed b\u00fasta\u00f0i vora?<a name=\"14\"><span class=\"versanumer\">14<\/span><\/a>Og \u00e9g skal vitja y\u00f0ar samkv\u00e6mt \u00e1v\u00f6xtum verka y\u00f0ar segir Drottinn og leggja eld \u00ed sk\u00f3g y\u00f0ar, og hann skal ey\u00f0a \u00f6llu, sem umhverfis hana er.<\/p>\n<div class=\"footnote1981\"><b>21.1<\/b> Or\u00f0i\u00f0 Jer 18.1 \u2013 Pash\u00far Jer 38.1 \u2013 Sefan\u00eda prestur Jer 29.25; 37.3; 52.24 \u2013 Sedek\u00eda Jer 1.3+<br \/>\n<b>21.2<\/b> Leita r\u00e1\u00f0a Jer 37.7; 1Kon 22.8,13-14 \u2013 Neb\u00fakadresar Jer 24.1; 27.8; 28.3; 29.1; 34.1; 35.11; 37.1; 39.1; 43.10; 52.4 \u2013 kraftaverk 2Kon 19.35-36; sbr Slm 105.2,5<br \/>\n<b>21.5<\/b> Me\u00f0 sterkum armi Jer 27.5; 32.17; 5M\u00f3s 4.34; 5.15; Slm 136.12; Jes 62.8<br \/>\n<b>21.7<\/b> Dau\u00f0dagi Sedek\u00eda Jer 34.5; sbr 32.5 \u2013 dreps\u00f3tt, sver\u00f0 og hungur Jer 14.12+ &#8211; v\u00e6g\u00f0arlaust Jer 13.14+<br \/>\n<b>21.8<\/b> Velja l\u00edf e\u00f0a dau\u00f0a Jer 17.5-8; 38.2; 5M\u00f3s 30.15-20; sbr 11.26-28<br \/>\n<b>21.9<\/b> Munu lifa Jer 38.2; 39.18; 45.5<br \/>\n<b>21.10<\/b> Andsn\u00fainn Jer 44.11; 3M\u00f3s 20.3; Esk 14.8; sbr Am 9.4<br \/>\n<b>21.12<\/b> Bjarga hinum r\u00e6nda Jer 22.3 \u2013 fr\u00e1 k\u00fagaranum Jer 22.13<br \/>\n<b>21.13-14<\/b> Leggja eld a\u00f0 Jer 22.6-7<br \/>\n<b>21.13<\/b> R\u00e1\u00f0ast gegn Jer 50.31; 51.25; sbr Nah 2.14; 3.5<br \/>\n<b>21.14<\/b> Verk y\u00f0ar Jer 17.10+<\/div>\n","protected":false},"excerpt":{"rendered":"<p>1Or\u00f0i\u00f0 sem kom til Jerem\u00eda fr\u00e1 Drottni, \u00feegar Sedek\u00eda konungur sendi \u00fe\u00e1 Pash\u00far Malk\u00edason og Sefan\u00eda prest Maasejason til hans me\u00f0 \u00feessa or\u00f0sendingu:2Neb\u00fakadresar Babelkonungur herjar \u00e1 oss. Gakk til fr\u00e9tta vi\u00f0 Drottin fyrir oss, hvort Drottinn muni vi\u00f0 oss gj\u00f6ra samkv\u00e6mt \u00f6llum s\u00ednum d\u00e1semdarverkum, svo a\u00f0 hann fari burt fr\u00e1 oss aftur.3\u00de\u00e1 sag\u00f0i Jerem\u00eda vi\u00f0 \u00fe\u00e1: Segi\u00f0 svo Sedek\u00eda:4Svo segir Drottinn, \u00cdsraels Gu\u00f0: Sj\u00e1, \u00e9g sn\u00fd vi\u00f0 hervopnunum \u00ed h\u00f6ndum y\u00f0ar, sem \u00fe\u00e9r berjist me\u00f0 vi\u00f0 Babelkonung og vi\u00f0 Kaldea, sem a\u00f0 y\u00f0ur kreppa fyrir utan borgarm\u00farinn. \u00c9g safna \u00feeim saman inni \u00ed \u00feessari borg,5og \u00e9g mun sj\u00e1lfur berjast vi\u00f0 <a href=\"https:\/\/biblian.is\/1981\/jeremia-21-kafli\/\"> [&#8230;]<\/a><\/p>\n","protected":false},"author":1,"featured_media":0,"parent":0,"menu_order":0,"comment_status":"open","ping_status":"open","template":"bibliukaflar.php","meta":{"footnotes":""},"class_list":["post-2113","page","type-page","status-publish","hentry"],"_links":{"self":[{"href":"https:\/\/biblian.is\/1981\/wp-json\/wp\/v2\/pages\/2113","targetHints":{"allow":["GET"]}}],"collection":[{"href":"https:\/\/biblian.is\/1981\/wp-json\/wp\/v2\/pages"}],"about":[{"href":"https:\/\/biblian.is\/1981\/wp-json\/wp\/v2\/types\/page"}],"author":[{"embeddable":true,"href":"https:\/\/biblian.is\/1981\/wp-json\/wp\/v2\/users\/1"}],"replies":[{"embeddable":true,"href":"https:\/\/biblian.is\/1981\/wp-json\/wp\/v2\/comments?post=2113"}],"version-history":[{"count":0,"href":"https:\/\/biblian.is\/1981\/wp-json\/wp\/v2\/pages\/2113\/revisions"}],"wp:attachment":[{"href":"https:\/\/biblian.is\/1981\/wp-json\/wp\/v2\/media?parent=2113"}],"curies":[{"name":"wp","href":"https:\/\/api.w.org\/{rel}","templated":true}]}}