{"id":2112,"date":"2017-11-18T20:20:14","date_gmt":"2017-11-18T20:20:14","guid":{"rendered":"http:\/\/biblian.is\/1981\/jeremia-20-kafli\/"},"modified":"2017-11-18T20:20:14","modified_gmt":"2017-11-18T20:20:14","slug":"jeremia-20-kafli","status":"publish","type":"page","link":"https:\/\/biblian.is\/1981\/jeremia-20-kafli\/","title":{"rendered":"Jerem\u00eda 20. kafli"},"content":{"rendered":"<p><a name=\"1\"><span class=\"versanumer\">1<\/span><\/a>En er Pash\u00far prestur Immersson, yfirumsj\u00f3narma\u00f0ur \u00ed musteri Drottins, heyr\u00f0i Jerem\u00eda bo\u00f0a \u00feessi or\u00f0,<a name=\"2\"><span class=\"versanumer\">2<\/span><\/a>\u00fe\u00e1 l\u00e9t Pash\u00far h\u00fa\u00f0str\u00fdkja Jerem\u00eda sp\u00e1mann og setti hann \u00ed stokkinn, sem var \u00ed efra Benjam\u00ednshli\u00f0i, hj\u00e1 musteri Drottins.<a name=\"3\"><span class=\"versanumer\">3<\/span><\/a>En daginn eftir losa\u00f0i Pash\u00far Jerem\u00eda \u00far stokknum. \u00de\u00e1 sag\u00f0i Jerem\u00eda vi\u00f0 hann: Drottinn kallar \u00feig ekki Pash\u00far, heldur Skelfing allt um kring.<a name=\"4\"><span class=\"versanumer\">4<\/span><\/a>\u00dev\u00ed a\u00f0 svo segir Drottinn: Sj\u00e1, \u00e9g gj\u00f6ri \u00feig a\u00f0 skelfingu fyrir sj\u00e1lfan \u00feig og fyrir alla vini \u00fe\u00edna, og \u00feeir skulu falla fyrir sver\u00f0i \u00f3vina sinna og \u00fe\u00fa horfa upp \u00e1 \u00fea\u00f0, og allan J\u00fadal\u00fd\u00f0 sel \u00e9g Babelkonungi \u00e1 vald, og hann mun herlei\u00f0a \u00fe\u00e1 til Bab\u00fdlon og drepa \u00fe\u00e1 me\u00f0 sver\u00f0i.<a name=\"5\"><span class=\"versanumer\">5<\/span><\/a>Og \u00e9g framsel allan au\u00f0 \u00feessarar borgar og allar eigur hennar og \u00f6ll d\u00fdrindi hennar, og alla fj\u00e1rsj\u00f3\u00f0u J\u00fadakonunga sel \u00e9g \u00f3vinum \u00feeirra \u00e1 vald. \u00deeir skulu r\u00e6na \u00feeim, taka \u00fe\u00e1 og flytja \u00fe\u00e1 til Bab\u00fdlon.<a name=\"6\"><span class=\"versanumer\">6<\/span><\/a>En \u00fe\u00fa, Pash\u00far, og allir \u00feeir, sem b\u00faa \u00ed h\u00fasi \u00fe\u00ednu, skulu\u00f0 herleiddir ver\u00f0a, og \u00fe\u00fa skalt komast til Bab\u00fdlon og \u00fear skalt \u00fe\u00fa deyja og \u00fear skalt \u00fe\u00fa greftra\u00f0ur ver\u00f0a \u00fe\u00fa og allir vinir \u00fe\u00ednir, \u00feeir er \u00fe\u00fa sp\u00e1\u00f0ir lygum.<a name=\"7\"><span class=\"versanumer\">7<\/span><\/a>\u00de\u00fa hefir t\u00e6lt mig, Drottinn, og \u00e9g l\u00e9t t\u00e6last! \u00de\u00fa t\u00f3kst mig t\u00f6kum og barst h\u00e6rra hlut. \u00c9g er or\u00f0inn a\u00f0 st\u00f6\u00f0ugu athl\u00e6gi, allir gj\u00f6ra gys a\u00f0 m\u00e9r.<a name=\"8\"><span class=\"versanumer\">8<\/span><\/a>J\u00e1, \u00ed hvert sinn er \u00e9g tala, ver\u00f0 \u00e9g a\u00f0 kvarta undan ofbeldi og k\u00fagun, \u00fev\u00ed a\u00f0 or\u00f0 Drottins hefir or\u00f0i\u00f0 m\u00e9r til st\u00f6\u00f0ugrar h\u00e1\u00f0ungar og spotts.<a name=\"9\"><span class=\"versanumer\">9<\/span><\/a>Ef \u00e9g hugsa\u00f0i: \u00c9g skal ekki minnast hans og eigi framar tala \u00ed hans nafni, \u00fe\u00e1 var sem eldur brynni \u00ed hjarta m\u00ednu, er byrg\u00f0ur v\u00e6ri inni \u00ed beinum m\u00ednum. \u00c9g reyndi a\u00f0 \u00feola \u00fea\u00f0, en \u00e9g gat \u00fea\u00f0 ekki.<a name=\"10\"><span class=\"versanumer\">10<\/span><\/a>J\u00e1, \u00e9g hefi heyrt illyr\u00f0i margra skelfing allt um kring: K\u00e6ri\u00f0 hann! og V\u00e9r skulum k\u00e6ra hann! Jafnvel allir \u00feeir, sem \u00e9g hefi veri\u00f0 \u00ed vin\u00e1ttu vi\u00f0, vaka yfir \u00fev\u00ed, a\u00f0 \u00e9g hrasi: Ef til vill l\u00e6tur hann ginnast, svo a\u00f0 v\u00e9r f\u00e1um yfirstigi\u00f0 hann og hefnt vor \u00e1 honum.<a name=\"11\"><span class=\"versanumer\">11<\/span><\/a>En Drottinn er me\u00f0 m\u00e9r eins og voldug hetja. Fyrir \u00fev\u00ed munu ofs\u00f3knarmenn m\u00ednir steypast og engu \u00e1orka. \u00deeir skulu ver\u00f0a herfilega til skammar, af \u00fev\u00ed a\u00f0 \u00feeir hafa ekki fari\u00f0 viturlega a\u00f0 r\u00e1\u00f0i s\u00ednu til eil\u00edfrar, \u00f3gleymanlegrar sm\u00e1nar.<a name=\"12\"><span class=\"versanumer\">12<\/span><\/a>Drottinn allsherjar, \u00fe\u00fa sem pr\u00f3far hinn r\u00e9ttl\u00e1ta, \u00fe\u00fa sem s\u00e9r n\u00fdrun og hjarta\u00f0, l\u00e1t mig sj\u00e1 hefnd \u00fe\u00edna \u00e1 \u00feeim, \u00fev\u00ed a\u00f0 \u00fe\u00e9r fel \u00e9g m\u00e1lefni mitt.<a name=\"13\"><span class=\"versanumer\">13<\/span><\/a>Lofsyngi\u00f0 Drottni! Vegsami\u00f0 Drottin, \u00fev\u00ed a\u00f0 hann frelsar l\u00edf hins f\u00e1t\u00e6ka undan valdi illgj\u00f6r\u00f0amanna.<a name=\"14\"><span class=\"versanumer\">14<\/span><\/a>B\u00f6lva\u00f0ur s\u00e9 dagurinn, sem \u00e9g f\u00e6ddist. Dagurinn, sem m\u00f3\u00f0ir m\u00edn \u00f3l mig, s\u00e9 ekki blessa\u00f0ur!<a name=\"15\"><span class=\"versanumer\">15<\/span><\/a>B\u00f6lva\u00f0ur s\u00e9 ma\u00f0urinn, sem flutti f\u00f6\u00f0ur m\u00ednum gle\u00f0it\u00ed\u00f0indin: \u00de\u00e9r er f\u00e6ddur sonur! og gladdi hann st\u00f3rlega me\u00f0 \u00fev\u00ed.<a name=\"16\"><span class=\"versanumer\">16<\/span><\/a>Fyrir \u00feeim manni fari eins og fyrir borgum, sem Drottinn hefir umturna\u00f0 v\u00e6g\u00f0arlaust, og hann heyri \u00f3p \u00e1 morgnana og hergn\u00fd um h\u00e1degi\u00f0,<a name=\"17\"><span class=\"versanumer\">17<\/span><\/a>af \u00fev\u00ed a\u00f0 hann l\u00e9t mig ekki deyja \u00ed m\u00f3\u00f0url\u00edfi, svo a\u00f0 m\u00f3\u00f0ir m\u00edn hef\u00f0i or\u00f0i\u00f0 gr\u00f6f m\u00edn og m\u00f3\u00f0url\u00edf hennar hef\u00f0i eil\u00edflega veri\u00f0 \u00feunga\u00f0.<a name=\"18\"><span class=\"versanumer\">18<\/span><\/a>Hv\u00ed kom \u00e9g af m\u00f3\u00f0url\u00edfi til \u00feess a\u00f0 \u00feola strit og m\u00e6\u00f0u og til \u00feess a\u00f0 ey\u00f0a \u00e6vinni \u00ed sk\u00f6mm?<\/p>\n<div class=\"footnote1981\"><b>20.1<\/b> Yfirumsj\u00f3narma\u00f0ur sbr Jer 29.26<br \/>\n<b>20.2<\/b> Gapastokkur Jer 29.26 \u2013 efra hli\u00f0i\u00f0 2Kon 15.35<br \/>\n<b>20.3<\/b> Skelfing hvarvetna Jer 6.25+<br \/>\n<b>20.5<\/b> Fj\u00e1rsj\u00f3\u00f0ir Jes 39.6<br \/>\n<b>20.6<\/b> Bo\u00f0a lygar Jer 5.31; sbr 2.8<br \/>\n<b>20.7<\/b> Harmlj\u00f3\u00f0 Jerem\u00eda Jer 11.18+ &#8211; t\u00f3kst mig t\u00f6kum Jer 1.7 \u2013 athl\u00e6gi Slm 44.14; Hlj 3.14; SSal 5.4<br \/>\n<b>20.8<\/b> Ofbeldi og k\u00fagun Jer 20.2; 26.7-11; 36.26; 37.11-16; 38.4-6 \u2013 til skammar Jer 20.18; 15.10,15<br \/>\n<b>20.9<\/b> Ekki tala J\u00f3n 1.3 \u2013 eldur Jer 5.14+ ; \u00ed hjarta m\u00e9r Slm 39.4; Job 32.18-19 \u2013 var\u00f0 a\u00f0 tala Jer 6.11; Am 3.8<br \/>\n<b>20.10<\/b> Skelfing Jer 20.3+ &#8211; \u00f3ska m\u00e9r ills M\u00edk 3.2<br \/>\n<b>20.11<\/b> Eins og hetja Jer 32.18; Jes 42.13 \u2013 ofs\u00e6kjendur Jer 17.18; Slm 40.15 \u2013 \u00e6varandi sm\u00e1n Jer 23.40<br \/>\n<b>20.12<\/b> sbr Jer 11.20+ &#8211; \u00fe\u00fa s\u00e9r\u00f0 2Kro 16.9<br \/>\n<b>20.13<\/b> Lofsyngi\u00f0 Drottni Slm 96.1+ &#8211; vegsami\u00f0 Slm 106.1+ &#8211; Gu\u00f0 frelsar Jer 15.21; 39.17; Slm 97.10<br \/>\n<b>20.14<\/b> B\u00f6lvar\u00f0ur s\u00e9 dagurinn Jer 15.10+<br \/>\n<b>20.16<\/b> Borgum eytt Jer 49.18; 50.40; 1M\u00f3s 19.24-25; 5M\u00f3s 29.23; Jes 1.8,9; Am 4.11<br \/>\n<b>20.18<\/b> F\u00e6ddist til m\u00e6\u00f0u Job 3.10 \u2013 hvers vegna? Job 3.20<\/div>\n","protected":false},"excerpt":{"rendered":"<p>1En er Pash\u00far prestur Immersson, yfirumsj\u00f3narma\u00f0ur \u00ed musteri Drottins, heyr\u00f0i Jerem\u00eda bo\u00f0a \u00feessi or\u00f0,2\u00fe\u00e1 l\u00e9t Pash\u00far h\u00fa\u00f0str\u00fdkja Jerem\u00eda sp\u00e1mann og setti hann \u00ed stokkinn, sem var \u00ed efra Benjam\u00ednshli\u00f0i, hj\u00e1 musteri Drottins.3En daginn eftir losa\u00f0i Pash\u00far Jerem\u00eda \u00far stokknum. \u00de\u00e1 sag\u00f0i Jerem\u00eda vi\u00f0 hann: Drottinn kallar \u00feig ekki Pash\u00far, heldur Skelfing allt um kring.4\u00dev\u00ed a\u00f0 svo segir Drottinn: Sj\u00e1, \u00e9g gj\u00f6ri \u00feig a\u00f0 skelfingu fyrir sj\u00e1lfan \u00feig og fyrir alla vini \u00fe\u00edna, og \u00feeir skulu falla fyrir sver\u00f0i \u00f3vina sinna og \u00fe\u00fa horfa upp \u00e1 \u00fea\u00f0, og allan J\u00fadal\u00fd\u00f0 sel \u00e9g Babelkonungi \u00e1 vald, og hann mun herlei\u00f0a \u00fe\u00e1 til <a href=\"https:\/\/biblian.is\/1981\/jeremia-20-kafli\/\"> [&#8230;]<\/a><\/p>\n","protected":false},"author":1,"featured_media":0,"parent":0,"menu_order":0,"comment_status":"open","ping_status":"open","template":"bibliukaflar.php","meta":{"footnotes":""},"class_list":["post-2112","page","type-page","status-publish","hentry"],"_links":{"self":[{"href":"https:\/\/biblian.is\/1981\/wp-json\/wp\/v2\/pages\/2112","targetHints":{"allow":["GET"]}}],"collection":[{"href":"https:\/\/biblian.is\/1981\/wp-json\/wp\/v2\/pages"}],"about":[{"href":"https:\/\/biblian.is\/1981\/wp-json\/wp\/v2\/types\/page"}],"author":[{"embeddable":true,"href":"https:\/\/biblian.is\/1981\/wp-json\/wp\/v2\/users\/1"}],"replies":[{"embeddable":true,"href":"https:\/\/biblian.is\/1981\/wp-json\/wp\/v2\/comments?post=2112"}],"version-history":[{"count":0,"href":"https:\/\/biblian.is\/1981\/wp-json\/wp\/v2\/pages\/2112\/revisions"}],"wp:attachment":[{"href":"https:\/\/biblian.is\/1981\/wp-json\/wp\/v2\/media?parent=2112"}],"curies":[{"name":"wp","href":"https:\/\/api.w.org\/{rel}","templated":true}]}}