{"id":2111,"date":"2017-11-18T20:20:14","date_gmt":"2017-11-18T20:20:14","guid":{"rendered":"http:\/\/biblian.is\/1981\/jeremia-19-kafli\/"},"modified":"2017-11-18T20:20:14","modified_gmt":"2017-11-18T20:20:14","slug":"jeremia-19-kafli","status":"publish","type":"page","link":"https:\/\/biblian.is\/1981\/jeremia-19-kafli\/","title":{"rendered":"Jerem\u00eda 19. kafli"},"content":{"rendered":"<p><a name=\"1\"><span class=\"versanumer\">1<\/span><\/a>Svo sag\u00f0i Drottinn: Far og kaup kr\u00fas eftir leirkerasmi\u00f0, tak \u00fev\u00ed n\u00e6st me\u00f0 \u00fe\u00e9r nokkra af helstu m\u00f6nnum \u00fej\u00f3\u00f0arinnar og nokkra af helstu prestunum<a name=\"2\"><span class=\"versanumer\">2<\/span><\/a>og gakk \u00fat \u00ed Hinnomssonar-dal, sem er fyrir utan Leirbrotahli\u00f0, og kunngj\u00f6r \u00fear \u00feau or\u00f0, sem \u00e9g mun tala til \u00fe\u00edn,<a name=\"3\"><span class=\"versanumer\">3<\/span><\/a>og seg: Heyri\u00f0 or\u00f0 Drottins, \u00fe\u00e9r J\u00fadakonungar og Jer\u00fasalemb\u00faar! Svo segir Drottinn allsherjar, \u00cdsraels Gu\u00f0: Sj\u00e1, \u00e9g mun lei\u00f0a \u00f3g\u00e6fu yfir \u00feennan sta\u00f0, svo a\u00f0 \u00f3ma mun fyrir b\u00e1\u00f0um eyrum allra \u00feeirra, er \u00fea\u00f0 heyra.<a name=\"4\"><span class=\"versanumer\">4<\/span><\/a>Af \u00fev\u00ed a\u00f0 \u00feeir yfirg\u00e1fu mig og \u00f3virtu \u00feennan sta\u00f0 og f\u00e6r\u00f0u \u00e1 honum reykelsisf\u00f3rnir \u00f6\u00f0rum gu\u00f0um, sem \u00feeir ekki \u00feekktu, hvorki \u00feeir n\u00e9 fe\u00f0ur \u00feeirra n\u00e9 J\u00fadakonungar, og fylltu \u00feennan sta\u00f0 bl\u00f3\u00f0i saklausra manna<a name=\"5\"><span class=\"versanumer\">5<\/span><\/a>og bygg\u00f0u Baals-f\u00f3rnarh\u00e6\u00f0ir til \u00feess a\u00f0 brenna sonu s\u00edna \u00ed eldi sem brennif\u00f3rn Baal til handa, sem \u00e9g hefi hvorki skipa\u00f0 n\u00e9 m\u00e6lt svo fyrir og m\u00e9r hefir aldrei til hugar komi\u00f0.<a name=\"6\"><span class=\"versanumer\">6<\/span><\/a>Sj\u00e1, fyrir \u00fev\u00ed munu \u00feeir dagar koma segir Drottinn a\u00f0 \u00feessi sta\u00f0ur mun ekki framar nefndur ver\u00f0a T\u00f3fet og Hinnomssonar-dalur, heldur Dr\u00e1psdalur.<a name=\"7\"><span class=\"versanumer\">7<\/span><\/a>\u00de\u00e1 mun \u00e9g \u00f3n\u00fdta r\u00e1\u00f0 J\u00fada og Jer\u00fasalem \u00e1 \u00feessum sta\u00f0 og l\u00e1ta \u00fe\u00e1 falla fyrir sver\u00f0i, er \u00feeir fl\u00fdja undan \u00f3vinum s\u00ednum, og fyrir hendi \u00feeirra, er sitja um l\u00edf \u00feeirra, en l\u00edk \u00feeirra mun \u00e9g gefa fuglum himinsins og d\u00fdrum jar\u00f0arinnar a\u00f0 \u00e6ti,<a name=\"8\"><span class=\"versanumer\">8<\/span><\/a>og \u00e9g mun gj\u00f6ra \u00feessa borg a\u00f0 skelfingu og h\u00e1\u00f0i: Hver s\u00e1, er h\u00e9r fer um, mun skelfast og h\u00e6\u00f0ast a\u00f0 \u00f6llum \u00e1f\u00f6llunum, sem h\u00fan hefir or\u00f0i\u00f0 fyrir.<a name=\"9\"><span class=\"versanumer\">9<\/span><\/a>Og \u00e9g mun l\u00e1ta \u00fe\u00e1 eta hold sona sinna og hold d\u00e6tra sinna, og \u00feeir munu eta hver annars hold \u00ed ney\u00f0 \u00feeirri og \u00ferenging, er \u00f3vinir \u00feeirra og \u00feeir, er sitja um l\u00edf \u00feeirra, munu koma \u00feeim \u00ed.<a name=\"10\"><span class=\"versanumer\">10<\/span><\/a>Og \u00fe\u00fa skalt brj\u00f3ta kr\u00fasina fyrir augum \u00feeirra manna, sem me\u00f0 \u00fe\u00e9r hafa fari\u00f0,<a name=\"11\"><span class=\"versanumer\">11<\/span><\/a>og segja vi\u00f0 \u00fe\u00e1: Svo segir Drottinn allsherjar: Svo mun \u00e9g brj\u00f3ta \u00feessa \u00fej\u00f3\u00f0 og \u00feessa borg, eins og menn brj\u00f3ta leirker, sem ekki ver\u00f0ur gj\u00f6rt heilt aftur, og \u00ed T\u00f3fet mun ver\u00f0a jar\u00f0a\u00f0, me\u00f0 \u00fev\u00ed a\u00f0 ekkert pl\u00e1ss er til a\u00f0 jar\u00f0a \u00ed.<a name=\"12\"><span class=\"versanumer\">12<\/span><\/a>\u00deannig mun \u00e9g fara me\u00f0 \u00feennan sta\u00f0 segir Drottinn og \u00fe\u00e1, er h\u00e9r b\u00faa, svo a\u00f0 \u00e9g gj\u00f6ri \u00feessa borg a\u00f0 T\u00f3fet.<a name=\"13\"><span class=\"versanumer\">13<\/span><\/a>\u00de\u00e1 skulu h\u00fas Jer\u00fasalem og h\u00fas J\u00fadakonunga ver\u00f0a \u00f3hrein, eins og T\u00f3fet-sta\u00f0urinn, \u00f6ll \u00feau h\u00fas, \u00fear sem menn hafa f\u00e6rt \u00f6llum himinsins her reykelsisf\u00f3rnir \u00e1 \u00fe\u00f6kunum og \u00f6\u00f0rum gu\u00f0um dreypif\u00f3rnir.<a name=\"14\"><span class=\"versanumer\">14<\/span><\/a>En er Jerem\u00eda kom fr\u00e1 T\u00f3fet, \u00feanga\u00f0 sem Drottinn haf\u00f0i sent hann til \u00feess a\u00f0 sp\u00e1, nam hann sta\u00f0ar \u00ed forgar\u00f0i musteris Drottins og sag\u00f0i vi\u00f0 allan l\u00fd\u00f0inn:<a name=\"15\"><span class=\"versanumer\">15<\/span><\/a>Svo segir Drottinn allsherjar, \u00cdsraels Gu\u00f0: Sj\u00e1, \u00e9g lei\u00f0i yfir \u00feessa borg og allar borgir, er henni tilheyra, alla \u00fe\u00e1 \u00f3g\u00e6fu, er \u00e9g hefi h\u00f3ta\u00f0 henni, af \u00fev\u00ed a\u00f0 \u00feeir hafa veri\u00f0 har\u00f0sv\u00edra\u00f0ir og ekki hl\u00fdtt or\u00f0um m\u00ednum.<\/p>\n<div class=\"footnote1981\"><b>19.2<\/b> Hinnomssonardalur Jer 2.23+<br \/>\n<b>19.3<\/b> Senda b\u00f6l Jer 45.5 \u2013 gjalla 1Sam 3.11; 2Kon 21.12<br \/>\n<b>19.4<\/b> Sviki\u00f0 mig Jer 2.13+ &#8211; a\u00f0rir gu\u00f0ir Jer 7.9+ &#8211; f\u00f3rna \u00f6\u00f0rum gu\u00f0um Jer 1.16+<br \/>\n<b>19.5-9<\/b> Dr\u00e1psdalur Jer 7.31-8.3 \u2013 barnaf\u00f3rnir Jer 7.6,31+<br \/>\n<b>19.7<\/b> Spilla r\u00e1\u00f0ager\u00f0 Jes 19.3 \u2013 b\u00ed\u00f0a \u00f3sigur 3M\u00f3s 26.17 \u2013 a\u00f0 \u00e6ti Jer 7.33+<br \/>\n<b>19.8<\/b> Hrylla vi\u00f0 og h\u00e6\u00f0ast a\u00f0 Jer 18.16+<br \/>\n<b>19.9<\/b> Eta b\u00f6rn s\u00edn 3M\u00f3s 26.29; 2Kon 6.29; Esk 5.10; Bar 2.3<br \/>\n<b>19.10<\/b> Sp\u00e1mannlegar athafnir Jer 13.1+<br \/>\n<b>19.13<\/b> F\u00e6ra \u00f6\u00f0rum gu\u00f0um f\u00f3rnir Jer 1.16+ ; 32.29 \u2013 himinsins her Jer 8.2+<br \/>\n<b>19.15<\/b> \u00deverskallast Jer 7.26+<\/div>\n","protected":false},"excerpt":{"rendered":"<p>1Svo sag\u00f0i Drottinn: Far og kaup kr\u00fas eftir leirkerasmi\u00f0, tak \u00fev\u00ed n\u00e6st me\u00f0 \u00fe\u00e9r nokkra af helstu m\u00f6nnum \u00fej\u00f3\u00f0arinnar og nokkra af helstu prestunum2og gakk \u00fat \u00ed Hinnomssonar-dal, sem er fyrir utan Leirbrotahli\u00f0, og kunngj\u00f6r \u00fear \u00feau or\u00f0, sem \u00e9g mun tala til \u00fe\u00edn,3og seg: Heyri\u00f0 or\u00f0 Drottins, \u00fe\u00e9r J\u00fadakonungar og Jer\u00fasalemb\u00faar! Svo segir Drottinn allsherjar, \u00cdsraels Gu\u00f0: Sj\u00e1, \u00e9g mun lei\u00f0a \u00f3g\u00e6fu yfir \u00feennan sta\u00f0, svo a\u00f0 \u00f3ma mun fyrir b\u00e1\u00f0um eyrum allra \u00feeirra, er \u00fea\u00f0 heyra.4Af \u00fev\u00ed a\u00f0 \u00feeir yfirg\u00e1fu mig og \u00f3virtu \u00feennan sta\u00f0 og f\u00e6r\u00f0u \u00e1 honum reykelsisf\u00f3rnir \u00f6\u00f0rum gu\u00f0um, sem \u00feeir ekki \u00feekktu, hvorki \u00feeir <a href=\"https:\/\/biblian.is\/1981\/jeremia-19-kafli\/\"> [&#8230;]<\/a><\/p>\n","protected":false},"author":1,"featured_media":0,"parent":0,"menu_order":0,"comment_status":"open","ping_status":"open","template":"bibliukaflar.php","meta":{"footnotes":""},"class_list":["post-2111","page","type-page","status-publish","hentry"],"_links":{"self":[{"href":"https:\/\/biblian.is\/1981\/wp-json\/wp\/v2\/pages\/2111","targetHints":{"allow":["GET"]}}],"collection":[{"href":"https:\/\/biblian.is\/1981\/wp-json\/wp\/v2\/pages"}],"about":[{"href":"https:\/\/biblian.is\/1981\/wp-json\/wp\/v2\/types\/page"}],"author":[{"embeddable":true,"href":"https:\/\/biblian.is\/1981\/wp-json\/wp\/v2\/users\/1"}],"replies":[{"embeddable":true,"href":"https:\/\/biblian.is\/1981\/wp-json\/wp\/v2\/comments?post=2111"}],"version-history":[{"count":0,"href":"https:\/\/biblian.is\/1981\/wp-json\/wp\/v2\/pages\/2111\/revisions"}],"wp:attachment":[{"href":"https:\/\/biblian.is\/1981\/wp-json\/wp\/v2\/media?parent=2111"}],"curies":[{"name":"wp","href":"https:\/\/api.w.org\/{rel}","templated":true}]}}