{"id":2110,"date":"2017-11-18T20:20:14","date_gmt":"2017-11-18T20:20:14","guid":{"rendered":"http:\/\/biblian.is\/1981\/jeremia-18-kafli\/"},"modified":"2017-11-18T20:20:14","modified_gmt":"2017-11-18T20:20:14","slug":"jeremia-18-kafli","status":"publish","type":"page","link":"https:\/\/biblian.is\/1981\/jeremia-18-kafli\/","title":{"rendered":"Jerem\u00eda 18. kafli"},"content":{"rendered":"<p><a name=\"1\"><span class=\"versanumer\">1<\/span><\/a>Or\u00f0i\u00f0 sem kom til Jerem\u00eda fr\u00e1 Drottni:<a name=\"2\"><span class=\"versanumer\">2<\/span><\/a>Statt upp og gakk ofan \u00ed h\u00fas leirkerasmi\u00f0sins. \u00dear vil \u00e9g l\u00e1ta \u00feig heyra or\u00f0 m\u00edn!<a name=\"3\"><span class=\"versanumer\">3<\/span><\/a>Og \u00e9g gekk ofan \u00ed h\u00fas leirkerasmi\u00f0sins, og var hann a\u00f0 verki s\u00ednu vi\u00f0 hj\u00f3li\u00f0.<a name=\"4\"><span class=\"versanumer\">4<\/span><\/a>Mist\u00e6kist keri\u00f0, sem hann var a\u00f0 b\u00faa til, \u00fe\u00e1 bj\u00f3 hann aftur til \u00far \u00fev\u00ed anna\u00f0 ker, eins og leirkerasmi\u00f0inum leist a\u00f0 gj\u00f6ra.<a name=\"5\"><span class=\"versanumer\">5<\/span><\/a>\u00de\u00e1 kom or\u00f0 Drottins til m\u00edn:<a name=\"6\"><span class=\"versanumer\">6<\/span><\/a>Get \u00e9g ekki fari\u00f0 me\u00f0 y\u00f0ur eins og \u00feessi leirkerasmi\u00f0ur, \u00fe\u00fa \u00cdsraels h\u00fas? segir Drottinn. Sj\u00e1, eins og leirinn \u00ed hendi leirkerasmi\u00f0sins, svo eru\u00f0 \u00fe\u00e9r \u00ed minni hendi, \u00cdsraels h\u00fas.<a name=\"7\"><span class=\"versanumer\">7<\/span><\/a>Stundum h\u00f3ta \u00e9g \u00fej\u00f3\u00f0 og konungsr\u00edki a\u00f0 uppr\u00e6ta \u00fea\u00f0, umturna \u00fev\u00ed og ey\u00f0a \u00fev\u00ed,<a name=\"8\"><span class=\"versanumer\">8<\/span><\/a>en sn\u00fai \u00fej\u00f3\u00f0in, er \u00e9g hefi h\u00f3ta\u00f0 \u00feessu, s\u00e9r fr\u00e1 vonsku sinni, \u00fe\u00e1 i\u00f0rar mig hins illa, er \u00e9g hug\u00f0i a\u00f0 gj\u00f6ra henni.<a name=\"9\"><span class=\"versanumer\">9<\/span><\/a>En stundum heiti \u00e9g \u00fej\u00f3\u00f0 og konungsr\u00edki a\u00f0 byggja \u00fea\u00f0 og gr\u00f3\u00f0ursetja \u00fea\u00f0,<a name=\"10\"><span class=\"versanumer\">10<\/span><\/a>en ef \u00fea\u00f0 gj\u00f6rir \u00fea\u00f0, sem illt er \u00ed m\u00ednum augum, svo a\u00f0 \u00fea\u00f0 hl\u00fd\u00f0ir ekki minni raustu, \u00fe\u00e1 i\u00f0rar mig \u00feess g\u00f3\u00f0a, er \u00e9g haf\u00f0i heiti\u00f0 a\u00f0 veita \u00fev\u00ed.<a name=\"11\"><span class=\"versanumer\">11<\/span><\/a>Seg \u00fe\u00fa n\u00fa vi\u00f0 J\u00fadamenn og Jer\u00fasalemb\u00faa \u00e1 \u00feessa lei\u00f0: Svo segir Drottinn: Sj\u00e1, \u00e9g b\u00fd y\u00f0ur \u00f3g\u00e6fu og brugga r\u00e1\u00f0 gegn y\u00f0ur. Sn\u00fai\u00f0 y\u00f0ur hver og einn fr\u00e1 sinni vondu breytni og temji\u00f0 y\u00f0ur g\u00f3\u00f0a breytni og g\u00f3\u00f0 verk!<a name=\"12\"><span class=\"versanumer\">12<\/span><\/a>En \u00feeir munu segja: \u00dea\u00f0 er til einskis! V\u00e9r f\u00f6rum eftir vorum hugsunum og breytum hver og einn eftir \u00fever\u00fa\u00f0 s\u00edns vonda hjarta.<a name=\"13\"><span class=\"versanumer\">13<\/span><\/a>Svo segir Drottinn: Spyrji\u00f0 me\u00f0al \u00fej\u00f3\u00f0anna: Hefir nokkur heyrt sl\u00edkt? Mj\u00f6g hryllilega hluti hefir m\u00e6rin \u00cdsrael \u00ed frammi haft.<a name=\"14\"><span class=\"versanumer\">14<\/span><\/a>Hvort hverfur snj\u00f3r L\u00edbanons af gn\u00e6fandi klettinum? E\u00f0a \u00fer\u00fdtur uppvellandi vatni\u00f0, hi\u00f0 svala og ni\u00f0andi?<a name=\"15\"><span class=\"versanumer\">15<\/span><\/a>\u00dej\u00f3\u00f0 m\u00edn hefir gleymt m\u00e9r. F\u00e1n\u00fdtum go\u00f0unum f\u00e6ra \u00feeir reykelsisf\u00f3rnir, og \u00feeir hafa leitt \u00fe\u00e1 \u00ed hr\u00f6sun \u00e1 vegum \u00feeirra, g\u00f6mlu g\u00f6tunum, svo a\u00f0 \u00feeir ganga stigu, \u00f3lag\u00f0an veg.<a name=\"16\"><span class=\"versanumer\">16<\/span><\/a>\u00deeir gj\u00f6ra land sitt a\u00f0 skelfingu, a\u00f0 eil\u00edfu h\u00e1\u00f0i, svo a\u00f0 hver s\u00e1, er \u00fear fer um, skelfist og hristir h\u00f6fu\u00f0i\u00f0.<a name=\"17\"><span class=\"versanumer\">17<\/span><\/a>Eins og fyrir austanvindi mun \u00e9g tv\u00edstra \u00feeim fyrir \u00f3vinunum, \u00e9g mun s\u00fdna \u00feeim baki\u00f0, en ekki andliti\u00f0 \u00e1 \u00feeirra gl\u00f6tunardegi.<a name=\"18\"><span class=\"versanumer\">18<\/span><\/a>\u00deeir s\u00f6g\u00f0u: Komi\u00f0, bruggum r\u00e1\u00f0 gegn Jerem\u00eda, \u00fev\u00ed a\u00f0 eigi mun prestana skorta kenning, spekingana r\u00e1\u00f0, n\u00e9 sp\u00e1mennina opinberun. Komi\u00f0, v\u00e9r skulum drepa hann me\u00f0 tungunni og engan gaum gefa or\u00f0um hans.<a name=\"19\"><span class=\"versanumer\">19<\/span><\/a>Gef m\u00e9r gaum, Drottinn, og heyr tal andst\u00e6\u00f0inga minna.<a name=\"20\"><span class=\"versanumer\">20<\/span><\/a>\u00c1 a\u00f0 launa gott me\u00f0 illu, \u00fear sem \u00feeir hafa grafi\u00f0 m\u00e9r gr\u00f6f? Minnstu \u00feess, hversu \u00e9g hefi sta\u00f0i\u00f0 frammi fyrir \u00fe\u00e9r til \u00feess a\u00f0 tala m\u00e1li \u00feeirra, til \u00feess a\u00f0 sn\u00faa \u00feinni heiftarrei\u00f0i fr\u00e1 \u00feeim.<a name=\"21\"><span class=\"versanumer\">21<\/span><\/a>Ofursel \u00fev\u00ed sonu \u00feeirra hungrinu og f\u00e1 \u00fe\u00e1 sver\u00f0inu \u00e1 vald, svo a\u00f0 konur \u00feeirra ver\u00f0i barnlausar og ekkjur, og menn \u00feeirra farist af dreps\u00f3tt og \u00e6skumenn \u00feeirra falli fyrir sver\u00f0i \u00ed bardaga.<a name=\"22\"><span class=\"versanumer\">22<\/span><\/a>L\u00e1t ney\u00f0arkvein heyrast \u00far h\u00fasum \u00feeirra, \u00feegar \u00fe\u00fa l\u00e6tur mor\u00f0flokka skyndilega yfir \u00fe\u00e1 koma, \u00fev\u00ed a\u00f0 \u00feeir hafa grafi\u00f0 gr\u00f6f til a\u00f0 vei\u00f0a mig \u00ed, og lagt sn\u00f6rur fyrir f\u00e6tur m\u00edna.<a name=\"23\"><span class=\"versanumer\">23<\/span><\/a>En \u00fe\u00fa, Drottinn, \u00feekkir \u00f6ll fj\u00f6rr\u00e1\u00f0 \u00feeirra gegn m\u00e9r. Fyrirgef eigi misgj\u00f6r\u00f0 \u00feeirra og afm\u00e1 ekki synd \u00feeirra fyrir augliti \u00fe\u00ednu. L\u00e1t \u00fe\u00e1 steypast fyrir \u00fe\u00e9r, framkv\u00e6m \u00fea\u00f0 \u00e1 \u00feeim, \u00feegar rei\u00f0i \u00fe\u00edn br\u00fdst \u00fat.<\/p>\n<div class=\"footnote1981\"><b>18.3<\/b> Leirkerasmi\u00f0urinn S\u00edr 38.29<br \/>\n<b>18.6<\/b> Eins og leir 1M\u00f3s 2.7; Jes 64.7; Job 10.8-9; S\u00edr 33.13<br \/>\n<b>18.7<\/b> Uppr\u00e6ta Jer 1.10+<br \/>\n<b>18.8<\/b> Drottinn i\u00f0rast Jer 26.3,13,19; 42.10 \u2013 hins g\u00f3\u00f0a 1M\u00f3s 6.6-7<br \/>\n<b>18.11<\/b> Sn\u00faa til betri vegar Jer 7.3,5; 23.22; 25.5; 26.3; 35.15; 36.7; 2Kon 17.13; Sak 1.4<br \/>\n<b>18.12<\/b> Til einskis Jer 2.25 \u2013 \u00fever\u00fa\u00f0 Jer 3.17+<br \/>\n<b>18.13<\/b> Spyrji\u00f0 Jer 2.10-11 \u2013 \u00f3d\u00e6\u00f0i Jer 5.30+<br \/>\n<b>18.15<\/b> Gu\u00f0 gleymdur Jer 2.32+ &#8211; f\u00f3rnir Jer 1.16+ &#8211; f\u00e1n\u00fdt go\u00f0 Jer 2.8+,11+ &#8211; g\u00f6mlu g\u00f6turnar Jer 6.16+<br \/>\n<b>18.16<\/b> Skelfing og h\u00e1\u00f0 Jer 19.8; 25.9; 29.18; 50.13; 51.37 \u2013 hrista h\u00f6fu\u00f0i\u00f0 Slm 22.8+ ; sbr 44.15<br \/>\n<b>18.17<\/b> Sn\u00faa \u00ed \u00fe\u00e1 bakinu Jer 2.27<br \/>\n<b>18.18<\/b> R\u00e1\u00f0abrugg Jer 11.18+ &#8211; kenning prestanna 2Kon 12.3; Jes 2.3 \u2013 prestar og sp\u00e1menn Jer 2.8; sbr Hlj 2.9-10 \u2013 r\u00e1\u00f0ast \u00e1 me\u00f0 eigin or\u00f0um Jer 9.3,8<br \/>\n<b>18.19<\/b> Fyglstu me\u00f0 m\u00e9r Jer 5.3<br \/>\n<b>18.20<\/b> Gott me\u00f0 illu Slm 35.12+ &#8211; frammi fyrir Gu\u00f0i Jer 15.19+ &#8211; tala m\u00e1li Jer 7.16+ &#8211; sn\u00faa heift \u00feinni Slm 106.30<br \/>\n<b>18.21<\/b> Ofurseldu \u00fe\u00e1 \u00f3g\u00e6funni Jer 17.18<br \/>\n<b>18.22<\/b> Sn\u00f6rur Slm 9.16+<br \/>\n<b>18.23<\/b> \u00de\u00fa veist Jer 12.3; Hab 1.13; Slm 35.22 \u2013 afm\u00e1\u00f0u ekki Neh 3.37; 6.14; Slm 109.14<\/div>\n","protected":false},"excerpt":{"rendered":"<p>1Or\u00f0i\u00f0 sem kom til Jerem\u00eda fr\u00e1 Drottni:2Statt upp og gakk ofan \u00ed h\u00fas leirkerasmi\u00f0sins. \u00dear vil \u00e9g l\u00e1ta \u00feig heyra or\u00f0 m\u00edn!3Og \u00e9g gekk ofan \u00ed h\u00fas leirkerasmi\u00f0sins, og var hann a\u00f0 verki s\u00ednu vi\u00f0 hj\u00f3li\u00f0.4Mist\u00e6kist keri\u00f0, sem hann var a\u00f0 b\u00faa til, \u00fe\u00e1 bj\u00f3 hann aftur til \u00far \u00fev\u00ed anna\u00f0 ker, eins og leirkerasmi\u00f0inum leist a\u00f0 gj\u00f6ra.5\u00de\u00e1 kom or\u00f0 Drottins til m\u00edn:6Get \u00e9g ekki fari\u00f0 me\u00f0 y\u00f0ur eins og \u00feessi leirkerasmi\u00f0ur, \u00fe\u00fa \u00cdsraels h\u00fas? segir Drottinn. Sj\u00e1, eins og leirinn \u00ed hendi leirkerasmi\u00f0sins, svo eru\u00f0 \u00fe\u00e9r \u00ed minni hendi, \u00cdsraels h\u00fas.7Stundum h\u00f3ta \u00e9g \u00fej\u00f3\u00f0 og konungsr\u00edki a\u00f0 uppr\u00e6ta \u00fea\u00f0, <a href=\"https:\/\/biblian.is\/1981\/jeremia-18-kafli\/\"> [&#8230;]<\/a><\/p>\n","protected":false},"author":1,"featured_media":0,"parent":0,"menu_order":0,"comment_status":"open","ping_status":"open","template":"bibliukaflar.php","meta":{"footnotes":""},"class_list":["post-2110","page","type-page","status-publish","hentry"],"_links":{"self":[{"href":"https:\/\/biblian.is\/1981\/wp-json\/wp\/v2\/pages\/2110","targetHints":{"allow":["GET"]}}],"collection":[{"href":"https:\/\/biblian.is\/1981\/wp-json\/wp\/v2\/pages"}],"about":[{"href":"https:\/\/biblian.is\/1981\/wp-json\/wp\/v2\/types\/page"}],"author":[{"embeddable":true,"href":"https:\/\/biblian.is\/1981\/wp-json\/wp\/v2\/users\/1"}],"replies":[{"embeddable":true,"href":"https:\/\/biblian.is\/1981\/wp-json\/wp\/v2\/comments?post=2110"}],"version-history":[{"count":0,"href":"https:\/\/biblian.is\/1981\/wp-json\/wp\/v2\/pages\/2110\/revisions"}],"wp:attachment":[{"href":"https:\/\/biblian.is\/1981\/wp-json\/wp\/v2\/media?parent=2110"}],"curies":[{"name":"wp","href":"https:\/\/api.w.org\/{rel}","templated":true}]}}