{"id":2109,"date":"2017-11-18T20:20:14","date_gmt":"2017-11-18T20:20:14","guid":{"rendered":"http:\/\/biblian.is\/1981\/jeremia-17-kafli\/"},"modified":"2017-11-18T20:20:14","modified_gmt":"2017-11-18T20:20:14","slug":"jeremia-17-kafli","status":"publish","type":"page","link":"https:\/\/biblian.is\/1981\/jeremia-17-kafli\/","title":{"rendered":"Jerem\u00eda 17. kafli"},"content":{"rendered":"<p><a name=\"1\"><span class=\"versanumer\">1<\/span><\/a>Synd J\u00fada er ritu\u00f0 me\u00f0 j\u00e1rnst\u00edl. Me\u00f0 demantsoddi er h\u00fan rist \u00e1 spj\u00f6ld hjartna \u00feeirra og \u00e1 altarishorn \u00feeirra<a name=\"2\"><span class=\"versanumer\">2<\/span><\/a>\u00feeim til \u00e1minningar. \u00d6lturu \u00feeirra og f\u00f3rnars\u00falur standa hj\u00e1 gr\u00e6nu trj\u00e1num, \u00e1 h\u00e1u h\u00e6\u00f0unum,<a name=\"3\"><span class=\"versanumer\">3<\/span><\/a>\u00ed fj\u00f6llunum \u00e1 h\u00e1lendinu. Eigur \u00fe\u00ednar, alla fj\u00e1rsj\u00f3\u00f0u \u00fe\u00edna ofursel \u00e9g a\u00f0 herfangi vegna syndar, sem dr\u00fdg\u00f0 hefir veri\u00f0 \u00ed \u00f6llum h\u00e9ru\u00f0um \u00fe\u00ednum.<a name=\"4\"><span class=\"versanumer\">4<\/span><\/a>\u00de\u00e1 munt \u00fe\u00fa ver\u00f0a a\u00f0 sleppa hendinni af \u00f3\u00f0ali \u00fe\u00ednu, \u00fev\u00ed er \u00e9g gaf \u00fe\u00e9r, og \u00e9g mun l\u00e1ta \u00feig \u00fej\u00f3na \u00f3vinum \u00fe\u00ednum \u00ed landi, sem \u00fe\u00fa \u00feekkir ekki, \u00fev\u00ed a\u00f0 rei\u00f0i m\u00edn er eldur brennandi, sem loga mun eil\u00edflega.<a name=\"5\"><span class=\"versanumer\">5<\/span><\/a>Svo segir Drottinn: B\u00f6lva\u00f0ur er s\u00e1 ma\u00f0ur, sem rei\u00f0ir sig \u00e1 menn og gj\u00f6rir hold a\u00f0 styrkleik s\u00ednum, en hjarta hans v\u00edkur fr\u00e1 Drottni.<a name=\"6\"><span class=\"versanumer\">6<\/span><\/a>Hann er eins og einirunnur \u00e1 saltsl\u00e9ttunni og hann lifir ekki \u00fea\u00f0, a\u00f0 neitt gott komi. Hann b\u00fdr \u00e1 skr\u00e6lnu\u00f0um st\u00f6\u00f0um \u00ed ey\u00f0im\u00f6rkinni, \u00e1 \u00f3byggilegu saltlendi.<a name=\"7\"><span class=\"versanumer\">7<\/span><\/a>Blessa\u00f0ur er s\u00e1 ma\u00f0ur, sem rei\u00f0ir sig \u00e1 Drottin og l\u00e6tur Drottin vera athvarf sitt.<a name=\"8\"><span class=\"versanumer\">8<\/span><\/a>Hann er sem tr\u00e9, sem gr\u00f3\u00f0ursett er vi\u00f0 vatn og teygir r\u00e6tur s\u00ednar \u00fat a\u00f0 l\u00e6knum, sem hr\u00e6\u00f0ist ekki, \u00fe\u00f3tt hitinn komi, og er me\u00f0 s\u00edgr\u00e6nu laufi, sem jafnvel \u00ed \u00feurrka-\u00e1ri er \u00e1hyggjulaust og l\u00e6tur ekki af a\u00f0 bera \u00e1v\u00f6xt.<a name=\"9\"><span class=\"versanumer\">9<\/span><\/a>Svikult er hjarta\u00f0 fremur \u00f6llu \u00f6\u00f0ru, og spillt er \u00fea\u00f0. Hver \u00feekkir \u00fea\u00f0?<a name=\"10\"><span class=\"versanumer\">10<\/span><\/a>\u00c9g, Drottinn, er s\u00e1, sem rannsaka hjarta\u00f0, pr\u00f3fa n\u00fdrun, og \u00fea\u00f0 til \u00feess a\u00f0 gjalda s\u00e9rhverjum eftir breytni hans, eftir \u00e1vexti verka hans.<a name=\"11\"><span class=\"versanumer\">11<\/span><\/a>S\u00e1, sem aflar au\u00f0s og eigi me\u00f0 r\u00e9ttu, er eins og akurh\u00e6na, sem liggur \u00e1 eggjum, er h\u00fan eigi hefir orpi\u00f0. \u00c1 mi\u00f0ri \u00e6vinni ver\u00f0ur hann a\u00f0 yfirgefa au\u00f0inn og vi\u00f0 \u00e6vilokin stendur hann sem heimskingi.<a name=\"12\"><span class=\"versanumer\">12<\/span><\/a>H\u00e1s\u00e6ti d\u00fdr\u00f0arinnar, h\u00e1tt upp hafi\u00f0 fr\u00e1 upphafi, er sta\u00f0ur helgid\u00f3ms vors.<a name=\"13\"><span class=\"versanumer\">13<\/span><\/a>\u00de\u00fa von \u00cdsraels Drottinn! Allir \u00feeir, sem yfirgefa \u00feig, skulu til skammar ver\u00f0a. J\u00e1, \u00feeir sem viki\u00f0 hafa fr\u00e1 m\u00e9r, ver\u00f0a skrifa\u00f0ir \u00ed dufti\u00f0, \u00fev\u00ed a\u00f0 \u00feeir hafa yfirgefi\u00f0 lind hins lifandi vatns, Drottin.<a name=\"14\"><span class=\"versanumer\">14<\/span><\/a>&#8222;L\u00e6kna mig, Drottinn, a\u00f0 \u00e9g megi heill ver\u00f0a; hj\u00e1lpa m\u00e9r, svo a\u00f0 m\u00e9r ver\u00f0i hj\u00e1lpa\u00f0, \u00fev\u00ed a\u00f0 \u00fe\u00fa ert minn lofst\u00edr.&#8220;<a name=\"15\"><span class=\"versanumer\">15<\/span><\/a>Sj\u00e1, \u00feeir segja vi\u00f0 mig: Hvar er or\u00f0 Drottins? R\u00e6tist \u00fea\u00f0 \u00fe\u00e1!<a name=\"16\"><span class=\"versanumer\">16<\/span><\/a>\u00c9g hefi ekki skoti\u00f0 m\u00e9r undan \u00fev\u00ed a\u00f0 vera hir\u00f0ir eftir \u00feinni bendingu, og \u00f3heilladagsins hefi \u00e9g ekki \u00f3ska\u00f0 \u00fea\u00f0 veist \u00fe\u00fa! \u00dea\u00f0, sem fram gengi\u00f0 hefir af v\u00f6rum m\u00ednum, liggur bert fyrir augliti \u00fe\u00ednu.<a name=\"17\"><span class=\"versanumer\">17<\/span><\/a>Vertu m\u00e9r ekki skelfing, \u00fe\u00fa athvarf mitt \u00e1 \u00f3g\u00e6funnar degi!<a name=\"18\"><span class=\"versanumer\">18<\/span><\/a>L\u00e1t ofs\u00f3knarmenn m\u00edna ver\u00f0a til skammar, en l\u00e1t mig ekki ver\u00f0a til skammar. L\u00e1t \u00fe\u00e1 skelfast, en l\u00e1t mig ekki skelfast. L\u00e1t \u00f3g\u00e6fudag koma yfir \u00fe\u00e1 og sundurmola \u00fe\u00e1 tv\u00f6faldri sundurmolan!<a name=\"19\"><span class=\"versanumer\">19<\/span><\/a>Svo m\u00e6lti Drottinn vi\u00f0 mig: Far og nem sta\u00f0ar \u00ed \u00fej\u00f3\u00f0hli\u00f0inu, sem J\u00fadakonungar ganga inn og \u00fat um, og \u00ed \u00f6llum hli\u00f0um Jer\u00fasalem,<a name=\"20\"><span class=\"versanumer\">20<\/span><\/a>og seg vi\u00f0 \u00fe\u00e1: Heyri\u00f0 or\u00f0 Drottins, \u00fe\u00e9r J\u00fadakonungar og allir J\u00fadamenn og allir Jer\u00fasalemb\u00faar, \u00fe\u00e9r sem gangi\u00f0 inn um hli\u00f0 \u00feessi!<a name=\"21\"><span class=\"versanumer\">21<\/span><\/a>Svo segir Drottinn: G\u00e6ti\u00f0 y\u00f0ar l\u00edf y\u00f0ar liggur vi\u00f0 og beri\u00f0 eigi byr\u00f0ar \u00e1 hv\u00edldardegi, svo a\u00f0 \u00fe\u00e9r komi\u00f0 me\u00f0 \u00fe\u00e6r inn um hli\u00f0 Jer\u00fasalem.<a name=\"22\"><span class=\"versanumer\">22<\/span><\/a>Beri\u00f0 og engar byr\u00f0ar \u00fat \u00far h\u00fasum y\u00f0ar \u00e1 hv\u00edldardegi og vinni\u00f0 ekkert verk, svo a\u00f0 \u00fe\u00e9r haldi\u00f0 hv\u00edldardaginn heilagan, eins og \u00e9g hefi bo\u00f0i\u00f0 fe\u00f0rum y\u00f0ar.<a name=\"23\"><span class=\"versanumer\">23<\/span><\/a>En \u00feeir hl\u00fdddu ekki og l\u00f6g\u00f0u ekki vi\u00f0 eyrun, heldur voru har\u00f0sv\u00edra\u00f0ir, svo a\u00f0 \u00feeir hl\u00fdddu ekki, n\u00e9 \u00fe\u00fdddust aga.<a name=\"24\"><span class=\"versanumer\">24<\/span><\/a>En ef \u00fe\u00e9r n\u00fa hl\u00fd\u00f0i\u00f0 m\u00e9r segir Drottinn svo a\u00f0 \u00fe\u00e9r komi\u00f0 ekki me\u00f0 neinar byr\u00f0ar inn \u00ed hli\u00f0 \u00feessarar borgar \u00e1 hv\u00edldardegi, heldur haldi\u00f0 hv\u00edldardaginn heilagan, svo a\u00f0 \u00fe\u00e9r vinni\u00f0 ekkert verk \u00e1 honum,<a name=\"25\"><span class=\"versanumer\">25<\/span><\/a>\u00fe\u00e1 munu fara inn um hli\u00f0 \u00feessarar borgar konungar, sem sitja \u00ed h\u00e1s\u00e6ti Dav\u00ed\u00f0s, akandi \u00ed v\u00f6gnum og r\u00ed\u00f0andi hestum, \u00feeir og h\u00f6f\u00f0ingjar \u00feeirra, J\u00fadamenn og Jer\u00fasalemb\u00faar, og borg \u00feessi mun eil\u00edflega bygg\u00f0 ver\u00f0a.<a name=\"26\"><span class=\"versanumer\">26<\/span><\/a>Og menn munu koma \u00far J\u00fadaborgum og \u00far umhverfi Jer\u00fasalem og \u00far Benjam\u00ednslandi og af l\u00e1glendinu og \u00far fj\u00f6llunum og \u00far Su\u00f0urlandinu, \u00feeir er f\u00e6ra brennif\u00f3rn og sl\u00e1turf\u00f3rn og matf\u00f3rn og reykelsi og \u00feeir er f\u00e6ra \u00feakkarf\u00f3rn \u00ed musteri Drottins.<a name=\"27\"><span class=\"versanumer\">27<\/span><\/a>En ef \u00fe\u00e9r hl\u00fd\u00f0i\u00f0 m\u00e9r eigi, a\u00f0 halda helgan hv\u00edldardaginn og bera enga byr\u00f0i og ganga eigi inn um hli\u00f0 Jer\u00fasalem \u00e1 hv\u00edldardegi, \u00fe\u00e1 mun \u00e9g leggja eld \u00ed hli\u00f0 hennar, sem ey\u00f0a mun h\u00f6llum Jer\u00fasalem og eigi sl\u00f6kktur ver\u00f0a.<\/p>\n<div class=\"footnote1981\"><b>17.1<\/b> Me\u00f0 j\u00e1rnpenna Job 19.24 \u2013 synd J\u00fada Jer 2.22; 6.29; 13.23 \u2013 t\u00f6flur hjartna Jer 31.33; Okv 3.3; 7.3; 2Kor 3.3; sbr 5M\u00f3s 6.4-9; Esk 36.25-27<br \/>\n<b>17.2<\/b> Tr\u00e9, h\u00e6\u00f0ir Jer 2.20+<br \/>\n<b>17.4<\/b> ,,Uml\u00ed\u00f0unar\u00e1ri\u00f0\u2019\u2019 5M\u00f3s 30.15-20; sbr Jer 34.8-22 \u2013 a\u00f0 \u00fer\u00e6li Jer 15.14; 5M\u00f3s 28.48 \u2013 \u00ed landi sem \u00ed \u00feekkir ekki Jer 16.13<br \/>\n<b>17.5-8<\/b> Tveir kostir 5M\u00f3s 30.15-20; Slm 1; Okv 4.18-19; 12.28; 15.24; S\u00edr 15.17; 33.14<br \/>\n<b>17.5<\/b> Treysta ekki m\u00f6nnum Jer 2.18,37; Jes 30.15; 31.1; Slm 146.3<br \/>\n<b>17.7<\/b> Treysta Drottni Slm 9.11+ ; 34.9; 55.24+; Okv 16.20; S\u00edr 34.15<br \/>\n<b>17.8<\/b> Vi\u00f0 vatn Slm 1.3 \u2013 s\u00edgr\u00e6nt Esk 47.12<br \/>\n<b>17.10<\/b> Gu\u00f0 rannskar hjarta\u00f0 Jer 11.20+ ; Job 34.21; Heb 4.12-13 \u2013 eftir breytni Jer 25.14; 32.19; Esk 18.30, H\u00f3s 12.3; Slm 62.13+ ; Job 34.11; Matt 16.27+<br \/>\n<b>17.11<\/b> Safnar til einskis Slm 39.7; Okv 28.8; L\u00fak 12.16-21<br \/>\n<b>17.12<\/b> H\u00e1s\u00e6ti d\u00fdr\u00f0arinnar Jer 3.17; 14.21<br \/>\n<b>17.13<\/b> Von \u00cdsraels Jer 14.8; 50.7 \u2013 yfirgefa lind hins lifandi vatns Jer 2.13+ ; sbr Slm 36.10<br \/>\n<b>17.14<\/b> Harmakvein Jer 11.18+ &#8211; l\u00e6kna mig Slm 6.3; 103.3; 147.3 \u2013 a\u00f0 \u00e9g ver\u00f0i heill sbr Jer 31.18<br \/>\n<b>17.15<\/b> Skal \u00fea\u00f0 r\u00e6tast Jes 5.19; 2P\u00e9t 3.3-4<br \/>\n<b>17.16<\/b> \u00d3ska\u00f0i ekki \u00f3heilladagsins Jer 8.18-22; 13.17; 14.17; 18.20; 20.8 \u2013 Gu\u00f0 vottur 1\u00deess 2.10<br \/>\n<b>17.18<\/b> Ofs\u00e6kjendur Jer 11.18-19; 15.10; 18.18; 20.2,7,8,10; 26.8-9; 37.11-16; 38.4-6 \u2013 hefnd Jer 11.20; 12.3; 15.15; 18.21-23; 20.11-12; Slm 35.4<br \/>\n<b>17.21<\/b> Hv\u00edldardagurinn 2M\u00f3s 16.23; 20.8-11; Neh 13.15-22; Jes 56.2-6; 58.13; Esk 20.20; 44.24<br \/>\n<b>17.23<\/b> \u00deversk\u00f6llu\u00f0ust Jer 7.26+ &#8211; hl\u00fd\u00f0a ekki Jer 5.3+<br \/>\n<b>17.25<\/b> \u00c6vinlega \u00ed bygg\u00f0 Jer 7.7; Jl 3.20<br \/>\n<b>17.27<\/b> Eldur Jer 21.12,14 \u2013 \u00f3sl\u00f6kkvandi Jer 7.20+ &#8211; gleypa hallir Jer 37.8; 39.8; 52.13; Esk 16.41; sbr Jer 6.5<\/div>\n","protected":false},"excerpt":{"rendered":"<p>1Synd J\u00fada er ritu\u00f0 me\u00f0 j\u00e1rnst\u00edl. Me\u00f0 demantsoddi er h\u00fan rist \u00e1 spj\u00f6ld hjartna \u00feeirra og \u00e1 altarishorn \u00feeirra2\u00feeim til \u00e1minningar. \u00d6lturu \u00feeirra og f\u00f3rnars\u00falur standa hj\u00e1 gr\u00e6nu trj\u00e1num, \u00e1 h\u00e1u h\u00e6\u00f0unum,3\u00ed fj\u00f6llunum \u00e1 h\u00e1lendinu. Eigur \u00fe\u00ednar, alla fj\u00e1rsj\u00f3\u00f0u \u00fe\u00edna ofursel \u00e9g a\u00f0 herfangi vegna syndar, sem dr\u00fdg\u00f0 hefir veri\u00f0 \u00ed \u00f6llum h\u00e9ru\u00f0um \u00fe\u00ednum.4\u00de\u00e1 munt \u00fe\u00fa ver\u00f0a a\u00f0 sleppa hendinni af \u00f3\u00f0ali \u00fe\u00ednu, \u00fev\u00ed er \u00e9g gaf \u00fe\u00e9r, og \u00e9g mun l\u00e1ta \u00feig \u00fej\u00f3na \u00f3vinum \u00fe\u00ednum \u00ed landi, sem \u00fe\u00fa \u00feekkir ekki, \u00fev\u00ed a\u00f0 rei\u00f0i m\u00edn er eldur brennandi, sem loga mun eil\u00edflega.5Svo segir Drottinn: B\u00f6lva\u00f0ur er s\u00e1 ma\u00f0ur, sem <a href=\"https:\/\/biblian.is\/1981\/jeremia-17-kafli\/\"> [&#8230;]<\/a><\/p>\n","protected":false},"author":1,"featured_media":0,"parent":0,"menu_order":0,"comment_status":"open","ping_status":"open","template":"bibliukaflar.php","meta":{"footnotes":""},"class_list":["post-2109","page","type-page","status-publish","hentry"],"_links":{"self":[{"href":"https:\/\/biblian.is\/1981\/wp-json\/wp\/v2\/pages\/2109","targetHints":{"allow":["GET"]}}],"collection":[{"href":"https:\/\/biblian.is\/1981\/wp-json\/wp\/v2\/pages"}],"about":[{"href":"https:\/\/biblian.is\/1981\/wp-json\/wp\/v2\/types\/page"}],"author":[{"embeddable":true,"href":"https:\/\/biblian.is\/1981\/wp-json\/wp\/v2\/users\/1"}],"replies":[{"embeddable":true,"href":"https:\/\/biblian.is\/1981\/wp-json\/wp\/v2\/comments?post=2109"}],"version-history":[{"count":0,"href":"https:\/\/biblian.is\/1981\/wp-json\/wp\/v2\/pages\/2109\/revisions"}],"wp:attachment":[{"href":"https:\/\/biblian.is\/1981\/wp-json\/wp\/v2\/media?parent=2109"}],"curies":[{"name":"wp","href":"https:\/\/api.w.org\/{rel}","templated":true}]}}