{"id":2108,"date":"2017-11-18T20:20:14","date_gmt":"2017-11-18T20:20:14","guid":{"rendered":"http:\/\/biblian.is\/1981\/jeremia-16-kafli\/"},"modified":"2017-11-18T20:20:14","modified_gmt":"2017-11-18T20:20:14","slug":"jeremia-16-kafli","status":"publish","type":"page","link":"https:\/\/biblian.is\/1981\/jeremia-16-kafli\/","title":{"rendered":"Jerem\u00eda 16. kafli"},"content":{"rendered":"<p><a name=\"1\"><span class=\"versanumer\">1<\/span><\/a>Or\u00f0 Drottins kom til m\u00edn:<a name=\"2\"><span class=\"versanumer\">2<\/span><\/a>\u00de\u00fa skalt ekki taka \u00fe\u00e9r konu, og \u00fe\u00fa skalt enga sonu n\u00e9 d\u00e6tur eignast \u00e1 \u00feessum sta\u00f0.<a name=\"3\"><span class=\"versanumer\">3<\/span><\/a>\u00dev\u00ed a\u00f0 svo segir Drottinn um \u00fe\u00e1 sonu og d\u00e6tur, sem f\u00e6\u00f0ast \u00e1 \u00feessum sta\u00f0, og um m\u00e6\u00f0urnar, sem b\u00f6rnin ala, og um fe\u00f0urna, sem geta \u00feau \u00ed \u00feessu landi:<a name=\"4\"><span class=\"versanumer\">4<\/span><\/a>Af banv\u00e6num sj\u00fakd\u00f3mum munu \u00feau deyja, menn munu eigi harma \u00feau n\u00e9 jar\u00f0a, \u00feau munu ver\u00f0a a\u00f0 \u00e1bur\u00f0i \u00e1 akrinum. Fyrir sver\u00f0i og hungri skulu \u00feau farast, og l\u00edkamir \u00feeirra munu ver\u00f0a fuglum himinsins og d\u00fdrum jar\u00f0arinnar a\u00f0 \u00e6ti.<a name=\"5\"><span class=\"versanumer\">5<\/span><\/a>J\u00e1, svo segir Drottinn: \u00de\u00fa skalt ekki ganga \u00ed sorgarh\u00fasi\u00f0 og eigi fara til \u00feess a\u00f0 harma, n\u00e9 heldur s\u00fdna \u00feeim hluttekning, \u00fev\u00ed a\u00f0 \u00e9g hefi teki\u00f0 minn fri\u00f0 fr\u00e1 \u00feessum l\u00fd\u00f0 segir Drottinn n\u00e1\u00f0ina og miskunnsemina,<a name=\"6\"><span class=\"versanumer\">6<\/span><\/a>og st\u00f3rir og sm\u00e1ir skulu deyja \u00ed \u00feessu landi. \u00deeir ver\u00f0a ekki jar\u00f0a\u00f0ir, og ekki munu menn harma \u00fe\u00e1 n\u00e9 \u00feeirra vegna rista \u00e1 sig skinnsprettur n\u00e9 gj\u00f6ra s\u00e9r skalla.<a name=\"7\"><span class=\"versanumer\">7<\/span><\/a>Og ekki munu menn brj\u00f3ta sorgarbrau\u00f0 \u00feeirra vegna, til huggunar eftir l\u00e1tinn mann, n\u00e9 l\u00e1ta \u00fe\u00e1 drekka huggunarbikar vegna f\u00f6\u00f0ur s\u00edns og m\u00f3\u00f0ur sinnar.<a name=\"8\"><span class=\"versanumer\">8<\/span><\/a>Eigi skalt \u00fe\u00fa heldur ganga \u00ed veisluh\u00fas, til \u00feess a\u00f0 setjast me\u00f0 \u00feeim til a\u00f0 eta og drekka.<a name=\"9\"><span class=\"versanumer\">9<\/span><\/a>\u00dev\u00ed a\u00f0 svo segir Drottinn allsherjar, \u00cdsraels Gu\u00f0: Sj\u00e1, \u00e9g mun l\u00e1ta \u00f6ll \u00e1n\u00e6gju- og gle\u00f0ihlj\u00f3\u00f0, \u00f6ll fagna\u00f0arl\u00e6ti br\u00fa\u00f0guma og br\u00fa\u00f0ar hverfa burt \u00far \u00feessum sta\u00f0 fyrir augum y\u00f0ar og \u00e1 y\u00f0ar d\u00f6gum.<a name=\"10\"><span class=\"versanumer\">10<\/span><\/a>\u00deegar \u00fe\u00fa n\u00fa kunngj\u00f6rir \u00feessum l\u00fd\u00f0 \u00f6ll \u00feessi or\u00f0 og menn segja vi\u00f0 \u00feig: Hvers vegna hefir Drottinn h\u00f3ta\u00f0 oss allri \u00feessari miklu \u00f3g\u00e6fu, og hver er misgj\u00f6r\u00f0 vor og hver er synd vor, sem v\u00e9r h\u00f6fum dr\u00fdgt gegn Drottni, Gu\u00f0i vorum?<a name=\"11\"><span class=\"versanumer\">11<\/span><\/a>\u00fe\u00e1 seg vi\u00f0 \u00fe\u00e1: Vegna \u00feess a\u00f0 fe\u00f0ur y\u00f0ar yfirg\u00e1fu mig segir Drottinn og eltu a\u00f0ra gu\u00f0i og \u00fej\u00f3nu\u00f0u \u00feeim og f\u00e9llu fram fyrir \u00feeim, en mig yfirg\u00e1fu \u00feeir og h\u00e9ldu ekki l\u00f6gm\u00e1l mitt.<a name=\"12\"><span class=\"versanumer\">12<\/span><\/a>Og \u00fe\u00e9r breyti\u00f0 enn verr en fe\u00f0ur y\u00f0ar, \u00fear sem \u00fe\u00e9r fari\u00f0 hver og einn eftir \u00fever\u00fa\u00f0 s\u00edns vonda hjarta og hl\u00fd\u00f0i\u00f0 m\u00e9r ekki.<a name=\"13\"><span class=\"versanumer\">13<\/span><\/a>Fyrir \u00fev\u00ed vil \u00e9g varpa y\u00f0ur burt \u00far \u00feessu landi til \u00feess lands, sem \u00fe\u00e9r hafi\u00f0 ekki \u00feekkt, hvorki \u00fe\u00e9r n\u00e9 fe\u00f0ur y\u00f0ar, og \u00fear skulu\u00f0 \u00fe\u00e9r \u00fej\u00f3na \u00f6\u00f0rum gu\u00f0um dag og n\u00f3tt, \u00fear e\u00f0 \u00e9g s\u00fdni y\u00f0ur enga miskunn.<a name=\"14\"><span class=\"versanumer\">14<\/span><\/a>Sj\u00e1, fyrir \u00fev\u00ed munu \u00feeir dagar koma segir Drottinn a\u00f0 ekki mun framar sagt ver\u00f0a: Svo sannarlega sem Drottinn lifir, s\u00e1 er leiddi \u00cdsraelsmenn \u00fat af Egyptalandi,<a name=\"15\"><span class=\"versanumer\">15<\/span><\/a>heldur: Svo sannarlega sem Drottinn lifir, s\u00e1 er leiddi \u00cdsraelsmenn \u00fat \u00far landinu nor\u00f0ur fr\u00e1 og \u00far \u00f6llum \u00feeim l\u00f6ndum, \u00feanga\u00f0 sem hann haf\u00f0i reki\u00f0 \u00fe\u00e1. Og \u00e9g mun flytja \u00fe\u00e1 aftur til lands \u00feeirra, sem \u00e9g gaf fe\u00f0rum \u00feeirra.<a name=\"16\"><span class=\"versanumer\">16<\/span><\/a>Sj\u00e1, \u00e9g mun senda \u00fat marga fiskimenn segir Drottinn og \u00feeir munu fiska \u00fe\u00e1, og eftir \u00fea\u00f0 mun \u00e9g senda marga vei\u00f0imenn, og \u00feeir munu vei\u00f0a \u00fe\u00e1 \u00e1 hverju fjalli, \u00e1 hverri h\u00e6\u00f0 og \u00ed bergskorunum.<a name=\"17\"><span class=\"versanumer\">17<\/span><\/a>\u00dev\u00ed a\u00f0 augu m\u00edn horfa \u00e1 alla \u00feeirra vegu, \u00feeir eru ekki huldir fyrir m\u00e9r og misgj\u00f6r\u00f0 \u00feeirra er eigi falin fyrir augum m\u00e9r.<a name=\"18\"><span class=\"versanumer\">18<\/span><\/a>En fyrst vil \u00e9g gjalda \u00feeim tv\u00f6falt misgj\u00f6r\u00f0 \u00feeirra og synd, af \u00fev\u00ed a\u00f0 \u00feeir hafa vanhelga\u00f0 land mitt me\u00f0 hr\u00e6i vi\u00f0urstygg\u00f0a sinna og fyllt \u00f3\u00f0al mitt andstygg\u00f0um s\u00ednum.<a name=\"19\"><span class=\"versanumer\">19<\/span><\/a>Drottinn, styrkur minn, v\u00edgi mitt og h\u00e6li mitt \u00e1 ney\u00f0ardegi, til \u00fe\u00edn munu \u00fej\u00f3\u00f0ir koma fr\u00e1 endim\u00f6rkum jar\u00f0ar og segja: Lygar einar hafa fe\u00f0ur vorir hloti\u00f0 a\u00f0 eign, f\u00e1n\u00fdta gu\u00f0i, og enginn \u00feeirra er a\u00f0 neinu gagni.<a name=\"20\"><span class=\"versanumer\">20<\/span><\/a>Getur ma\u00f0urinn gj\u00f6rt s\u00e9r gu\u00f0i? Sl\u00edkt eru engir gu\u00f0ir!<a name=\"21\"><span class=\"versanumer\">21<\/span><\/a>Fyrir \u00fev\u00ed vil \u00e9g \u00ed \u00feetta sinn kenna \u00feeim. \u00c9g vil l\u00e1ta \u00fe\u00e1 kannast vi\u00f0 kraft minn og styrkleika, og \u00feeir skulu vi\u00f0urkenna, a\u00f0 nafn mitt er Drottinn.<\/p>\n<div class=\"footnote1981\"><b>16.2<\/b> Sk\u00edrl\u00edfi sbr Esk 24.16; Matt 19.12; 1Kor 7.27<br \/>\n<b>16.4<\/b> Hvorki gr\u00e1tin n\u00e9 grafin Jer 8.2+ &#8211; a\u00f0 \u00e6ti Jer 7.33+<br \/>\n<b>16.5<\/b> Vernd minni Jer 14.13; sbr 4M\u00f3s 6.26 \u2013 k\u00e6rleikur Jer 31.3; 33.11 \u2013 miskunnsemi 2M\u00f3s 3.6 \u2013 svipta Jer 13.14<br \/>\n<b>16.6<\/b> Syrgja ekki Jer 22.18; Esk 24.23 \u2013 skinnsprettur og raka\u00f0 h\u00f6fu\u00f0 Jer 47.5; 5M\u00f3s 14.1<br \/>\n<b>16.8<\/b> For\u00f0ast veisluh\u00fas Jer 15.17<br \/>\n<b>16.9<\/b> \u00deagga ni\u00f0ur gle\u00f0ihr\u00f3p Jer 25.10; Jes 24.8; sbr Jer 33.11<br \/>\n<b>16.10<\/b> Hvers vegna? Jer 5.19; Jes 58.3<br \/>\n<b>16.11<\/b> Yfirgefa Drottin Jer 2.5,13+,17 \u2013 vegna annarra gu\u00f0a Jer 5.19; 7.6,9+ ; sbr 5M\u00f3s 4.28; 28.64<br \/>\n<b>16.12<\/b> \u00derj\u00f3ska Jer 3.17+<br \/>\n<b>16.15<\/b> Leiddi a\u00f0 nor\u00f0an Jer 31.8; sbr 1.14+ &#8211; \u00ed land fe\u00f0ranna Jer 12.15; 24.6; Bar 2.34<br \/>\n<b>16.16<\/b> Vei\u00f0imenn Esk 12.13; 17.20; 29.4; 32.3; Am 4.2; Hab 1.14-17; Job 19.6<br \/>\n<b>16.17<\/b> Gu\u00f0 s\u00e9r allt Jer 11.20; 32.19; H\u00f3s 7.2; Slm 90.8; 139; S\u00edr 17.15,19-20; 23.19-21<br \/>\n<b>16.18<\/b> Tv\u00f6falt Jer 2.13; sbr 17.18; Jes 40.; 61.7; Sak 9.12; Opb 18.6 \u2013 landi\u00f0 vanhelga\u00f0 3M\u00f3s 18.24-30; Esk 36.18, sbr Jer 2.7 \u2013 vi\u00f0urstyggilegu Jer 4.1+ ; Jes 44.19<br \/>\n<b>16.19<\/b> Styrkur minn og v\u00edgi Slm 28.7; 2Sam 22.3 \u2013 \u00fej\u00f3\u00f0irnar koma M\u00edk 4.1+ ; Jer 12.16 \u2013 vindur Jer 10.8+ &#8211; engum hj\u00e1lpar Jer 2.8<br \/>\n<b>16.20<\/b> Tilb\u00fanir gu\u00f0ir Jer 2.28<br \/>\n<b>16.21<\/b> \u00deeir skulu j\u00e1ta Jer 12.16; 1Kon 8.43 \u2013 nafn mitt er Drottinn Jer 31.35; sbr Esk 5.13<\/div>\n","protected":false},"excerpt":{"rendered":"<p>1Or\u00f0 Drottins kom til m\u00edn:2\u00de\u00fa skalt ekki taka \u00fe\u00e9r konu, og \u00fe\u00fa skalt enga sonu n\u00e9 d\u00e6tur eignast \u00e1 \u00feessum sta\u00f0.3\u00dev\u00ed a\u00f0 svo segir Drottinn um \u00fe\u00e1 sonu og d\u00e6tur, sem f\u00e6\u00f0ast \u00e1 \u00feessum sta\u00f0, og um m\u00e6\u00f0urnar, sem b\u00f6rnin ala, og um fe\u00f0urna, sem geta \u00feau \u00ed \u00feessu landi:4Af banv\u00e6num sj\u00fakd\u00f3mum munu \u00feau deyja, menn munu eigi harma \u00feau n\u00e9 jar\u00f0a, \u00feau munu ver\u00f0a a\u00f0 \u00e1bur\u00f0i \u00e1 akrinum. Fyrir sver\u00f0i og hungri skulu \u00feau farast, og l\u00edkamir \u00feeirra munu ver\u00f0a fuglum himinsins og d\u00fdrum jar\u00f0arinnar a\u00f0 \u00e6ti.5J\u00e1, svo segir Drottinn: \u00de\u00fa skalt ekki ganga \u00ed sorgarh\u00fasi\u00f0 og eigi fara <a href=\"https:\/\/biblian.is\/1981\/jeremia-16-kafli\/\"> [&#8230;]<\/a><\/p>\n","protected":false},"author":1,"featured_media":0,"parent":0,"menu_order":0,"comment_status":"open","ping_status":"open","template":"bibliukaflar.php","meta":{"footnotes":""},"class_list":["post-2108","page","type-page","status-publish","hentry"],"_links":{"self":[{"href":"https:\/\/biblian.is\/1981\/wp-json\/wp\/v2\/pages\/2108","targetHints":{"allow":["GET"]}}],"collection":[{"href":"https:\/\/biblian.is\/1981\/wp-json\/wp\/v2\/pages"}],"about":[{"href":"https:\/\/biblian.is\/1981\/wp-json\/wp\/v2\/types\/page"}],"author":[{"embeddable":true,"href":"https:\/\/biblian.is\/1981\/wp-json\/wp\/v2\/users\/1"}],"replies":[{"embeddable":true,"href":"https:\/\/biblian.is\/1981\/wp-json\/wp\/v2\/comments?post=2108"}],"version-history":[{"count":0,"href":"https:\/\/biblian.is\/1981\/wp-json\/wp\/v2\/pages\/2108\/revisions"}],"wp:attachment":[{"href":"https:\/\/biblian.is\/1981\/wp-json\/wp\/v2\/media?parent=2108"}],"curies":[{"name":"wp","href":"https:\/\/api.w.org\/{rel}","templated":true}]}}