{"id":2106,"date":"2017-11-18T20:20:08","date_gmt":"2017-11-18T20:20:08","guid":{"rendered":"http:\/\/biblian.is\/1981\/jeremia-14-kafli\/"},"modified":"2017-11-18T20:20:08","modified_gmt":"2017-11-18T20:20:08","slug":"jeremia-14-kafli","status":"publish","type":"page","link":"https:\/\/biblian.is\/1981\/jeremia-14-kafli\/","title":{"rendered":"Jerem\u00eda 14. kafli"},"content":{"rendered":"<p><a name=\"1\"><span class=\"versanumer\">1<\/span><\/a>Or\u00f0 Drottins, sem kom til Jerem\u00eda \u00fat af \u00feurrkunum.<a name=\"2\"><span class=\"versanumer\">2<\/span><\/a>J\u00fada dr\u00fapir, og \u00feeir, sem sitja \u00ed borgarhli\u00f0um landsins, \u00f6rmagnast, \u00feeir sitja harmandi \u00e1 j\u00f6r\u00f0inni, og harmakvein Jer\u00fasalem st\u00edgur upp.<a name=\"3\"><span class=\"versanumer\">3<\/span><\/a>Tignarmenni \u00feeirra senda undirmenn s\u00edna eftir vatni, \u00feeir koma a\u00f0 vatns\u00fer\u00f3num, en finna ekkert vatn, \u00feeir sn\u00faa aftur me\u00f0 t\u00f3m \u00edl\u00e1tin, \u00feeir eru sneyptir og blyg\u00f0ast s\u00edn og hylja h\u00f6fu\u00f0 s\u00edn.<a name=\"4\"><span class=\"versanumer\">4<\/span><\/a>Vegna akurlendisins, sem er agndofa af skelfingu, af \u00fev\u00ed a\u00f0 ekkert regn fellur \u00ed landinu, eru akurmennirnir sneypulegir og hylja h\u00f6fu\u00f0 s\u00edn.<a name=\"5\"><span class=\"versanumer\">5<\/span><\/a>J\u00e1, jafnvel hindin \u00ed haganum ber og yfirgefur k\u00e1lfinn, \u00fev\u00ed a\u00f0 gr\u00f3\u00f0ur er enginn,<a name=\"6\"><span class=\"versanumer\">6<\/span><\/a>og villiasnarnir standa \u00e1 sk\u00f3glausu h\u00e6\u00f0unum og taka \u00f6ndina \u00e1 lofti, eins og sjakalarnir. Augu \u00feeirra daprast, \u00fev\u00ed a\u00f0 hvergi er gras.<a name=\"7\"><span class=\"versanumer\">7<\/span><\/a>\u00deegar misgj\u00f6r\u00f0ir vorar vitna \u00ed gegn oss, Drottinn, \u00fe\u00e1 l\u00e1t til \u00fe\u00edn taka vegna nafns \u00fe\u00edns, \u00fev\u00ed a\u00f0 fr\u00e1hvarfssyndir vorar eru margar, gegn \u00fe\u00e9r h\u00f6fum v\u00e9r syndga\u00f0.<a name=\"8\"><span class=\"versanumer\">8<\/span><\/a>\u00d3 \u00cdsraels von, hj\u00e1lpari hans \u00e1 ney\u00f0art\u00edma, hv\u00ed ert \u00fe\u00fa sem \u00fatlendingur \u00ed landinu og sem fer\u00f0ama\u00f0ur, er tjaldar til einnar n\u00e6tur?<a name=\"9\"><span class=\"versanumer\">9<\/span><\/a>Hv\u00ed ert \u00fe\u00fa eins og skelka\u00f0ur ma\u00f0ur, eins og hetja, sem ekki megnar a\u00f0 hj\u00e1lpa? Og \u00fe\u00f3 ert \u00fe\u00fa mitt \u00e1 me\u00f0al vor, Drottinn, og v\u00e9r erum nefndir eftir nafni \u00fe\u00ednu. Yfirgef oss eigi!<a name=\"10\"><span class=\"versanumer\">10<\/span><\/a>Svo segir Drottinn um \u00feennan l\u00fd\u00f0: \u00deannig var \u00feeim lj\u00faft a\u00f0 reika um, \u00feeir \u00f6ftru\u00f0u ekki f\u00f3tum s\u00ednum, en Drottinn haf\u00f0i enga \u00fe\u00f3knun \u00e1 \u00feeim. N\u00fa minnist hann misgj\u00f6r\u00f0ar \u00feeirra og vitjar synda \u00feeirra.<a name=\"11\"><span class=\"versanumer\">11<\/span><\/a>Og Drottinn sag\u00f0i vi\u00f0 mig: \u00de\u00fa skalt eigi bi\u00f0ja \u00feessum l\u00fd\u00f0 g\u00f3\u00f0s.<a name=\"12\"><span class=\"versanumer\">12<\/span><\/a>\u00deegar \u00feeir fasta, \u00fe\u00e1 hl\u00fd\u00f0i \u00e9g eigi \u00e1 gr\u00e1tbei\u00f0ni \u00feeirra, og \u00feegar \u00feeir bera fram brennif\u00f3rn og matf\u00f3rn, \u00fe\u00e1 hefi \u00e9g eigi \u00fe\u00f3knun \u00e1 \u00feeim, heldur vil \u00e9g gj\u00f6rey\u00f0a \u00feeim me\u00f0 sver\u00f0i, hungri og dreps\u00f3tt.<a name=\"13\"><span class=\"versanumer\">13<\/span><\/a>\u00de\u00e1 sag\u00f0i \u00e9g: \u00c6, herra Drottinn, sj\u00e1, sp\u00e1mennirnir segja vi\u00f0 \u00fe\u00e1: \u00de\u00e9r munu\u00f0 ekki sj\u00e1 sver\u00f0, og hungri munu\u00f0 \u00fe\u00e9r ekki ver\u00f0a fyrir, heldur mun \u00e9g l\u00e1ta y\u00f0ur hlj\u00f3ta st\u00f6\u00f0uga heill \u00e1 \u00feessum sta\u00f0!<a name=\"14\"><span class=\"versanumer\">14<\/span><\/a>En Drottinn sag\u00f0i vi\u00f0 mig: Sp\u00e1mennirnir bo\u00f0a lygar \u00ed m\u00ednu nafni. \u00c9g hefi ekki sent \u00fe\u00e1 og \u00e9g hefi ekki skipa\u00f0 \u00feeim og \u00e9g hefi ekki vi\u00f0 \u00fe\u00e1 tala\u00f0, \u00feeir bo\u00f0a y\u00f0ur lognar s\u00fdnir, f\u00e1n\u00fdtar sp\u00e1r og t\u00e1l, sem \u00feeir sj\u00e1lfir hafa spunni\u00f0 upp.<a name=\"15\"><span class=\"versanumer\">15<\/span><\/a>Fyrir \u00fev\u00ed segir Drottinn svo: Sp\u00e1mennirnir, sem sp\u00e1 \u00ed m\u00ednu nafni og segja, \u00fe\u00f3tt \u00e9g hafi ekki sent \u00fe\u00e1: Hvorki mun sver\u00f0 n\u00e9 hungur ganga yfir \u00feetta land! fyrir sver\u00f0i og hungri skulu \u00feeir farast, \u00feessir sp\u00e1menn.<a name=\"16\"><span class=\"versanumer\">16<\/span><\/a>En l\u00fd\u00f0urinn, sem \u00feeir bo\u00f0a sp\u00e1r s\u00ednar, skal liggja dau\u00f0ur \u00e1 Jer\u00fasalem-str\u00e6tum af hungri og fyrir sver\u00f0i, og enginn jar\u00f0a \u00fe\u00e1, \u00feeir sj\u00e1lfir, konur \u00feeirra, synir \u00feeirra og d\u00e6tur \u00feeirra og \u00e9g vil \u00fathella vonsku \u00feeirra yfir \u00fe\u00e1.<a name=\"17\"><span class=\"versanumer\">17<\/span><\/a>\u00de\u00fa skalt tala til \u00feeirra \u00feessi or\u00f0: Augu m\u00edn skulu flj\u00f3ta \u00ed t\u00e1rum n\u00f3tt og dag, og t\u00e1rin eigi st\u00f6\u00f0vast, \u00fev\u00ed a\u00f0 m\u00e6rin, d\u00f3ttir \u00fej\u00f3\u00f0ar minnar, hefir or\u00f0i\u00f0 fyrir \u00f3gurlegu \u00e1falli, hefir s\u00e6r\u00f0 veri\u00f0 al-\u00f3l\u00e6knandi s\u00e1ri.<a name=\"18\"><span class=\"versanumer\">18<\/span><\/a>Gangi \u00e9g \u00fat \u00e1 v\u00f6llinn, \u00fe\u00e1 liggja \u00fear \u00feeir, er falli\u00f0 hafa fyrir sver\u00f0i, og gangi \u00e9g inn \u00ed borgina, \u00fe\u00e1 s\u00e9 \u00e9g \u00fear menn d\u00e1na \u00far hungri. J\u00e1, sp\u00e1menn og prestar fara um landi\u00f0 og bera ekki kennsl \u00e1 \u00fea\u00f0.<a name=\"19\"><span class=\"versanumer\">19<\/span><\/a>Hefir \u00fe\u00fa \u00fe\u00e1 hafna\u00f0 J\u00fada algj\u00f6rlega, e\u00f0a ert \u00fe\u00fa or\u00f0inn lei\u00f0ur \u00e1 S\u00edon? Hv\u00ed hefir \u00fe\u00fa losti\u00f0 oss svo, a\u00f0 v\u00e9r ver\u00f0um eigi l\u00e6kna\u00f0ir? Menn v\u00e6nta hamingju, en ekkert gott kemur, v\u00e6nta l\u00e6kningart\u00edma, og sj\u00e1, skelfing!<a name=\"20\"><span class=\"versanumer\">20<\/span><\/a>V\u00e9r \u00feekkjum, Drottinn, yfirsj\u00f3n vora, misgj\u00f6r\u00f0 fe\u00f0ra vorra, a\u00f0 v\u00e9r h\u00f6fum syndga\u00f0 gegn \u00fe\u00e9r.<a name=\"21\"><span class=\"versanumer\">21<\/span><\/a>Fyrirl\u00edt eigi, vegna nafns \u00fe\u00edns, \u00f3vir\u00f0 eigi h\u00e1s\u00e6ti d\u00fdr\u00f0ar \u00feinnar, minnstu s\u00e1ttm\u00e1la \u00fe\u00edns vi\u00f0 oss og rj\u00faf hann eigi.<a name=\"22\"><span class=\"versanumer\">22<\/span><\/a>Eru nokkrir regngjafar me\u00f0al hinna f\u00e1n\u00fdtu gu\u00f0a hei\u00f0ingjanna, e\u00f0a \u00fathellir himinninn sk\u00farum sj\u00e1lfkrafa? Ert \u00fea\u00f0 ekki \u00fe\u00fa, Drottinn, Gu\u00f0 vor, svo a\u00f0 v\u00e9r ver\u00f0um a\u00f0 vona \u00e1 \u00feig? \u00dev\u00ed a\u00f0 \u00fe\u00fa hefir gj\u00f6rt allt \u00feetta.<\/p>\n<div class=\"footnote1981\"><b>14.2<\/b> J\u00fada skr\u00e6lnar Jer 12.4; Hlj 1.4<br \/>\n<b>14.3<\/b> Sk\u00f6mmustulegir 2Sam 15.30<br \/>\n<b>14.4<\/b> \u00deurrkur Jer 3.3+ &#8211; vonsviknir b\u00e6ndur Jl 1.11<br \/>\n<b>14.7<\/b> Syndirnar vitna Jer 5.25; Slm 107.34 \u2013 vegna nafns \u00fe\u00edns Jer 14.21; Slm 25.11; Dan 9.19; VDan 3.11; sbr Jes 48.9; Esk 20.9,14; Slm 23.3; Matt 6.9 \u2013 svik Jer 14.20; 3.25; 8.14; Slm 38.19<br \/>\n<b>14.8<\/b> Von \u00cdsraels Jer 17.13 \u2013 frelsari Jes 43.3+ &#8211; \u00e1 ney\u00f0art\u00edmum Slm 77.3+<br \/>\n<b>14.9<\/b> \u00c1 me\u00f0al vor 2M\u00f3s 29.45; J\u00f3h 1.26 \u2013 kenndir vi\u00f0 \u00feig Jer 15.16; 5M\u00f3s 28.10; Jes 43.7<br \/>\n<b>14.10<\/b> Eigra um Jer 2.31<br \/>\n<b>14.11<\/b> Eigi bi\u00f0ja g\u00f3\u00f0s Jer 7.16+<br \/>\n<b>14.12<\/b> Fasta og kvein Jl 1.13-14; 2.15-17; Slm 69.2-19 \u2013 f\u00f3rnir ekki \u00fe\u00f3knanlegar Jer 6.20+ &#8211; sver\u00f0, hungur og dreps\u00f3tt Jer 21.7-9; 24.10; 27.8,13; 29.17-18; 38.2; 42.17; sbr 5.12; 28.8<br \/>\n<b>14.13<\/b> Sp\u00e1menn bo\u00f0a heill Jer 4.10; 6.14; 23.17; sbr 1Kon 22.12 \u2013 ekki sver\u00f0 Jer 5.12; sbr 1M\u00f3s 34 \u2013 heldur st\u00f6\u00f0ug heill Jer 16.5; 29.7,11; 33.6,9<br \/>\n<b>14.14<\/b> Lygar sbr Jer 13.25, 27.10; 29.9 \u2013 ekki sent \u00fe\u00e1 Jer 23.21,32; 28.15; 29.9,31<br \/>\n<b>14.16<\/b> Enginn mun grafa Jer 8.2+ &#8211; \u00f3g\u00e6fa \u00feeirra Jer 6.19; Slm 7.17; sbr Jer 2.19<br \/>\n<b>14.17<\/b> T\u00e1r Jer 8.23+ &#8211; s\u00e6r\u00f0 Jer 4.6+<br \/>\n<b>14.19<\/b> J\u00fada hafna\u00f0? Hlj 5.22 \u2013 andstygg\u00f0 \u00e1 S\u00edon? Jer 12.8 \u2013 ekki gr\u00e6tt Jer 10.19+ &#8211; v\u00e9r v\u00e6ntum &#8230; Jer 8.15<br \/>\n<b>14.20<\/b> Syndaj\u00e1tning Dan 9.4-19<br \/>\n<b>14.21<\/b> Vegna nafns \u00fe\u00edns Jer 14.7+ ; Esk 36.22; Slm 25.11<br \/>\n<b>14.22<\/b> F\u00e1n\u00fdt go\u00f0 Jer 10.8+ &#8211; Gu\u00f0 gefur regni\u00f0 Jer 5.24+ ; Job 5.10; BJer 52; Post 14.17<\/div>\n","protected":false},"excerpt":{"rendered":"<p>1Or\u00f0 Drottins, sem kom til Jerem\u00eda \u00fat af \u00feurrkunum.2J\u00fada dr\u00fapir, og \u00feeir, sem sitja \u00ed borgarhli\u00f0um landsins, \u00f6rmagnast, \u00feeir sitja harmandi \u00e1 j\u00f6r\u00f0inni, og harmakvein Jer\u00fasalem st\u00edgur upp.3Tignarmenni \u00feeirra senda undirmenn s\u00edna eftir vatni, \u00feeir koma a\u00f0 vatns\u00fer\u00f3num, en finna ekkert vatn, \u00feeir sn\u00faa aftur me\u00f0 t\u00f3m \u00edl\u00e1tin, \u00feeir eru sneyptir og blyg\u00f0ast s\u00edn og hylja h\u00f6fu\u00f0 s\u00edn.4Vegna akurlendisins, sem er agndofa af skelfingu, af \u00fev\u00ed a\u00f0 ekkert regn fellur \u00ed landinu, eru akurmennirnir sneypulegir og hylja h\u00f6fu\u00f0 s\u00edn.5J\u00e1, jafnvel hindin \u00ed haganum ber og yfirgefur k\u00e1lfinn, \u00fev\u00ed a\u00f0 gr\u00f3\u00f0ur er enginn,6og villiasnarnir standa \u00e1 sk\u00f3glausu h\u00e6\u00f0unum og taka \u00f6ndina <a href=\"https:\/\/biblian.is\/1981\/jeremia-14-kafli\/\"> [&#8230;]<\/a><\/p>\n","protected":false},"author":1,"featured_media":0,"parent":0,"menu_order":0,"comment_status":"open","ping_status":"open","template":"bibliukaflar.php","meta":{"footnotes":""},"class_list":["post-2106","page","type-page","status-publish","hentry"],"_links":{"self":[{"href":"https:\/\/biblian.is\/1981\/wp-json\/wp\/v2\/pages\/2106","targetHints":{"allow":["GET"]}}],"collection":[{"href":"https:\/\/biblian.is\/1981\/wp-json\/wp\/v2\/pages"}],"about":[{"href":"https:\/\/biblian.is\/1981\/wp-json\/wp\/v2\/types\/page"}],"author":[{"embeddable":true,"href":"https:\/\/biblian.is\/1981\/wp-json\/wp\/v2\/users\/1"}],"replies":[{"embeddable":true,"href":"https:\/\/biblian.is\/1981\/wp-json\/wp\/v2\/comments?post=2106"}],"version-history":[{"count":0,"href":"https:\/\/biblian.is\/1981\/wp-json\/wp\/v2\/pages\/2106\/revisions"}],"wp:attachment":[{"href":"https:\/\/biblian.is\/1981\/wp-json\/wp\/v2\/media?parent=2106"}],"curies":[{"name":"wp","href":"https:\/\/api.w.org\/{rel}","templated":true}]}}