{"id":2105,"date":"2017-11-18T20:20:08","date_gmt":"2017-11-18T20:20:08","guid":{"rendered":"http:\/\/biblian.is\/1981\/jeremia-13-kafli\/"},"modified":"2017-11-18T20:20:08","modified_gmt":"2017-11-18T20:20:08","slug":"jeremia-13-kafli","status":"publish","type":"page","link":"https:\/\/biblian.is\/1981\/jeremia-13-kafli\/","title":{"rendered":"Jerem\u00eda 13. kafli"},"content":{"rendered":"<p><a name=\"1\"><span class=\"versanumer\">1<\/span><\/a>Svo m\u00e6lti Drottinn vi\u00f0 mig: Far og kaup \u00fe\u00e9r l\u00ednbelti og legg \u00fea\u00f0 um lendar \u00fe\u00e9r, en l\u00e1t \u00fea\u00f0 ekki koma \u00ed vatn.<a name=\"2\"><span class=\"versanumer\">2<\/span><\/a>Og \u00e9g keypti belti\u00f0 eftir or\u00f0i Drottins og lag\u00f0i um lendar m\u00e9r.<a name=\"3\"><span class=\"versanumer\">3<\/span><\/a>Og or\u00f0 Drottins kom til m\u00edn anna\u00f0 sinn, svohlj\u00f3\u00f0andi:<a name=\"4\"><span class=\"versanumer\">4<\/span><\/a>Tak belti\u00f0, sem \u00fe\u00fa keyptir og um lendar \u00fe\u00ednar er, og legg af sta\u00f0 og far austur a\u00f0 Efrat og fel \u00fea\u00f0 \u00fear \u00ed bergskoru.<a name=\"5\"><span class=\"versanumer\">5<\/span><\/a>Og \u00e9g f\u00f3r og fal \u00fea\u00f0 hj\u00e1 Efrat, eins og Drottinn haf\u00f0i bo\u00f0i\u00f0 m\u00e9r.<a name=\"6\"><span class=\"versanumer\">6<\/span><\/a>En er alllangur t\u00edmi var um li\u00f0inn, sag\u00f0i Drottinn vi\u00f0 mig: Legg af sta\u00f0 og far austur a\u00f0 Efrat og tak \u00fear belti\u00f0, sem \u00e9g bau\u00f0 \u00fe\u00e9r a\u00f0 fela \u00fear.<a name=\"7\"><span class=\"versanumer\">7<\/span><\/a>Og \u00e9g f\u00f3r austur a\u00f0 Efrat, gr\u00f3f og t\u00f3k belti\u00f0 \u00e1 \u00feeim sta\u00f0, sem \u00e9g haf\u00f0i fali\u00f0 \u00fea\u00f0. En sj\u00e1, belti\u00f0 var or\u00f0i\u00f0 skemmt, til einskis n\u00fdtt framar.<a name=\"8\"><span class=\"versanumer\">8<\/span><\/a>Og or\u00f0 Drottins kom til m\u00edn, svo hlj\u00f3\u00f0andi:<a name=\"9\"><span class=\"versanumer\">9<\/span><\/a>Svo segir Drottinn: \u00deannig vil \u00e9g skemma hroka J\u00fada og hroka Jer\u00fasalem, \u00feann hinn mikla.<a name=\"10\"><span class=\"versanumer\">10<\/span><\/a>\u00deessir vondu menn, sem ekki vilja hl\u00fd\u00f0a or\u00f0um m\u00ednum, sem fara eftir \u00fever\u00fa\u00f0 hjarta s\u00edns og elta a\u00f0ra gu\u00f0i til \u00feess a\u00f0 \u00fej\u00f3na \u00feeim og falla fram fyrir \u00feeim \u00feeir skulu ver\u00f0a eins og \u00feetta belti, sem til einskis er n\u00fdtt framar.<a name=\"11\"><span class=\"versanumer\">11<\/span><\/a>\u00dev\u00ed a\u00f0 eins og belti\u00f0 fellir sig a\u00f0 lendum manns, eins haf\u00f0i \u00e9g l\u00e1ti\u00f0 allt \u00cdsraels h\u00fas og allt J\u00fada h\u00fas fella sig a\u00f0 m\u00e9r segir Drottinn til \u00feess a\u00f0 \u00fea\u00f0 skyldi vera minn l\u00fd\u00f0ur og m\u00e9r til fr\u00e6g\u00f0ar, lofst\u00edrs og pr\u00fd\u00f0i, en \u00feeir hl\u00fdddu ekki.<a name=\"12\"><span class=\"versanumer\">12<\/span><\/a>M\u00e6l til \u00feeirra \u00feetta or\u00f0: Svo segir Drottinn, \u00cdsraels Gu\u00f0: S\u00e9rhver krukka ver\u00f0ur fyllt v\u00edni. En segi \u00feeir \u00fe\u00e1 vi\u00f0 \u00feig: Vitum v\u00e9r \u00fe\u00e1 ekki, a\u00f0 s\u00e9rhver krukka ver\u00f0ur fyllt v\u00edni?<a name=\"13\"><span class=\"versanumer\">13<\/span><\/a>\u00fe\u00e1 seg vi\u00f0 \u00fe\u00e1: Svo segir Drottinn: Sj\u00e1, \u00e9g fylli alla \u00edb\u00faa \u00feessa lands og konungana, sem sitja \u00ed h\u00e1s\u00e6ti Dav\u00ed\u00f0s, og prestana og sp\u00e1mennina og alla Jer\u00fasalemb\u00faa, svo a\u00f0 \u00feeir ver\u00f0i drukknir,<a name=\"14\"><span class=\"versanumer\">14<\/span><\/a>og mola \u00fe\u00e1 sundur hvern vi\u00f0 annan, fe\u00f0ur og sonu alla saman segir Drottinn. \u00c9g tort\u00edmi \u00feeim hl\u00edf\u00f0arlaust, \u00e1n nokkurrar v\u00e6g\u00f0ar og miskunnar.<a name=\"15\"><span class=\"versanumer\">15<\/span><\/a>Heyri\u00f0 og taki\u00f0 eftir! Veri\u00f0 ekki drambl\u00e1tir, \u00fev\u00ed a\u00f0 Drottinn hefir tala\u00f0!<a name=\"16\"><span class=\"versanumer\">16<\/span><\/a>Gefi\u00f0 Drottni, Gu\u00f0i y\u00f0ar, d\u00fdr\u00f0ina, \u00e1\u00f0ur en dimmir, \u00e1\u00f0ur en f\u00e6tur y\u00f0ar steyta \u00e1 r\u00f6kkurfj\u00f6llum. \u00de\u00e9r v\u00e6nti\u00f0 lj\u00f3ss, en hann mun breyta \u00fev\u00ed \u00ed ni\u00f0dimmu og gj\u00f6ra \u00fea\u00f0 a\u00f0 svartamyrkri.<a name=\"17\"><span class=\"versanumer\">17<\/span><\/a>En ef \u00fe\u00e9r hl\u00fd\u00f0i\u00f0 \u00fev\u00ed ekki, \u00fe\u00e1 mun \u00e9g \u00ed leyni gr\u00e1ta vegna hrokans og s\u00edfellt t\u00e1rast, j\u00e1 augu m\u00edn munu flj\u00f3ta \u00ed t\u00e1rum, af \u00fev\u00ed a\u00f0 hj\u00f6r\u00f0 Drottins ver\u00f0ur flutt burt hertekin.<a name=\"18\"><span class=\"versanumer\">18<\/span><\/a>Seg vi\u00f0 konung og vi\u00f0 konungsm\u00f3\u00f0ur: Setjist l\u00e1gt, \u00fev\u00ed a\u00f0 fallin er af h\u00f6f\u00f0um y\u00f0ar d\u00fdrlega k\u00f3r\u00f3nan!<a name=\"19\"><span class=\"versanumer\">19<\/span><\/a>Borgir Su\u00f0urlandsins eru loka\u00f0ar, og enginn opnar, J\u00fadal\u00fd\u00f0ur hefur veri\u00f0 burt fluttur allur saman, burt fluttur me\u00f0 t\u00f6lu.<a name=\"20\"><span class=\"versanumer\">20<\/span><\/a>Hef upp augu \u00fe\u00edn og sj\u00e1, \u00feeir koma a\u00f0 nor\u00f0an! Hvar er hj\u00f6r\u00f0in, sem \u00fe\u00e9r var fengin, \u00fe\u00ednir \u00e1g\u00e6tu sau\u00f0ir?<a name=\"21\"><span class=\"versanumer\">21<\/span><\/a>Hva\u00f0 munt \u00fe\u00fa segja, \u00feegar \u00feeir setja \u00fe\u00e1 menn h\u00f6f\u00f0ingja yfir \u00feig, sem \u00fe\u00fa hefir sj\u00e1lf kennt a\u00f0 vera \u00e1 m\u00f3ti \u00fe\u00e9r? Munu ekki hvi\u00f0ur a\u00f0 \u00fe\u00e9r koma, eins og a\u00f0 j\u00f3\u00f0sj\u00fakri konu,<a name=\"22\"><span class=\"versanumer\">22<\/span><\/a>er \u00fe\u00fa segir \u00ed hjarta \u00fe\u00ednu: Hv\u00ed ber m\u00e9r sl\u00edkt a\u00f0 h\u00f6ndum? Sakir \u00feinnar miklu misgj\u00f6r\u00f0ar er kl\u00e6\u00f0afaldi \u00fe\u00ednum upp flett, h\u00e6lar \u00fe\u00ednir me\u00f0 valdi berir gj\u00f6r\u00f0ir.<a name=\"23\"><span class=\"versanumer\">23<\/span><\/a>Getur bl\u00e1ma\u00f0ur breytt h\u00f6rundslit s\u00ednum e\u00f0a pardusd\u00fdri\u00f0 flekkjum s\u00ednum? Ef svo v\u00e6ri mundu\u00f0 \u00fe\u00e9r og megna a\u00f0 breyta vel, \u00fe\u00e9r sem vanist hafi\u00f0 a\u00f0 gj\u00f6ra illt.<a name=\"24\"><span class=\"versanumer\">24<\/span><\/a>\u00c9g vil tv\u00edstra \u00feeim eins og h\u00e1lmleggjum, sem berast fyrir ey\u00f0imerkurvindi.<a name=\"25\"><span class=\"versanumer\">25<\/span><\/a>\u00deetta er hlutur \u00feinn, afm\u00e6ldur skammtur \u00feinn fr\u00e1 minni hendi segir Drottinn af \u00fev\u00ed a\u00f0 \u00fe\u00fa hefir gleymt m\u00e9r og treystir \u00e1 lygi.<a name=\"26\"><span class=\"versanumer\">26<\/span><\/a>Fyrir \u00fev\u00ed kippi \u00e9g og kl\u00e6\u00f0afaldi \u00fe\u00ednum upp a\u00f0 framan, svo a\u00f0 blyg\u00f0an \u00fe\u00edn ver\u00f0i ber.<a name=\"27\"><span class=\"versanumer\">27<\/span><\/a>H\u00f3rd\u00f3m \u00feinn og losta-hv\u00ed, hi\u00f0 sv\u00edvir\u00f0ilega f\u00fall\u00edfi \u00feitt \u00e1 f\u00f3rnarh\u00e6\u00f0unum \u00fati \u00e1 v\u00ed\u00f0avangi hefi \u00e9g s\u00e9\u00f0 vi\u00f0urstygg\u00f0ir \u00fe\u00ednar. Vei \u00fe\u00e9r, Jer\u00fasalem, \u00fe\u00fa munt ekki hrein ver\u00f0a hve langt mun enn \u00feanga\u00f0 til?<\/p>\n<div class=\"footnote1981\"><b>13.1<\/b> T\u00e1knr\u00e6nar athafnir Jer 19; 27; 32; 43.8-13; 51.59-64<br \/>\n<b>13.10<\/b> Neitar a\u00f0 hl\u00fd\u00f0a Jer 7.26+ &#8211; \u00ferj\u00f3ska Jer 3.17 \u2013 eta framandi gu\u00f0i Jer 7.9+<br \/>\n<b>13.11<\/b> Ganga me\u00f0 Gu\u00f0i 5M\u00f3s 10.20; 11.22; 13.4; 30.20; 2Kon 18.6; Slm 63.9; 119.31; sbr 1Kor 6.17 \u2013 m\u00edn \u00fej\u00f3\u00f0 Jer 7.23+ &#8211; til lofst\u00edrs Jer 33.9<br \/>\n<b>13.13<\/b> Drukknir Jer 25.15+ ; 51.39<br \/>\n<b>13.14<\/b> Hvorki vorkunn n\u00e9 miskunn Jer 15.5; 21.7; 51.3<br \/>\n<b>13.16<\/b> Gefi\u00f0 Gu\u00f0i d\u00fdr\u00f0ina J\u00f3s 7.19; J\u00f3h 9.24 \u2013 \u00e1\u00f0ur en dimmir Pr\u00e9d 12.1-2 \u2013 skrika f\u00f3tur J\u00f3h 11.10; 12.35 \u2013 n\u00f3tt Jes 5.30; 8.22; Am 8.9 \u2013 ni\u00f0dimma Jer 2.6; sbr Job 3.5<br \/>\n<b>13.17<\/b> T\u00e1rin streyma Jer 8.23+<br \/>\n<b>13.18<\/b> Konungur og konungsm\u00f3\u00f0ir 2Kon 24.8; sbr Jer 22.24+ ; 29.2<br \/>\n<b>13.20<\/b> \u00dar nor\u00f0ri Jer 1.14+<br \/>\n<b>13.21<\/b> Vinfengi vi\u00f0 st\u00f3r\u00fej\u00f3\u00f0ir 2Kon 16.7; 20.13 \u2013 \u00fej\u00e1ningar Jer 22.23<br \/>\n<b>13.22<\/b> Pilsfaldi lyft Jer 13.26; Jes 47.2-3; Nah 3.5; sbr Hab 2.16; Opb 17.16<br \/>\n<b>13.23<\/b> Getir \u00fe\u00e9r gert gott Jer 6.29; Slm 55.20; Matt 12.34<br \/>\n<b>13.24<\/b> \u00c9g mun dreifa Jer 9.15<br \/>\n<b>13.25<\/b> Gleyma Gu\u00f0i Jer 2.32+ &#8211; treystir lygum Jer 28.15; 29.31<br \/>\n<b>13.27<\/b> H\u00f3rd\u00f3mur Jer 2.20 \u2013 andstyggileg heg\u00f0un Jer 4.1+ &#8211; hreinsar \u00feig ekki Jer 4.14; Esk 24.13; H\u00f3s 8.5<\/div>\n","protected":false},"excerpt":{"rendered":"<p>1Svo m\u00e6lti Drottinn vi\u00f0 mig: Far og kaup \u00fe\u00e9r l\u00ednbelti og legg \u00fea\u00f0 um lendar \u00fe\u00e9r, en l\u00e1t \u00fea\u00f0 ekki koma \u00ed vatn.2Og \u00e9g keypti belti\u00f0 eftir or\u00f0i Drottins og lag\u00f0i um lendar m\u00e9r.3Og or\u00f0 Drottins kom til m\u00edn anna\u00f0 sinn, svohlj\u00f3\u00f0andi:4Tak belti\u00f0, sem \u00fe\u00fa keyptir og um lendar \u00fe\u00ednar er, og legg af sta\u00f0 og far austur a\u00f0 Efrat og fel \u00fea\u00f0 \u00fear \u00ed bergskoru.5Og \u00e9g f\u00f3r og fal \u00fea\u00f0 hj\u00e1 Efrat, eins og Drottinn haf\u00f0i bo\u00f0i\u00f0 m\u00e9r.6En er alllangur t\u00edmi var um li\u00f0inn, sag\u00f0i Drottinn vi\u00f0 mig: Legg af sta\u00f0 og far austur a\u00f0 Efrat og tak \u00fear <a href=\"https:\/\/biblian.is\/1981\/jeremia-13-kafli\/\"> [&#8230;]<\/a><\/p>\n","protected":false},"author":1,"featured_media":0,"parent":0,"menu_order":0,"comment_status":"open","ping_status":"open","template":"bibliukaflar.php","meta":{"footnotes":""},"class_list":["post-2105","page","type-page","status-publish","hentry"],"_links":{"self":[{"href":"https:\/\/biblian.is\/1981\/wp-json\/wp\/v2\/pages\/2105","targetHints":{"allow":["GET"]}}],"collection":[{"href":"https:\/\/biblian.is\/1981\/wp-json\/wp\/v2\/pages"}],"about":[{"href":"https:\/\/biblian.is\/1981\/wp-json\/wp\/v2\/types\/page"}],"author":[{"embeddable":true,"href":"https:\/\/biblian.is\/1981\/wp-json\/wp\/v2\/users\/1"}],"replies":[{"embeddable":true,"href":"https:\/\/biblian.is\/1981\/wp-json\/wp\/v2\/comments?post=2105"}],"version-history":[{"count":0,"href":"https:\/\/biblian.is\/1981\/wp-json\/wp\/v2\/pages\/2105\/revisions"}],"wp:attachment":[{"href":"https:\/\/biblian.is\/1981\/wp-json\/wp\/v2\/media?parent=2105"}],"curies":[{"name":"wp","href":"https:\/\/api.w.org\/{rel}","templated":true}]}}