{"id":2104,"date":"2017-11-18T20:20:08","date_gmt":"2017-11-18T20:20:08","guid":{"rendered":"http:\/\/biblian.is\/1981\/jeremia-12-kafli\/"},"modified":"2017-11-18T20:20:08","modified_gmt":"2017-11-18T20:20:08","slug":"jeremia-12-kafli","status":"publish","type":"page","link":"https:\/\/biblian.is\/1981\/jeremia-12-kafli\/","title":{"rendered":"Jerem\u00eda 12. kafli"},"content":{"rendered":"<p><a name=\"1\"><span class=\"versanumer\">1<\/span><\/a>\u00de\u00fa, Drottinn, ert r\u00e9ttl\u00e1tari en svo, a\u00f0 \u00e9g megi \u00fer\u00e1tta vi\u00f0 \u00feig! \u00de\u00f3 ver\u00f0 \u00e9g a\u00f0 deila \u00e1 \u00feig: Hv\u00ed l\u00e1nast ath\u00e6fi hinna \u00f3gu\u00f0legu, hv\u00ed eru allir \u00feeir \u00f3hultir, er sviksamlega breyta?<a name=\"2\"><span class=\"versanumer\">2<\/span><\/a>\u00de\u00fa gr\u00f3\u00f0ursetur \u00fe\u00e1, og \u00feeir festa r\u00e6tur, dafna og bera \u00e1v\u00f6xt. \u00deeir hafa \u00feig \u00e1vallt \u00e1 v\u00f6runum, en hjarta \u00feeirra er langt fr\u00e1 \u00fe\u00e9r.<a name=\"3\"><span class=\"versanumer\">3<\/span><\/a>En \u00fe\u00fa, Drottinn, \u00feekkir mig, s\u00e9r mig, og \u00fe\u00fa hefir reynt hugar\u00feel mitt til \u00fe\u00edn. Skil \u00fe\u00e1 \u00far, eins og sau\u00f0i til sl\u00e1trunar, og helga\u00f0u \u00fe\u00e1 dr\u00e1psdeginum.<a name=\"4\"><span class=\"versanumer\">4<\/span><\/a>Hversu lengi \u00e1 landi\u00f0 a\u00f0 syrgja og jurtir vallarins alls sta\u00f0ar a\u00f0 skr\u00e6lna? Sakir illsku \u00feeirra, er \u00ed \u00fev\u00ed b\u00faa, farast skepnur og fuglar, \u00fear e\u00f0 \u00feeir segja: Hann s\u00e9r eigi afdrif vor.<a name=\"5\"><span class=\"versanumer\">5<\/span><\/a>Ef \u00fe\u00fa m\u00e6\u00f0ist af \u00fev\u00ed a\u00f0 hlaupa me\u00f0 f\u00f3tgangandi m\u00f6nnum, hvernig \u00e6tlar \u00fe\u00fa \u00fe\u00e1 a\u00f0 \u00fereyta kapphlaup vi\u00f0 hesta? Og ef \u00fe\u00fa ert a\u00f0eins \u00f6ruggur \u00ed fri\u00f0u\u00f0u landi, hvernig \u00e6tlar \u00fe\u00fa \u00fe\u00e1 a\u00f0 fara a\u00f0 \u00ed kjarrinu \u00e1 J\u00f3rdanb\u00f6kkum?<a name=\"6\"><span class=\"versanumer\">6<\/span><\/a>Jafnvel br\u00e6\u00f0ur \u00fe\u00ednir og skylduli\u00f0 f\u00f6\u00f0ur \u00fe\u00edns einnig \u00feeir eru \u00fe\u00e9r \u00f3tr\u00fair, einnig \u00feeir hafa kalla\u00f0 fullum r\u00f3mi \u00e1 eftir \u00fe\u00e9r. Treystu \u00feeim ekki, \u00fe\u00f3tt \u00feeir tali vinsamlega til \u00fe\u00edn.<a name=\"7\"><span class=\"versanumer\">7<\/span><\/a>Yfirgefi\u00f0 hefi \u00e9g h\u00fas mitt, hafna\u00f0 eign minni. \u00c9g hefi gefi\u00f0 \u00fea\u00f0, sem s\u00e1l minni var k\u00e6rast, \u00f3vinum hennar \u00e1 vald.<a name=\"8\"><span class=\"versanumer\">8<\/span><\/a>Eign m\u00edn var\u00f0 m\u00e9r eins og lj\u00f3n \u00ed sk\u00f3gi, h\u00fan \u00f6skra\u00f0i \u00ed m\u00f3ti m\u00e9r, fyrir \u00fev\u00ed hata \u00e9g hana.<a name=\"9\"><span class=\"versanumer\">9<\/span><\/a>Er eign m\u00edn or\u00f0in m\u00e9r eins og marglitur r\u00e1nfugl? R\u00e1nfuglar s\u00e6kja a\u00f0 henni \u00f6llumegin. Komi\u00f0, safni\u00f0 saman \u00f6llum d\u00fdrum merkurinnar, komi\u00f0 me\u00f0 \u00feau til a\u00f0 eta.<a name=\"10\"><span class=\"versanumer\">10<\/span><\/a>Margir hir\u00f0ar hafa eytt v\u00edngar\u00f0 minn, f\u00f3tum tro\u00f0i\u00f0 \u00f3\u00f0al mitt, hafa gj\u00f6rt hi\u00f0 una\u00f0slega \u00f3\u00f0al mitt a\u00f0 ey\u00f0ilegri hei\u00f0i.<a name=\"11\"><span class=\"versanumer\">11<\/span><\/a>Menn hafa gj\u00f6rt \u00fea\u00f0 a\u00f0 au\u00f0n, \u00ed ey\u00f0i dr\u00fapir \u00fea\u00f0 fyrir m\u00e9r, allt landi\u00f0 er \u00ed ey\u00f0i lagt, af \u00fev\u00ed a\u00f0 enginn leggur \u00fea\u00f0 \u00e1 hjarta.<a name=\"12\"><span class=\"versanumer\">12<\/span><\/a>Ey\u00f0andi r\u00e6ningjar hafa steypt s\u00e9r yfir allar sk\u00f3glausar h\u00e6\u00f0ir \u00ed ey\u00f0im\u00f6rkinni. Sver\u00f0 Drottins ey\u00f0ir landi\u00f0 af enda og \u00e1, enginn er \u00f3hultur.<a name=\"13\"><span class=\"versanumer\">13<\/span><\/a>\u00deeir s\u00e1\u00f0u hveiti, en uppsk\u00e1ru \u00feyrna, \u00feeir \u00fereyttu sig, en var\u00f0 ekki gagn a\u00f0. Ver\u00f0i\u00f0 \u00fev\u00ed til skammar fyrir afrakstur y\u00f0ar vegna hinnar brennandi rei\u00f0i Drottins.<a name=\"14\"><span class=\"versanumer\">14<\/span><\/a>Svo segir Drottinn: Allir hinir vondu n\u00e1grannar m\u00ednir, \u00feeir er \u00e1reitt hafa eignina, er \u00e9g gaf l\u00fd\u00f0 m\u00ednum \u00cdsrael, sj\u00e1, \u00e9g sl\u00edt \u00fe\u00e1 upp \u00far landi \u00feeirra, og J\u00fada h\u00fas vil \u00e9g upp sl\u00edta, svo a\u00f0 \u00fea\u00f0 s\u00e9 eigi me\u00f0al \u00feeirra.<a name=\"15\"><span class=\"versanumer\">15<\/span><\/a>En eftir a\u00f0 \u00e9g hefi sliti\u00f0 \u00fe\u00e1 upp, mun \u00e9g aftur miskunna mig yfir \u00fe\u00e1 og flytja \u00fe\u00e1 heim aftur, hvern til s\u00edns \u00f3\u00f0als og hvern til s\u00edns lands.<a name=\"16\"><span class=\"versanumer\">16<\/span><\/a>Og ef \u00feeir \u00fe\u00e1 l\u00e6ra si\u00f0u \u00fej\u00f3\u00f0ar minnar og sverja vi\u00f0 mitt nafn: Svo sannarlega sem Drottinn lifir! eins og \u00feeir hafa kennt \u00fej\u00f3\u00f0 minni a\u00f0 sverja vi\u00f0 Baal, \u00fe\u00e1 skulu \u00feeir \u00fer\u00edfast me\u00f0al \u00fej\u00f3\u00f0ar minnar.<a name=\"17\"><span class=\"versanumer\">17<\/span><\/a>En ef einhver \u00fej\u00f3\u00f0 vill ekki heyra, \u00fe\u00e1 sl\u00edt \u00e9g \u00fe\u00e1 \u00fej\u00f3\u00f0 upp og tort\u00edmi henni segir Drottinn.<\/p>\n<div class=\"footnote1981\"><b>12.1<\/b> Harmt\u00f6lur Jer 11.18+ &#8211; r\u00e9ttl\u00e1tur Slm 119.137; Hlj 1.18 \u2013 hvers vegna? Hab 1.13+ &#8211; velgengni svikara Slm 73.3-12; Job 12.6<br \/>\n<b>12.2<\/b> Hr\u00e6snarar Jer 9.7; Slm 62.5; M\u00edk 7.6<br \/>\n<b>12.3<\/b> \u00de\u00fa \u00feekkir mig Jer 11.20; Slm 139.1+ &#8211; Gu\u00f0 hegnir Jer 10.25<br \/>\n<b>12.4<\/b> Landi\u00f0 syrgir Jer 23.10; H\u00f3s 4.3; Jl 1.10; sbr Jer 14.2 \u2013 skepnur farast Jer 4.25+ &#8211; vegna illsku \u00feeirra Jer 5.25; 6.19<br \/>\n<b>12.6<\/b> Treystu ekki Jer 9.4+<br \/>\n<b>12.7<\/b> Erfa\u00f0ahlutur Gu\u00f0s Jer 10.16+ &#8211; h\u00fas mitt H\u00f3s 8.1<br \/>\n<b>12.9<\/b> Hr\u00e6g\u00f6mmum a\u00f0 br\u00e1\u00f0 Jer 7.33; Jes 56.9; sbr Jer 16.4; 19.7<br \/>\n<b>12.10<\/b> V\u00edngar\u00f0ur minn Jes 5.1+ &#8211; ey\u00f0ing jar\u00f0lendis Jer 6.3; Slm 80.14<br \/>\n<b>12.11<\/b> Enginn skiptir s\u00e9r af Jes 42.25; 57.1<br \/>\n<b>12.13<\/b> Uppsk\u00e1ru \u00feyrna H\u00f3s 8.7 \u2013 brennandi rei\u00f0i Jer 4.8+<br \/>\n<b>12.14<\/b> Vondir n\u00e1grannar Jer 10.25 \u2013 r\u00edfa upp Jer 1.10+<br \/>\n<b>12.15<\/b> Aftur s\u00fdna miskunn Jer 3.17; 16.19-21; 23.23; 46.26; 48.47; 49.6,39; sbr 1Kon 8.41; Jes 19.19-25; Am 9.7; sbr Jer 29.14+ &#8211; flytja heim Esk 29.14<br \/>\n<b>12.16<\/b> Sverja Jer 4.2+<\/div>\n","protected":false},"excerpt":{"rendered":"<p>1\u00de\u00fa, Drottinn, ert r\u00e9ttl\u00e1tari en svo, a\u00f0 \u00e9g megi \u00fer\u00e1tta vi\u00f0 \u00feig! \u00de\u00f3 ver\u00f0 \u00e9g a\u00f0 deila \u00e1 \u00feig: Hv\u00ed l\u00e1nast ath\u00e6fi hinna \u00f3gu\u00f0legu, hv\u00ed eru allir \u00feeir \u00f3hultir, er sviksamlega breyta?2\u00de\u00fa gr\u00f3\u00f0ursetur \u00fe\u00e1, og \u00feeir festa r\u00e6tur, dafna og bera \u00e1v\u00f6xt. \u00deeir hafa \u00feig \u00e1vallt \u00e1 v\u00f6runum, en hjarta \u00feeirra er langt fr\u00e1 \u00fe\u00e9r.3En \u00fe\u00fa, Drottinn, \u00feekkir mig, s\u00e9r mig, og \u00fe\u00fa hefir reynt hugar\u00feel mitt til \u00fe\u00edn. Skil \u00fe\u00e1 \u00far, eins og sau\u00f0i til sl\u00e1trunar, og helga\u00f0u \u00fe\u00e1 dr\u00e1psdeginum.4Hversu lengi \u00e1 landi\u00f0 a\u00f0 syrgja og jurtir vallarins alls sta\u00f0ar a\u00f0 skr\u00e6lna? Sakir illsku \u00feeirra, er \u00ed \u00fev\u00ed b\u00faa, <a href=\"https:\/\/biblian.is\/1981\/jeremia-12-kafli\/\"> [&#8230;]<\/a><\/p>\n","protected":false},"author":1,"featured_media":0,"parent":0,"menu_order":0,"comment_status":"open","ping_status":"open","template":"bibliukaflar.php","meta":{"footnotes":""},"class_list":["post-2104","page","type-page","status-publish","hentry"],"_links":{"self":[{"href":"https:\/\/biblian.is\/1981\/wp-json\/wp\/v2\/pages\/2104","targetHints":{"allow":["GET"]}}],"collection":[{"href":"https:\/\/biblian.is\/1981\/wp-json\/wp\/v2\/pages"}],"about":[{"href":"https:\/\/biblian.is\/1981\/wp-json\/wp\/v2\/types\/page"}],"author":[{"embeddable":true,"href":"https:\/\/biblian.is\/1981\/wp-json\/wp\/v2\/users\/1"}],"replies":[{"embeddable":true,"href":"https:\/\/biblian.is\/1981\/wp-json\/wp\/v2\/comments?post=2104"}],"version-history":[{"count":0,"href":"https:\/\/biblian.is\/1981\/wp-json\/wp\/v2\/pages\/2104\/revisions"}],"wp:attachment":[{"href":"https:\/\/biblian.is\/1981\/wp-json\/wp\/v2\/media?parent=2104"}],"curies":[{"name":"wp","href":"https:\/\/api.w.org\/{rel}","templated":true}]}}