{"id":2103,"date":"2017-11-18T20:20:08","date_gmt":"2017-11-18T20:20:08","guid":{"rendered":"http:\/\/biblian.is\/1981\/jeremia-11-kafli\/"},"modified":"2017-11-18T20:20:08","modified_gmt":"2017-11-18T20:20:08","slug":"jeremia-11-kafli","status":"publish","type":"page","link":"https:\/\/biblian.is\/1981\/jeremia-11-kafli\/","title":{"rendered":"Jerem\u00eda 11. kafli"},"content":{"rendered":"<p><a name=\"1\"><span class=\"versanumer\">1<\/span><\/a>Or\u00f0i\u00f0 sem kom til Jerem\u00eda fr\u00e1 Drottni:<a name=\"2\"><span class=\"versanumer\">2<\/span><\/a>Heyri\u00f0 or\u00f0 \u00feessa s\u00e1ttm\u00e1la. Tala \u00fe\u00fa til J\u00fadamanna og Jer\u00fasalemb\u00faa<a name=\"3\"><span class=\"versanumer\">3<\/span><\/a>og seg vi\u00f0 \u00fe\u00e1: Svo segir Drottinn, \u00cdsraels Gu\u00f0: B\u00f6lva\u00f0ur s\u00e9 s\u00e1 ma\u00f0ur, sem ekki hl\u00fd\u00f0ir \u00e1 or\u00f0 \u00feessa s\u00e1ttm\u00e1la,<a name=\"4\"><span class=\"versanumer\">4<\/span><\/a>er \u00e9g bau\u00f0 fe\u00f0rum y\u00f0ar a\u00f0 halda, \u00fe\u00e1 er \u00e9g leiddi \u00fe\u00e1 burt af Egyptalandi, \u00fat \u00far j\u00e1rnbr\u00e6\u00f0sluofninum og sag\u00f0i: Hl\u00fd\u00f0i\u00f0 skipunum m\u00ednum og breyti\u00f0 eftir \u00feeim, me\u00f0 \u00f6llu svo sem \u00e9g b\u00fd\u00f0 y\u00f0ur. \u00de\u00e1 skulu\u00f0 \u00fe\u00e9r vera m\u00edn \u00fej\u00f3\u00f0 og \u00e9g skal vera y\u00f0ar Gu\u00f0,<a name=\"5\"><span class=\"versanumer\">5<\/span><\/a>til \u00feess a\u00f0 \u00e9g f\u00e1i haldi\u00f0 \u00feann ei\u00f0, er \u00e9g s\u00f3r fe\u00f0rum y\u00f0ar, a\u00f0 gefa \u00feeim land, sem fl\u00fdtur \u00ed mj\u00f3lk og hunangi, landi\u00f0, sem \u00fe\u00e9r eigi\u00f0 enn \u00ed dag. Og \u00e9g svara\u00f0i og sag\u00f0i: Veri \u00fea\u00f0 svo, Drottinn!<a name=\"6\"><span class=\"versanumer\">6<\/span><\/a>\u00de\u00e1 sag\u00f0i Drottinn vi\u00f0 mig: Bo\u00f0a \u00fe\u00fa \u00f6ll \u00feessi or\u00f0 \u00ed J\u00fadaborgum og \u00e1 Jer\u00fasalemstr\u00e6tum og seg: Hl\u00fd\u00f0i\u00f0 \u00e1 or\u00f0 \u00feessa s\u00e1ttm\u00e1la og breyti\u00f0 eftir \u00feeim.<a name=\"7\"><span class=\"versanumer\">7<\/span><\/a>\u00dev\u00ed a\u00f0 alvarlega hefi \u00e9g vara\u00f0 fe\u00f0ur y\u00f0ar vi\u00f0, \u00feegar \u00e9g leiddi \u00fe\u00e1 \u00fat af Egyptalandi og allt fram \u00e1 \u00feennan dag, i\u00f0ulega og alvarlega, og sagt: Hl\u00fd\u00f0i\u00f0 skipun minni!<a name=\"8\"><span class=\"versanumer\">8<\/span><\/a>En \u00feeir hl\u00fdddu ekki og l\u00f6g\u00f0u ekki vi\u00f0 eyrun, heldur f\u00f3ru hver og einn eftir \u00fever\u00fa\u00f0 s\u00edns vonda hjarta, og fyrir \u00fev\u00ed l\u00e9t \u00e9g fram \u00e1 \u00feeim koma \u00f6ll or\u00f0 \u00feessa s\u00e1ttm\u00e1la, er \u00e9g haf\u00f0i bo\u00f0i\u00f0 \u00feeim a\u00f0 halda, en \u00feeir h\u00e9ldu ekki.<a name=\"9\"><span class=\"versanumer\">9<\/span><\/a>\u00de\u00e1 sag\u00f0i Drottinn vi\u00f0 mig: \u00dea\u00f0 er sams\u00e6ri milli J\u00fadamanna og Jer\u00fasalemb\u00faa.<a name=\"10\"><span class=\"versanumer\">10<\/span><\/a>\u00deeir eru horfnir aftur til misgj\u00f6r\u00f0a forfe\u00f0ra sinna, sem eigi vildu hl\u00fd\u00f0a or\u00f0um m\u00ednum, og \u00feeir elta a\u00f0ra gu\u00f0i, til \u00feess a\u00f0 \u00fej\u00f3na \u00feeim. \u00cdsraels h\u00fas og J\u00fada h\u00fas hafa rofi\u00f0 minn s\u00e1ttm\u00e1la, \u00feann er \u00e9g gj\u00f6r\u00f0i vi\u00f0 fe\u00f0ur \u00feeirra.<a name=\"11\"><span class=\"versanumer\">11<\/span><\/a>Fyrir \u00fev\u00ed segir Drottinn svo: Sj\u00e1, \u00e9g lei\u00f0i yfir \u00fe\u00e1 \u00f3g\u00e6fu, er \u00feeir ekki skulu f\u00e1 undan komist, og er \u00feeir \u00fe\u00e1 hr\u00f3pa til m\u00edn, mun \u00e9g ekki heyra \u00fe\u00e1.<a name=\"12\"><span class=\"versanumer\">12<\/span><\/a>En fari J\u00fadaborgir og Jer\u00fasalemb\u00faar og hr\u00f3pi til \u00feeirra gu\u00f0a, er \u00feeir f\u00e6ra reykelsisf\u00f3rnir, \u00fe\u00e1 munu \u00feeir vissulega heldur ekki hj\u00e1lpa \u00feeim \u00e1 \u00f3g\u00e6fut\u00edma \u00feeirra.<a name=\"13\"><span class=\"versanumer\">13<\/span><\/a>\u00dev\u00ed a\u00f0 gu\u00f0ir \u00fe\u00ednir, J\u00fada, eru or\u00f0nir eins margir og borgir \u00fe\u00ednar, og \u00fe\u00e9r hafi\u00f0 reist eins m\u00f6rg \u00f6lturu, til \u00feess a\u00f0 f\u00f3rna Baal \u00e1 reykelsisf\u00f3rnum, eins og str\u00e6ti eru \u00ed Jer\u00fasalem.<a name=\"14\"><span class=\"versanumer\">14<\/span><\/a>En \u00fe\u00fa skalt ekki bi\u00f0ja fyrir \u00feessum l\u00fd\u00f0 og ekki hefja \u00feeirra vegna gr\u00e1tbei\u00f0ni n\u00e9 fyrirb\u00f3n, \u00fev\u00ed a\u00f0 \u00e9g mun alls eigi heyra, \u00feegar \u00feeir kalla til m\u00edn \u00e1 \u00f3g\u00e6fut\u00edma \u00feeirra.<a name=\"15\"><span class=\"versanumer\">15<\/span><\/a>Hvert erindi \u00e1 m\u00edn \u00e1stk\u00e6ra \u00ed h\u00fas mitt? Atferli hennar er lymskufullt. Munu b\u00e6nahr\u00f3p og heilagt f\u00f3rnarkj\u00f6t nema illsku \u00fe\u00edna burt fr\u00e1 \u00fe\u00e9r, svo a\u00f0 \u00fe\u00fa s\u00ed\u00f0an megir fagna?<a name=\"16\"><span class=\"versanumer\">16<\/span><\/a>Fagurgr\u00e6nt ol\u00edutr\u00e9, pr\u00fdtt d\u00fdrlegum \u00e1v\u00f6xtum, nefndi Drottinn \u00feig eitt sinn, en \u00ed hv\u00ednandi ofvi\u00f0ri kveikir hann eld kringum \u00fea\u00f0, og greinar \u00feess brotna.<a name=\"17\"><span class=\"versanumer\">17<\/span><\/a>Drottinn allsherjar, sem gr\u00f3\u00f0ursetti \u00feig, hefir h\u00f3ta\u00f0 \u00fe\u00e9r illu vegna illsku \u00cdsraels h\u00fass og J\u00fada h\u00fass, er \u00feeir fr\u00f6mdu til \u00feess a\u00f0 egna mig til rei\u00f0i, \u00fe\u00e1 er \u00feeir f\u00e6r\u00f0u Baal reykelsisf\u00f3rnir.<a name=\"18\"><span class=\"versanumer\">18<\/span><\/a>Drottinn gj\u00f6r\u00f0i m\u00e9r \u00fea\u00f0 kunnugt og \u00e9g f\u00e9kk a\u00f0 vita og sj\u00e1 gj\u00f6r\u00f0ir \u00feeirra.<a name=\"19\"><span class=\"versanumer\">19<\/span><\/a>\u00c9g var sj\u00e1lfur eins og vani\u00f0 lamb, sem leitt er til sl\u00e1trunar, og vissi ekki, a\u00f0 \u00feeir voru a\u00f0 brugga r\u00e1\u00f0 gegn m\u00e9r: V\u00e9r skulum ey\u00f0a tr\u00e9\u00f0 \u00ed bl\u00f3ma \u00feess og uppr\u00e6ta hann af landi lifenda, svo a\u00f0 nafns hans ver\u00f0i ekki minnst framar!<a name=\"20\"><span class=\"versanumer\">20<\/span><\/a>En, Drottinn allsherjar, \u00fe\u00fa er r\u00e9ttl\u00e1tlega d\u00e6mir og rannsakar n\u00fdrun og hjarta\u00f0, l\u00e1t mig sj\u00e1 hefnd \u00fe\u00edna \u00e1 \u00feeim, \u00fev\u00ed a\u00f0 \u00fe\u00e9r fel \u00e9g m\u00e1lefni mitt!<a name=\"21\"><span class=\"versanumer\">21<\/span><\/a>Fyrir \u00fev\u00ed segir Drottinn svo um Anat\u00f3tmenn, \u00fe\u00e1 er sitja um l\u00edf \u00feitt og segja: \u00de\u00fa skalt ekki sp\u00e1 \u00ed nafni Drottins, ella skalt \u00fe\u00fa deyja fyrir hendi vorri.<a name=\"22\"><span class=\"versanumer\">22<\/span><\/a>Fyrir \u00fev\u00ed m\u00e6lir Drottinn allsherjar svo: Sj\u00e1, \u00e9g mun refsa \u00feeim. \u00c6skumennirnir skulu falla fyrir sver\u00f0i, synir \u00feeirra og d\u00e6tur skulu deyja af hungri.<a name=\"23\"><span class=\"versanumer\">23<\/span><\/a>Og leifar munu \u00feeim engar eftir ver\u00f0a, \u00fev\u00ed a\u00f0 \u00e9g lei\u00f0i \u00f3hamingju yfir Anat\u00f3tmenn, \u00e1ri\u00f0 sem \u00feeim ver\u00f0ur refsa\u00f0.<\/p>\n<div class=\"footnote1981\"><b>11.2<\/b> S\u00e1ttm\u00e1li 2M\u00f3s 19.5; 2Kon 23.3<br \/>\n<b>11.3<\/b> B\u00f6lva\u00f0ur 5M\u00f3s 27.26; Gal 3.10<br \/>\n<b>11.4<\/b> \u00dat \u00far Egyptalandi Jer 7.22+ &#8211; j\u00e1rnbr\u00e6\u00f0sluofninum 5M\u00f3s 4.20 \u2013 hl\u00fd\u00f0i\u00f0 Jer 7.23; J\u00f3h 10.27 \u2013 m\u00edn \u00fej\u00f3\u00f0, y\u00f0ar Gu\u00f0 Jer 7.23+ ; sbr 5M\u00f3s 4.20; 7.6<br \/>\n<b>11.5<\/b> Ei\u00f0ur 5M\u00f3s 26.17; Slm 105.8-11 \u2013 fl\u00fdtur \u00ed mj\u00f3lk og hunangi Jer 32.22; 2M\u00f3s 3.8; 13.5; 33.3; 3M\u00f3s 20.24; 4M\u00f3s 13.27; 14.8; 16.13; 5M\u00f3s 6.3; 8.8; J\u00f3s 5.6; Esk 20.6,15<br \/>\n<b>11.7<\/b> Br\u00fdna fyrir Jer 7.23-26<br \/>\n<b>11.8<\/b> Hl\u00fdddu ekki Jer 7.26+<br \/>\n<b>11.10<\/b> Elta framandi gu\u00f0i Jer 7.9+ &#8211; rofi\u00f0 s\u00e1ttm\u00e1lann Jer 31.32<br \/>\n<b>11.11<\/b> \u00d3g\u00e6fa Jer 19.3; 1Kon 14.10<br \/>\n<b>11.12<\/b> F\u00f3rna falsgu\u00f0um Jer 1.16+<br \/>\n<b>11.13<\/b> Jafnmargir og &#8230; Jer 2.28<br \/>\n<b>11.14<\/b> Ekki bi\u00f0ja Jer 7.16+ &#8211; Gu\u00f0 er rei\u00f0ur Jer 25.7<br \/>\n<b>11.18-23<\/b> Harmt\u00f6lur Jerem\u00eda Jer 12.16; 15.10,15-21; 17.14-18; 18.18-23; 20.7-18<br \/>\n<b>11.18<\/b> Drottinn sk\u00fdr\u00f0i fr\u00e1 1Kon 14.5<br \/>\n<b>11.19<\/b> Eins og lamb Jes 53.7 \u2013 nafn hans ekki framar minnst Slm 109.13<br \/>\n<b>11.20<\/b> Drottinn rannsakar Jer 17.10; 20:12; Slm 7.10+ ; 1Kro 28.9; Opb 2.23; sbr 1Sam 16.7; 1Kon 8.39; Slm 139.23; R\u00f3m 8.27; 1\u00deess 2.4 \u2013 s\u00fdndu m\u00e9r hefnd \u00fe\u00edna Jer 9.8; 5M\u00f3s 32.35; R\u00f3m 12.19 \u2013 fel \u00fe\u00e9r m\u00e1lefni mitt Jer 20.12; Slm 31.6; 37.5; 55.23; 1P\u00e9t 2.23; 4.19<br \/>\n<b>11.21<\/b> Ekki starfa sem sp\u00e1ma\u00f0ur Jes 30.10; Am 2.12; 7.13<br \/>\n<b>11.22<\/b> Draga til \u00e1byrg\u00f0ar Jer 5.9+<br \/>\n<b>11.23<\/b> Enginn ver\u00f0ur eftir Jer 9.9; 36.29; 42.17; 44.14 \u2013 draga til \u00e1byrg\u00f0ar Jer 8.12+<\/div>\n","protected":false},"excerpt":{"rendered":"<p>1Or\u00f0i\u00f0 sem kom til Jerem\u00eda fr\u00e1 Drottni:2Heyri\u00f0 or\u00f0 \u00feessa s\u00e1ttm\u00e1la. Tala \u00fe\u00fa til J\u00fadamanna og Jer\u00fasalemb\u00faa3og seg vi\u00f0 \u00fe\u00e1: Svo segir Drottinn, \u00cdsraels Gu\u00f0: B\u00f6lva\u00f0ur s\u00e9 s\u00e1 ma\u00f0ur, sem ekki hl\u00fd\u00f0ir \u00e1 or\u00f0 \u00feessa s\u00e1ttm\u00e1la,4er \u00e9g bau\u00f0 fe\u00f0rum y\u00f0ar a\u00f0 halda, \u00fe\u00e1 er \u00e9g leiddi \u00fe\u00e1 burt af Egyptalandi, \u00fat \u00far j\u00e1rnbr\u00e6\u00f0sluofninum og sag\u00f0i: Hl\u00fd\u00f0i\u00f0 skipunum m\u00ednum og breyti\u00f0 eftir \u00feeim, me\u00f0 \u00f6llu svo sem \u00e9g b\u00fd\u00f0 y\u00f0ur. \u00de\u00e1 skulu\u00f0 \u00fe\u00e9r vera m\u00edn \u00fej\u00f3\u00f0 og \u00e9g skal vera y\u00f0ar Gu\u00f0,5til \u00feess a\u00f0 \u00e9g f\u00e1i haldi\u00f0 \u00feann ei\u00f0, er \u00e9g s\u00f3r fe\u00f0rum y\u00f0ar, a\u00f0 gefa \u00feeim land, sem fl\u00fdtur \u00ed mj\u00f3lk <a href=\"https:\/\/biblian.is\/1981\/jeremia-11-kafli\/\"> [&#8230;]<\/a><\/p>\n","protected":false},"author":1,"featured_media":0,"parent":0,"menu_order":0,"comment_status":"open","ping_status":"open","template":"bibliukaflar.php","meta":{"footnotes":""},"class_list":["post-2103","page","type-page","status-publish","hentry"],"_links":{"self":[{"href":"https:\/\/biblian.is\/1981\/wp-json\/wp\/v2\/pages\/2103","targetHints":{"allow":["GET"]}}],"collection":[{"href":"https:\/\/biblian.is\/1981\/wp-json\/wp\/v2\/pages"}],"about":[{"href":"https:\/\/biblian.is\/1981\/wp-json\/wp\/v2\/types\/page"}],"author":[{"embeddable":true,"href":"https:\/\/biblian.is\/1981\/wp-json\/wp\/v2\/users\/1"}],"replies":[{"embeddable":true,"href":"https:\/\/biblian.is\/1981\/wp-json\/wp\/v2\/comments?post=2103"}],"version-history":[{"count":0,"href":"https:\/\/biblian.is\/1981\/wp-json\/wp\/v2\/pages\/2103\/revisions"}],"wp:attachment":[{"href":"https:\/\/biblian.is\/1981\/wp-json\/wp\/v2\/media?parent=2103"}],"curies":[{"name":"wp","href":"https:\/\/api.w.org\/{rel}","templated":true}]}}