{"id":2102,"date":"2017-11-18T20:20:08","date_gmt":"2017-11-18T20:20:08","guid":{"rendered":"http:\/\/biblian.is\/1981\/jeremia-10-kafli\/"},"modified":"2017-11-18T20:20:08","modified_gmt":"2017-11-18T20:20:08","slug":"jeremia-10-kafli","status":"publish","type":"page","link":"https:\/\/biblian.is\/1981\/jeremia-10-kafli\/","title":{"rendered":"Jerem\u00eda 10. kafli"},"content":{"rendered":"<p><a name=\"1\"><span class=\"versanumer\">1<\/span><\/a>Heyri\u00f0 or\u00f0i\u00f0, sem Drottinn talar til y\u00f0ar, \u00cdsraels h\u00fas!<a name=\"2\"><span class=\"versanumer\">2<\/span><\/a>Svo segir Drottinn: Venji\u00f0 y\u00f0ur ekki \u00e1 si\u00f0 hei\u00f0ingjanna og hr\u00e6\u00f0ist ekki himint\u00e1knin, \u00fe\u00f3tt hei\u00f0ingjarnir hr\u00e6\u00f0ist \u00feau.<a name=\"3\"><span class=\"versanumer\">3<\/span><\/a>Si\u00f0ir \u00fej\u00f3\u00f0anna eru h\u00e9g\u00f3mi. Menn h\u00f6ggva tr\u00e9 \u00ed sk\u00f3gi, og tr\u00e9smi\u00f0urinn lagar \u00fea\u00f0 til me\u00f0 \u00f6xinni,<a name=\"4\"><span class=\"versanumer\">4<\/span><\/a>hann pr\u00fd\u00f0ir \u00fea\u00f0 silfri og gulli, hann festir \u00fea\u00f0 me\u00f0 n\u00f6glum og h\u00f6mrum, svo a\u00f0 \u00fea\u00f0 ri\u00f0i ekki.<a name=\"5\"><span class=\"versanumer\">5<\/span><\/a>Skur\u00f0go\u00f0in eru eins og hr\u00e6\u00f0a \u00ed mel\u00f3nugar\u00f0i og geta ekki tala\u00f0, bera ver\u00f0ur \u00feau, \u00fev\u00ed a\u00f0 gengi\u00f0 geta \u00feau ekki. \u00d3ttist \u00feau \u00fev\u00ed ekki, \u00fev\u00ed a\u00f0 \u00feau geta ekki gj\u00f6rt mein, en \u00feau eru ekki heldur \u00feess umkomin a\u00f0 gj\u00f6ra gott.<a name=\"6\"><span class=\"versanumer\">6<\/span><\/a>Enginn er \u00feinn l\u00edki, Drottinn! Mikill ert \u00fe\u00fa og miki\u00f0 er nafn \u00feitt sakir m\u00e1ttar \u00fe\u00edns.<a name=\"7\"><span class=\"versanumer\">7<\/span><\/a>Hver skyldi eigi \u00f3ttast \u00feig, konungur \u00fej\u00f3\u00f0anna? J\u00e1, \u00fe\u00fa ert \u00feess maklegur, \u00fev\u00ed a\u00f0 me\u00f0al allra spekinga \u00fej\u00f3\u00f0anna og \u00ed \u00f6llu r\u00edki \u00feeirra er enginn \u00feinn l\u00edki.<a name=\"8\"><span class=\"versanumer\">8<\/span><\/a>Allir saman eru \u00feeir \u00f3skynsamir og f\u00e1v\u00edsir, \u00feeir \u00feiggja fr\u00e6\u00f0slu hinna f\u00e1n\u00fdtu gu\u00f0a, sem eru \u00far tr\u00e9.<a name=\"9\"><span class=\"versanumer\">9<\/span><\/a>Silfurpl\u00f6tur eru fluttar fr\u00e1 Tarsis, og gull fr\u00e1 \u00dafas, \u00feeir eru verk tr\u00e9smi\u00f0sins og gullsmi\u00f0sins. Kl\u00e6\u00f0na\u00f0ur \u00feeirra er gj\u00f6r\u00f0ur af bl\u00e1um og rau\u00f0um purpura, verk hagleiksmanna eru \u00feeir allir.<a name=\"10\"><span class=\"versanumer\">10<\/span><\/a>En Drottinn er sannur Gu\u00f0. Hann er lifandi Gu\u00f0 og eil\u00edfur konungur. Fyrir rei\u00f0i hans n\u00f6trar j\u00f6r\u00f0in, og \u00fej\u00f3\u00f0irnar f\u00e1 eigi \u00feola\u00f0 gremi hans.<a name=\"11\"><span class=\"versanumer\">11<\/span><\/a>\u00deannig skulu\u00f0 \u00fe\u00e9r m\u00e6la til \u00feeirra: \u00deeir gu\u00f0ir, sem ekki hafa skapa\u00f0 himin og j\u00f6r\u00f0, munu hverfa af j\u00f6r\u00f0inni og undan himninum.<a name=\"12\"><span class=\"versanumer\">12<\/span><\/a>Hann sem gj\u00f6rt hefir j\u00f6r\u00f0ina me\u00f0 krafti s\u00ednum, skapa\u00f0 heiminn af speki sinni og \u00feani\u00f0 \u00fat himininn af hyggjuviti s\u00ednu,<a name=\"13\"><span class=\"versanumer\">13<\/span><\/a>\u00feegar hann \u00ferumar, svarar vatnagn\u00fdr \u00ed himninum, og hann l\u00e6tur sk\u00fd upp st\u00edga fr\u00e1 endim\u00f6rkum jar\u00f0ar. Hann gj\u00f6rir leiftur til \u00feess a\u00f0 b\u00faa r\u00e1s regninu og hleypir vindinum \u00fat \u00far for\u00f0ab\u00farum hans.<a name=\"14\"><span class=\"versanumer\">14<\/span><\/a>S\u00e9rhver ma\u00f0ur stendur undrandi og skilur \u00feetta ekki, s\u00e9rhver gullsmi\u00f0ur hl\u00fdtur a\u00f0 skammast s\u00edn fyrir l\u00edkneski sitt, \u00fev\u00ed a\u00f0 hin steyptu l\u00edkneski hans eru t\u00e1l og \u00ed \u00feeim er enginn andi.<a name=\"15\"><span class=\"versanumer\">15<\/span><\/a>H\u00e9g\u00f3mi eru \u00feau, h\u00e1\u00f0ungar-sm\u00ed\u00f0i. \u00deegar hegningart\u00edmi \u00feeirra kemur er \u00fati um \u00feau.<a name=\"16\"><span class=\"versanumer\">16<\/span><\/a>En s\u00e1 Gu\u00f0, sem er hlutdeild Jakobs, er ekki \u00feeim l\u00edkur, heldur er hann skapari alls, og \u00cdsrael er hans eignarkynkv\u00edsl. Drottinn allsherjar er nafn hans.<a name=\"17\"><span class=\"versanumer\">17<\/span><\/a>Tak b\u00f6ggul \u00feinn upp af j\u00f6r\u00f0inni, \u00fe\u00fa sem situr umsetin.<a name=\"18\"><span class=\"versanumer\">18<\/span><\/a>\u00dev\u00ed a\u00f0 svo segir Drottinn: Sj\u00e1, \u00e9g mun burt snara \u00edb\u00faum landsins \u00ed \u00feetta sinn og \u00ferengja a\u00f0 \u00feeim til \u00feess a\u00f0 \u00feeir f\u00e1i a\u00f0 kenna \u00e1 \u00fev\u00ed.<a name=\"19\"><span class=\"versanumer\">19<\/span><\/a>Vei m\u00e9r vegna s\u00e1rs m\u00edns, \u00e1verki minn er \u00f3l\u00e6knandi. Og \u00fe\u00f3 hugsa\u00f0i \u00e9g: Ef \u00feetta er \u00f6ll \u00fej\u00e1ningin, \u00fe\u00e1 ber \u00e9g hana!<a name=\"20\"><span class=\"versanumer\">20<\/span><\/a>Tjald mitt er ey\u00f0ilagt, \u00f6ll tjaldst\u00f6g m\u00edn slitin, synir m\u00ednir eru fr\u00e1 m\u00e9r farnir og eru ekki framar til. Enginn er s\u00e1 til, er reisi aftur tjald mitt og festi aftur upp tjaldd\u00faka m\u00edna.<a name=\"21\"><span class=\"versanumer\">21<\/span><\/a>J\u00e1, \u00f3skynsamir voru hir\u00f0arnir og Drottins leitu\u00f0u \u00feeir ekki. Fyrir \u00fev\u00ed l\u00e1na\u00f0ist \u00feeim ekkert, og allri hj\u00f6r\u00f0 \u00feeirra var tv\u00edstra\u00f0.<a name=\"22\"><span class=\"versanumer\">22<\/span><\/a>Heyr! H\u00e1va\u00f0i! Sj\u00e1, \u00fea\u00f0 f\u00e6rist n\u00e6r, \u00f3gurlegt hark \u00far landinu nor\u00f0ur fr\u00e1 til \u00feess a\u00f0 gj\u00f6ra J\u00fadaborgir a\u00f0 au\u00f0n, a\u00f0 sjakalab\u00e6li.<a name=\"23\"><span class=\"versanumer\">23<\/span><\/a>\u00c9g veit, Drottinn, a\u00f0 \u00f6rl\u00f6g mannsins eru ekki \u00e1 hans valdi, n\u00e9 \u00fea\u00f0 heldur \u00e1 valdi gangandi manns a\u00f0 st\u00fdra skrefum s\u00ednum.<a name=\"24\"><span class=\"versanumer\">24<\/span><\/a>Refsa oss, Drottinn, en \u00fe\u00f3 \u00ed h\u00f3fi, ekki \u00ed rei\u00f0i \u00feinni, til \u00feess a\u00f0 \u00fe\u00fa gj\u00f6rir ekki \u00fat af vi\u00f0 oss.<a name=\"25\"><span class=\"versanumer\">25<\/span><\/a>\u00dathell heift \u00feinni yfir hei\u00f0nu \u00fej\u00f3\u00f0irnar, sem ekki \u00feekkja \u00feig, og yfir \u00fe\u00e6r kynkv\u00edslir, sem ekki \u00e1kalla nafn \u00feitt, \u00fev\u00ed a\u00f0 \u00fe\u00e6r hafa eti\u00f0 Jakob, j\u00e1, \u00fe\u00e6r hafa eti\u00f0 hann og svelgt hann upp, og beitiland hans hafa \u00fe\u00e6r eytt.<\/p>\n<div class=\"footnote1981\"><b>10.2<\/b> For\u00f0ist si\u00f0i hei\u00f0ingjanna R\u00f3m 12.2<br \/>\n<b>10.3<\/b> Skur\u00f0go\u00f0asm\u00ed\u00f0 Jes 40.19+<br \/>\n<b>10.5<\/b> Eins og fuglahr\u00e6\u00f0a BJer 69 \u2013 m\u00e1llaus Slm 115.4-7 \u2013 gagnslaus Hab 2.18<br \/>\n<b>10.6<\/b> Enginn er sem \u00fe\u00fa Jer 49.19; Jes 40.18+ ; Slm 86.8-10; sbr R\u00f3m 16.27<br \/>\n<b>10.7<\/b> \u00d3ttast Drottin Jer 5.22; Opb 15.4; sbr Slm 15.4+<br \/>\n<b>10.8<\/b> F\u00e1n\u00fdti annarra gu\u00f0a Sak 10.2; SSal 14.22-31 sbr Jer 8.19; 10.15; 14.22; 16.19; 51.18; 5M\u00f3s 32.21; 1Kon 16.13,26; J\u00f3n 2.9; Slm 31.7; Post 14.15; sbr Jer 2.5<br \/>\n<b>10.10<\/b> Lifandi Gu\u00f0 5M\u00f3s 5.26+ &#8211; eil\u00edfur konungur M\u00edk 4.7; Slm 93.2+ &#8211; j\u00f6r\u00f0in skelfur Slm 18.8+ &#8211; heift Gu\u00f0s Nah 1.6<br \/>\n<b>10.11<\/b> Falsgu\u00f0um \u00fatr\u00fdmt Nah 1.14<br \/>\n<b>10.12<\/b> Skapa\u00f0i j\u00f6r\u00f0ina Jer 51.15-19; Jes 44.24+ &#8211; me\u00f0 speki sinni Slm 104.24+<br \/>\n<b>10.15<\/b> T\u00edmi uppgj\u00f6rsins Jer 8.12+<br \/>\n<b>10.16<\/b> Ekki l\u00edkur \u00feeim Jer 51.19 \u2013 eign hans 5M\u00f3s 4.20; sbr Jer 12.7 \u2013 nafn hans Jer 46.18+ ; 2M\u00f3s 15.3; Am 4.13<br \/>\n<b>10.17<\/b> Brottf\u00f6r bo\u00f0u\u00f0 Jer 46.19; Esk 12.3<br \/>\n<b>10.19<\/b> \u00d3l\u00e6knandi s\u00e1r Jer 14.19; 15.18; 30.12,15; 46.11; 51.9; M\u00edk 1.9<br \/>\n<b>10.21<\/b> Hir\u00f0ar Jer 2.8; 23.1-4; 25.34 \u2013 heimskingjar Jer 5.5; sbr 3.15 \u2013 hj\u00f6r\u00f0 \u00feeirra tv\u00edstra\u00f0 Jer 23.1; 50.6; Jes 53.6+<br \/>\n<b>10.22<\/b> \u00cd nor\u00f0ri Jer 1.14+<br \/>\n<b>10.23<\/b> Gu\u00f0 st\u00fdrir Slm 31.16; Okv 16.1,9; 20.24; Dan 5.23; SSal 7.16<br \/>\n<b>10.24<\/b> Aga \u00ed h\u00f3fi Jer 30.11; Slm 6.2; 38.2; 99.8; 118.18; Job 33.19-30; SSal 11.20-12.22 \u2013 \u00ed h\u00f3fi 1M\u00f3s 33.13; Jes 42.2-3; Okv 25.16-17; 30.7-9; S\u00edr 18.30- 19.3; 31.27-28; Matt 5.5; 11.29-30; R\u00f3m 12.3; T\u00edt 3.2; 1P\u00e9t 3.1; 5.8; sbr Jer 22.14-15<br \/>\n<b>10.25<\/b> Rei\u00f0i yfir \u00fej\u00f3\u00f0irnar (\u00f3vini) Jer 12.14; Slm 79.6-7; Esk 25; Jl 4.12; Nah 1.2; S\u00edr 36.1-12 \u2013 gleypa Jer 8.16; 30.16; Slm 14.4<\/div>\n","protected":false},"excerpt":{"rendered":"<p>1Heyri\u00f0 or\u00f0i\u00f0, sem Drottinn talar til y\u00f0ar, \u00cdsraels h\u00fas!2Svo segir Drottinn: Venji\u00f0 y\u00f0ur ekki \u00e1 si\u00f0 hei\u00f0ingjanna og hr\u00e6\u00f0ist ekki himint\u00e1knin, \u00fe\u00f3tt hei\u00f0ingjarnir hr\u00e6\u00f0ist \u00feau.3Si\u00f0ir \u00fej\u00f3\u00f0anna eru h\u00e9g\u00f3mi. Menn h\u00f6ggva tr\u00e9 \u00ed sk\u00f3gi, og tr\u00e9smi\u00f0urinn lagar \u00fea\u00f0 til me\u00f0 \u00f6xinni,4hann pr\u00fd\u00f0ir \u00fea\u00f0 silfri og gulli, hann festir \u00fea\u00f0 me\u00f0 n\u00f6glum og h\u00f6mrum, svo a\u00f0 \u00fea\u00f0 ri\u00f0i ekki.5Skur\u00f0go\u00f0in eru eins og hr\u00e6\u00f0a \u00ed mel\u00f3nugar\u00f0i og geta ekki tala\u00f0, bera ver\u00f0ur \u00feau, \u00fev\u00ed a\u00f0 gengi\u00f0 geta \u00feau ekki. \u00d3ttist \u00feau \u00fev\u00ed ekki, \u00fev\u00ed a\u00f0 \u00feau geta ekki gj\u00f6rt mein, en \u00feau eru ekki heldur \u00feess umkomin a\u00f0 gj\u00f6ra gott.6Enginn er \u00feinn l\u00edki, <a href=\"https:\/\/biblian.is\/1981\/jeremia-10-kafli\/\"> [&#8230;]<\/a><\/p>\n","protected":false},"author":1,"featured_media":0,"parent":0,"menu_order":0,"comment_status":"open","ping_status":"open","template":"bibliukaflar.php","meta":{"footnotes":""},"class_list":["post-2102","page","type-page","status-publish","hentry"],"_links":{"self":[{"href":"https:\/\/biblian.is\/1981\/wp-json\/wp\/v2\/pages\/2102","targetHints":{"allow":["GET"]}}],"collection":[{"href":"https:\/\/biblian.is\/1981\/wp-json\/wp\/v2\/pages"}],"about":[{"href":"https:\/\/biblian.is\/1981\/wp-json\/wp\/v2\/types\/page"}],"author":[{"embeddable":true,"href":"https:\/\/biblian.is\/1981\/wp-json\/wp\/v2\/users\/1"}],"replies":[{"embeddable":true,"href":"https:\/\/biblian.is\/1981\/wp-json\/wp\/v2\/comments?post=2102"}],"version-history":[{"count":0,"href":"https:\/\/biblian.is\/1981\/wp-json\/wp\/v2\/pages\/2102\/revisions"}],"wp:attachment":[{"href":"https:\/\/biblian.is\/1981\/wp-json\/wp\/v2\/media?parent=2102"}],"curies":[{"name":"wp","href":"https:\/\/api.w.org\/{rel}","templated":true}]}}