{"id":2101,"date":"2017-11-18T20:20:08","date_gmt":"2017-11-18T20:20:08","guid":{"rendered":"http:\/\/biblian.is\/1981\/jeremia-9-kafli\/"},"modified":"2017-11-18T20:20:08","modified_gmt":"2017-11-18T20:20:08","slug":"jeremia-9-kafli","status":"publish","type":"page","link":"https:\/\/biblian.is\/1981\/jeremia-9-kafli\/","title":{"rendered":"Jerem\u00eda 9. kafli"},"content":{"rendered":"<p><a name=\"1\"><span class=\"versanumer\">1<\/span><\/a>\u00d3 a\u00f0 h\u00f6fu\u00f0 mitt v\u00e6ri vatn og augu m\u00edn t\u00e1ralind, \u00fe\u00e1 skyldi \u00e9g gr\u00e1ta daga og n\u00e6tur \u00fe\u00e1, er falli\u00f0 hafa af \u00fej\u00f3\u00f0 minni.<a name=\"2\"><span class=\"versanumer\">2<\/span><\/a>\u00d3 a\u00f0 \u00e9g hef\u00f0i s\u00e6luh\u00fas \u00ed ey\u00f0im\u00f6rkinni, \u00fe\u00e1 skyldi \u00e9g yfirgefa \u00fej\u00f3\u00f0 m\u00edna og fara burt fr\u00e1 \u00feeim, \u00fev\u00ed a\u00f0 allir eru \u00feeir h\u00f3rd\u00f3msmenn, flokkur svikara.<a name=\"3\"><span class=\"versanumer\">3<\/span><\/a>\u00deeir spenna tungu s\u00edna eins og boga sinn, me\u00f0 lygi, en eigi me\u00f0 sannleika, hafa \u00feeir n\u00e1\u00f0 v\u00f6ldum \u00ed landinu, \u00fev\u00ed a\u00f0 fr\u00e1 einni vonskunni ganga \u00feeir til annarrar, en mig \u00feekkja \u00feeir ekki segir Drottinn.<a name=\"4\"><span class=\"versanumer\">4<\/span><\/a>Vari\u00f0 y\u00f0ur hver \u00e1 \u00f6\u00f0rum og treysti\u00f0 engum br\u00f3\u00f0ur, \u00fev\u00ed a\u00f0 s\u00e9rhver br\u00f3\u00f0ir beitir undirferli og s\u00e9rhver vinur gengur me\u00f0 r\u00f3g.<a name=\"5\"><span class=\"versanumer\">5<\/span><\/a>\u00deeir blekkja hver annan og sannleika tala \u00feeir ekki. \u00deeir venja tungu s\u00edna \u00e1 a\u00f0 tala lygi, kosta kapps um a\u00f0 gj\u00f6ra rangt.<a name=\"6\"><span class=\"versanumer\">6<\/span><\/a>\u00de\u00fa b\u00fdr mitt \u00e1 me\u00f0al svikara. Vegna svika vilja \u00feeir ekki \u00feekkja mig segir Drottinn.<a name=\"7\"><span class=\"versanumer\">7<\/span><\/a>Fyrir \u00fev\u00ed segir Drottinn allsherjar svo: Sj\u00e1, \u00e9g vil hreinsa \u00fe\u00e1 og reyna \u00fe\u00e1, \u00fev\u00ed a\u00f0 hvernig \u00e6tti \u00e9g a\u00f0 fara \u00f6\u00f0ruv\u00edsi a\u00f0 andsp\u00e6nis illsku \u00fej\u00f3\u00f0ar minnar?<a name=\"8\"><span class=\"versanumer\">8<\/span><\/a>Tunga \u00feeirra er dey\u00f0andi \u00f6r, svik tala \u00feeir, me\u00f0 munninum tala \u00feeir vingjarnlega vi\u00f0 n\u00e1unga sinn, en \u00ed hjarta s\u00ednu sitja \u00feeir \u00e1 svikr\u00e1\u00f0um vi\u00f0 hann.<a name=\"9\"><span class=\"versanumer\">9<\/span><\/a>\u00c6tti \u00e9g ekki a\u00f0 hegna sl\u00edkum m\u00f6nnum segir Drottinn e\u00f0a hefna m\u00edn \u00e1 annarri eins \u00fej\u00f3\u00f0 og \u00feessari?<a name=\"10\"><span class=\"versanumer\">10<\/span><\/a>\u00c1 fj\u00f6llunum vil \u00e9g hefja gr\u00e1t og harmakvein, og sorgarlj\u00f3\u00f0 \u00e1 beitil\u00f6ndunum \u00ed \u00f6r\u00e6funum, \u00fev\u00ed a\u00f0 \u00feau eru svi\u00f0in, svo a\u00f0 enginn fer \u00fear um framar og menn heyra eigi framar baul hjar\u00f0anna. B\u00e6\u00f0i fuglar himinsins og villid\u00fdrin eru fl\u00fain, farin.<a name=\"11\"><span class=\"versanumer\">11<\/span><\/a>Og \u00e9g vil gj\u00f6ra Jer\u00fasalem a\u00f0 grj\u00f3thr\u00fagum, a\u00f0 sjakalab\u00e6li, og J\u00fadaborgir vil \u00e9g gj\u00f6ra a\u00f0 au\u00f0n, \u00fear sem enginn b\u00fdr.<a name=\"12\"><span class=\"versanumer\">12<\/span><\/a>Hver er svo vitur ma\u00f0ur, a\u00f0 hann skilji \u00feetta? Hver er s\u00e1, er munnur Drottins hafi tala\u00f0 vi\u00f0, a\u00f0 hann megi kunngj\u00f6ra hvers vegna landi\u00f0 er gj\u00f6reytt, svi\u00f0i\u00f0 eins og ey\u00f0im\u00f6rk, sem enginn fer um?<a name=\"13\"><span class=\"versanumer\">13<\/span><\/a>En Drottinn sag\u00f0i: Af \u00fev\u00ed a\u00f0 \u00feeir hafa yfirgefi\u00f0 l\u00f6gm\u00e1l mitt, sem \u00e9g setti \u00feeim, og ekki hl\u00fdtt minni raustu og ekki fari\u00f0 eftir henni,<a name=\"14\"><span class=\"versanumer\">14<\/span><\/a>heldur fari\u00f0 eftir \u00fever\u00fa\u00f0 hjarta s\u00edns og elt Baalana, er fe\u00f0ur \u00feeirra h\u00f6f\u00f0u kennt \u00feeim a\u00f0 d\u00fdrka,<a name=\"15\"><span class=\"versanumer\">15<\/span><\/a>\u00feess vegna svo segir Drottinn allsherjar, \u00cdsraels Gu\u00f0 vil \u00e9g gefa \u00feeim, \u00feessum l\u00fd\u00f0, malurt a\u00f0 eta og eiturvatn a\u00f0 drekka,<a name=\"16\"><span class=\"versanumer\">16<\/span><\/a>og tv\u00edstra \u00feeim me\u00f0al \u00fej\u00f3\u00f0a, sem hvorki \u00feeir n\u00e9 fe\u00f0ur \u00feeirra hafa \u00feekkt, og senda sver\u00f0i\u00f0 \u00e1 eftir \u00feeim, \u00fear til er \u00e9g hefi gj\u00f6reytt \u00feeim.<a name=\"17\"><span class=\"versanumer\">17<\/span><\/a>Taki\u00f0 eftir og kalli\u00f0 til harmkonur, a\u00f0 \u00fe\u00e6r komi, og sendi\u00f0 til hinna vitru kvenna, a\u00f0 \u00fe\u00e6r komi<a name=\"18\"><span class=\"versanumer\">18<\/span><\/a>og hra\u00f0i s\u00e9r a\u00f0 hefja harmakvein yfir oss, til \u00feess a\u00f0 augu vor flj\u00f3ti \u00ed t\u00e1rum og vatni\u00f0 streymi af hv\u00f6rmunum.<a name=\"19\"><span class=\"versanumer\">19<\/span><\/a>H\u00e1tt harmakvein heyrist fr\u00e1 S\u00edon: Hversu erum v\u00e9r ey\u00f0ilag\u00f0ir, mj\u00f6g til skammar or\u00f0nir, \u00fev\u00ed a\u00f0 v\u00e9r h\u00f6fum or\u00f0i\u00f0 a\u00f0 yfirgefa landi\u00f0, af \u00fev\u00ed a\u00f0 \u00feeir hafa broti\u00f0 ni\u00f0ur b\u00fasta\u00f0i vora.<a name=\"20\"><span class=\"versanumer\">20<\/span><\/a>J\u00e1, heyri\u00f0, \u00fe\u00e9r konur, or\u00f0 Drottins, og eyra y\u00f0ar nemi or\u00f0 hans munns. Kenni\u00f0 d\u00e6trum y\u00f0ar harmlj\u00f3\u00f0 og hver annarri sorgarkv\u00e6\u00f0i!<a name=\"21\"><span class=\"versanumer\">21<\/span><\/a>\u00dev\u00ed a\u00f0 dau\u00f0inn er stiginn upp \u00ed glugga vora, kominn inn \u00ed hallir vorar, hann hr\u00edfur b\u00f6rnin af g\u00f6tunum, unglingana af torgunum.<a name=\"22\"><span class=\"versanumer\">22<\/span><\/a>Og l\u00edkin af m\u00f6nnunum liggja eins og hl\u00f6ss \u00e1 velli og eins og kornbundin a\u00f0 baki kornskur\u00f0armanninum, sem enginn tekur saman.<a name=\"23\"><span class=\"versanumer\">23<\/span><\/a>Svo segir Drottinn: Hinn vitri hr\u00f3si s\u00e9r ekki af visku sinni og hinn sterki hr\u00f3si s\u00e9r ekki af styrkleika s\u00ednum og hinn au\u00f0ugi hr\u00f3si s\u00e9r ekki af au\u00f0i s\u00ednum.<a name=\"24\"><span class=\"versanumer\">24<\/span><\/a>Hver s\u00e1 er vill hr\u00f3sa s\u00e9r, hr\u00f3si s\u00e9r af \u00fev\u00ed, a\u00f0 hann s\u00e9 hygginn og \u00feekki mig, a\u00f0 \u00fea\u00f0 er \u00e9g, Drottinn, sem au\u00f0s\u00fdni miskunnsemi, r\u00e9tt og r\u00e9ttl\u00e6ti \u00e1 j\u00f6r\u00f0inni, \u00fev\u00ed a\u00f0 \u00e1 sl\u00edku hefi \u00e9g vel\u00fe\u00f3knun segir Drottinn.<a name=\"25\"><span class=\"versanumer\">25<\/span><\/a>Sj\u00e1, \u00feeir dagar munu koma segir Drottinn, a\u00f0 \u00e9g mun hegna \u00f6llum umskornum, sem \u00fe\u00f3 eru \u00f3umskornir:<a name=\"26\"><span class=\"versanumer\">26<\/span><\/a>Egyptalandi, J\u00fada, Ed\u00f3m, Amm\u00f3n\u00edtum, M\u00f3ab og \u00f6llum, sem skera h\u00e1r sitt vi\u00f0 vangann, \u00feeim er b\u00faa \u00ed ey\u00f0im\u00f6rkinni, \u00fev\u00ed a\u00f0 allir hei\u00f0ingjar eru \u00f3umskornir og allt \u00cdsraels h\u00fas er \u00f3umskori\u00f0 \u00e1 hjarta.<\/p>\n<div class=\"footnote1981\"><b>9.1<\/b> Gistih\u00fas \u00ed ey\u00f0im\u00f6rkinni 1Kon 19.3-4; Slm 55.8 \u2013 allir h\u00f3rkarlar Jer 23.10,14; 29.23; sbr 5.7-8<br \/>\n<b>9.2<\/b> \u00deekkja mig ekki Jer 9.24; H\u00f3s 4.1+<br \/>\n<b>9.3<\/b> Treysti\u00f0 engum Jer 12.6; M\u00edk 7.5-6; Slm 41.10<br \/>\n<b>9.4<\/b> Svik og t\u00e1l Jer 7.28; Slm 12; 120 \u2013 geta ekki h\u00e6tt Jer 8.5<br \/>\n<b>9.5<\/b> Vilja ekki \u00feekkja mig J\u00f3h 3.11<br \/>\n<b>9.6<\/b> Setja \u00ed deiglu og reyna Jer 6.27; Jes 1.25<br \/>\n<b>9.7<\/b> Banv\u00e6n \u00f6r Jer 18.18; Slm 57.5+ &#8211; hr\u00e6sni Slm 28.3+ ; S\u00edr 12.16; Matt 26.49<br \/>\n<b>9.8<\/b> Refsa Jer 5.9+ &#8211; hefnd fr\u00e1 Gu\u00f0i Jer 32.18; 44.22; R\u00f3m 2.2<br \/>\n<b>9.9<\/b> Fl\u00fainn, horfinn Jer 4.25+<br \/>\n<b>9.11<\/b> Hver er svo vitur 5M\u00f3s 32.29; H\u00f3s 14.10; Slm 107.43 \u2013 landi\u00f0 au\u00f0n Jer 3.3; 5.25<br \/>\n<b>9.15<\/b> \u00c9g tv\u00edstra \u00feeim Jer 13.24 \u2013 \u00f3kunnar \u00fej\u00f3\u00f0ir Jer 15.14<br \/>\n<b>9.16<\/b> Gr\u00e1tendur Pr\u00e9d 12.5; sbr Am 5.16<br \/>\n<b>9.18<\/b> Harmakvein Jer 8.23+<br \/>\n<b>9.20<\/b> Dau\u00f0inn Jl 2.9 \u2013 sl\u00e6r allt, hva\u00f0 fyrir er Jer 6.11;  5M\u00f3s 32.25; Hlj 1.20<br \/>\n<b>9.21<\/b> L\u00edkin eins og hr\u00e1vi\u00f0i Jer 8.2+<br \/>\n<b>9.22<\/b> Hinn vitri ofmetnist ekki Okv 3.5; 21.30; Pr\u00e9d 9.11 \u2013 hr\u00f3sa s\u00e9r af au\u00f0i S\u00edr 10.22<br \/>\n<b>9.23<\/b> Hr\u00f3sa s\u00e9r 1Kor 1.1; 2Kor 10.17 \u2013 af gu\u00f0s\u00feekkingu Jer 16.21; 22.16; 24.7; J\u00f3h 17.3 \u2013 r\u00e9ttur og r\u00e9ttl\u00e6ti Jer 22.15; 23.5; 33.15; Slm 140.13<br \/>\n<b>9.24-25<\/b> Gildi umskurnar 1Kor 7.19; Gal 5.6; 6.15; K\u00f3l 2.11<br \/>\n<b>9.25<\/b> Um Egyptaland Jer 25.19; 46; Jes 18-19 \u2013 Ed\u00f3m Jer 25.21; 49.7-22; Am 1.11+ &#8211; Amm\u00f3n\u00edtar Jer 25.21; 49.1-6; Am 1.13+ &#8211; M\u00f3ab Jer 25.21; 48; Am 2.1+<br \/>\n<b>9.26<\/b> \u00d3umskori\u00f0 hjarta sbr Jer 4.4+<\/div>\n","protected":false},"excerpt":{"rendered":"<p>1\u00d3 a\u00f0 h\u00f6fu\u00f0 mitt v\u00e6ri vatn og augu m\u00edn t\u00e1ralind, \u00fe\u00e1 skyldi \u00e9g gr\u00e1ta daga og n\u00e6tur \u00fe\u00e1, er falli\u00f0 hafa af \u00fej\u00f3\u00f0 minni.2\u00d3 a\u00f0 \u00e9g hef\u00f0i s\u00e6luh\u00fas \u00ed ey\u00f0im\u00f6rkinni, \u00fe\u00e1 skyldi \u00e9g yfirgefa \u00fej\u00f3\u00f0 m\u00edna og fara burt fr\u00e1 \u00feeim, \u00fev\u00ed a\u00f0 allir eru \u00feeir h\u00f3rd\u00f3msmenn, flokkur svikara.3\u00deeir spenna tungu s\u00edna eins og boga sinn, me\u00f0 lygi, en eigi me\u00f0 sannleika, hafa \u00feeir n\u00e1\u00f0 v\u00f6ldum \u00ed landinu, \u00fev\u00ed a\u00f0 fr\u00e1 einni vonskunni ganga \u00feeir til annarrar, en mig \u00feekkja \u00feeir ekki segir Drottinn.4Vari\u00f0 y\u00f0ur hver \u00e1 \u00f6\u00f0rum og treysti\u00f0 engum br\u00f3\u00f0ur, \u00fev\u00ed a\u00f0 s\u00e9rhver br\u00f3\u00f0ir beitir undirferli og s\u00e9rhver <a href=\"https:\/\/biblian.is\/1981\/jeremia-9-kafli\/\"> [&#8230;]<\/a><\/p>\n","protected":false},"author":1,"featured_media":0,"parent":0,"menu_order":0,"comment_status":"open","ping_status":"open","template":"bibliukaflar.php","meta":{"footnotes":""},"class_list":["post-2101","page","type-page","status-publish","hentry"],"_links":{"self":[{"href":"https:\/\/biblian.is\/1981\/wp-json\/wp\/v2\/pages\/2101","targetHints":{"allow":["GET"]}}],"collection":[{"href":"https:\/\/biblian.is\/1981\/wp-json\/wp\/v2\/pages"}],"about":[{"href":"https:\/\/biblian.is\/1981\/wp-json\/wp\/v2\/types\/page"}],"author":[{"embeddable":true,"href":"https:\/\/biblian.is\/1981\/wp-json\/wp\/v2\/users\/1"}],"replies":[{"embeddable":true,"href":"https:\/\/biblian.is\/1981\/wp-json\/wp\/v2\/comments?post=2101"}],"version-history":[{"count":0,"href":"https:\/\/biblian.is\/1981\/wp-json\/wp\/v2\/pages\/2101\/revisions"}],"wp:attachment":[{"href":"https:\/\/biblian.is\/1981\/wp-json\/wp\/v2\/media?parent=2101"}],"curies":[{"name":"wp","href":"https:\/\/api.w.org\/{rel}","templated":true}]}}