{"id":2100,"date":"2017-11-18T20:20:08","date_gmt":"2017-11-18T20:20:08","guid":{"rendered":"http:\/\/biblian.is\/1981\/jeremia-8-kafli\/"},"modified":"2017-11-18T20:20:08","modified_gmt":"2017-11-18T20:20:08","slug":"jeremia-8-kafli","status":"publish","type":"page","link":"https:\/\/biblian.is\/1981\/jeremia-8-kafli\/","title":{"rendered":"Jerem\u00eda 8. kafli"},"content":{"rendered":"<p><a name=\"1\"><span class=\"versanumer\">1<\/span><\/a>\u00de\u00e1 munu menn segir Drottinn taka bein J\u00fadakonunga og bein J\u00fadah\u00f6f\u00f0ingja og bein prestanna og bein sp\u00e1mannanna og bein Jer\u00fasalemb\u00faa \u00far gr\u00f6fum \u00feeirra,<a name=\"2\"><span class=\"versanumer\">2<\/span><\/a>og brei\u00f0a \u00feau \u00fat \u00e1 m\u00f3ti s\u00f3linni og tunglinu og \u00f6llum her himinsins, er \u00feeir elsku\u00f0u og \u00fej\u00f3nu\u00f0u og eltu og gengu til fr\u00e9tta vi\u00f0 og f\u00e9llu fram fyrir. \u00deeim ver\u00f0ur ekki safna\u00f0 saman og \u00feau ver\u00f0a ekki grafin, \u00feau skulu ver\u00f0a a\u00f0 \u00e1bur\u00f0i \u00e1 akrinum.<a name=\"3\"><span class=\"versanumer\">3<\/span><\/a>Og allar leifarnar, \u00feeir er eftir ver\u00f0a af \u00feessari vondu kynsl\u00f3\u00f0 \u00e1 \u00f6llum \u00feeim st\u00f6\u00f0um, \u00feanga\u00f0 sem \u00e9g hefi reki\u00f0 \u00fe\u00e1, munu heldur kj\u00f3sa dau\u00f0a en l\u00edf segir Drottinn allsherjar.<a name=\"4\"><span class=\"versanumer\">4<\/span><\/a>Seg \u00fev\u00ed vi\u00f0 \u00fe\u00e1: Svo segir Drottinn: Hvort falla menn og standa ekki upp aftur? E\u00f0a hverfa menn burt \u00e1n \u00feess a\u00f0 koma aftur?<a name=\"5\"><span class=\"versanumer\">5<\/span><\/a>Hvers vegna hefir \u00feessi l\u00fd\u00f0ur horfi\u00f0 burt til \u00e6varandi fr\u00e1hvarfs? \u00deeir halda fast vi\u00f0 svikin og vilja ekki hverfa aftur.<a name=\"6\"><span class=\"versanumer\">6<\/span><\/a>\u00c9g t\u00f3k eftir og heyr\u00f0i: \u00deeir tala \u00f3sannindi, enginn i\u00f0rast illsku sinnar, svo a\u00f0 hann segi: Hva\u00f0 hefi \u00e9g gj\u00f6rt? Allir hafa \u00feeir gj\u00f6rst fr\u00e1hverfir \u00ed r\u00e1sinni, eins og hestur, sem ry\u00f0st \u00e1fram \u00ed orustu.<a name=\"7\"><span class=\"versanumer\">7<\/span><\/a>Jafnvel storkurinn \u00ed loftinu \u00feekkir s\u00ednar \u00e1kve\u00f0nu t\u00ed\u00f0ir, og turtild\u00fafan og svalan og tranan gefa g\u00e6tur a\u00f0 t\u00edma endurkomu sinnar, en l\u00fd\u00f0ur minn \u00feekkir ekki r\u00e9tt Drottins.<a name=\"8\"><span class=\"versanumer\">8<\/span><\/a>Hvernig geti\u00f0 \u00fe\u00e9r sagt: V\u00e9r erum vitrir og l\u00f6gm\u00e1l Drottins er hj\u00e1 oss? V\u00edst er svo, en lygapenni fr\u00e6\u00f0imannanna hefir gj\u00f6rt \u00fea\u00f0 a\u00f0 lygi.<a name=\"9\"><span class=\"versanumer\">9<\/span><\/a>Hinir vitru ver\u00f0a til skammar, \u00feeir skelfast og ver\u00f0a gripnir, sj\u00e1, \u00feeir hafa hafna\u00f0 or\u00f0i Drottins, hva\u00f0a visku hafa \u00feeir \u00fe\u00e1?<a name=\"10\"><span class=\"versanumer\">10<\/span><\/a>Fyrir \u00fev\u00ed mun \u00e9g selja konur \u00feeirra \u00f6\u00f0rum \u00e1 vald og sigurvegurunum l\u00f6nd \u00feeirra, \u00fev\u00ed a\u00f0 b\u00e6\u00f0i ungir og gamlir, allir eru \u00feeir f\u00edknir \u00ed rangfenginn gr\u00f3\u00f0a, b\u00e6\u00f0i sp\u00e1menn og prestar, allir hafa \u00feeir svik \u00ed frammi.<a name=\"11\"><span class=\"versanumer\">11<\/span><\/a>\u00deeir hyggjast a\u00f0 l\u00e6kna \u00e1fall \u00fej\u00f3\u00f0ar minnar me\u00f0 h\u00e6gu m\u00f3ti, segjandi: Heill, heill! \u00fear sem engin heill er.<a name=\"12\"><span class=\"versanumer\">12<\/span><\/a>\u00deeir munu hlj\u00f3ta a\u00f0 skammast s\u00edn fyrir a\u00f0 hafa frami\u00f0 sv\u00edvir\u00f0ing! En \u00feeir skammast s\u00edn ekki og vita ekki hva\u00f0 \u00fea\u00f0 er a\u00f0 blyg\u00f0ast s\u00edn. Fyrir \u00fev\u00ed munu \u00feeir falla me\u00f0al \u00feeirra, sem falla. \u00deegar minn t\u00edmi kemur a\u00f0 hegna \u00feeim, munu \u00feeir steypast segir Drottinn.<a name=\"13\"><span class=\"versanumer\">13<\/span><\/a>\u00c9g vil safna \u00feeim saman eins og um uppskeru segir Drottinn en engin v\u00ednber eru \u00e1 v\u00ednvi\u00f0inum og engar f\u00edkjur \u00e1 f\u00edkjutr\u00e9nu, og laufi\u00f0 er f\u00f6lna\u00f0. Vil \u00e9g \u00fev\u00ed selja \u00fe\u00e1 \u00feeim \u00e1 vald, er \u00fe\u00e1 munu upp eta.<a name=\"14\"><span class=\"versanumer\">14<\/span><\/a>Til hvers sitjum v\u00e9r h\u00e9r kyrrir? Safnist saman og h\u00f6ldum inn \u00ed v\u00edggirtu borgirnar og f\u00f6rumst \u00fear, \u00fev\u00ed a\u00f0 Drottinn, Gu\u00f0 vor, l\u00e6tur oss farast og drykkjar oss me\u00f0 eiturvatni, af \u00fev\u00ed a\u00f0 v\u00e9r h\u00f6fum syndga\u00f0 \u00e1 m\u00f3ti Drottni.<a name=\"15\"><span class=\"versanumer\">15<\/span><\/a>Menn v\u00e6nta hamingju, en ekkert gott kemur, v\u00e6nta l\u00e6kningart\u00edma, og sj\u00e1, skelfing!<a name=\"16\"><span class=\"versanumer\">16<\/span><\/a>Fr\u00e1 Dan heyrist fr\u00fdsi\u00f0 \u00ed f\u00e1kum hans, og af hneggi hesta hans n\u00f6trar allt landi\u00f0, og \u00feeir koma og eta upp landi\u00f0 og \u00fea\u00f0, sem \u00ed \u00fev\u00ed er, borgina og \u00edb\u00faa hennar.<a name=\"17\"><span class=\"versanumer\">17<\/span><\/a>Sj\u00e1, \u00e9g sendi me\u00f0al y\u00f0ar h\u00f6ggorma, n\u00f6\u00f0rur, sem s\u00e6ringar vinna ekki \u00e1, og \u00feeir skulu b\u00edta y\u00f0ur segir Drottinn.<a name=\"18\"><span class=\"versanumer\">18<\/span><\/a>\u00d3 hva\u00f0 m\u00e1 hugsvala m\u00e9r \u00ed harminum! Hjarta\u00f0 er sj\u00fakt \u00ed m\u00e9r.<a name=\"19\"><span class=\"versanumer\">19<\/span><\/a>Heyr, kvein \u00fej\u00f3\u00f0ar minnar hlj\u00f3mar \u00far fjarl\u00e6gu landi. Er Drottinn ekki \u00ed S\u00edon, e\u00f0a er konungur hennar ekki \u00ed henni? Hv\u00ed egndu \u00feeir mig til rei\u00f0i me\u00f0 skur\u00f0myndum s\u00ednum, me\u00f0 f\u00e1n\u00fdtum, \u00fatlendum go\u00f0um?<a name=\"20\"><span class=\"versanumer\">20<\/span><\/a>Uppskeran er li\u00f0in, aldinskur\u00f0urinn \u00e1 enda, en v\u00e9r h\u00f6fum eigi hloti\u00f0 hj\u00e1lp.<a name=\"21\"><span class=\"versanumer\">21<\/span><\/a>\u00c9g er hels\u00e6r\u00f0ur af hels\u00e1ri \u00fej\u00f3\u00f0ar minnar, \u00e9g geng \u00ed sorgarb\u00faningi, skelfing hefir gripi\u00f0 mig.<a name=\"22\"><span class=\"versanumer\">22<\/span><\/a>Eru \u00fe\u00e1 engin smyrsl \u00ed G\u00edlea\u00f0, e\u00f0a er \u00fear enginn l\u00e6knir? Hv\u00ed er engin hyldgan komin \u00e1 s\u00e1r \u00fej\u00f3\u00f0ar minnar?<\/p>\n<div class=\"footnote1981\"><b>8.1<\/b> \u00cd grafir 1Kon 13.22; Bar 2.24<br \/>\n<b>8.2<\/b> Her himinsins Jer 19.13; 5M\u00f3s 4.19; 17.3; 2Kon 23.4; Jes 24.21; 34; Sef 1.5 \u2013 \u00fej\u00f3nu\u00f0u Jer 7.18; 2Kon 17.16; 21.3 \u2013 ekki grafin Jer 9.21; 14.16; 16.14; 25.33; 36.30<br \/>\n<b>8.3<\/b> Kj\u00f3sa dau\u00f0ann Job 3.21; Opb 9.6<br \/>\n<b>8.5<\/b> Sn\u00fai\u00f0 baki fyrir fullt og allt Jer 2.31 \u2013 neita Jer 5.3<br \/>\n<b>8.9<\/b> Til skammar Job 5.13; R\u00f3m 2.17-25; 1Kor 1.19-20 \u2013 or\u00f0 Drottins er viska J\u00f3h 8.31-32<br \/>\n<b>8.10-12<\/b> Gefa \u00f6\u00f0rum Jer 6.12-15+<br \/>\n<b>8.10<\/b> Illur fengur &#8230; Esk 22.27; Hab 2.9<br \/>\n<b>8.11<\/b> Heill Jer 6.14<br \/>\n<b>8.12<\/b> Draga til \u00e1byrg\u00f0ar Jer 10.15; 11.23; 23.12; 46.21; 48.44; 50.27,31; 51.18<br \/>\n<b>8.13<\/b> Uppskera Sef 1.2 \u2013 engin ber Hab 3.17 \u2013 engar f\u00edkjur Mrk 11.12-14 \u2013 laufi\u00f0 f\u00f6lna\u00f0 Jes 1.30; sbr Jer 17.8; Slm 1.3<br \/>\n<b>8.14<\/b> Safnist saman Jer 4.5 \u2013 eitra\u00f0 vatn Jer 9.14; 23.15; Hlj 3.15,19; Opb 8.11; sbr Jer 25.15+<br \/>\n<b>8.15<\/b> V\u00e6nta Jer 14.19 \u2013 skelfing Esk 7.25<br \/>\n<b>8.17<\/b> H\u00f6ggormar 4M\u00f3s 21.6; 5M\u00f3s 32.24; SSal 11.15<br \/>\n<b>8.19<\/b> Gu\u00f0 vikinn burt? 5M\u00f3s 31.17 \u2013 enginn konungurinn M\u00edk 4.9 \u2013 v\u00f6ktu\u00f0 rei\u00f0i Jer 7.18+ &#8211; framandi gu\u00f0ir Jer 3.13;  Slm 44.21; 81.10<br \/>\n<b>8.21<\/b> Limlest Jer 4.6+<br \/>\n<b>8.22<\/b> Smyrsl \u00ed G\u00edlea\u00f0 Jer 46.11<br \/>\n<b>8.23<\/b> Harmagr\u00e1tur Jer 9.18; 13.17; 2Sam 1.17; 2Kon 8.11-12; Jes 22.4; Hlj 1.16; L\u00fak 19.41<\/div>\n","protected":false},"excerpt":{"rendered":"<p>1\u00de\u00e1 munu menn segir Drottinn taka bein J\u00fadakonunga og bein J\u00fadah\u00f6f\u00f0ingja og bein prestanna og bein sp\u00e1mannanna og bein Jer\u00fasalemb\u00faa \u00far gr\u00f6fum \u00feeirra,2og brei\u00f0a \u00feau \u00fat \u00e1 m\u00f3ti s\u00f3linni og tunglinu og \u00f6llum her himinsins, er \u00feeir elsku\u00f0u og \u00fej\u00f3nu\u00f0u og eltu og gengu til fr\u00e9tta vi\u00f0 og f\u00e9llu fram fyrir. \u00deeim ver\u00f0ur ekki safna\u00f0 saman og \u00feau ver\u00f0a ekki grafin, \u00feau skulu ver\u00f0a a\u00f0 \u00e1bur\u00f0i \u00e1 akrinum.3Og allar leifarnar, \u00feeir er eftir ver\u00f0a af \u00feessari vondu kynsl\u00f3\u00f0 \u00e1 \u00f6llum \u00feeim st\u00f6\u00f0um, \u00feanga\u00f0 sem \u00e9g hefi reki\u00f0 \u00fe\u00e1, munu heldur kj\u00f3sa dau\u00f0a en l\u00edf segir Drottinn allsherjar.4Seg \u00fev\u00ed vi\u00f0 \u00fe\u00e1: <a href=\"https:\/\/biblian.is\/1981\/jeremia-8-kafli\/\"> [&#8230;]<\/a><\/p>\n","protected":false},"author":1,"featured_media":0,"parent":0,"menu_order":0,"comment_status":"open","ping_status":"open","template":"bibliukaflar.php","meta":{"footnotes":""},"class_list":["post-2100","page","type-page","status-publish","hentry"],"_links":{"self":[{"href":"https:\/\/biblian.is\/1981\/wp-json\/wp\/v2\/pages\/2100","targetHints":{"allow":["GET"]}}],"collection":[{"href":"https:\/\/biblian.is\/1981\/wp-json\/wp\/v2\/pages"}],"about":[{"href":"https:\/\/biblian.is\/1981\/wp-json\/wp\/v2\/types\/page"}],"author":[{"embeddable":true,"href":"https:\/\/biblian.is\/1981\/wp-json\/wp\/v2\/users\/1"}],"replies":[{"embeddable":true,"href":"https:\/\/biblian.is\/1981\/wp-json\/wp\/v2\/comments?post=2100"}],"version-history":[{"count":0,"href":"https:\/\/biblian.is\/1981\/wp-json\/wp\/v2\/pages\/2100\/revisions"}],"wp:attachment":[{"href":"https:\/\/biblian.is\/1981\/wp-json\/wp\/v2\/media?parent=2100"}],"curies":[{"name":"wp","href":"https:\/\/api.w.org\/{rel}","templated":true}]}}