{"id":2099,"date":"2017-11-18T20:20:08","date_gmt":"2017-11-18T20:20:08","guid":{"rendered":"http:\/\/biblian.is\/1981\/jeremia-7-kafli\/"},"modified":"2017-11-18T20:20:08","modified_gmt":"2017-11-18T20:20:08","slug":"jeremia-7-kafli","status":"publish","type":"page","link":"https:\/\/biblian.is\/1981\/jeremia-7-kafli\/","title":{"rendered":"Jerem\u00eda 7. kafli"},"content":{"rendered":"<p><a name=\"1\"><span class=\"versanumer\">1<\/span><\/a>Or\u00f0i\u00f0 sem kom til Jerem\u00eda fr\u00e1 Drottni:<a name=\"2\"><span class=\"versanumer\">2<\/span><\/a>Nem sta\u00f0ar vi\u00f0 hli\u00f0 musteris Drottins og bo\u00f0a \u00fear \u00feessi or\u00f0 og seg: Heyri\u00f0 or\u00f0 Drottins, allir J\u00fadamenn, \u00fe\u00e9r sem gangi\u00f0 inn um \u00feetta hli\u00f0 til \u00feess a\u00f0 falla fram fyrir Drottni.<a name=\"3\"><span class=\"versanumer\">3<\/span><\/a>Svo segir Drottinn allsherjar, Gu\u00f0 \u00cdsraels: B\u00e6ti\u00f0 breytni y\u00f0ar og gj\u00f6r\u00f0ir, \u00fe\u00e1 mun \u00e9g l\u00e1ta y\u00f0ur b\u00faa \u00e1 \u00feessum sta\u00f0.<a name=\"4\"><span class=\"versanumer\">4<\/span><\/a>Rei\u00f0i\u00f0 y\u00f0ur ekki \u00e1 lygatal, er menn segja: \u00deetta er musteri Drottins, musteri Drottins, musteri Drottins.<a name=\"5\"><span class=\"versanumer\">5<\/span><\/a>En ef \u00fe\u00e9r b\u00e6ti\u00f0 breytni y\u00f0ar og gj\u00f6r\u00f0ir alvarlega, ef \u00fe\u00e9r i\u00f0ki\u00f0 r\u00e9ttl\u00e6ti \u00ed \u00fer\u00e6tum manna \u00e1 milli,<a name=\"6\"><span class=\"versanumer\">6<\/span><\/a>undiroki\u00f0 ekki \u00fatlendinga, muna\u00f0arleysingja og ekkjur, og \u00fathelli\u00f0 ekki saklausu bl\u00f3\u00f0i \u00e1 \u00feessum sta\u00f0, og elti\u00f0 ekki a\u00f0ra gu\u00f0i, y\u00f0ur til tj\u00f3ns,<a name=\"7\"><span class=\"versanumer\">7<\/span><\/a>\u00fe\u00e1 vil \u00e9g l\u00e1ta y\u00f0ur b\u00faa \u00e1 \u00feessum sta\u00f0, \u00ed landinu, sem \u00e9g gaf fe\u00f0rum y\u00f0ar, fr\u00e1 eil\u00edf\u00f0 til eil\u00edf\u00f0ar.<a name=\"8\"><span class=\"versanumer\">8<\/span><\/a>Sj\u00e1, \u00fe\u00e9r rei\u00f0i\u00f0 y\u00f0ur \u00e1 lygar\u00e6\u00f0ur, sem ekki eru til nokkurs gagns.<a name=\"9\"><span class=\"versanumer\">9<\/span><\/a>Er ekki svo: Stela, myr\u00f0a, dr\u00fdgja h\u00f3r, sverja meins\u00e6ri, f\u00e6ra Baal reykelsisf\u00f3rnir og elta a\u00f0ra gu\u00f0i, er \u00fe\u00e9r ekki \u00feekki\u00f0,<a name=\"10\"><span class=\"versanumer\">10<\/span><\/a>og s\u00ed\u00f0an komi\u00f0 \u00fe\u00e9r og gangi\u00f0 fram fyrir mig \u00ed \u00feessu h\u00fasi, sem kennt er vi\u00f0 nafn mitt, og segi\u00f0: Oss er borgi\u00f0! og fremji\u00f0 s\u00ed\u00f0an a\u00f0 n\u00fdju allar \u00feessar sv\u00edvir\u00f0ingar.<a name=\"11\"><span class=\"versanumer\">11<\/span><\/a>Er \u00fe\u00e1 h\u00fas \u00feetta, sem kennt er vi\u00f0 nafn mitt, or\u00f0i\u00f0 a\u00f0 r\u00e6ningjab\u00e6li \u00ed augum y\u00f0ar? J\u00e1, \u00e9g l\u00edt svo \u00e1 segir Drottinn.<a name=\"12\"><span class=\"versanumer\">12<\/span><\/a>Fari\u00f0 til b\u00fasta\u00f0ar m\u00edns \u00ed S\u00edl\u00f3, \u00fear sem \u00e9g for\u00f0um daga l\u00e9t nafn mitt b\u00faa, og sj\u00e1i\u00f0, hvernig \u00e9g hefi fari\u00f0 me\u00f0 hann fyrir sakir illsku l\u00fd\u00f0s m\u00edns \u00cdsraels.<a name=\"13\"><span class=\"versanumer\">13<\/span><\/a>Og \u00fear e\u00f0 \u00fe\u00e9r n\u00fa hafi\u00f0 frami\u00f0 \u00f6ll \u00feessi verk segir Drottinn og eigi hl\u00fdtt, \u00fe\u00f3tt \u00e9g hafi tala\u00f0 til y\u00f0ar seint og snemma, og eigi svara\u00f0, \u00fe\u00f3tt \u00e9g hafi kalla\u00f0 \u00e1 y\u00f0ur,<a name=\"14\"><span class=\"versanumer\">14<\/span><\/a>\u00fe\u00e1 \u00e6tla \u00e9g a\u00f0 fara me\u00f0 h\u00fasi\u00f0, sem kennt er vi\u00f0 nafn mitt og \u00fe\u00e9r treysti\u00f0 \u00e1, og sta\u00f0inn, sem \u00e9g hefi gefi\u00f0 y\u00f0ur og fe\u00f0rum y\u00f0ar, eins og \u00e9g f\u00f3r me\u00f0 S\u00edl\u00f3,<a name=\"15\"><span class=\"versanumer\">15<\/span><\/a>og \u00fatsk\u00fafa y\u00f0ur fr\u00e1 augliti m\u00ednu, eins og \u00e9g \u00fatsk\u00fafa\u00f0i br\u00e6\u00f0rum y\u00f0ar, \u00f6llum ni\u00f0jum Efra\u00edms.<a name=\"16\"><span class=\"versanumer\">16<\/span><\/a>\u00de\u00fa skalt ekki bi\u00f0ja fyrir \u00feessum l\u00fd\u00f0 og ekki hefja \u00feeirra vegna gr\u00e1tbei\u00f0ni n\u00e9 fyrirb\u00f3n, og legg ekki a\u00f0 m\u00e9r, \u00fev\u00ed a\u00f0 \u00e9g heyri \u00feig ekki.<a name=\"17\"><span class=\"versanumer\">17<\/span><\/a>S\u00e9r \u00fe\u00fa ekki hva\u00f0 \u00feeir hafast a\u00f0 \u00ed J\u00fadaborgum og \u00e1 str\u00e6tum Jer\u00fasalem?<a name=\"18\"><span class=\"versanumer\">18<\/span><\/a>B\u00f6rnin t\u00edna saman eldivi\u00f0 og fe\u00f0urnir kveikja eldinn, en konurnar hno\u00f0a deig til \u00feess a\u00f0 gj\u00f6ra af f\u00f3rnark\u00f6kur handa himnadrottningunni, og f\u00e6ra \u00f6\u00f0rum gu\u00f0um dreypif\u00f3rnir til \u00feess a\u00f0 skaprauna m\u00e9r.<a name=\"19\"><span class=\"versanumer\">19<\/span><\/a>En skaprauna \u00feeir m\u00e9r segir Drottinn, hvort ekki miklu fremur sj\u00e1lfum s\u00e9r, til \u00feess a\u00f0 \u00feeir ver\u00f0i s\u00e9r herfilega til skammar?<a name=\"20\"><span class=\"versanumer\">20<\/span><\/a>Fyrir \u00fev\u00ed segir herrann Drottinn svo: Rei\u00f0i minni og heift mun \u00fathellt ver\u00f0a yfir \u00feennan sta\u00f0, yfir menn og skepnur, yfir tr\u00e9 merkurinnar og yfir \u00e1vexti akurlendisins, og h\u00fan skal brenna og eigi slokkna.<a name=\"21\"><span class=\"versanumer\">21<\/span><\/a>Svo segir Drottinn allsherjar, \u00cdsraels Gu\u00f0: B\u00e6ti\u00f0 brennif\u00f3rnum y\u00f0ar vi\u00f0 sl\u00e1turf\u00f3rnir y\u00f0ar og eti\u00f0 kj\u00f6t!<a name=\"22\"><span class=\"versanumer\">22<\/span><\/a>\u00dev\u00ed a\u00f0 \u00e9g hefi ekkert tala\u00f0 til fe\u00f0ra y\u00f0ar n\u00e9 bo\u00f0i\u00f0 \u00feeim nokku\u00f0 um brennif\u00f3rnir og sl\u00e1turf\u00f3rnir, \u00fe\u00e1 er \u00e9g leiddi \u00fe\u00e1 burt af Egyptalandi.<a name=\"23\"><span class=\"versanumer\">23<\/span><\/a>En \u00feetta hefi \u00e9g bo\u00f0i\u00f0 \u00feeim: Hl\u00fd\u00f0i\u00f0 minni raustu, \u00fe\u00e1 skal \u00e9g vera y\u00f0ar Gu\u00f0 og \u00fe\u00e9r skulu\u00f0 vera m\u00edn \u00fej\u00f3\u00f0, og gangi\u00f0 jafnan \u00e1 \u00feeim vegi, sem \u00e9g b\u00fd\u00f0 y\u00f0ur, til \u00feess a\u00f0 y\u00f0ur vegni vel.<a name=\"24\"><span class=\"versanumer\">24<\/span><\/a>En \u00feeir heyr\u00f0u ekki og l\u00f6g\u00f0u ekki vi\u00f0 eyrun, en f\u00f3ru eftir v\u00e9lr\u00e1\u00f0um s\u00edns illa hjarta og sneru vi\u00f0 m\u00e9r bakinu, en ekki andlitinu.<a name=\"25\"><span class=\"versanumer\">25<\/span><\/a>Fr\u00e1 \u00feeim degi, er fe\u00f0ur y\u00f0ar f\u00f3ru burt af Egyptalandi, og fram \u00e1 \u00feennan dag, hefi \u00e9g st\u00f6\u00f0ugt dag eftir dag sent \u00fej\u00f3na m\u00edna, sp\u00e1mennina, til y\u00f0ar.<a name=\"26\"><span class=\"versanumer\">26<\/span><\/a>En \u00feeir heyr\u00f0u mig ekki og l\u00f6g\u00f0u ekki vi\u00f0 eyrun, heldur gj\u00f6r\u00f0ust har\u00f0sv\u00edra\u00f0ir og breyttu enn verr en fe\u00f0ur \u00feeirra.<a name=\"27\"><span class=\"versanumer\">27<\/span><\/a>Og \u00fe\u00f3tt \u00fe\u00fa talir \u00f6ll \u00feessi or\u00f0 til \u00feeirra, munu \u00feeir ekki hl\u00fd\u00f0a \u00e1 \u00feig, og \u00fe\u00f3tt \u00fe\u00fa kallir til \u00feeirra, munu \u00feeir ekki svara \u00fe\u00e9r.<a name=\"28\"><span class=\"versanumer\">28<\/span><\/a>Seg \u00fev\u00ed vi\u00f0 \u00fe\u00e1: \u00deetta er \u00fej\u00f3\u00f0in, sem eigi hl\u00fd\u00f0ir raustu Drottins, Gu\u00f0s s\u00edns, og engri umv\u00f6ndun tekur. Horfin er tr\u00fafestin, j\u00e1, uppr\u00e6tt \u00far munni \u00feeirra.<a name=\"29\"><span class=\"versanumer\">29<\/span><\/a>Sker af \u00fe\u00e9r h\u00f6fu\u00f0pr\u00fd\u00f0i \u00fe\u00edna og varpa henni fr\u00e1 \u00fe\u00e9r og hef upp harmakvein \u00e1 sk\u00f3glausu h\u00e6\u00f0unum, \u00fev\u00ed a\u00f0 Drottinn hefir hafna\u00f0 og \u00fatsk\u00fafa\u00f0 \u00feeirri kynsl\u00f3\u00f0, sem hann reiddist.<a name=\"30\"><span class=\"versanumer\">30<\/span><\/a>J\u00fadamenn hafa gj\u00f6rt \u00fea\u00f0, sem illt er \u00ed m\u00ednum augum segir Drottinn, \u00feeir hafa reist upp vi\u00f0urstygg\u00f0ir s\u00ednar \u00ed h\u00fasi \u00fev\u00ed, sem kennt er vi\u00f0 nafn mitt, og saurga\u00f0 \u00fea\u00f0<a name=\"31\"><span class=\"versanumer\">31<\/span><\/a>og byggt T\u00f3fet-f\u00f3rnarh\u00e6\u00f0ir \u00ed Hinnomssonar-dal til \u00feess a\u00f0 brenna sonu s\u00edna og d\u00e6tur \u00ed eldi, sem \u00e9g hefi ekki bo\u00f0i\u00f0 og m\u00e9r hefir ekki \u00ed hug komi\u00f0!<a name=\"32\"><span class=\"versanumer\">32<\/span><\/a>Sj\u00e1, fyrir \u00fev\u00ed munu \u00feeir dagar koma segir Drottinn, a\u00f0 eigi mun framar ver\u00f0a tala\u00f0 um T\u00f3fet og Hinnomssonar-dal, heldur um Dr\u00e1psdal, og menn munu jar\u00f0a \u00ed T\u00f3fet vegna r\u00famleysis.<a name=\"33\"><span class=\"versanumer\">33<\/span><\/a>L\u00edk \u00feessa l\u00fd\u00f0s munu ver\u00f0a \u00e6ti fyrir fugla himinsins og d\u00fdr jar\u00f0arinnar, og enginn mun f\u00e6la \u00feau burt.<a name=\"34\"><span class=\"versanumer\">34<\/span><\/a>\u00de\u00e1 mun \u00e9g l\u00e1ta \u00f6ll \u00e1n\u00e6gju- og gle\u00f0ihlj\u00f3\u00f0, \u00f6ll fagna\u00f0arl\u00e6ti br\u00fa\u00f0guma og br\u00fa\u00f0ar hverfa burt \u00far J\u00fadaborgum og af str\u00e6tum Jer\u00fasalem, \u00fev\u00ed a\u00f0 landi\u00f0 skal ver\u00f0a au\u00f0n.<\/p>\n<div class=\"footnote1981\"><b>7.3<\/b> B\u00e6ti\u00f0 breytni y\u00f0ar Jer 18.11; 26.13 \u2013 b\u00faa h\u00e9r Am 5.14<br \/>\n<b>7.5<\/b> I\u00f0ka r\u00e9ttl\u00e6ti Jer 5.1<br \/>\n<b>7.6<\/b> A\u00f0komumenn, muna\u00f0arleysingjar og ekkjur sbr Jer 5.28; 22.3<br \/>\n<b>7.7<\/b> Landi\u00f0 Jer 3.18; Am 9.15<br \/>\n<b>7.8<\/b> Lygar\u00e6\u00f0ur Jer 13.25<br \/>\n<b>7.9<\/b> Stela, myr\u00f0a &#8230; H\u00f3s 4.2 \u2013 f\u00f3rna til Baals Jer 1.16+ &#8211; elta a\u00f0ra gu\u00f0i Jer 11.10; 13.10; 16.11; 25.6; 35.15; 44.3; 5M\u00f3s 6.14<br \/>\n<b>7.10<\/b> Fram fyrir auglit mitt M\u00edk 6.6-8; Slm 15; 24.3-6; sbr Jer 15.19; 35.18,19 \u2013 kennt vi\u00f0 nafn mitt Jer 7.14,30; 32.34; 34.15; 5M\u00f3s 12.5,11; Bar 2.26; sbr Jer 25.29; 1Kon 8.43<br \/>\n<b>7.11<\/b> R\u00e6ningjab\u00e6li Matt 21.13<br \/>\n<b>7.12<\/b> S\u00edl\u00f3 Jer 26.9; 1Sam 1.3; 3.21; 4.3; Slm 78.60 \u2013 l\u00e9t nafn mitt b\u00faa 5M\u00f3s 12.11; 14.23; 16.2,6,11; 26.2; Neh 1.9<br \/>\n<b>7.13<\/b> \u00c9g tala\u00f0i Jer 7.25-26; 35.17; 36.31; 37.2; Jes 50.2; 65.12<br \/>\n<b>7.14<\/b> Ey\u00f0ing musterisins 1Kon 9.7<br \/>\n<b>7.15<\/b> Reka y\u00f0ur fr\u00e1 Jer 23.39 \u2013 ni\u00f0jar Efra\u00edms 2Kon 17.7-18<br \/>\n<b>7.16<\/b> Bi\u00f0ja fyrir Jer 15.1,11; 18.20; 27.18; 37.3; 42.2,4; 2M\u00f3s 32.11; 5M\u00f3s 9.18; 1Kon 13.6; 2Kon 19.4; Esk 9.8; Am 7.2,5; Dan 9.15-19; 2Makk 15.14 \u2013 ekki bi\u00f0ja Jer 11.14; 14.11<br \/>\n<b>7.18<\/b> Drottning himinsins Jer 44.17-19 \u2013 f\u00e6ra f\u00f3rnir Jer 19.13 \u2013 skaprauna Drottni Jer 8.19; 11.17; 25.6<br \/>\n<b>7.20<\/b> Rei\u00f0i og heift Jer 32.31; 33.5; 36.7; 42.18; 44.6 \u2013 ekki slokkna Jer 17.27; 2Kon 22.17<br \/>\n<b>7.21<\/b> Hla\u00f0i\u00f0 brennif\u00f3rnum &#8230; Jer 6.20; sbr Am 4.4-5<br \/>\n<b>7.22<\/b> \u00dat \u00far Egyptalandi 2M\u00f3s 12.37-15.21; Jes 11.16; H\u00f3s 11.1; 12.10,14; 13.4; Slm 78.12-14; 80.9; 114.1; 135.8-9; 136.10-15 \u2013 ekki gefi\u00f0 fyrirm\u00e6li um f\u00f3rnir Jes 1.11; Am 5.25; Slm 51.18; Post 7.42-43; sbr H\u00f3s 6.6; M\u00edk 6.8<br \/>\n<b>7.23<\/b> Hl\u00fd\u00f0i\u00f0 bo\u00f0um m\u00ednum 2M\u00f3s 19.5; 5M\u00f3s 6.3; 26.17 \u2013 Gu\u00f0 y\u00f0ar &#8230; \u00fej\u00f3\u00f0 m\u00edn Jer 11.4; 24.7; 30.22; 31.1,33; 32.38; 2M\u00f3s 6.7; 3M\u00f3s 26.12; 5M\u00f3s 29.12; 2Kon 11.17; Esk 11.20; 14.11; 36.28; 37.23,27; H\u00f3s 2.25; Sak 8.8; 13.9; 2Kor 6.16; Heb 8.10; sbr 2M\u00f3s 19.5<br \/>\n<b>7.24<\/b> Illt hjarta Jer 3.17+<br \/>\n<b>7.25<\/b> Fr\u00e1 \u00feeim degi &#8230; Jer 2.20; 2Kon 21.15 \u2013 \u00fej\u00f3nar m\u00ednir, sp\u00e1mennirnir Jer 25.4; 26.5; 29.19; 35.15<br \/>\n<b>7.26<\/b> \u00deeir hlustu\u00f0u ekki Jer 11.8; 13.10; 34.14; 35.15; sbr 22.21 \u2013 ger\u00f0ust har\u00f0sv\u00edra\u00f0ir Jer 17.23; 19.15; 5M\u00f3s 10.16; 2Kon 17.14; Post 7.51<br \/>\n<b>7.28<\/b> \u00d3hl\u00fd\u00f0in \u00fej\u00f3\u00f0 Jer 42.13,21; sbr Matt 21.43 \u2013 hl\u00fd\u00f0ir ekki lei\u00f0s\u00f6gn Jer 6.8+<br \/>\n<b>7.29<\/b> Lokkar D\u00f3m 13.5-7; 16.17; 1Sam 1.11<br \/>\n<b>7.30<\/b> Vi\u00f0urstyggilegar Jer 4.1+ &#8211; \u00ed musterinu Jer 32.34-35<br \/>\n<b>7.31<\/b> F\u00f3rnarh\u00e6\u00f0ir Jer 19.5; 32.35; 1Kon 3.2; 11.7; 14.23; 15.14; 2Kon 12.4; 14.4; 15.4,35; 17.9,11; Esk 16.25, 20.29; H\u00f3s 10.8, Am 7.9; M\u00edk 1.5; Slm 78.58 \u2013 T\u00f3fet Jer 19.6-14; 2Kon 23.10 \u2013 Hinnonssonardalur Jer 2.23+ &#8211; brenna b\u00f6rn s\u00edn Jer 19.5; 22.3; 5M\u00f3s 18.10; 2Kon 16.3; 17.17; 21.6; Slm 106.38<br \/>\n<b>7.32<\/b> D\u00e1psdalur Jer 19.6 \u2013 grafnir Esk 6.5<br \/>\n<b>7.33<\/b> \u00c6ti handa r\u00e1nd\u00fdrum Jer 12.9; 16.4; 19.7; 34.20; 5M\u00f3s 28.26; Slm 79.2-3 \u2013 f\u00e6la burt 2Sam 21.10<br \/>\n<b>7.34<\/b> \u00deagga ni\u00f0ur \u00ed fagna\u00f0arl\u00e1tum Jer 16.9; Bar 2.23; Opb 18.23<\/div>\n","protected":false},"excerpt":{"rendered":"<p>1Or\u00f0i\u00f0 sem kom til Jerem\u00eda fr\u00e1 Drottni:2Nem sta\u00f0ar vi\u00f0 hli\u00f0 musteris Drottins og bo\u00f0a \u00fear \u00feessi or\u00f0 og seg: Heyri\u00f0 or\u00f0 Drottins, allir J\u00fadamenn, \u00fe\u00e9r sem gangi\u00f0 inn um \u00feetta hli\u00f0 til \u00feess a\u00f0 falla fram fyrir Drottni.3Svo segir Drottinn allsherjar, Gu\u00f0 \u00cdsraels: B\u00e6ti\u00f0 breytni y\u00f0ar og gj\u00f6r\u00f0ir, \u00fe\u00e1 mun \u00e9g l\u00e1ta y\u00f0ur b\u00faa \u00e1 \u00feessum sta\u00f0.4Rei\u00f0i\u00f0 y\u00f0ur ekki \u00e1 lygatal, er menn segja: \u00deetta er musteri Drottins, musteri Drottins, musteri Drottins.5En ef \u00fe\u00e9r b\u00e6ti\u00f0 breytni y\u00f0ar og gj\u00f6r\u00f0ir alvarlega, ef \u00fe\u00e9r i\u00f0ki\u00f0 r\u00e9ttl\u00e6ti \u00ed \u00fer\u00e6tum manna \u00e1 milli,6undiroki\u00f0 ekki \u00fatlendinga, muna\u00f0arleysingja og ekkjur, og \u00fathelli\u00f0 ekki saklausu bl\u00f3\u00f0i \u00e1 <a href=\"https:\/\/biblian.is\/1981\/jeremia-7-kafli\/\"> [&#8230;]<\/a><\/p>\n","protected":false},"author":1,"featured_media":0,"parent":0,"menu_order":0,"comment_status":"open","ping_status":"open","template":"bibliukaflar.php","meta":{"footnotes":""},"class_list":["post-2099","page","type-page","status-publish","hentry"],"_links":{"self":[{"href":"https:\/\/biblian.is\/1981\/wp-json\/wp\/v2\/pages\/2099","targetHints":{"allow":["GET"]}}],"collection":[{"href":"https:\/\/biblian.is\/1981\/wp-json\/wp\/v2\/pages"}],"about":[{"href":"https:\/\/biblian.is\/1981\/wp-json\/wp\/v2\/types\/page"}],"author":[{"embeddable":true,"href":"https:\/\/biblian.is\/1981\/wp-json\/wp\/v2\/users\/1"}],"replies":[{"embeddable":true,"href":"https:\/\/biblian.is\/1981\/wp-json\/wp\/v2\/comments?post=2099"}],"version-history":[{"count":0,"href":"https:\/\/biblian.is\/1981\/wp-json\/wp\/v2\/pages\/2099\/revisions"}],"wp:attachment":[{"href":"https:\/\/biblian.is\/1981\/wp-json\/wp\/v2\/media?parent=2099"}],"curies":[{"name":"wp","href":"https:\/\/api.w.org\/{rel}","templated":true}]}}