{"id":2098,"date":"2017-11-18T20:20:08","date_gmt":"2017-11-18T20:20:08","guid":{"rendered":"http:\/\/biblian.is\/1981\/jeremia-6-kafli\/"},"modified":"2017-11-18T20:20:08","modified_gmt":"2017-11-18T20:20:08","slug":"jeremia-6-kafli","status":"publish","type":"page","link":"https:\/\/biblian.is\/1981\/jeremia-6-kafli\/","title":{"rendered":"Jerem\u00eda 6. kafli"},"content":{"rendered":"<p><a name=\"1\"><span class=\"versanumer\">1<\/span><\/a>Fl\u00fdi\u00f0, Benjam\u00edn\u00edtar, \u00fat \u00far Jer\u00fasalem! \u00deeyti\u00f0 l\u00fa\u00f0ur \u00ed Tek\u00f3a og reisi\u00f0 upp merki \u00ed Betkerem, \u00fev\u00ed a\u00f0 \u00f3g\u00e6fa vofir yfir \u00far nor\u00f0ur\u00e1tt og mikil ey\u00f0ing.<a name=\"2\"><span class=\"versanumer\">2<\/span><\/a>D\u00f3ttirin S\u00edon, hin fagra og f\u00ednl\u00e1ta, er \u00fe\u00f6gul.<a name=\"3\"><span class=\"versanumer\">3<\/span><\/a>Til hennar koma hir\u00f0ar me\u00f0 hjar\u00f0ir s\u00ednar, sl\u00e1 tj\u00f6ldum hringinn \u00ed kringum hana, hver beitir sitt sv\u00e6\u00f0i.<a name=\"4\"><span class=\"versanumer\">4<\/span><\/a>V\u00edgi\u00f0 y\u00f0ur til bardaga m\u00f3ti henni! Standi\u00f0 upp og gj\u00f6rum \u00e1hlaup um h\u00e1degi\u00f0! Vei oss, \u00fev\u00ed a\u00f0 degi hallar og kveldskuggarnir lengjast.<a name=\"5\"><span class=\"versanumer\">5<\/span><\/a>Standi\u00f0 upp og gj\u00f6rum \u00e1hlaup a\u00f0 n\u00e6tur\u00feeli og r\u00edfum ni\u00f0ur hallir hennar!<a name=\"6\"><span class=\"versanumer\">6<\/span><\/a>Svo segir Drottinn allsherjar: Felli\u00f0 tr\u00e9 hennar og hla\u00f0i\u00f0 virkisvegg gegn Jer\u00fasalem. \u00dea\u00f0 er borgin, sem hegna \u00e1. Undirokun r\u00edkir alls sta\u00f0ar \u00ed henni.<a name=\"7\"><span class=\"versanumer\">7<\/span><\/a>\u00dev\u00ed eins og vatns\u00fer\u00f3in heldur vatninu fersku, \u00feannig heldur h\u00fan illsku sinni ferskri. Ofbeldi og k\u00fagun heyrist \u00ed henni, frammi fyrir augliti m\u00ednu er st\u00f6\u00f0uglega \u00fej\u00e1ning og mis\u00feyrming.<a name=\"8\"><span class=\"versanumer\">8<\/span><\/a>L\u00e1t \u00fe\u00e9r segjast, Jer\u00fasalem, til \u00feess a\u00f0 s\u00e1l m\u00edn sl\u00edti sig ekki fr\u00e1 \u00fe\u00e9r, til \u00feess a\u00f0 \u00e9g gj\u00f6ri \u00feig ekki a\u00f0 au\u00f0n, a\u00f0 \u00f3bygg\u00f0u landi.<a name=\"9\"><span class=\"versanumer\">9<\/span><\/a>Svo segir Drottinn allsherjar: Menn munu gj\u00f6ra n\u00e1kv\u00e6ma eftirleit \u00e1 leifum \u00cdsraels, eins og gj\u00f6rt er \u00e1 v\u00ednvi\u00f0i me\u00f0 \u00fev\u00ed a\u00f0 r\u00e9tta \u00e6 a\u00f0 n\u00fdju h\u00f6ndina upp a\u00f0 v\u00ednvi\u00f0argreinunum, eins og v\u00ednlestursma\u00f0urinn gj\u00f6rir.<a name=\"10\"><span class=\"versanumer\">10<\/span><\/a>Vi\u00f0 hvern \u00e1 \u00e9g a\u00f0 tala og hvern \u00e1 \u00e9g a\u00f0 gj\u00f6ra varan vi\u00f0, svo a\u00f0 \u00feeir heyri? Sj\u00e1, eyra \u00feeirra er \u00f3umskori\u00f0, svo a\u00f0 \u00feeir geta ekki teki\u00f0 eftir. J\u00e1, or\u00f0 Drottins er or\u00f0i\u00f0 \u00feeim a\u00f0 h\u00e1\u00f0i, \u00feeir hafa engar m\u00e6tur \u00e1 \u00fev\u00ed.<a name=\"11\"><span class=\"versanumer\">11<\/span><\/a>En \u00e9g er fullur af heiftarrei\u00f0i Drottins, \u00e9g er or\u00f0inn uppgefinn a\u00f0 halda henni ni\u00f0ri \u00ed m\u00e9r. Helltu henni \u00fe\u00e1 \u00fat yfir b\u00f6rnin \u00e1 g\u00f6tunni og \u00fat yfir allan unglingah\u00f3pinn, \u00fev\u00ed a\u00f0 karl sem kona munu hertekin ver\u00f0a, aldra\u00f0ir jafnt sem h\u00e1aldra\u00f0ir.<a name=\"12\"><span class=\"versanumer\">12<\/span><\/a>En h\u00fas \u00feeirra munu ver\u00f0a annarra eign, akrar og konur hva\u00f0 me\u00f0 \u00f6\u00f0ru, \u00fev\u00ed a\u00f0 \u00e9g r\u00e9tti h\u00f6nd m\u00edna \u00fat gegn \u00edb\u00faum landsins segir Drottinn.<a name=\"13\"><span class=\"versanumer\">13<\/span><\/a>B\u00e6\u00f0i ungir og gamlir, allir eru \u00feeir f\u00edknir \u00ed rangfenginn gr\u00f3\u00f0a, og b\u00e6\u00f0i sp\u00e1menn og prestar, allir hafa \u00feeir svik \u00ed frammi.<a name=\"14\"><span class=\"versanumer\">14<\/span><\/a>\u00deeir hyggjast a\u00f0 l\u00e6kna \u00e1fall \u00fej\u00f3\u00f0ar minnar me\u00f0 h\u00e6gu m\u00f3ti, segjandi: Heill, heill! \u00fear sem engin heill er.<a name=\"15\"><span class=\"versanumer\">15<\/span><\/a>\u00deeir munu hlj\u00f3ta a\u00f0 skammast s\u00edn fyrir a\u00f0 hafa frami\u00f0 sv\u00edvir\u00f0ing! En \u00feeir skammast s\u00edn ekki og vita ekki hva\u00f0 \u00fea\u00f0 er, a\u00f0 blyg\u00f0ast s\u00edn. Fyrir \u00fev\u00ed munu \u00feeir falla me\u00f0al \u00feeirra, sem falla. \u00deegar minn t\u00edmi kemur a\u00f0 hegna \u00feeim, munu \u00feeir steypast segir Drottinn.<a name=\"16\"><span class=\"versanumer\">16<\/span><\/a>Svo m\u00e6lti Drottinn: Nemi\u00f0 sta\u00f0ar vi\u00f0 vegina og litist um og spyrji\u00f0 um g\u00f6mlu g\u00f6turnar, hver s\u00e9 hamingjulei\u00f0in, og fari\u00f0 hana, svo a\u00f0 \u00fe\u00e9r finni\u00f0 s\u00e1lum y\u00f0ar hv\u00edld. En \u00feeir s\u00f6g\u00f0u: V\u00e9r viljum ekki fara hana.<a name=\"17\"><span class=\"versanumer\">17<\/span><\/a>\u00de\u00e1 setti \u00e9g var\u00f0menn gegn y\u00f0ur: Taki\u00f0 eftir l\u00fa\u00f0urhlj\u00f3minum! En \u00feeir s\u00f6g\u00f0u: V\u00e9r viljum ekki taka eftir honum.<a name=\"18\"><span class=\"versanumer\">18<\/span><\/a>Heyri\u00f0 \u00fev\u00ed, \u00fej\u00f3\u00f0ir! Sj\u00e1 \u00fe\u00fa, s\u00f6fnu\u00f0ur, hva\u00f0 \u00ed \u00feeim b\u00fdr!<a name=\"19\"><span class=\"versanumer\">19<\/span><\/a>Heyr \u00fea\u00f0, j\u00f6r\u00f0! Sj\u00e1, \u00e9g lei\u00f0i \u00f3g\u00e6fu yfir \u00feessa \u00fej\u00f3\u00f0! \u00dea\u00f0 er \u00e1v\u00f6xturinn af r\u00e1\u00f0abruggi \u00feeirra, \u00fev\u00ed a\u00f0 or\u00f0um m\u00ednum hafa \u00feeir engan gaum gefi\u00f0 og lei\u00f0beining minni hafa \u00feeir hafna\u00f0.<a name=\"20\"><span class=\"versanumer\">20<\/span><\/a>Hva\u00f0 skal m\u00e9r reykelsi, sem kemur fr\u00e1 Saba, og hinn d\u00fdri reyr \u00far fjarl\u00e6gu landi? Brennif\u00f3rnir y\u00f0ar eru m\u00e9r eigi \u00fe\u00f3knanlegar og sl\u00e1turf\u00f3rnir y\u00f0ar ge\u00f0jast m\u00e9r eigi.<a name=\"21\"><span class=\"versanumer\">21<\/span><\/a>Fyrir \u00fev\u00ed segir Drottinn svo: Sj\u00e1, \u00e9g legg f\u00f3takefli fyrir \u00feessa \u00fej\u00f3\u00f0, til \u00feess a\u00f0 um \u00feau hrasi b\u00e6\u00f0i fe\u00f0ur og synir, hver n\u00e1b\u00fainn farist me\u00f0 \u00f6\u00f0rum.<a name=\"22\"><span class=\"versanumer\">22<\/span><\/a>Svo segir Drottinn: Sj\u00e1, l\u00fd\u00f0ur kemur \u00far landi \u00ed nor\u00f0ur\u00e1tt og mikil \u00fej\u00f3\u00f0 r\u00eds upp \u00e1 \u00fatkj\u00e1lkum jar\u00f0ar.<a name=\"23\"><span class=\"versanumer\">23<\/span><\/a>\u00deeir bera boga og skotspj\u00f3t, \u00feeir eru grimmir og s\u00fdna enga miskunn. H\u00e1reysti \u00feeirra er sem hafgn\u00fdr, og \u00feeir r\u00ed\u00f0a hestum, b\u00fanir sem hermenn til bardaga gegn \u00fe\u00e9r, d\u00f3ttirin S\u00edon.<a name=\"24\"><span class=\"versanumer\">24<\/span><\/a>V\u00e9r h\u00f6fum fengi\u00f0 fregnir af honum, hendur vorar eru magnlausar. Angist hefir gripi\u00f0 oss, kvalir eins og j\u00f3\u00f0sj\u00faka konu.<a name=\"25\"><span class=\"versanumer\">25<\/span><\/a>Fari\u00f0 ekki \u00fat \u00e1 bersv\u00e6\u00f0i og gangi\u00f0 ekki um veginn, \u00fev\u00ed a\u00f0 \u00f3vinurinn hefir sver\u00f0 skelfing allt um kring.<a name=\"26\"><span class=\"versanumer\">26<\/span><\/a>\u00dej\u00f3\u00f0 m\u00edn, gyr\u00f0 \u00feig h\u00e6rusekk og velt \u00fe\u00e9r \u00ed \u00f6sku, stofna til sorgarhalds, eins og eftir einkason v\u00e6ri, beisklegs harmakveins, \u00fev\u00ed a\u00f0 skyndilega mun ey\u00f0andinn yfir oss koma.<a name=\"27\"><span class=\"versanumer\">27<\/span><\/a>\u00c9g hefi gj\u00f6rt \u00feig a\u00f0 rannsakara hj\u00e1 \u00fej\u00f3\u00f0 minni, til \u00feess a\u00f0 \u00fe\u00fa kynnir \u00fe\u00e9r atferli \u00feeirra og rannsakir \u00fea\u00f0.<a name=\"28\"><span class=\"versanumer\">28<\/span><\/a>Allir eru \u00feeir sv\u00e6snir uppreisnarmenn, r\u00f3gberendur, t\u00f3mur eir og j\u00e1rn, allir eru \u00feeir spillingarmenn.<a name=\"29\"><span class=\"versanumer\">29<\/span><\/a>Smi\u00f0jubelgurinn m\u00e1sa\u00f0i, bl\u00fdi\u00f0 \u00e1tti a\u00f0 ey\u00f0ast \u00ed eldinum, til einskis hafa menn veri\u00f0 a\u00f0 br\u00e6\u00f0a og br\u00e6\u00f0a, hinir illu ur\u00f0u ekki skildir fr\u00e1.<a name=\"30\"><span class=\"versanumer\">30<\/span><\/a>\u00d3gilt silfur nefna menn \u00fe\u00e1, \u00fev\u00ed a\u00f0 Drottinn hefir fellt \u00fe\u00e1 \u00far gildi.<\/p>\n<div class=\"footnote1981\"><b>6.1<\/b> Fl\u00fdi\u00f0 L\u00fak 21.21 \u2013 Tek\u00f3a Am 1.1+ &#8211; \u00far nor\u00f0ri Jer 1.14+ &#8211; ey\u00f0ilegging Jer 4.6+<br \/>\n<b>6.4<\/b> Heilagt str\u00ed\u00f0 Jer 51.27; Jl 4.9; sbr Jer 22.7; 5M\u00f3s 20<br \/>\n<b>6.8<\/b> L\u00e1ttu \u00fe\u00e9r segjast Jer 17.23; 35.13; sbr 7.28 \u2013 vi\u00f0 \u00feig H\u00f3s 9.12 \u2013 geri a\u00f0 ey\u00f0im\u00f6rk Jer 4.7<br \/>\n<b>6.9<\/b> V\u00ednvi\u00f0ur Jes 5.1+ &#8211; leifar \u00cdsraels Jes 4.3+<br \/>\n<b>6.10<\/b> \u00d3umskori\u00f0 eyra sbr Jer 4.4+ ; Post 7.51 \u2013 fellur ekki \u00ed ge\u00f0 Jer 6.17; sbr 20.8<br \/>\n<b>6.11<\/b> Halda \u00ed skefjum Jer 20.9<br \/>\n<b>6.12<\/b> Annarra Jer 8.10-12; 5M\u00f3s 28.30; Am 5.11; M\u00edk 6.15; sbr Jes 62.8-9<br \/>\n<b>6.13<\/b> S\u00e6kjast eftir Jer 5.27; Jes 56.11<br \/>\n<b>6.14<\/b> Heill Jer 4.10; 8.11; 14.13; 23.17; Esk 13.10<br \/>\n<b>6.15<\/b> Draga til \u00e1byrg\u00f0ar Jer 5.9+<br \/>\n<b>6.16<\/b> Nemi\u00f0 sta\u00f0ar L\u00fak 14.28 \u2013 g\u00f6mlu g\u00f6turnar Jer 18.15; Slm 139.24; S\u00edr 8.9; 39.1 \u2013 hv\u00edld Matt 11.29 \u2013 vi\u00f0 viljum ekki Jer 2.31<br \/>\n<b>6.17<\/b> Setti yfir y\u00f0ur var\u00f0menn Esk 3.17-21; 33.1-9; sbr 4M\u00f3s 23.3; Jes 21.6-12; Hab 2.1 \u2013 hornabl\u00e1sturinn Jer 4.5+<br \/>\n<b>6.18<\/b> Heyri\u00f0 \u00fev\u00ed, \u00fej\u00f3\u00f0ir Jes 34.1; M\u00edk 1.2<br \/>\n<b>6.19<\/b> \u00c1v\u00f6xtur breytni \u00feeirra Okv 1.31; Gal 6.7; sbr Jer 2.19<br \/>\n<b>6.20<\/b> Ge\u00f0jast ekki Jer 7.21; 14.12; Jes 1.11-17; H\u00f3s 9.4; Am 5.21-24; Heb 10.5-6<br \/>\n<b>6.21<\/b> Hr\u00f6sunarhella Esk 3.20; 1P\u00e9t 2.6-8<br \/>\n<b>6.22-24<\/b> \u00dej\u00f3\u00f0 ein kemur &#8230; Jer 50.41-43<br \/>\n<b>6.22<\/b> \u00cd nor\u00f0ri Jer 1.14+<br \/>\n<b>6.24<\/b> L\u00f6mu\u00f0ust sbr Jer 38.4; 47.3; 50.43 \u2013 kv\u00f6l Jer 13.21; sbr 4.31+<br \/>\n<b>6.25<\/b> H\u00e6ttur \u00f3gna \u00far \u00f6llum \u00e1ttum Jer 20.3,10; 46.5; 49.29; Slm 31.14; Hlj 2.22<br \/>\n<b>6.26<\/b> Gyrtu \u00feig h\u00e6rusekk J\u00f3n 3.5-6; Matt 11.21; Jer 4.8+ &#8211; \u00ed \u00f6skunni Jer 25.34; Esk 27.30 \u2013 sorg eftir einkason Am 8.10; Sak 12.10<br \/>\n<b>6.27-30<\/b> M\u00e1lmur heinsa\u00f0ur Esk 22.18-22<br \/>\n<b>6.27<\/b> Kanna Jer 9.6<br \/>\n<b>6.28<\/b> Forhertir uppreisnarmenn Jer 5.21,23<br \/>\n<b>6.29<\/b> Hreinsun Jes 1.25 \u2013 \u00f3m\u00f6guleg Okv 27.22<\/div>\n","protected":false},"excerpt":{"rendered":"<p>1Fl\u00fdi\u00f0, Benjam\u00edn\u00edtar, \u00fat \u00far Jer\u00fasalem! \u00deeyti\u00f0 l\u00fa\u00f0ur \u00ed Tek\u00f3a og reisi\u00f0 upp merki \u00ed Betkerem, \u00fev\u00ed a\u00f0 \u00f3g\u00e6fa vofir yfir \u00far nor\u00f0ur\u00e1tt og mikil ey\u00f0ing.2D\u00f3ttirin S\u00edon, hin fagra og f\u00ednl\u00e1ta, er \u00fe\u00f6gul.3Til hennar koma hir\u00f0ar me\u00f0 hjar\u00f0ir s\u00ednar, sl\u00e1 tj\u00f6ldum hringinn \u00ed kringum hana, hver beitir sitt sv\u00e6\u00f0i.4V\u00edgi\u00f0 y\u00f0ur til bardaga m\u00f3ti henni! Standi\u00f0 upp og gj\u00f6rum \u00e1hlaup um h\u00e1degi\u00f0! Vei oss, \u00fev\u00ed a\u00f0 degi hallar og kveldskuggarnir lengjast.5Standi\u00f0 upp og gj\u00f6rum \u00e1hlaup a\u00f0 n\u00e6tur\u00feeli og r\u00edfum ni\u00f0ur hallir hennar!6Svo segir Drottinn allsherjar: Felli\u00f0 tr\u00e9 hennar og hla\u00f0i\u00f0 virkisvegg gegn Jer\u00fasalem. \u00dea\u00f0 er borgin, sem hegna \u00e1. Undirokun r\u00edkir alls <a href=\"https:\/\/biblian.is\/1981\/jeremia-6-kafli\/\"> [&#8230;]<\/a><\/p>\n","protected":false},"author":1,"featured_media":0,"parent":0,"menu_order":0,"comment_status":"open","ping_status":"open","template":"bibliukaflar.php","meta":{"footnotes":""},"class_list":["post-2098","page","type-page","status-publish","hentry"],"_links":{"self":[{"href":"https:\/\/biblian.is\/1981\/wp-json\/wp\/v2\/pages\/2098","targetHints":{"allow":["GET"]}}],"collection":[{"href":"https:\/\/biblian.is\/1981\/wp-json\/wp\/v2\/pages"}],"about":[{"href":"https:\/\/biblian.is\/1981\/wp-json\/wp\/v2\/types\/page"}],"author":[{"embeddable":true,"href":"https:\/\/biblian.is\/1981\/wp-json\/wp\/v2\/users\/1"}],"replies":[{"embeddable":true,"href":"https:\/\/biblian.is\/1981\/wp-json\/wp\/v2\/comments?post=2098"}],"version-history":[{"count":0,"href":"https:\/\/biblian.is\/1981\/wp-json\/wp\/v2\/pages\/2098\/revisions"}],"wp:attachment":[{"href":"https:\/\/biblian.is\/1981\/wp-json\/wp\/v2\/media?parent=2098"}],"curies":[{"name":"wp","href":"https:\/\/api.w.org\/{rel}","templated":true}]}}