{"id":2097,"date":"2017-11-18T20:20:08","date_gmt":"2017-11-18T20:20:08","guid":{"rendered":"http:\/\/biblian.is\/1981\/jeremia-5-kafli\/"},"modified":"2017-11-18T20:20:08","modified_gmt":"2017-11-18T20:20:08","slug":"jeremia-5-kafli","status":"publish","type":"page","link":"https:\/\/biblian.is\/1981\/jeremia-5-kafli\/","title":{"rendered":"Jerem\u00eda 5. kafli"},"content":{"rendered":"<p><a name=\"1\"><span class=\"versanumer\">1<\/span><\/a>Gangi\u00f0 fram og aftur um str\u00e6ti Jer\u00fasalem, litist um og rannsaki\u00f0 og leiti\u00f0 \u00e1 torgunum, hvort \u00fe\u00e9r finni\u00f0 nokkurn mann, hvort \u00fear s\u00e9 nokkur, sem gj\u00f6rir \u00fea\u00f0 sem r\u00e9tt er og leitast vi\u00f0 a\u00f0 s\u00fdna tr\u00famennsku, og mun \u00e9g fyrirgefa henni.<a name=\"2\"><span class=\"versanumer\">2<\/span><\/a>Og \u00fe\u00f3tt \u00feeir segi: svo sannarlega sem Drottinn lifir, sverja \u00feeir engu a\u00f0 s\u00ed\u00f0ur meins\u00e6ri.<a name=\"3\"><span class=\"versanumer\">3<\/span><\/a>En, Drottinn, l\u00edta ekki augu \u00fe\u00edn \u00e1 tr\u00fafesti? \u00de\u00fa laust \u00fe\u00e1, en \u00feeir kenndu ekkert til, \u00fe\u00fa eyddir \u00feeim, en \u00feeir vildu ekki taka aga. \u00deeir gj\u00f6r\u00f0u andlit s\u00edn har\u00f0ari en stein, \u00feeir vildu ekki sn\u00faa vi\u00f0.<a name=\"4\"><span class=\"versanumer\">4<\/span><\/a>En \u00e9g hugsa\u00f0i: \u00dea\u00f0 eru a\u00f0eins hinir l\u00edtilm\u00f3tlegu, sem breyta heimskulega, af \u00fev\u00ed a\u00f0 \u00feeir \u00feekkja ekki veg Drottins, r\u00e9ttindi Gu\u00f0s s\u00edns.<a name=\"5\"><span class=\"versanumer\">5<\/span><\/a>\u00c9g \u00e6tla a\u00f0 fara til st\u00f3rmennanna og tala vi\u00f0 \u00fe\u00e1, \u00fev\u00ed a\u00f0 \u00feeir \u00feekkja veg Drottins, r\u00e9ttindi Gu\u00f0s s\u00edns. En einmitt \u00feeir h\u00f6f\u00f0u allir saman broti\u00f0 sundur oki\u00f0 og sliti\u00f0 af s\u00e9r b\u00f6ndin.<a name=\"6\"><span class=\"versanumer\">6<\/span><\/a>Fyrir \u00fev\u00ed drepur \u00fe\u00e1 lj\u00f3n \u00far sk\u00f3ginum, fyrir \u00fev\u00ed ey\u00f0ir \u00feeim \u00falfurinn, sem hefst vi\u00f0 \u00e1 hei\u00f0unum. Pardusd\u00fdri\u00f0 situr um borgir \u00feeirra, svo a\u00f0 hver s\u00e1, er \u00fat \u00far \u00feeim fer, ver\u00f0ur rifinn sundur, \u00fev\u00ed a\u00f0 afbrot \u00feeirra eru m\u00f6rg, fr\u00e1hvarfssyndir \u00feeirra miklar.<a name=\"7\"><span class=\"versanumer\">7<\/span><\/a>Hv\u00ed skyldi \u00e9g fyrirgefa \u00fe\u00e9r? B\u00f6rn \u00fe\u00edn hafa yfirgefi\u00f0 mig og svari\u00f0 vi\u00f0 \u00fe\u00e1, sem ekki eru gu\u00f0ir, og \u00fe\u00f3tt \u00e9g metta\u00f0i \u00fe\u00e1, t\u00f3ku \u00feeir fram hj\u00e1 og \u00feyrptust a\u00f0 h\u00f3ruh\u00fasinu.<a name=\"8\"><span class=\"versanumer\">8<\/span><\/a>Eins og s\u00e6llegir st\u00f3\u00f0hestar hlaupa \u00feeir til og fr\u00e1 og hv\u00eda hver a\u00f0 annars konu.<a name=\"9\"><span class=\"versanumer\">9<\/span><\/a>\u00c6tti \u00e9g ekki a\u00f0 hegna sl\u00edkum m\u00f6nnum? segir Drottinn, e\u00f0a hefna m\u00edn \u00e1 annarri eins \u00fej\u00f3\u00f0 og \u00feessari?<a name=\"10\"><span class=\"versanumer\">10<\/span><\/a>St\u00edgi\u00f0 upp \u00e1 v\u00edngar\u00f0shjalla \u00fej\u00f3\u00f0ar minnar og r\u00edfi\u00f0 ni\u00f0ur, en gj\u00f6ri\u00f0 \u00fe\u00f3 ekki aley\u00f0ing, taki\u00f0 burt v\u00ednvi\u00f0argreinar hennar, \u00fev\u00ed a\u00f0 \u00fe\u00e6r heyra ekki Drottni.<a name=\"11\"><span class=\"versanumer\">11<\/span><\/a>\u00dev\u00ed a\u00f0 \u00cdsraels h\u00fas og J\u00fada h\u00fas hafa breytt mj\u00f6g sviksamlega gegn m\u00e9r segir Drottinn.<a name=\"12\"><span class=\"versanumer\">12<\/span><\/a>\u00deeir hafa afneita\u00f0 Drottni og sagt: \u00dea\u00f0 er ekki hann, og engin \u00f3g\u00e6fa mun yfir oss koma, sver\u00f0 og hungur munum v\u00e9r ekki sj\u00e1.<a name=\"13\"><span class=\"versanumer\">13<\/span><\/a>Sp\u00e1mennirnir munu ver\u00f0a a\u00f0 vindi, \u00fev\u00ed a\u00f0 or\u00f0 Gu\u00f0s b\u00fdr ekki \u00ed \u00feeim.<a name=\"14\"><span class=\"versanumer\">14<\/span><\/a>Fyrir \u00fev\u00ed m\u00e6lir Drottinn, Gu\u00f0 allsherjar, svo: Af \u00fev\u00ed a\u00f0 \u00feeir hafa m\u00e6lt sl\u00edkum or\u00f0um, fer svo fyrir \u00feeim sj\u00e1lfum! \u00c9g gj\u00f6ri or\u00f0 m\u00edn \u00ed munni \u00fe\u00ednum a\u00f0 eldi og \u00feessa \u00fej\u00f3\u00f0 a\u00f0 eldivi\u00f0i, til \u00feess a\u00f0 hann ey\u00f0i henni.<a name=\"15\"><span class=\"versanumer\">15<\/span><\/a>Sj\u00e1, \u00e9g l\u00e6t \u00fej\u00f3\u00f0 koma yfir y\u00f0ur \u00far fjarl\u00e6gu landi, \u00cdsraels h\u00fas segir Drottinn. \u00dea\u00f0 er \u00f3bilug \u00fej\u00f3\u00f0, \u00fea\u00f0 er afar g\u00f6mul \u00fej\u00f3\u00f0, tungu \u00feeirrar \u00fej\u00f3\u00f0ar \u00feekkir \u00fe\u00fa ekki, og skilur ekki, hva\u00f0 h\u00fan segir.<a name=\"16\"><span class=\"versanumer\">16<\/span><\/a>\u00d6rvam\u00e6lir hennar er sem opin gr\u00f6f, allir eru \u00feeir kappar.<a name=\"17\"><span class=\"versanumer\">17<\/span><\/a>H\u00fan mun eta uppskeru \u00fe\u00edna og neyslukorn \u00feitt, \u00feeir munu eta sonu \u00fe\u00edna og d\u00e6tur. H\u00fan mun eta sau\u00f0i \u00fe\u00edna og naut, h\u00fan mun eta v\u00edntr\u00e9 \u00fe\u00edn og f\u00edkjutr\u00e9, h\u00fan mun brj\u00f3ta ni\u00f0ur me\u00f0 sver\u00f0i hinar v\u00edggirtu borgir \u00fe\u00ednar, er \u00fe\u00fa rei\u00f0ir \u00feig \u00e1.<a name=\"18\"><span class=\"versanumer\">18<\/span><\/a>En \u00e1 \u00feeim d\u00f6gum segir Drottinn mun \u00e9g samt ekki gj\u00f6ra aley\u00f0ing \u00e1 y\u00f0ur.<a name=\"19\"><span class=\"versanumer\">19<\/span><\/a>En ef \u00fe\u00e9r \u00fe\u00e1 segi\u00f0: Fyrir hva\u00f0 gj\u00f6rir Drottinn, Gu\u00f0 vor, oss allt \u00feetta? \u00fe\u00e1 skalt \u00fe\u00fa segja vi\u00f0 \u00fe\u00e1: Eins og \u00fe\u00e9r hafi\u00f0 yfirgefi\u00f0 mig og \u00fej\u00f3na\u00f0 \u00f6\u00f0rum gu\u00f0um \u00ed y\u00f0ar landi, svo skulu\u00f0 \u00fe\u00e9r ver\u00f0a annarra \u00fer\u00e6lar \u00ed landi, sem ekki er y\u00f0ar land.<a name=\"20\"><span class=\"versanumer\">20<\/span><\/a>Kunngj\u00f6ri\u00f0 \u00fea\u00f0 \u00ed h\u00fasi Jakobs og bo\u00f0i\u00f0 \u00fea\u00f0 \u00ed J\u00fada:<a name=\"21\"><span class=\"versanumer\">21<\/span><\/a>Heyr \u00feetta, \u00fe\u00fa heimski og skilningslausi l\u00fd\u00f0ur, \u00fe\u00e9r sem hafi\u00f0 augu, en sj\u00e1i\u00f0 ekki, \u00fe\u00e9r sem hafi\u00f0 eyru, en heyri\u00f0 ekki!<a name=\"22\"><span class=\"versanumer\">22<\/span><\/a>Mig vilji\u00f0 \u00fe\u00e9r ekki \u00f3ttast segir Drottinn e\u00f0a skj\u00e1lfa fyrir m\u00ednu augliti? fyrir m\u00e9r, sem hefi sett hafinu fj\u00f6rusandinn a\u00f0 takmarki, \u00e6varandi gir\u00f0ingu, sem \u00fea\u00f0 kemst ekki yfir. Og \u00fe\u00f3tt \u00f6ldur \u00feess komi \u00e6\u00f0andi, \u00fe\u00e1 vinna \u00fe\u00e6r ekki \u00e1, og \u00fe\u00f3tt \u00fe\u00e6r gn\u00fdi, \u00fe\u00e1 komast \u00fe\u00e6r ekki yfir hana.<a name=\"23\"><span class=\"versanumer\">23<\/span><\/a>En l\u00fd\u00f0ur \u00feessi er \u00fever\u00fa\u00f0arfullur og \u00ferj\u00f3skur \u00ed hjarta. \u00deeir hafa viki\u00f0 af lei\u00f0 og horfi\u00f0 burt,<a name=\"24\"><span class=\"versanumer\">24<\/span><\/a>en s\u00f6g\u00f0u ekki \u00ed hjarta s\u00ednu: \u00d3ttumst Drottin, Gu\u00f0 vorn, sem gefur regni\u00f0, haustregni\u00f0 og vorregni\u00f0, \u00ed r\u00e9ttan t\u00edma og vi\u00f0heldur handa oss \u00e1kve\u00f0num uppskeruvikum.<a name=\"25\"><span class=\"versanumer\">25<\/span><\/a>Misgj\u00f6r\u00f0ir y\u00f0ar hafa f\u00e6rt allt \u00feetta \u00far skor\u00f0um, og syndir y\u00f0ar hafa hrundi\u00f0 blessuninni burt fr\u00e1 y\u00f0ur.<a name=\"26\"><span class=\"versanumer\">26<\/span><\/a>Me\u00f0al l\u00fd\u00f0s m\u00edns eru \u00f3gu\u00f0legir menn. \u00deeir liggja \u00ed fyrirs\u00e1t, eins og \u00feegar fuglarar h\u00faka, \u00feeir leggja sn\u00f6rur til \u00feess a\u00f0 vei\u00f0a menn.<a name=\"27\"><span class=\"versanumer\">27<\/span><\/a>&#8222;Eins og fuglab\u00far fullt af fuglum, svo eru h\u00fas \u00feeirra full af svikum; \u00e1 \u00feann h\u00e1tt eru \u00feeir or\u00f0nir miklir og au\u00f0ugir.&#8220;<a name=\"28\"><span class=\"versanumer\">28<\/span><\/a>\u00deeir eru or\u00f0nir feitir, \u00fea\u00f0 stirnir \u00e1 \u00fe\u00e1. \u00deeir eru og fleytifullir af illskutali, m\u00e1lefni muna\u00f0arleysingjans taka \u00feeir ekki a\u00f0 s\u00e9r til \u00feess a\u00f0 bera \u00fea\u00f0 fram til sigurs, og \u00feeir reka ekki r\u00e9ttar f\u00e1t\u00e6klinganna.<a name=\"29\"><span class=\"versanumer\">29<\/span><\/a>\u00c6tti \u00e9g ekki a\u00f0 hegna sl\u00edkum m\u00f6nnum? segir Drottinn e\u00f0a hefna m\u00edn \u00e1 annarri eins \u00fej\u00f3\u00f0 og \u00feessari?<a name=\"30\"><span class=\"versanumer\">30<\/span><\/a>\u00d3ttalegt og hryllilegt er \u00fea\u00f0, sem vi\u00f0 ber \u00ed landinu!<a name=\"31\"><span class=\"versanumer\">31<\/span><\/a>Sp\u00e1mennirnir kenna lygar og prestarnir drottna eftir tils\u00f6gn \u00feeirra, og \u00fej\u00f3\u00f0 minni \u00feykir fara vel \u00e1 \u00fev\u00ed. En hva\u00f0 \u00e6tli\u00f0 \u00fe\u00e9r a\u00f0 gj\u00f6ra, \u00feegar a\u00f0 skuldad\u00f6gunum kemur?<\/p>\n<div class=\"footnote1981\"><b>5.1<\/b> Litist um og spyrjist fyrir 1M\u00f3s 18.21; Esk 9.4; sbr 1M\u00f3s 11.5-7; Jer 6.27; Slm 11.4+ &#8211; nokkur M\u00edk 7.2; Slm 14.2; R\u00f3m 3.10; sbr L\u00fak 18.8 \u2013 leita sannleikans 2M\u00f3s 18.21; Neh 7.2; J\u00f3h 1.47; 3.21 \u2013 \u00e9g mun fyrirgefa 1M\u00f3s 18.23-32; Jes 53.5; Esk 22.30; 1J\u00f3h 2.1-2<br \/>\n<b>5.2<\/b> Sverja Jer 4.2+ &#8211; meins\u00e6ri Jer 7.9<br \/>\n<b>5.3<\/b> Svei\u00f0 ekki undan Jer 2.30; 3.3; Am 4.6-11 \u2013 l\u00e9tu s\u00e9r ekki segjast Jer 7.28; 17.23; 32.33; Sef 3.2 \u2013 vildu ekki Jer 8.5; sbr 15.7<br \/>\n<b>5.4<\/b> Kr\u00f6fur Gu\u00f0s Jer 8.7<br \/>\n<b>5.5<\/b> St\u00f3rmennin M\u00edk 3.1 \u2013 broti\u00f0 oki\u00f0 Jer 2.20; sbr 2.8<br \/>\n<b>5.6<\/b> Lj\u00f3n Jer 4.7 \u2013 makleg m\u00e1lagj\u00f6ld Jer 30.15<br \/>\n<b>5.7<\/b> Yfirgefi\u00f0 mig Jer 2.13+ &#8211; ekki gu\u00f0ir Jer 2.11+ ; 2M\u00f3s 23.13; 1Kon 19.18; Gal 4.8<br \/>\n<b>5.8<\/b> Annars konu Jer 13.27; Esk 22.11; sbr Jer 9.2+<br \/>\n<b>5.9<\/b> \u00c6tti \u00e9g ekki a\u00f0 refsa? Jer 5.29; 6.15; 9.8; 11.22; 21.14; 46.25<br \/>\n<b>5.10<\/b> Gerey\u00f0ing Jer 4.27 \u2013 teinungar sbr Jes 5.1+<br \/>\n<b>5.12<\/b> Hann er ekkert Sef 1.12; Slm 10.4; 14.1 \u2013 engin \u00f3g\u00e6fa Jes 28.15 \u2013 sver\u00f0 og hungur Jer 14.13<br \/>\n<b>5.14<\/b> \u00cd munni \u00fe\u00e9r Jer 1.9+ &#8211; eldur Jer 20.9+ ; Jes 10.17; Opb 11.5<br \/>\n<b>5.15<\/b> \u00dar fjarl\u00e6gu landi Jer 6.22; 5M\u00f3s 28.49; Hab 1.6<br \/>\n<b>5.17<\/b> Gleypa uppskeru \u00fe\u00edna 3M\u00f3s 26.16; 5M\u00f3s 28.33,51; Jes 65.22; sbr Jer 6.12<br \/>\n<b>5.19<\/b> Hvers vegna? Jer 16.10; 22.8; 5M\u00f3s 29.23-25 \u2013 \u00fej\u00f3na \u00f6\u00f0rum Jer 1.16; 16.11; 17.13; 1Sam 7.3<br \/>\n<b>5.21<\/b> Hafa augu en s\u00e9r\u00f0 ekki Jes 6.9-10; Matt 13.15; Mrk 4.12; 8.18<br \/>\n<b>5.22<\/b> \u00d3ttast Drottin Jer 10.7 \u2013 skj\u00e1lfa Jer 2.19 \u2013 setti hafinu takm\u00f6rk Slm 104.9<br \/>\n<b>5.23<\/b> \u00dever\u00fa\u00f0arfull Jer 6.28; 5M\u00f3s 31.27; H\u00f3s 11.7<br \/>\n<b>5.24<\/b> Regn \u00e1 r\u00e9ttum t\u00edma Jer 10.13; 5M\u00f3s 11.14; Jl 2.23; Sak 10.1<br \/>\n<b>5.25<\/b> \u00dar skor\u00f0um Jer 3.3; 14.1-7; 1M\u00f3s 3.17-19; sbr Jes 59.2<br \/>\n<b>5.26<\/b> Leynast Slm 10.9+ ; Okv 1.11<br \/>\n<b>5.27<\/b> Velgengni gu\u00f0lausra Slm 73.3,12<br \/>\n<b>5.28<\/b> Feit 5M\u00f3s 32.15; Slm 73.7<br \/>\n<b>5.29<\/b> Refsa Jer 5.9+<br \/>\n<b>5.30<\/b> Hr\u00e6\u00f0ilegt Jer 18.13; 23.14; H\u00f3s 6.10<br \/>\n<b>5.31<\/b> Lygasp\u00e1menn Jer 20.6 \u2013 \u00fej\u00f3\u00f0 minni fellur \u00fea\u00f0 vel M\u00edk 2.11; sbr J\u00f3h 3.19<\/div>\n","protected":false},"excerpt":{"rendered":"<p>1Gangi\u00f0 fram og aftur um str\u00e6ti Jer\u00fasalem, litist um og rannsaki\u00f0 og leiti\u00f0 \u00e1 torgunum, hvort \u00fe\u00e9r finni\u00f0 nokkurn mann, hvort \u00fear s\u00e9 nokkur, sem gj\u00f6rir \u00fea\u00f0 sem r\u00e9tt er og leitast vi\u00f0 a\u00f0 s\u00fdna tr\u00famennsku, og mun \u00e9g fyrirgefa henni.2Og \u00fe\u00f3tt \u00feeir segi: svo sannarlega sem Drottinn lifir, sverja \u00feeir engu a\u00f0 s\u00ed\u00f0ur meins\u00e6ri.3En, Drottinn, l\u00edta ekki augu \u00fe\u00edn \u00e1 tr\u00fafesti? \u00de\u00fa laust \u00fe\u00e1, en \u00feeir kenndu ekkert til, \u00fe\u00fa eyddir \u00feeim, en \u00feeir vildu ekki taka aga. \u00deeir gj\u00f6r\u00f0u andlit s\u00edn har\u00f0ari en stein, \u00feeir vildu ekki sn\u00faa vi\u00f0.4En \u00e9g hugsa\u00f0i: \u00dea\u00f0 eru a\u00f0eins hinir l\u00edtilm\u00f3tlegu, sem breyta <a href=\"https:\/\/biblian.is\/1981\/jeremia-5-kafli\/\"> [&#8230;]<\/a><\/p>\n","protected":false},"author":1,"featured_media":0,"parent":0,"menu_order":0,"comment_status":"open","ping_status":"open","template":"bibliukaflar.php","meta":{"footnotes":""},"class_list":["post-2097","page","type-page","status-publish","hentry"],"_links":{"self":[{"href":"https:\/\/biblian.is\/1981\/wp-json\/wp\/v2\/pages\/2097","targetHints":{"allow":["GET"]}}],"collection":[{"href":"https:\/\/biblian.is\/1981\/wp-json\/wp\/v2\/pages"}],"about":[{"href":"https:\/\/biblian.is\/1981\/wp-json\/wp\/v2\/types\/page"}],"author":[{"embeddable":true,"href":"https:\/\/biblian.is\/1981\/wp-json\/wp\/v2\/users\/1"}],"replies":[{"embeddable":true,"href":"https:\/\/biblian.is\/1981\/wp-json\/wp\/v2\/comments?post=2097"}],"version-history":[{"count":0,"href":"https:\/\/biblian.is\/1981\/wp-json\/wp\/v2\/pages\/2097\/revisions"}],"wp:attachment":[{"href":"https:\/\/biblian.is\/1981\/wp-json\/wp\/v2\/media?parent=2097"}],"curies":[{"name":"wp","href":"https:\/\/api.w.org\/{rel}","templated":true}]}}