{"id":2095,"date":"2017-11-18T20:20:08","date_gmt":"2017-11-18T20:20:08","guid":{"rendered":"http:\/\/biblian.is\/1981\/jeremia-3-kafli\/"},"modified":"2017-11-18T20:20:08","modified_gmt":"2017-11-18T20:20:08","slug":"jeremia-3-kafli","status":"publish","type":"page","link":"https:\/\/biblian.is\/1981\/jeremia-3-kafli\/","title":{"rendered":"Jerem\u00eda 3. kafli"},"content":{"rendered":"<p><a name=\"1\"><span class=\"versanumer\">1<\/span><\/a>\u00deegar ma\u00f0ur rekur fr\u00e1 s\u00e9r konu s\u00edna, og h\u00fan fer fr\u00e1 honum og giftist \u00f6\u00f0rum manni, getur hann \u00fe\u00e1 horfi\u00f0 til hennar aftur? Mundi landi\u00f0 ekki vanhelgast af \u00fev\u00ed? En \u00fe\u00fa hefir dr\u00fdgt h\u00f3r me\u00f0 m\u00f6rgum fri\u00f0lum og \u00e6ttir \u00fe\u00f3 a\u00f0 sn\u00faa aftur til m\u00edn! segir Drottinn.<a name=\"2\"><span class=\"versanumer\">2<\/span><\/a>Renn augum \u00fe\u00ednum upp \u00e1 sk\u00f3glausu h\u00e6\u00f0irnar og g\u00e6t a\u00f0: Hvar hefir \u00fe\u00fa eigi h\u00f3rast? Vi\u00f0 vegina situr \u00fe\u00fa um fri\u00f0la eins og Arabi \u00ed ey\u00f0im\u00f6rkinni og vanhelgar landi\u00f0 me\u00f0 lausl\u00e6ti \u00fe\u00ednu og vonsku \u00feinni.<a name=\"3\"><span class=\"versanumer\">3<\/span><\/a>Og \u00fe\u00f3tt sk\u00farunum v\u00e6ri haldi\u00f0 aftur og ekkert vorregn k\u00e6mi, \u00fe\u00e1 varst \u00fe\u00fa me\u00f0 h\u00f3rusvip, \u00fe\u00fa vildir ekki skammast \u00fe\u00edn.<a name=\"4\"><span class=\"versanumer\">4<\/span><\/a>En n\u00fa kallar \u00fe\u00fa til m\u00edn: Fa\u00f0ir minn! \u00de\u00fa ert unnusti \u00e6sku minnar!<a name=\"5\"><span class=\"versanumer\">5<\/span><\/a>\u00de\u00fa hugsar: Mun hann ver\u00f0a rei\u00f0ur eil\u00edflega, alltaf erfa \u00fea\u00f0? Sj\u00e1, \u00feannig talar \u00fe\u00fa, en fremur illt og getur fengi\u00f0 \u00fea\u00f0 af \u00fe\u00e9r.<a name=\"6\"><span class=\"versanumer\">6<\/span><\/a>Drottinn sag\u00f0i vi\u00f0 mig \u00e1 d\u00f6gum J\u00f3s\u00eda konungs: Hefir \u00fe\u00fa s\u00e9\u00f0, hva\u00f0 hin fr\u00e1hverfa \u00cdsrael hefir a\u00f0hafst? H\u00fan f\u00f3r upp \u00e1 hverja h\u00e1a h\u00e6\u00f0 og inn undir hvert gr\u00e6nt tr\u00e9 og h\u00f3ra\u00f0ist \u00fear.<a name=\"7\"><span class=\"versanumer\">7<\/span><\/a>\u00c9g hugsa\u00f0i raunar: Eftir a\u00f0 h\u00fan hefir a\u00f0hafst allt \u00feetta, mun h\u00fan sn\u00faa aftur til m\u00edn. En h\u00fan sneri ekki aftur. \u00dea\u00f0 s\u00e1 hin \u00f3tr\u00faa systir hennar, J\u00fada,<a name=\"8\"><span class=\"versanumer\">8<\/span><\/a>og \u00fe\u00f3tt h\u00fan s\u00e6i, a\u00f0 einmitt vegna \u00feess, a\u00f0 hin fr\u00e1hverfa \u00cdsrael haf\u00f0i dr\u00fdgt h\u00f3r, haf\u00f0i \u00e9g reki\u00f0 hana burt og gefi\u00f0 henni skilna\u00f0arskr\u00e1, \u00fe\u00e1 \u00f3tta\u00f0ist ekki hin \u00f3tr\u00faa systir hennar, J\u00fada, heldur f\u00f3r og dr\u00fdg\u00f0i l\u00edka h\u00f3r,<a name=\"9\"><span class=\"versanumer\">9<\/span><\/a>og me\u00f0 hinu l\u00e9tt\u00fa\u00f0arfulla lausl\u00e6ti s\u00ednu vanhelga\u00f0i h\u00fan landi\u00f0 og dr\u00fdg\u00f0i h\u00f3r me\u00f0 steini og tr\u00e9drumbi.<a name=\"10\"><span class=\"versanumer\">10<\/span><\/a>En \u00fer\u00e1tt fyrir allt \u00feetta hefir hin \u00f3tr\u00faa systir hennar, J\u00fada, eigi sn\u00fai\u00f0 s\u00e9r til m\u00edn af \u00f6llu hjarta, heldur me\u00f0 hr\u00e6sni segir Drottinn.<a name=\"11\"><span class=\"versanumer\">11<\/span><\/a>Drottinn sag\u00f0i vi\u00f0 mig: Hin fr\u00e1hverfa \u00cdsrael er saklaus \u00ed samanbur\u00f0i vi\u00f0 hina \u00f3tr\u00fau J\u00fada.<a name=\"12\"><span class=\"versanumer\">12<\/span><\/a>Far \u00fe\u00fa og kalla \u00feessi or\u00f0 \u00ed nor\u00f0ur\u00e1tt og seg: Hverf aftur, \u00fe\u00fa hin fr\u00e1hverfa \u00cdsrael segir Drottinn, \u00e9g vil ekki lengur l\u00edta rei\u00f0ulega til \u00fe\u00edn, \u00fev\u00ed a\u00f0 \u00e9g er miskunnsamur segir Drottinn, \u00e9g er ekki eil\u00edflega rei\u00f0ur.<a name=\"13\"><span class=\"versanumer\">13<\/span><\/a>Kannastu a\u00f0eins vi\u00f0 \u00e1vir\u00f0ing \u00fe\u00edna, a\u00f0 \u00fe\u00fa hefir rofi\u00f0 tr\u00fana\u00f0 vi\u00f0 Drottin, Gu\u00f0 \u00feinn, og hlaupi\u00f0 \u00fdmsar lei\u00f0ir til \u00feess a\u00f0 gefa \u00feig \u00e1 vald \u00fatlendum gu\u00f0um undir hverju gr\u00e6nu tr\u00e9, en minni raust hafi\u00f0 \u00fe\u00e9r ekki hl\u00fdtt segir Drottinn.<a name=\"14\"><span class=\"versanumer\">14<\/span><\/a>Hverfi\u00f0 aftur, \u00fe\u00e9r fr\u00e1horfnu synir segir Drottinn, \u00fev\u00ed a\u00f0 \u00e9g er herra y\u00f0ar. Og \u00e9g vil taka y\u00f0ur, einn \u00far hverri borg og tvo af hverjum kynstofni, og flytja y\u00f0ur til S\u00edonar,<a name=\"15\"><span class=\"versanumer\">15<\/span><\/a>og \u00e9g vil gefa y\u00f0ur hir\u00f0a eftir m\u00ednu hjarta, og \u00feeir munu g\u00e6ta y\u00f0ar me\u00f0 greind og hyggindum.<a name=\"16\"><span class=\"versanumer\">16<\/span><\/a>\u00c1 \u00feeim d\u00f6gum, \u00feegar y\u00f0ur fj\u00f6lgar og \u00fe\u00e9r ver\u00f0i\u00f0 frj\u00f3samir \u00ed landinu segir Drottinn, \u00fe\u00e1 munu menn eigi framar segja: S\u00e1ttm\u00e1ls\u00f6rk Drottins! H\u00fan mun engum \u00ed hug koma, og \u00feeir munu ekki minnast hennar n\u00e9 sakna hennar, n\u00e9 heldur munu menn framar b\u00faa a\u00f0ra til.<a name=\"17\"><span class=\"versanumer\">17<\/span><\/a>\u00de\u00e1 munu menn kalla Jer\u00fasalem h\u00e1s\u00e6ti Drottins og allar \u00fej\u00f3\u00f0ir munu safnast \u00feanga\u00f0 vegna nafns Drottins og eigi framar fara eftir \u00ferj\u00f3sku s\u00edns vonda hjarta.<a name=\"18\"><span class=\"versanumer\">18<\/span><\/a>\u00c1 \u00feeim d\u00f6gum mun J\u00fada h\u00fas ganga til \u00cdsraels h\u00fass, og \u00feeir munu halda saman \u00far landinu nor\u00f0ur fr\u00e1 inn \u00ed landi\u00f0, sem \u00e9g gaf fe\u00f0rum y\u00f0ar til eignar.<a name=\"19\"><span class=\"versanumer\">19<\/span><\/a>\u00c9g haf\u00f0i hugsa\u00f0: Hversu h\u00e1tt vil \u00e9g setja \u00feig me\u00f0al barnanna og gefa \u00fe\u00e9r una\u00f0slegt land, hina d\u00fdrlegustu arfleif\u00f0 me\u00f0al allra \u00fej\u00f3\u00f0a! Og enn fremur hugsa\u00f0i \u00e9g: \u00de\u00e9r skulu\u00f0 nefna mig f\u00f6\u00f0ur og eigi l\u00e1ta af a\u00f0 fylgja m\u00e9r.<a name=\"20\"><span class=\"versanumer\">20<\/span><\/a>En eins og kona ver\u00f0ur \u00f3tr\u00fa elskhuga s\u00ednum, eins ur\u00f0u\u00f0 \u00fe\u00e9r \u00f3tr\u00fair m\u00e9r, \u00cdsraels h\u00fas segir Drottinn.<a name=\"21\"><span class=\"versanumer\">21<\/span><\/a>Hlj\u00f3\u00f0 heyrist \u00e1 sk\u00f3glausu h\u00e6\u00f0unum: gr\u00e1tbi\u00f0jandi kvein \u00cdsraelsmanna, af \u00fev\u00ed a\u00f0 \u00feeir hafa breytt illa og gleymt Drottni Gu\u00f0i s\u00ednum.<a name=\"22\"><span class=\"versanumer\">22<\/span><\/a>Hverfi\u00f0 aftur, \u00fe\u00e9r fr\u00e1horfnu synir, \u00e9g vil l\u00e6kna fr\u00e1hvarfssyndir y\u00f0ar! H\u00e9r erum v\u00e9r, v\u00e9r komum til \u00fe\u00edn, \u00fev\u00ed a\u00f0 \u00fe\u00fa ert Drottinn Gu\u00f0 vor.<a name=\"23\"><span class=\"versanumer\">23<\/span><\/a>Vissulega er h\u00e1va\u00f0inn \u00e1 h\u00e6\u00f0unum svikull. Vissulega er hj\u00e1lp \u00cdsraels hj\u00e1 Drottni, Gu\u00f0i vorum.<a name=\"24\"><span class=\"versanumer\">24<\/span><\/a>Falsgu\u00f0inn hefir eytt afla fe\u00f0ra vorra allt fr\u00e1 \u00e6sku vorri, sau\u00f0um \u00feeirra og nautum, sonum \u00feeirra og d\u00e6trum.<a name=\"25\"><span class=\"versanumer\">25<\/span><\/a>V\u00e9r skulum leggjast ni\u00f0ur \u00ed sm\u00e1n vorri, og sk\u00f6mm vor hylji oss, \u00fev\u00ed a\u00f0 \u00e1 m\u00f3ti Drottni Gu\u00f0i vorum h\u00f6fum v\u00e9r syndga\u00f0, b\u00e6\u00f0i v\u00e9r og fe\u00f0ur vorir, fr\u00e1 \u00e6sku vorri og allt fram \u00e1 \u00feennan dag, og h\u00f6fum eigi hl\u00fdtt raustu Drottins Gu\u00f0s vors.<\/p>\n<div class=\"footnote1981\"><b>3.1<\/b> Ver\u00f0ur eiginkona annars 5M\u00f3s 24.1-4 \u2013 sn\u00faa aftur til Gu\u00f0s Jer 3.3,14; L\u00fak 5.18-19; 18.13-14 \u2013 landi\u00f0 vanhelgast Jer 2.7; 3.2,9<br \/>\n<b>3.2<\/b> Sv\u00edvirt Jer 2.20 \u2013 vi\u00f0 vegin &#8230; 1M\u00f3s 38.14; Esk 16.25; Okv 7.12<br \/>\n<b>3.3<\/b> Ekkert regn Jer 5.24-25; 14.4; 5M\u00f3s 28.23; Am 4.7<br \/>\n<b>3.4<\/b> Fa\u00f0ir og barn Jer 3.19; 2M\u00f3s 4.22; 5M\u00f3s 32.6; H\u00f3s 2.1; 11.1; Mal 1.6<br \/>\n<b>3.5<\/b> Alltaf gramur? Jer 2.35; 3.12; Jes 64.8; H\u00f3s 6.1-3<br \/>\n<b>3.6<\/b> J\u00f3s\u00eda Jer 1.2+ &#8211; hin \u00f3tr\u00faa Jer 31.22 \u2013 h\u00e1r h\u00f3ll og gr\u00e6nt tr\u00e9 Jer 2.20+<br \/>\n<b>3.7<\/b> V\u00edti til varna\u00f0ar L\u00fak 13.1-5; sbr Nah 3.6<br \/>\n<b>3.8<\/b> Skilna\u00f0arbr\u00e9f  Jes 50.1 \u2013 fall Samar\u00edu 2Kon 17.5-6 \u2013 systir hennar Esk 16.23<br \/>\n<b>3.9<\/b> Stokkum og steinum Jer 2.27<br \/>\n<b>3.10<\/b> Hin svikula H\u00f3s 7.13 \u2013 af hr\u00e6sni Jer 2.23,27,35; 3.4-5; 8.8; sbr H\u00f3s 6.1-6<br \/>\n<b>3.12<\/b> \u00cd nor\u00f0ur Jer 3.18; 16.15; 23.8; 31.8; sbr 1.14+ &#8211; hverf aftur Jer 3.14,22; 4.1; 5M\u00f3s 30.2-10; H\u00f3s 14.2 \u2013 ekki \u00e6vinlega rei\u00f0ur Jer 3.5; Slm 103.9, Hlj 3.31<br \/>\n<b>3.13<\/b> Framandi gu\u00f0i Jer 8.19+ &#8211; undir hverju gr\u00e6nu tr\u00e9 Jer 2.20+<br \/>\n<b>3.15<\/b> F\u00e1 y\u00f0ur hir\u00f0a Jer 23.4; 1Sam 2.35<br \/>\n<b>3.16<\/b> Frj\u00f3samir Jer 23.3; 5M\u00f3s 6.3; Jes 54.1; Sak 10.8; Bar 2.34; Post 6.7 \u2013 s\u00e1ttm\u00e1ls\u00f6rkin gl\u00f6tu\u00f0 1Kon 14.25-26; 2Kon 14.14; 25.9,13-17; Jer 52.13,17-23 sbr 2Makk 2.5<br \/>\n<b>3.17<\/b> H\u00e1s\u00e6ti Drottins Esk 43.7; Opb 22.3 \u2013 allar \u00fej\u00f3\u00f0ir M\u00edk 4.1+ ; sbr Jer 12.16 \u2013 vegna nafns Drottins Jer 7.10; 5M\u00f3s 12.5,11,21 \u2013 vont hjarta Jer 7.24; 9.13; 11.8; 13.10; 16.12; 18.12; 23.17, Slm 81.13<br \/>\n<b>3.18<\/b> J\u00fadamenn sameinast \u00cdsraelsm\u00f6nnum Jer 50.4; Esk 37.15-28<br \/>\n<b>3.19<\/b> Una\u00f0slegt land 2M\u00f3s 3.8; Esk 20.6; Dan 8.9; 11.16 \u2013 fa\u00f0ir og barn Jer 3.4; Jes 63.16; H\u00f3s 11.1; sbr Jer 2.27<br \/>\n<b>3.21<\/b> Gleymt Drottni Jer 2.32+<br \/>\n<b>3.22<\/b> Sn\u00fai\u00f0 aftur Jer 3.12+ &#8211; l\u00e6kna H\u00f3s 14.5<br \/>\n<b>3.23<\/b> H\u00e1va\u00f0inn 2M\u00f3s 32.; 4M\u00f3s 25.1-3; 1Kon 18.26 \u2013 Gu\u00f0 hj\u00e1lpar Slm 3.9; Jes 13.3+<br \/>\n<b>3.24<\/b> Sv\u00edvir\u00f0ingin Jer 5.31; 11.13; H\u00f3s 9.10 \u2013 gleypt au\u00f0 5M\u00f3s 28.33<br \/>\n<b>3.25<\/b> \u00cd sm\u00e1n Esr 9.6-7<\/div>\n","protected":false},"excerpt":{"rendered":"<p>1\u00deegar ma\u00f0ur rekur fr\u00e1 s\u00e9r konu s\u00edna, og h\u00fan fer fr\u00e1 honum og giftist \u00f6\u00f0rum manni, getur hann \u00fe\u00e1 horfi\u00f0 til hennar aftur? Mundi landi\u00f0 ekki vanhelgast af \u00fev\u00ed? En \u00fe\u00fa hefir dr\u00fdgt h\u00f3r me\u00f0 m\u00f6rgum fri\u00f0lum og \u00e6ttir \u00fe\u00f3 a\u00f0 sn\u00faa aftur til m\u00edn! segir Drottinn.2Renn augum \u00fe\u00ednum upp \u00e1 sk\u00f3glausu h\u00e6\u00f0irnar og g\u00e6t a\u00f0: Hvar hefir \u00fe\u00fa eigi h\u00f3rast? Vi\u00f0 vegina situr \u00fe\u00fa um fri\u00f0la eins og Arabi \u00ed ey\u00f0im\u00f6rkinni og vanhelgar landi\u00f0 me\u00f0 lausl\u00e6ti \u00fe\u00ednu og vonsku \u00feinni.3Og \u00fe\u00f3tt sk\u00farunum v\u00e6ri haldi\u00f0 aftur og ekkert vorregn k\u00e6mi, \u00fe\u00e1 varst \u00fe\u00fa me\u00f0 h\u00f3rusvip, \u00fe\u00fa vildir ekki skammast \u00fe\u00edn.4En <a href=\"https:\/\/biblian.is\/1981\/jeremia-3-kafli\/\"> [&#8230;]<\/a><\/p>\n","protected":false},"author":1,"featured_media":0,"parent":0,"menu_order":0,"comment_status":"open","ping_status":"open","template":"bibliukaflar.php","meta":{"footnotes":""},"class_list":["post-2095","page","type-page","status-publish","hentry"],"_links":{"self":[{"href":"https:\/\/biblian.is\/1981\/wp-json\/wp\/v2\/pages\/2095","targetHints":{"allow":["GET"]}}],"collection":[{"href":"https:\/\/biblian.is\/1981\/wp-json\/wp\/v2\/pages"}],"about":[{"href":"https:\/\/biblian.is\/1981\/wp-json\/wp\/v2\/types\/page"}],"author":[{"embeddable":true,"href":"https:\/\/biblian.is\/1981\/wp-json\/wp\/v2\/users\/1"}],"replies":[{"embeddable":true,"href":"https:\/\/biblian.is\/1981\/wp-json\/wp\/v2\/comments?post=2095"}],"version-history":[{"count":0,"href":"https:\/\/biblian.is\/1981\/wp-json\/wp\/v2\/pages\/2095\/revisions"}],"wp:attachment":[{"href":"https:\/\/biblian.is\/1981\/wp-json\/wp\/v2\/media?parent=2095"}],"curies":[{"name":"wp","href":"https:\/\/api.w.org\/{rel}","templated":true}]}}