{"id":2093,"date":"2017-11-18T20:20:08","date_gmt":"2017-11-18T20:20:08","guid":{"rendered":"http:\/\/biblian.is\/1981\/jeremia-1-kafli\/"},"modified":"2017-11-18T20:20:08","modified_gmt":"2017-11-18T20:20:08","slug":"jeremia-1-kafli","status":"publish","type":"page","link":"https:\/\/biblian.is\/1981\/jeremia-1-kafli\/","title":{"rendered":"Jerem\u00eda 1. kafli"},"content":{"rendered":"<p><a name=\"1\"><span class=\"versanumer\">1<\/span><\/a>R\u00e6\u00f0ur Jerem\u00eda Hilk\u00edasonar, er var einn af prestunum \u00ed Anat\u00f3t \u00ed Benjam\u00ednslandi,<a name=\"2\"><span class=\"versanumer\">2<\/span><\/a>en til hans kom or\u00f0 Drottins \u00e1 d\u00f6gum J\u00f3s\u00eda Am\u00f3nssonar, konungs \u00ed J\u00fada, \u00e1 \u00ferett\u00e1nda r\u00edkis\u00e1ri hans.<a name=\"3\"><span class=\"versanumer\">3<\/span><\/a>Og \u00fea\u00f0 kom enn fremur \u00e1 d\u00f6gum J\u00f3jak\u00edms J\u00f3s\u00edasonar, konungs \u00ed J\u00fada, allt til \u00e1rsloka hins ellefta \u00e1rs Sedek\u00eda J\u00f3s\u00edasonar, konungs \u00ed J\u00fada, allt til herlei\u00f0ingar Jer\u00fasalemb\u00faa \u00ed fimmta m\u00e1nu\u00f0inum.<a name=\"4\"><span class=\"versanumer\">4<\/span><\/a>Or\u00f0 Drottins kom til m\u00edn:<a name=\"5\"><span class=\"versanumer\">5<\/span><\/a>\u00c1\u00f0ur en \u00e9g mynda\u00f0i \u00feig \u00ed m\u00f3\u00f0url\u00edfi, \u00fatvaldi \u00e9g \u00feig, og \u00e1\u00f0ur en \u00fe\u00fa komst af m\u00f3\u00f0urkvi\u00f0i, helga\u00f0i \u00e9g \u00feig. \u00c9g hefi \u00e1kvar\u00f0a\u00f0 \u00feig til a\u00f0 vera sp\u00e1mann \u00fej\u00f3\u00f0anna!<a name=\"6\"><span class=\"versanumer\">6<\/span><\/a>\u00de\u00e1 sag\u00f0i \u00e9g: \u00c6, herra Drottinn! Sj\u00e1, \u00e9g kann ekki a\u00f0 tala, \u00fev\u00ed a\u00f0 \u00e9g er enn svo ungur.<a name=\"7\"><span class=\"versanumer\">7<\/span><\/a>En Drottinn sag\u00f0i vi\u00f0 mig: Seg ekki: \u00c9g er enn svo ungur! heldur skalt \u00fe\u00fa fara til allra, sem \u00e9g sendi \u00feig til, og tala allt \u00fea\u00f0, er \u00e9g b\u00fd\u00f0 \u00fe\u00e9r.<a name=\"8\"><span class=\"versanumer\">8<\/span><\/a>\u00de\u00fa skalt ekki \u00f3ttast \u00fe\u00e1, \u00fev\u00ed a\u00f0 \u00e9g er me\u00f0 \u00fe\u00e9r til \u00feess a\u00f0 frelsa \u00feig! segir Drottinn.<a name=\"9\"><span class=\"versanumer\">9<\/span><\/a>\u00dev\u00ed n\u00e6st r\u00e9tti Drottinn \u00fat h\u00f6nd s\u00edna og snart munn minn. Og Drottinn sag\u00f0i vi\u00f0 mig: Sj\u00e1, \u00e9g legg or\u00f0 m\u00edn \u00fe\u00e9r \u00ed munn.<a name=\"10\"><span class=\"versanumer\">10<\/span><\/a>Sj\u00e1 \u00fe\u00fa, \u00e9g set \u00feig \u00ed dag yfir \u00fej\u00f3\u00f0irnar og yfir konungsr\u00edkin til \u00feess a\u00f0 uppr\u00e6ta og umturna, ey\u00f0a og r\u00edfa ni\u00f0ur, byggja og gr\u00f3\u00f0ursetja!<a name=\"11\"><span class=\"versanumer\">11<\/span><\/a>Or\u00f0 Drottins kom til m\u00edn: Hva\u00f0 s\u00e9r \u00fe\u00fa, Jerem\u00eda? \u00c9g svara\u00f0i: \u00c9g s\u00e9 m\u00f6ndluvi\u00f0argrein.<a name=\"12\"><span class=\"versanumer\">12<\/span><\/a>En Drottinn sag\u00f0i vi\u00f0 mig: \u00de\u00fa hefir s\u00e9\u00f0 r\u00e9tt, \u00fev\u00ed a\u00f0 \u00e9g vaki yfir or\u00f0i m\u00ednu til \u00feess a\u00f0 framkv\u00e6ma \u00fea\u00f0.<a name=\"13\"><span class=\"versanumer\">13<\/span><\/a>\u00de\u00e1 kom or\u00f0 Drottins til m\u00edn anna\u00f0 sinn: Hva\u00f0 s\u00e9r \u00fe\u00fa? \u00c9g svara\u00f0i: \u00c9g s\u00e9 sj\u00f3\u00f0andi pott, og sn\u00fdr hann framhli\u00f0inni a\u00f0 oss \u00far nor\u00f0ri.<a name=\"14\"><span class=\"versanumer\">14<\/span><\/a>\u00de\u00e1 sag\u00f0i Drottinn vi\u00f0 mig: \u00dar nor\u00f0ri mun \u00f3g\u00e6fan koma sj\u00f3\u00f0andi yfir alla \u00edb\u00faa landsins.<a name=\"15\"><span class=\"versanumer\">15<\/span><\/a>\u00dev\u00ed sj\u00e1, \u00e9g kalla allar \u00e6ttkv\u00edslir r\u00edkjanna \u00ed nor\u00f0ri Drottinn segir \u00fea\u00f0, til \u00feess a\u00f0 \u00feeir komi og reisi hver og einn upp h\u00e1s\u00e6ti sitt \u00fati fyrir hli\u00f0um Jer\u00fasalem og gegn \u00f6llum m\u00farum hennar hringinn \u00ed kring og gegn \u00f6llum borgum \u00ed J\u00fada.<a name=\"16\"><span class=\"versanumer\">16<\/span><\/a>Og \u00e9g mun kve\u00f0a upp d\u00f3ma m\u00edna yfir \u00feeim, vegna allrar illsku \u00feeirra, a\u00f0 \u00feeir hafa yfirgefi\u00f0 mig og f\u00e6rt \u00f6\u00f0rum gu\u00f0um reykelsisf\u00f3rnir og falli\u00f0 fram fyrir handaverkum s\u00ednum.<a name=\"17\"><span class=\"versanumer\">17<\/span><\/a>En gyr\u00f0 \u00fe\u00fa lendar \u00fe\u00ednar, statt upp og tala til \u00feeirra allt, sem \u00e9g b\u00fd\u00f0 \u00fe\u00e9r. Vertu ekki hr\u00e6ddur vi\u00f0 \u00fe\u00e1, til \u00feess a\u00f0 \u00e9g gj\u00f6ri \u00feig ekki hr\u00e6ddan frammi fyrir \u00feeim.<a name=\"18\"><span class=\"versanumer\">18<\/span><\/a>Sj\u00e1, \u00e9g gj\u00f6ri \u00feig \u00ed dag a\u00f0 rammbygg\u00f0ri borg og a\u00f0 j\u00e1rns\u00falu og a\u00f0 eirveggjum gegn \u00f6llu landinu, gegn J\u00fadakonungunum, gegn h\u00f6f\u00f0ingjum \u00feess, gegn prestum \u00feess og gegn \u00f6llum landsl\u00fd\u00f0num,<a name=\"19\"><span class=\"versanumer\">19<\/span><\/a>og \u00fe\u00f3tt \u00feeir berjist gegn \u00fe\u00e9r, \u00fe\u00e1 munu \u00feeir eigi f\u00e1 yfirstigi\u00f0 \u00feig, \u00fev\u00ed a\u00f0 \u00e9g er me\u00f0 \u00fe\u00e9r til \u00feess a\u00f0 frelsa \u00feig Drottinn segir \u00fea\u00f0.   2.-25. kap\u00edtuli<\/p>\n<div class=\"footnote1981\"><b>1.1<\/b> R\u00e6\u00f0ur Jerem\u00eda Jer 51.64<br \/>\n<b>1.2<\/b> \u00c1 d\u00f6gum J\u00f3s\u00eda 2Kon 21.24-23.30; Jer 3.6; 36.2; Sef 1.1 \u2013 \u00e1 \u00ferett\u00e1nda stj\u00f3rnar\u00e1ri Jer 25.3; sbr 36.2<br \/>\n<b>1.3<\/b> \u00c1 d\u00f6gum J\u00f3jak\u00edms 2Kon 23.36-24.6; Jer 22.13-19; 26.1,21; 36.1 \u2013 Sedek\u00eda 2Kon 24.17-25.7; Jer 21.1-10; 24.8; 28.1; 32.1; 37-38; 39.1-2; 51.59 \u2013 herlei\u00f0ing Jer\u00fasalemb\u00faa 2Kon 25.8-21; Jer 39.9; 52.15,28-30<br \/>\n<b>1.5<\/b> \u00c9g m\u00f3ta\u00f0i \u00feig Jer 18.6; 1M\u00f3s 2.7; Slm 33.15; 139.13-16; Job 10.8-12; 2Makk 7.22-23; SSal 7.1; sbr Jes 43.1; 44.2,21,24; 49.1-5; Slm 22.10 \u2013 valdi \u00feig Am 3.2; J\u00f3h 10.27; R\u00f3m 8.29 \u2013 helga\u00f0i \u00feig Jer 2.3; 12.3; 3M\u00f3s 20.26; Slm 105.15 \u2013 fyrir f\u00e6\u00f0ingu D\u00f3m 13.5; Jes 49.1-5; S\u00edr 49.7; L\u00fak 1.15,35; Gal 1.15; sbr J\u00f3h 10.36<br \/>\n<b>1.6<\/b> Svo ungur sbr 1Kon 3.7; Job 32.4,6; L\u00fak 3.23<br \/>\n<b>1.7<\/b> \u00c1rangurslausar m\u00f3tb\u00e1rur 2M\u00f3s 4.11-12 \u2013 \u00e9g sendi \u00feig Jes 6.8; Esk 2.3-7<br \/>\n<b>1.8<\/b> Me\u00f0 \u00fe\u00e9r Jer 1.19; 15.20; 30.11; 1M\u00f3s 26.24; 2M\u00f3s 3.12; D\u00f3m 6.12; Jes 7.14; 41.10; Sef 3.17; Matt 28.20; R\u00f3m 8.31<br \/>\n<b>1.9<\/b> Snerti munn minn Jes 6.7; Dan 10.16; sbr Esk 2.8-3.3 \u2013 or\u00f0 m\u00edn \u00fe\u00e9r \u00ed munn Jer 5.14; 15.19; 2M\u00f3s 4.12,15; 5M\u00f3s 18.18; Jes 51.16<br \/>\n<b>1.10<\/b> Yfir \u00fej\u00f3\u00f0um Jer 12.14-17; 25.15-38; 27.1-11; 44.30; 46-51; Jes 42.1; Post 9.15 \u2013 uppr\u00e6ta, umturna &#8230; Jer 18.7; 31.28; 45.4; S\u00edr 49.7; sbr Jer 12.14 \u2013 byggja og gr\u00f3\u00f0ursetja Jer 18.9; 24.6; 31.28; 32.41; 42.10; sbr 31.4<br \/>\n<b>1.11<\/b> Hva\u00f0 s\u00e9r\u00f0u? Jer 24.3; Am 7.8; 8.2<br \/>\n<b>1.12<\/b> Gu\u00f0 vakir Jer 31.28; 44.27; Dan 9.14; Bar 2.9 \u2013 yfir or\u00f0i s\u00ednu Jer 23.29; 44.29; 51.62-64; J\u00f3s 23.14; 1Sam 3.19, Jes 55.10-11; Hab 2.3; T\u00f3b 14.4; Matt 5.18; 2P\u00e9t 3.9<br \/>\n<b>1.14<\/b> \u00dar nor\u00f0ri (\u00f3g\u00e6fa) Jer 4.6; 6.1,22; 10.22; 13.20; 15.12; 25.9; 46.10,20; 47.2; 50.3,41; 51.48; Jes 14.31; Esk 38.14-16; Jl 2.20<br \/>\n<b>1.15<\/b> Gu\u00f0 kallar Jer 25.9; Jes 5.26 \u2013 h\u00e1s\u00e6ti \u00f3vinanna Jer 39.3; 43.10<br \/>\n<b>1.16<\/b> Yfirg\u00e1fu mig Jer 2.13+ &#8211; f\u00e6r\u00f0u f\u00f3rnir Jer 7.9; 11.12; 18.15; 19.4,13; 32.29; 44.3,17-18<br \/>\n<b>1.17<\/b> Gyr\u00f0a lendar \u00fe\u00ednar 2Kon 4.29; 9.1; Job 38.3; 40.7; sbr L\u00fak 12.35+ &#8211; l\u00e1ttu ekki hugfallast Jer 10.3; 30.10 \u2013 ella &#8230; Jes 7.9; Matt 13.12<\/div>\n","protected":false},"excerpt":{"rendered":"<p>1R\u00e6\u00f0ur Jerem\u00eda Hilk\u00edasonar, er var einn af prestunum \u00ed Anat\u00f3t \u00ed Benjam\u00ednslandi,2en til hans kom or\u00f0 Drottins \u00e1 d\u00f6gum J\u00f3s\u00eda Am\u00f3nssonar, konungs \u00ed J\u00fada, \u00e1 \u00ferett\u00e1nda r\u00edkis\u00e1ri hans.3Og \u00fea\u00f0 kom enn fremur \u00e1 d\u00f6gum J\u00f3jak\u00edms J\u00f3s\u00edasonar, konungs \u00ed J\u00fada, allt til \u00e1rsloka hins ellefta \u00e1rs Sedek\u00eda J\u00f3s\u00edasonar, konungs \u00ed J\u00fada, allt til herlei\u00f0ingar Jer\u00fasalemb\u00faa \u00ed fimmta m\u00e1nu\u00f0inum.4Or\u00f0 Drottins kom til m\u00edn:5\u00c1\u00f0ur en \u00e9g mynda\u00f0i \u00feig \u00ed m\u00f3\u00f0url\u00edfi, \u00fatvaldi \u00e9g \u00feig, og \u00e1\u00f0ur en \u00fe\u00fa komst af m\u00f3\u00f0urkvi\u00f0i, helga\u00f0i \u00e9g \u00feig. \u00c9g hefi \u00e1kvar\u00f0a\u00f0 \u00feig til a\u00f0 vera sp\u00e1mann \u00fej\u00f3\u00f0anna!6\u00de\u00e1 sag\u00f0i \u00e9g: \u00c6, herra Drottinn! Sj\u00e1, \u00e9g kann ekki a\u00f0 tala, <a href=\"https:\/\/biblian.is\/1981\/jeremia-1-kafli\/\"> [&#8230;]<\/a><\/p>\n","protected":false},"author":1,"featured_media":0,"parent":0,"menu_order":0,"comment_status":"open","ping_status":"open","template":"bibliukaflar.php","meta":{"footnotes":""},"class_list":["post-2093","page","type-page","status-publish","hentry"],"_links":{"self":[{"href":"https:\/\/biblian.is\/1981\/wp-json\/wp\/v2\/pages\/2093","targetHints":{"allow":["GET"]}}],"collection":[{"href":"https:\/\/biblian.is\/1981\/wp-json\/wp\/v2\/pages"}],"about":[{"href":"https:\/\/biblian.is\/1981\/wp-json\/wp\/v2\/types\/page"}],"author":[{"embeddable":true,"href":"https:\/\/biblian.is\/1981\/wp-json\/wp\/v2\/users\/1"}],"replies":[{"embeddable":true,"href":"https:\/\/biblian.is\/1981\/wp-json\/wp\/v2\/comments?post=2093"}],"version-history":[{"count":0,"href":"https:\/\/biblian.is\/1981\/wp-json\/wp\/v2\/pages\/2093\/revisions"}],"wp:attachment":[{"href":"https:\/\/biblian.is\/1981\/wp-json\/wp\/v2\/media?parent=2093"}],"curies":[{"name":"wp","href":"https:\/\/api.w.org\/{rel}","templated":true}]}}