{"id":2092,"date":"2017-11-18T20:20:08","date_gmt":"2017-11-18T20:20:08","guid":{"rendered":"http:\/\/biblian.is\/1981\/jesaja-66-kafli\/"},"modified":"2017-11-18T20:20:08","modified_gmt":"2017-11-18T20:20:08","slug":"jesaja-66-kafli","status":"publish","type":"page","link":"https:\/\/biblian.is\/1981\/jesaja-66-kafli\/","title":{"rendered":"Jesaja 66. kafli"},"content":{"rendered":"<p><a name=\"1\"><span class=\"versanumer\">1<\/span><\/a>Svo segir Drottinn: Himinninn er h\u00e1s\u00e6ti mitt og j\u00f6r\u00f0in er f\u00f3tsk\u00f6r m\u00edn. Hva\u00f0a h\u00fas munu\u00f0 \u00fe\u00e9r geta reist m\u00e9r, og hvar er s\u00e1 sta\u00f0ur, sem veri\u00f0 geti b\u00fasta\u00f0ur minn?<a name=\"2\"><span class=\"versanumer\">2<\/span><\/a>H\u00f6nd m\u00edn hefir gj\u00f6rt allt \u00feetta og \u00feannig er \u00fea\u00f0 allt til or\u00f0i\u00f0 segir Drottinn. \u00deeir sem \u00e9g l\u00edt til, eru hinir \u00fej\u00e1\u00f0u og \u00feeir er hafa sundurmarinn anda og skj\u00e1lfa fyrir or\u00f0i m\u00ednu.<a name=\"3\"><span class=\"versanumer\">3<\/span><\/a>S\u00e1 sem sl\u00e1trar uxa, er ekki m\u00e6tari en manndr\u00e1pari, s\u00e1 sem f\u00f3rnar sau\u00f0, er ekki m\u00e6tari en s\u00e1 sem hengir hund, s\u00e1 sem f\u00e6rir f\u00f3rnargj\u00f6f, ekki m\u00e6tari en s\u00e1 sem ber fram sv\u00ednabl\u00f3\u00f0, s\u00e1 sem brennir reykelsi, ekki m\u00e6tari en s\u00e1 sem blessar skur\u00f0go\u00f0. Eins og \u00feeir hafa vali\u00f0 s\u00edna vegu og eins og s\u00e1l \u00feeirra hefir m\u00e6tur \u00e1 hinum vi\u00f0urstyggilegu go\u00f0um \u00feeirra,<a name=\"4\"><span class=\"versanumer\">4<\/span><\/a>eins mun \u00e9g l\u00e1ta m\u00e9r vel l\u00edka a\u00f0 hrj\u00e1 \u00fe\u00e1 og l\u00e1ta yfir \u00fe\u00e1 koma \u00fea\u00f0, er \u00feeir hr\u00e6\u00f0ast. \u00dev\u00ed a\u00f0 enginn gegndi, \u00feegar \u00e9g kalla\u00f0i, og \u00feeir heyr\u00f0u ekki, \u00feegar \u00e9g tala\u00f0i, heldur a\u00f0h\u00f6f\u00f0ust \u00fea\u00f0, sem illt var \u00ed m\u00ednum augum, og h\u00f6f\u00f0u m\u00e6tur \u00e1 \u00fev\u00ed, sem m\u00e9r misl\u00edka\u00f0i.<a name=\"5\"><span class=\"versanumer\">5<\/span><\/a>Heyri\u00f0 or\u00f0 Drottins, \u00fe\u00e9r sem skj\u00e1lfi\u00f0 fyrir or\u00f0i hans! Br\u00e6\u00f0ur y\u00f0ar, er hata y\u00f0ur og reka y\u00f0ur burt fr\u00e1 s\u00e9r fyrir sakir nafns m\u00edns, \u00feeir segja: Gj\u00f6ri Drottinn sig d\u00fdrlegan, svo a\u00f0 v\u00e9r megum sj\u00e1 gle\u00f0i y\u00f0ar! En \u00feeir skulu til skammar ver\u00f0a.<a name=\"6\"><span class=\"versanumer\">6<\/span><\/a>Heyr gn\u00fdinn fr\u00e1 borginni, heyr \u00f3minn fr\u00e1 musterinu! Heyr, Drottinn geldur \u00f3vinum s\u00ednum fyrir tilverkna\u00f0 \u00feeirra!<a name=\"7\"><span class=\"versanumer\">7<\/span><\/a>H\u00fan f\u00e6\u00f0ir, \u00e1\u00f0ur en h\u00fan kennir s\u00edn, h\u00fan er or\u00f0in l\u00e9ttari a\u00f0 sveinbarni, \u00e1\u00f0ur en h\u00fan tekur j\u00f3\u00f0s\u00f3ttina.<a name=\"8\"><span class=\"versanumer\">8<\/span><\/a>Hver hefir heyrt sl\u00edkt? Hver hefir s\u00e9\u00f0 sl\u00edka hluti? Er nokkurt land \u00ed heiminn bori\u00f0 \u00e1 einum degi, e\u00f0a f\u00e6\u00f0ist nokkur \u00fej\u00f3\u00f0 allt \u00ed einu? \u00dev\u00ed a\u00f0 \u00f3\u00f0ara en S\u00edon hefir kennt s\u00f3ttar, hefir h\u00fan ali\u00f0 b\u00f6rn s\u00edn.<a name=\"9\"><span class=\"versanumer\">9<\/span><\/a>Skyldi \u00e9g l\u00e1ta barni\u00f0 komast \u00ed bur\u00f0arli\u00f0inn og ekki l\u00e1ta \u00fea\u00f0 f\u00e6\u00f0ast? segir Drottinn. E\u00f0a skyldi \u00e9g, sem l\u00e6t barni\u00f0 f\u00e6\u00f0ast, loka m\u00f3\u00f0urkvi\u00f0num? segir Gu\u00f0 \u00feinn.<a name=\"10\"><span class=\"versanumer\">10<\/span><\/a>Gle\u00f0jist me\u00f0 Jer\u00fasalem og fagni\u00f0 yfir henni, allir \u00fe\u00e9r sem elski\u00f0 hana! K\u00e6tist me\u00f0 henni, allir \u00fe\u00e9r sem n\u00fa hryggist yfir henni,<a name=\"11\"><span class=\"versanumer\">11<\/span><\/a>svo a\u00f0 \u00fe\u00e9r megi\u00f0 sj\u00faga og saddir ver\u00f0a vi\u00f0 hugsvalandi brj\u00f3st hennar, svo a\u00f0 \u00fe\u00e9r megi\u00f0 teyga og g\u00e6\u00f0a y\u00f0ur vi\u00f0 d\u00fdr\u00f0argn\u00f3tt hennar.<a name=\"12\"><span class=\"versanumer\">12<\/span><\/a>\u00dev\u00ed a\u00f0 svo segir Drottinn: Sj\u00e1, \u00e9g veiti vels\u00e6ld til hennar eins og flj\u00f3ti, og au\u00f0\u00e6fum \u00fej\u00f3\u00f0anna eins og bakkafullum l\u00e6k. \u00de\u00e9r skulu\u00f0 liggja \u00e1 brj\u00f3stum hennar og skulu\u00f0 bornir ver\u00f0a \u00e1 mj\u00f6\u00f0minni og y\u00f0ur skal hossa\u00f0 ver\u00f0a \u00e1 hnj\u00e1num.<a name=\"13\"><span class=\"versanumer\">13<\/span><\/a>Eins og m\u00f3\u00f0ir huggar son sinn, eins mun \u00e9g hugga y\u00f0ur. \u00cd Jer\u00fasalem skulu\u00f0 \u00fe\u00e9r hugga\u00f0ir ver\u00f0a.<a name=\"14\"><span class=\"versanumer\">14<\/span><\/a>\u00de\u00e9r munu\u00f0 sj\u00e1 \u00fea\u00f0, og hjarta y\u00f0ar mun fagna og bein y\u00f0ar bl\u00f3mgast sem gr\u00e6ngresi. H\u00f6nd Drottins mun kunn ver\u00f0a \u00e1 \u00fej\u00f3num hans, og hann mun l\u00e1ta \u00f3vini s\u00edna kenna \u00e1 rei\u00f0i sinni.<a name=\"15\"><span class=\"versanumer\">15<\/span><\/a>\u00dev\u00ed sj\u00e1, Drottinn kemur \u00ed eldi, og vagnar hans eru sem vindbylur, til \u00feess a\u00f0 gjalda rei\u00f0i s\u00edna \u00ed heift og h\u00f3tun s\u00edna \u00ed eldslogum.<a name=\"16\"><span class=\"versanumer\">16<\/span><\/a>\u00dev\u00ed a\u00f0 Drottinn mun d\u00f3m heyja me\u00f0 eldi, og me\u00f0 sver\u00f0i s\u00ednu yfir \u00f6llu holdi, og \u00feeir munu margir ver\u00f0a, er Drottinn fellir.<a name=\"17\"><span class=\"versanumer\">17<\/span><\/a>\u00deeir sem helga sig og hreinsa sig til \u00feess a\u00f0 fara inn \u00ed f\u00f3rnarlundana, bak vi\u00f0 einhvern, sem fyrir mi\u00f0ju er, sem eta sv\u00ednakj\u00f6t, vi\u00f0urstyggileg skri\u00f0d\u00fdr og m\u00fds \u00feeir skulu allir undir lok l\u00ed\u00f0a segir Drottinn.<a name=\"18\"><span class=\"versanumer\">18<\/span><\/a>En \u00e9g \u00feekki athafnir \u00feeirra og hugsanir. S\u00e1 t\u00edmi kemur, a\u00f0 \u00e9g mun saman safna \u00f6llum \u00fej\u00f3\u00f0um og tungum, og \u00fe\u00e6r skulu koma og sj\u00e1 m\u00edna d\u00fdr\u00f0.<a name=\"19\"><span class=\"versanumer\">19<\/span><\/a>Og \u00e9g mun gj\u00f6ra t\u00e1kn \u00e1 \u00feeim og senda fl\u00f3ttamenn fr\u00e1 \u00feeim til \u00fej\u00f3\u00f0anna, til Tarsis, P\u00fat og L\u00fad, sem benda boga, til T\u00fabal og Javan, til hinna fjarl\u00e6gu eylanda, sem ekki hafa neina fregn af m\u00e9r og ekki hafa s\u00e9\u00f0 d\u00fdr\u00f0 m\u00edna, og \u00feeir skulu kunngj\u00f6ra d\u00fdr\u00f0 m\u00edna me\u00f0al \u00fej\u00f3\u00f0anna.<a name=\"20\"><span class=\"versanumer\">20<\/span><\/a>\u00deeir munu flytja alla br\u00e6\u00f0ur y\u00f0ar heim fr\u00e1 \u00f6llum \u00fej\u00f3\u00f0um sem f\u00f3rnargj\u00f6f Drottni til handa, \u00e1 hestum og \u00e1 v\u00f6gnum, \u00ed bur\u00f0arst\u00f3lum, \u00e1 m\u00falum og \u00falf\u00f6ldum, til m\u00edns heilaga fjalls, til Jer\u00fasalem segir Drottinn eins og \u00feegar \u00cdsraelsmenn f\u00e6ra f\u00f3rnargjafir \u00ed hreinum kerum til h\u00fass Drottins.<a name=\"21\"><span class=\"versanumer\">21<\/span><\/a>Og af \u00feeim mun \u00e9g einnig taka presta og lev\u00edta segir Drottinn.<a name=\"22\"><span class=\"versanumer\">22<\/span><\/a>J\u00e1, eins og hinn n\u00fdi himinn og hin n\u00fdja j\u00f6r\u00f0, sem \u00e9g skapa, munu standa st\u00f6\u00f0ug fyrir m\u00ednu augliti segir Drottinn eins mun afsprengi y\u00f0ar og nafn standa st\u00f6\u00f0ugt.<a name=\"23\"><span class=\"versanumer\">23<\/span><\/a>Og \u00e1 m\u00e1nu\u00f0i hverjum, tunglkomudaginn, og \u00e1 viku hverri, hv\u00edldardaginn, skal allt hold koma til \u00feess a\u00f0 falla fram fyrir m\u00e9r segir Drottinn.<a name=\"24\"><span class=\"versanumer\">24<\/span><\/a>\u00deeir munu ganga \u00fat og sj\u00e1 hr\u00e6 \u00feeirra manna, er rofi\u00f0 hafa tr\u00fa vi\u00f0 mig. \u00dev\u00ed a\u00f0 ormur \u00feeirra mun ekki deyja og eldur \u00feeirra ekki slokkna, og \u00feeir munu vi\u00f0urstygg\u00f0 vera \u00f6llu holdi.<\/p>\n<div class=\"footnote1981\"><b>66.1<\/b> Sj\u00e1 Matt 5.34-35 \u2013 h\u00e1s\u00e6ti Gu\u00f0s Slm 11.4+ ; sbr Jes 57.15 \u2013 h\u00fas reist m\u00e9r Hag 1.3,4,14 \u2013 hv\u00edldarsta\u00f0ur minn Slm 132.13-14; sbr Jes 60.13; 1Kon 8.27; 5M\u00f3s 12.5<br \/>\n<b>66.2<\/b> Allt er mitt Slm 50.8-12 \u2013 skelfur fyrir or\u00f0i m\u00ednu Jes 66.5; Esr 9.4; 10.3<br \/>\n<b>66.3<\/b> Manndr\u00e1pari sbr Jes 57.5 \u2013 sv\u00ednabl\u00f3\u00f0 Jes 65.4+<br \/>\n<b>66.4<\/b> Enginn Jes 41.28+ &#8211; kalla\u00f0 \u00e1n svars Jes 50.2+ &#8211; enginn hlusta\u00f0i 2\u00deess 1.8<br \/>\n<b>66.5<\/b> Drottinn birtist \u00ed d\u00fdr\u00f0 2\u00deess 1.10 \u2013 Drottni \u00f6gra\u00f0 Jes 5.19; Jer 17.15; 2P\u00e9t 3.4<br \/>\n<b>66.6<\/b> R\u00f6dd Drottins Jer 25.30<br \/>\n<b>66.7<\/b> Jer\u00fasalem sem m\u00f3\u00f0ir Jes 49.20-22 \u2013 sveinbarn Opb 12.5<br \/>\n<b>66.8<\/b> Hver hefur heyrt anna\u00f0 eins &#8230; s\u00e9\u00f0? Jes 64.3<br \/>\n<b>66.10<\/b> Gle\u00f0jist Jes 61.3; 65.18-19; J\u00f3h 16.20<br \/>\n<b>66.12<\/b> Eins og flj\u00f3ti Jes 48.18 \u2013 au\u00f0\u00e6fum \u00fej\u00f3\u00f0anna sbr Jes 60.13; 61.6<br \/>\n<b>66.13<\/b> Huggar Jes 40.1+<br \/>\n<b>66.14<\/b> Fagna Jes 60.5<br \/>\n<b>66.15<\/b> Endurgjalda 2\u00deess 1.8<br \/>\n<b>66.16<\/b> D\u00f3mur yfir \u00f6llum Jer 25.30-33 \u2013 eldi, sver\u00f0i Esk 21.1-17; sbr Jes 64.1<br \/>\n<b>66.17<\/b> Helga sig Jes 65.5 \u2013 gar\u00f0ana Jes 65.3<br \/>\n<b>66.18<\/b> Stefna saman M\u00edk 4.1+ &#8211; sj\u00e1 d\u00fdr\u00f0 m\u00edna Jes 40.5; 60.1-3<br \/>\n<b>66.19<\/b> T\u00e1kn Jes 7.14; Slm 78.43 \u2013 Tarsis Jes 60.9+ ; 1M\u00f3s 10.4 \u2013 P\u00fat og L\u00fad 1M\u00f3s 10.6-13; Jer 46.9 \u2013 T\u00fabal 1M\u00f3s 10.2 \u2013 Javan 1M\u00f3s 10.2,4 \u2013 eyjum Jes 40.15+<br \/>\n<b>66.20<\/b> Flytja heim Jes 14.2; 49.22; 60.4,9<br \/>\n<b>66.21<\/b> Prestar Jes 56.3-7<br \/>\n<b>66.22<\/b> N\u00fdr himinn, n\u00fd j\u00f6r\u00f0 Jes 65.17+<br \/>\n<b>66.23<\/b> Allt hold Jes 40.5; Slm 65.3<br \/>\n<b>66.24<\/b> Ma\u00f0kar, eldur J\u00fadt 16.18; S\u00edr 7.17; Mrk 9.48<\/div>\n","protected":false},"excerpt":{"rendered":"<p>1Svo segir Drottinn: Himinninn er h\u00e1s\u00e6ti mitt og j\u00f6r\u00f0in er f\u00f3tsk\u00f6r m\u00edn. Hva\u00f0a h\u00fas munu\u00f0 \u00fe\u00e9r geta reist m\u00e9r, og hvar er s\u00e1 sta\u00f0ur, sem veri\u00f0 geti b\u00fasta\u00f0ur minn?2H\u00f6nd m\u00edn hefir gj\u00f6rt allt \u00feetta og \u00feannig er \u00fea\u00f0 allt til or\u00f0i\u00f0 segir Drottinn. \u00deeir sem \u00e9g l\u00edt til, eru hinir \u00fej\u00e1\u00f0u og \u00feeir er hafa sundurmarinn anda og skj\u00e1lfa fyrir or\u00f0i m\u00ednu.3S\u00e1 sem sl\u00e1trar uxa, er ekki m\u00e6tari en manndr\u00e1pari, s\u00e1 sem f\u00f3rnar sau\u00f0, er ekki m\u00e6tari en s\u00e1 sem hengir hund, s\u00e1 sem f\u00e6rir f\u00f3rnargj\u00f6f, ekki m\u00e6tari en s\u00e1 sem ber fram sv\u00ednabl\u00f3\u00f0, s\u00e1 sem brennir reykelsi, ekki m\u00e6tari <a href=\"https:\/\/biblian.is\/1981\/jesaja-66-kafli\/\"> [&#8230;]<\/a><\/p>\n","protected":false},"author":1,"featured_media":0,"parent":0,"menu_order":0,"comment_status":"open","ping_status":"open","template":"bibliukaflar.php","meta":{"footnotes":""},"class_list":["post-2092","page","type-page","status-publish","hentry"],"_links":{"self":[{"href":"https:\/\/biblian.is\/1981\/wp-json\/wp\/v2\/pages\/2092","targetHints":{"allow":["GET"]}}],"collection":[{"href":"https:\/\/biblian.is\/1981\/wp-json\/wp\/v2\/pages"}],"about":[{"href":"https:\/\/biblian.is\/1981\/wp-json\/wp\/v2\/types\/page"}],"author":[{"embeddable":true,"href":"https:\/\/biblian.is\/1981\/wp-json\/wp\/v2\/users\/1"}],"replies":[{"embeddable":true,"href":"https:\/\/biblian.is\/1981\/wp-json\/wp\/v2\/comments?post=2092"}],"version-history":[{"count":0,"href":"https:\/\/biblian.is\/1981\/wp-json\/wp\/v2\/pages\/2092\/revisions"}],"wp:attachment":[{"href":"https:\/\/biblian.is\/1981\/wp-json\/wp\/v2\/media?parent=2092"}],"curies":[{"name":"wp","href":"https:\/\/api.w.org\/{rel}","templated":true}]}}