{"id":2090,"date":"2017-11-18T20:20:08","date_gmt":"2017-11-18T20:20:08","guid":{"rendered":"http:\/\/biblian.is\/1981\/jesaja-64-kafli\/"},"modified":"2017-11-18T20:20:08","modified_gmt":"2017-11-18T20:20:08","slug":"jesaja-64-kafli","status":"publish","type":"page","link":"https:\/\/biblian.is\/1981\/jesaja-64-kafli\/","title":{"rendered":"Jesaja 64. kafli"},"content":{"rendered":"<p><a name=\"1\"><span class=\"versanumer\">1<\/span><\/a>\u00d3, a\u00f0 \u00fe\u00fa sundurrifir himininn og f\u00e6rir ofan, svo a\u00f0 fj\u00f6llin n\u00f6tru\u00f0u fyrir augliti \u00fe\u00ednu eins og \u00feegar eldur kveikir \u00ed \u00feurru limi e\u00f0a \u00feegar eldur kemur vatni til a\u00f0 vella, til \u00feess a\u00f0 gj\u00f6ra \u00f3vinum \u00fe\u00ednum kunnugt nafn \u00feitt, svo a\u00f0 \u00fej\u00f3\u00f0irnar m\u00e6ttu skj\u00e1lfa fyrir augliti \u00fe\u00ednu,<a name=\"2\"><span class=\"versanumer\">2<\/span><\/a>er \u00fe\u00fa framkv\u00e6mdir hr\u00e6\u00f0ilega hluti, sem v\u00e9r g\u00e1tum eigi v\u00e6nst eftir. \u00de\u00fa f\u00f3rst ofan, fj\u00f6llin n\u00f6tru\u00f0u fyrir augliti \u00fe\u00ednu.<a name=\"3\"><span class=\"versanumer\">3<\/span><\/a>Fr\u00e1 alda \u00f6\u00f0li hefir enginn haft spurn af e\u00f0a heyrt, n\u00e9 auga s\u00e9\u00f0 nokkurn Gu\u00f0 nema \u00feig, \u00feann er gj\u00f6ri sl\u00edkt fyrir \u00fe\u00e1, er \u00e1 hann vona.<a name=\"4\"><span class=\"versanumer\">4<\/span><\/a>\u00de\u00fa kemur \u00ed m\u00f3ti \u00feeim er gj\u00f6ra me\u00f0 gle\u00f0i \u00fea\u00f0, sem r\u00e9tt er, \u00feeim er minnast \u00fe\u00edn \u00e1 vegum \u00fe\u00ednum. Sj\u00e1, \u00fe\u00fa reiddist, og v\u00e9r ur\u00f0um brotlegir, yfir trygg\u00f0rofi voru, og v\u00e9r ur\u00f0um sakfallnir.<a name=\"5\"><span class=\"versanumer\">5<\/span><\/a>V\u00e9r ur\u00f0um allir sem \u00f3hreinn ma\u00f0ur, allar dygg\u00f0ir vorar sem saurga\u00f0 kl\u00e6\u00f0i. V\u00e9r visnu\u00f0um allir sem laufbla\u00f0, og misgj\u00f6r\u00f0ir vorar feyktu oss burt eins og vindur.<a name=\"6\"><span class=\"versanumer\">6<\/span><\/a>Enginn \u00e1kallar nafn \u00feitt, enginn her\u00f0ir sig upp til \u00feess a\u00f0 halda fast vi\u00f0 \u00feig, \u00fev\u00ed a\u00f0 \u00fe\u00fa hefir byrgt auglit \u00feitt fyrir oss og gefi\u00f0 oss \u00e1 vald misgj\u00f6r\u00f0um vorum.<a name=\"7\"><span class=\"versanumer\">7<\/span><\/a>En n\u00fa, Drottinn! \u00de\u00fa ert fa\u00f0ir vor! V\u00e9r erum leirinn, og \u00fe\u00fa ert s\u00e1, er myndar oss, og handaverk \u00fe\u00edn erum v\u00e9r allir!<a name=\"8\"><span class=\"versanumer\">8<\/span><\/a>Rei\u00f0st eigi, Drottinn, svo st\u00f3rlega, og minnstu eigi misgj\u00f6r\u00f0a vorra eil\u00edflega. \u00c6, l\u00edt \u00fe\u00fa \u00e1: V\u00e9r erum allir \u00feitt f\u00f3lk.<a name=\"9\"><span class=\"versanumer\">9<\/span><\/a>\u00de\u00ednar heil\u00f6gu borgir eru or\u00f0nar a\u00f0 ey\u00f0im\u00f6rk. S\u00edon er or\u00f0in a\u00f0 ey\u00f0im\u00f6rk, Jer\u00fasalem komin \u00ed au\u00f0n.<a name=\"10\"><span class=\"versanumer\">10<\/span><\/a>Hi\u00f0 heilaga og veglega musteri vort, \u00fear sem fe\u00f0ur vorir vegs\u00f6mu\u00f0u \u00feig, er brunni\u00f0 upp til kaldra kola, og allt \u00fea\u00f0, sem oss var d\u00fdrm\u00e6tt, er or\u00f0i\u00f0 a\u00f0 r\u00fastum.<a name=\"11\"><span class=\"versanumer\">11<\/span><\/a>Hvort f\u00e6r \u00fe\u00fa, Drottinn, leitt sl\u00edkt hj\u00e1 \u00fe\u00e9r? Getur \u00fe\u00fa \u00feaga\u00f0 og \u00fej\u00e1\u00f0 oss svo st\u00f3rlega?<\/p>\n<div class=\"footnote1981\"><b>64.1<\/b> Eldur Jes 10.16-17<br \/>\n<b>64.3<\/b> Enginn hefur hlusta\u00f0 5M\u00f3s 4.32 \u2013 n\u00e9 s\u00e9\u00f0 1Kor 2.9 \u2013 neinn Gu\u00f0 Jes 45.5 \u2013 er kemur til hj\u00e1lpar Jes 45.20; 46.7; BJer 14.28 o.fl. \u2013 vona \u00e1 Drottinn Jes 30.18; Slm 9.11+ ; 55.24+<br \/>\n<b>64.4<\/b> Vega \u00feinna Jer 6.16; 18.15; Slm 139.24<br \/>\n<b>64.5<\/b> Sem laufbla\u00f0 Jes 1.30; sbr Jes 40.6+<br \/>\n<b>64.6<\/b> Enginn sbr Jes 41.28+ &#8211; huldir auglit \u00feitt Jes 54.8+ &#8211; vegna synda vorra Jes 59.2<br \/>\n<b>64.7<\/b> Fa\u00f0ir vor Jes 63.16+ &#8211; leir Jes 45.9+ &#8211; m\u00f3tar oss Jes 27.11; 43.1+ ; 1M\u00f3s 2.7; Slm 103.14<br \/>\n<b>63.8<\/b> Minnstu ekki Slm 25.7; 130.3 \u2013 \u00fej\u00f3\u00f0 \u00fe\u00edn Jes 63.11<br \/>\n<b>64.10<\/b> Musteri\u00f0 brunni\u00f0 Jer 52.13; Hlj 2.4; 2Kro 36.19 \u2013 og r\u00e6nt Hlj 1.10<br \/>\n<b>64.11<\/b> Hlj\u00f3\u00f0ur Jes 42.14+<\/div>\n","protected":false},"excerpt":{"rendered":"<p>1\u00d3, a\u00f0 \u00fe\u00fa sundurrifir himininn og f\u00e6rir ofan, svo a\u00f0 fj\u00f6llin n\u00f6tru\u00f0u fyrir augliti \u00fe\u00ednu eins og \u00feegar eldur kveikir \u00ed \u00feurru limi e\u00f0a \u00feegar eldur kemur vatni til a\u00f0 vella, til \u00feess a\u00f0 gj\u00f6ra \u00f3vinum \u00fe\u00ednum kunnugt nafn \u00feitt, svo a\u00f0 \u00fej\u00f3\u00f0irnar m\u00e6ttu skj\u00e1lfa fyrir augliti \u00fe\u00ednu,2er \u00fe\u00fa framkv\u00e6mdir hr\u00e6\u00f0ilega hluti, sem v\u00e9r g\u00e1tum eigi v\u00e6nst eftir. \u00de\u00fa f\u00f3rst ofan, fj\u00f6llin n\u00f6tru\u00f0u fyrir augliti \u00fe\u00ednu.3Fr\u00e1 alda \u00f6\u00f0li hefir enginn haft spurn af e\u00f0a heyrt, n\u00e9 auga s\u00e9\u00f0 nokkurn Gu\u00f0 nema \u00feig, \u00feann er gj\u00f6ri sl\u00edkt fyrir \u00fe\u00e1, er \u00e1 hann vona.4\u00de\u00fa kemur \u00ed m\u00f3ti \u00feeim er gj\u00f6ra me\u00f0 gle\u00f0i <a href=\"https:\/\/biblian.is\/1981\/jesaja-64-kafli\/\"> [&#8230;]<\/a><\/p>\n","protected":false},"author":1,"featured_media":0,"parent":0,"menu_order":0,"comment_status":"open","ping_status":"open","template":"bibliukaflar.php","meta":{"footnotes":""},"class_list":["post-2090","page","type-page","status-publish","hentry"],"_links":{"self":[{"href":"https:\/\/biblian.is\/1981\/wp-json\/wp\/v2\/pages\/2090","targetHints":{"allow":["GET"]}}],"collection":[{"href":"https:\/\/biblian.is\/1981\/wp-json\/wp\/v2\/pages"}],"about":[{"href":"https:\/\/biblian.is\/1981\/wp-json\/wp\/v2\/types\/page"}],"author":[{"embeddable":true,"href":"https:\/\/biblian.is\/1981\/wp-json\/wp\/v2\/users\/1"}],"replies":[{"embeddable":true,"href":"https:\/\/biblian.is\/1981\/wp-json\/wp\/v2\/comments?post=2090"}],"version-history":[{"count":0,"href":"https:\/\/biblian.is\/1981\/wp-json\/wp\/v2\/pages\/2090\/revisions"}],"wp:attachment":[{"href":"https:\/\/biblian.is\/1981\/wp-json\/wp\/v2\/media?parent=2090"}],"curies":[{"name":"wp","href":"https:\/\/api.w.org\/{rel}","templated":true}]}}