{"id":2089,"date":"2017-11-18T20:20:08","date_gmt":"2017-11-18T20:20:08","guid":{"rendered":"http:\/\/biblian.is\/1981\/jesaja-63-kafli\/"},"modified":"2017-11-18T20:20:08","modified_gmt":"2017-11-18T20:20:08","slug":"jesaja-63-kafli","status":"publish","type":"page","link":"https:\/\/biblian.is\/1981\/jesaja-63-kafli\/","title":{"rendered":"Jesaja 63. kafli"},"content":{"rendered":"<p><a name=\"1\"><span class=\"versanumer\">1<\/span><\/a>Hver er \u00feessi, sem kemur fr\u00e1 Ed\u00f3m, \u00ed h\u00e1rau\u00f0um kl\u00e6\u00f0um fr\u00e1 Bosra? \u00deessi hinn tigulega b\u00fani, sem gengur fram hnarreistur \u00ed mikilleik m\u00e1ttar s\u00edns? \u00dea\u00f0 er \u00e9g, s\u00e1 er m\u00e6li r\u00e9ttl\u00e6ti og m\u00e1tt hefi til a\u00f0 frelsa.<a name=\"2\"><span class=\"versanumer\">2<\/span><\/a>Hv\u00ed er rau\u00f0 skikkja \u00fe\u00edn, og kl\u00e6\u00f0i \u00fe\u00edn eins og \u00feess, er tre\u00f0ur ber \u00ed v\u00edn\u00fer\u00f6ng?<a name=\"3\"><span class=\"versanumer\">3<\/span><\/a>V\u00ednlagar\u00fer\u00f3 hefi \u00e9g tro\u00f0i\u00f0, aleinn, af \u00fej\u00f3\u00f0unum hj\u00e1lpa\u00f0i m\u00e9r enginn. \u00c9g f\u00f3tum tr\u00f3\u00f0 \u00fe\u00e1 \u00ed rei\u00f0i minni, mar\u00f0i \u00fe\u00e1 sundur \u00ed heift minni. \u00de\u00e1 hraut l\u00f6gur \u00feeirra \u00e1 kl\u00e6\u00f0i m\u00edn, og skikkju m\u00edna ata\u00f0i \u00e9g alla.<a name=\"4\"><span class=\"versanumer\">4<\/span><\/a>Hefndardagur var m\u00e9r \u00ed hug, og lausnar\u00e1r mitt er komi\u00f0.<a name=\"5\"><span class=\"versanumer\">5<\/span><\/a>\u00c9g lita\u00f0ist um, en enginn var til a\u00f0 hj\u00e1lpa, mig undra\u00f0i, a\u00f0 enginn skyldi a\u00f0sto\u00f0a mig. En \u00fe\u00e1 hj\u00e1lpa\u00f0i m\u00e9r armleggur minn, og heift m\u00edn a\u00f0sto\u00f0a\u00f0i mig.<a name=\"6\"><span class=\"versanumer\">6<\/span><\/a>\u00c9g tr\u00f3\u00f0 \u00fej\u00f3\u00f0irnar \u00ed rei\u00f0i minni og mar\u00f0i \u00fe\u00e6r sundur \u00ed heift minni og l\u00e9t l\u00f6ginn \u00far \u00feeim renna \u00e1 j\u00f6r\u00f0ina.<a name=\"7\"><span class=\"versanumer\">7<\/span><\/a>\u00c9g vil v\u00ed\u00f0fr\u00e6gja hinar mildilegu velgj\u00f6r\u00f0ir Drottins, syngja honum lof fyrir allt \u00fea\u00f0, sem hann hefir vi\u00f0 oss gj\u00f6rt, og hina miklu g\u00e6sku hans vi\u00f0 \u00cdsraels h\u00fas, er hann hefir au\u00f0s\u00fdnt \u00feeim af miskunn sinni og mikilli mildi.<a name=\"8\"><span class=\"versanumer\">8<\/span><\/a>Hann sag\u00f0i: Vissulega eru \u00feeir minn l\u00fd\u00f0ur, b\u00f6rn, sem ekki munu breg\u00f0ast! Og hann var\u00f0 \u00feeim frelsari.<a name=\"9\"><span class=\"versanumer\">9<\/span><\/a>\u00c1vallt \u00feegar \u00feeir voru \u00ed nau\u00f0um staddir, kenndi hann nau\u00f0a, og engill auglitis hans frelsa\u00f0i \u00fe\u00e1. Af elsku sinni og v\u00e6g\u00f0arsemi endurleysti hann \u00fe\u00e1, hann t\u00f3k \u00fe\u00e1 upp og bar \u00fe\u00e1 alla daga hinna fyrri t\u00ed\u00f0a.<a name=\"10\"><span class=\"versanumer\">10<\/span><\/a>En \u00feeir gj\u00f6r\u00f0ust m\u00f3tsn\u00fanir og hrygg\u00f0u heilagan anda hans. Gj\u00f6r\u00f0ist hann \u00fe\u00e1 \u00f3vinur \u00feeirra og bar\u00f0ist sj\u00e1lfur \u00ed m\u00f3ti \u00feeim.<a name=\"11\"><span class=\"versanumer\">11<\/span><\/a>\u00de\u00e1 minntist l\u00fd\u00f0ur hans hinna fyrri t\u00ed\u00f0a, \u00fe\u00e1 er M\u00f3se var \u00e1 d\u00f6gum: Hvar er hann, sem leiddi \u00fe\u00e1 upp \u00far hafinu \u00e1samt hir\u00f0i hjar\u00f0ar sinnar? Hvar er hann, sem l\u00e9t heilagan anda sinn b\u00faa mitt \u00e1 me\u00f0al \u00feeirra?<a name=\"12\"><span class=\"versanumer\">12<\/span><\/a>Hann sem l\u00e9t d\u00fdr\u00f0arsamlegan armlegg sinn ganga M\u00f3se til h\u00e6gri handar, hann sem klauf v\u00f6tnin fyrir \u00feeim til \u00feess a\u00f0 afreka s\u00e9r eil\u00edft nafn,<a name=\"13\"><span class=\"versanumer\">13<\/span><\/a>hann sem l\u00e9t \u00fe\u00e1 ganga um dj\u00fapin, eins og hestur gengur um ey\u00f0im\u00f6rk, og \u00feeir hr\u00f6su\u00f0u ekki?<a name=\"14\"><span class=\"versanumer\">14<\/span><\/a>Eins og b\u00faf\u00e9\u00f0, sem fer ofan \u00ed dalinn, f\u00e6r\u00f0i andi Drottins \u00fe\u00e1 til hv\u00edldar. \u00deannig hefir \u00fe\u00fa leitt l\u00fd\u00f0 \u00feinn til \u00feess a\u00f0 afreka \u00fe\u00e9r d\u00fdr\u00f0arsamlegt nafn.<a name=\"15\"><span class=\"versanumer\">15<\/span><\/a>Horf \u00fe\u00fa af himni ofan og l\u00edt ni\u00f0ur fr\u00e1 hinum heilaga og d\u00fdr\u00f0arsamlega b\u00fasta\u00f0 \u00fe\u00ednum! Hvar er n\u00fa vandl\u00e6ti \u00feitt og m\u00e1ttarverk \u00fe\u00edn? \u00de\u00edn vi\u00f0kv\u00e6ma elska og miskunnsemi vi\u00f0 mig hefir dregi\u00f0 sig \u00ed hl\u00e9!<a name=\"16\"><span class=\"versanumer\">16<\/span><\/a>Sannlega ert \u00fe\u00fa fa\u00f0ir vor, \u00fev\u00ed a\u00f0 Abraham \u00feekkir oss ekki og \u00cdsrael kannast ekki vi\u00f0 oss. \u00de\u00fa, Drottinn, ert fa\u00f0ir vor, Frelsari vor fr\u00e1 alda \u00f6\u00f0li er nafn \u00feitt.<a name=\"17\"><span class=\"versanumer\">17<\/span><\/a>Hv\u00ed l\u00e9st \u00fe\u00fa oss, Drottinn, villast af vegum \u00fe\u00ednum, hv\u00ed l\u00e9st \u00fe\u00fa hjarta vort forher\u00f0a sig, svo a\u00f0 \u00fea\u00f0 \u00f3tta\u00f0ist \u00feig ekki? Hverf aftur fyrir sakir \u00fej\u00f3na \u00feinna, fyrir sakir \u00e6ttkv\u00edsla arfleif\u00f0ar \u00feinnar!<a name=\"18\"><span class=\"versanumer\">18<\/span><\/a>Um skamma stund f\u00e9kk f\u00f3lk \u00feitt hi\u00f0 heilaga fjall \u00feitt til eignar, en n\u00fa hafa \u00f3vinir vorir f\u00f3tum tro\u00f0i\u00f0 helgid\u00f3m \u00feinn.<a name=\"19\"><span class=\"versanumer\">19<\/span><\/a>V\u00e9r erum or\u00f0nir sem \u00feeir, er \u00fe\u00fa um langan aldur hefir ekki drottna\u00f0 yfir, og eins og \u00feeir, er aldrei hafa nefndir veri\u00f0 eftir nafni \u00fe\u00ednu.<\/p>\n<div class=\"footnote1981\"><b>63.1<\/b> Ed\u00f3m, Bosra Jes 34.5-6+ ; Jer 49.7-22; Esk 25.12-14; 35.1-36.5; \u00d3b 1-18; Mal 1.2-5 \u2013 m\u00e1tt Jes 49.25; 51.22<br \/>\n<b>63.2<\/b> Rau\u00f0 skikkja Opb 19.13 \u2013 v\u00edntro\u00f0sla Jer 25.30; Jl 3.18; Hlj 1.15; Opb 14.19-20; 19.15<br \/>\n<b>63.3<\/b> Enginn Jes 41.28+<br \/>\n<b>63.4<\/b> Hefndardagur Jes 34.8; 61.2 \u2013 lausnar\u00e1r Jes 41.14+<br \/>\n<b>63.5<\/b> Enginn Jes 41.14+ ; 59.16 \u2013 armur Jes 40.10+<br \/>\n<b>63.6<\/b> Heift sbr Jer 25.15+<br \/>\n<b>63.7<\/b> Velgj\u00f6r\u00f0ir Drottins Slm 13.6; 89.2<br \/>\n<b>63.8<\/b> \u00dej\u00f3\u00f0 m\u00edn, b\u00f6rn 2M\u00f3s 4.22-23; 5M\u00f3s 14.1-2; Jer 3.14,19,22; 31.9,20; H\u00f3s 2.1; 11.1; Ssal 18.13 \u2013 Drottinn frelsar Jes 43.3+<br \/>\n<b>63.9<\/b> \u00cd \u00ferengingum 1Sam 26.24; 2Sam 4.9; 1Kon 1.29; Slm 54.9 \u2013 \u00ed k\u00e6rleika s\u00ednum Jer 31.3; H\u00f3s 3.1 \u2013 miskunn Mal 3.17 \u2013 bar \u00fe\u00e1 Jes 46.3-4<br \/>\n<b>63.10<\/b> Uppreisn 4M\u00f3s 20.10 \u2013 misbu\u00f0u heil\u00f6gum anda Ef 4.30<br \/>\n<b>63.11<\/b> Hir\u00f0i 4M\u00f3s 27.15-20; Heb 13.20 \u2013 hjar\u00f0ar sinnar Slm 77.21 \u2013 heilagan anda sinn 4M\u00f3s 11.17; sbr Jes 42.1<br \/>\n<b>63.12<\/b> Armur Jes 40.10+ &#8211; klauf hafi\u00f0 2M\u00f3s 14.16 \u2013 \u00e6varandi fr\u00e6ga\u00f0ar Jes 55.13<br \/>\n<b>63.13<\/b> Um dj\u00fapi\u00f0 Jes 51.10<br \/>\n<b>63.14<\/b> Eins og b\u00faf\u00e9 Slm 77.21<br \/>\n<b>63.15<\/b> Fr\u00e1 himni Slm 80.15 \u2013 \u00e1kafi \u00feinn Jes 59.17<br \/>\n<b>63.16<\/b> Fa\u00f0ir vor 5M\u00f3s 32.6; Jes 64.7; Matt 6.9; 23.9 \u2013 Abraham Jes 41.8 \u2013 frelsari vor Jes 41.14+<br \/>\n<b>63.17<\/b> Hvers vegna? Slm 80.13 \u2013 vegi \u00fe\u00ednum Jes 64.4 \u2013 arflei\u00f0 \u00fe\u00edn 5M\u00f3s 32.9 \u2013 sn\u00fa\u00f0u aftur Slm 80.15; 90.13<br \/>\n<b>63.18<\/b> Helgid\u00f3m Jes 64.10<br \/>\n<b>63.19<\/b> Kenndir 5M\u00f3s 28.10; Jer 14.9 \u2013 sviptir himninum sundur Mrk 1.10; sbr Mrk 15.38 \u2013 fj\u00f6llin n\u00f6tru\u00f0u M\u00edk 1.4; Hab 3.6,10; Slm 18.8; sbr Jes 54.10 \u2013<\/div>\n","protected":false},"excerpt":{"rendered":"<p>1Hver er \u00feessi, sem kemur fr\u00e1 Ed\u00f3m, \u00ed h\u00e1rau\u00f0um kl\u00e6\u00f0um fr\u00e1 Bosra? \u00deessi hinn tigulega b\u00fani, sem gengur fram hnarreistur \u00ed mikilleik m\u00e1ttar s\u00edns? \u00dea\u00f0 er \u00e9g, s\u00e1 er m\u00e6li r\u00e9ttl\u00e6ti og m\u00e1tt hefi til a\u00f0 frelsa.2Hv\u00ed er rau\u00f0 skikkja \u00fe\u00edn, og kl\u00e6\u00f0i \u00fe\u00edn eins og \u00feess, er tre\u00f0ur ber \u00ed v\u00edn\u00fer\u00f6ng?3V\u00ednlagar\u00fer\u00f3 hefi \u00e9g tro\u00f0i\u00f0, aleinn, af \u00fej\u00f3\u00f0unum hj\u00e1lpa\u00f0i m\u00e9r enginn. \u00c9g f\u00f3tum tr\u00f3\u00f0 \u00fe\u00e1 \u00ed rei\u00f0i minni, mar\u00f0i \u00fe\u00e1 sundur \u00ed heift minni. \u00de\u00e1 hraut l\u00f6gur \u00feeirra \u00e1 kl\u00e6\u00f0i m\u00edn, og skikkju m\u00edna ata\u00f0i \u00e9g alla.4Hefndardagur var m\u00e9r \u00ed hug, og lausnar\u00e1r mitt er komi\u00f0.5\u00c9g lita\u00f0ist um, en enginn <a href=\"https:\/\/biblian.is\/1981\/jesaja-63-kafli\/\"> [&#8230;]<\/a><\/p>\n","protected":false},"author":1,"featured_media":0,"parent":0,"menu_order":0,"comment_status":"open","ping_status":"open","template":"bibliukaflar.php","meta":{"footnotes":""},"class_list":["post-2089","page","type-page","status-publish","hentry"],"_links":{"self":[{"href":"https:\/\/biblian.is\/1981\/wp-json\/wp\/v2\/pages\/2089","targetHints":{"allow":["GET"]}}],"collection":[{"href":"https:\/\/biblian.is\/1981\/wp-json\/wp\/v2\/pages"}],"about":[{"href":"https:\/\/biblian.is\/1981\/wp-json\/wp\/v2\/types\/page"}],"author":[{"embeddable":true,"href":"https:\/\/biblian.is\/1981\/wp-json\/wp\/v2\/users\/1"}],"replies":[{"embeddable":true,"href":"https:\/\/biblian.is\/1981\/wp-json\/wp\/v2\/comments?post=2089"}],"version-history":[{"count":0,"href":"https:\/\/biblian.is\/1981\/wp-json\/wp\/v2\/pages\/2089\/revisions"}],"wp:attachment":[{"href":"https:\/\/biblian.is\/1981\/wp-json\/wp\/v2\/media?parent=2089"}],"curies":[{"name":"wp","href":"https:\/\/api.w.org\/{rel}","templated":true}]}}