{"id":2088,"date":"2017-11-18T20:20:08","date_gmt":"2017-11-18T20:20:08","guid":{"rendered":"http:\/\/biblian.is\/1981\/jesaja-62-kafli\/"},"modified":"2017-11-18T20:20:08","modified_gmt":"2017-11-18T20:20:08","slug":"jesaja-62-kafli","status":"publish","type":"page","link":"https:\/\/biblian.is\/1981\/jesaja-62-kafli\/","title":{"rendered":"Jesaja 62. kafli"},"content":{"rendered":"<p><a name=\"1\"><span class=\"versanumer\">1<\/span><\/a>S\u00f6kum S\u00edonar get \u00e9g ekki \u00feaga\u00f0, og s\u00f6kum Jer\u00fasalem get \u00e9g ekki kyrr veri\u00f0, uns r\u00e9ttl\u00e6ti hennar rennur upp sem lj\u00f3mi og hj\u00e1lpr\u00e6\u00f0i hennar sem brennandi blys.<a name=\"2\"><span class=\"versanumer\">2<\/span><\/a>\u00de\u00e1 skulu \u00fej\u00f3\u00f0irnar sj\u00e1 r\u00e9ttl\u00e6ti \u00feitt og allir konungar vegsemd \u00fe\u00edna, og \u00fe\u00fa munt nefnd ver\u00f0a n\u00fdju nafni, er munnur Drottins mun \u00e1kve\u00f0a.<a name=\"3\"><span class=\"versanumer\">3<\/span><\/a>\u00de\u00fa munt ver\u00f0a pr\u00fd\u00f0ileg k\u00f3r\u00f3na \u00ed hendi Drottins og konunglegt h\u00f6fu\u00f0dj\u00e1sn \u00ed hendi Gu\u00f0s \u00fe\u00edns.<a name=\"4\"><span class=\"versanumer\">4<\/span><\/a>\u00de\u00fa munt ekki framar nefnd ver\u00f0a Yfirgefin, og land \u00feitt ekki framar nefnt ver\u00f0a Au\u00f0n, heldur skalt \u00fe\u00fa k\u00f6llu\u00f0 ver\u00f0a Yndi\u00f0 mitt, og land \u00feitt Eiginkona, \u00fev\u00ed a\u00f0 Drottinn ann \u00fe\u00e9r og land \u00feitt mun manni gefi\u00f0 ver\u00f0a.<a name=\"5\"><span class=\"versanumer\">5<\/span><\/a>Eins og ungur ma\u00f0ur f\u00e6r meyjar, eins munu synir \u00fe\u00ednir eignast \u00feig, og eins og br\u00fa\u00f0gumi gle\u00f0st yfir br\u00fa\u00f0i, eins mun Gu\u00f0 \u00feinn gle\u00f0jast yfir \u00fe\u00e9r.<a name=\"6\"><span class=\"versanumer\">6<\/span><\/a>\u00c9g hefi skipa\u00f0 var\u00f0menn yfir m\u00fara \u00fe\u00edna, Jer\u00fasalem. \u00deeir skulu aldrei \u00feegja, hvorki um daga n\u00e9 n\u00e6tur. \u00de\u00e9r sem minni\u00f0 Drottin \u00e1, unni\u00f0 y\u00f0ur engrar hv\u00edldar!<a name=\"7\"><span class=\"versanumer\">7<\/span><\/a>Lj\u00e1i\u00f0 honum engrar hv\u00edldar, uns hann reisir Jer\u00fasalem og gj\u00f6rir hana vegsamlega \u00e1 j\u00f6r\u00f0inni.<a name=\"8\"><span class=\"versanumer\">8<\/span><\/a>Drottinn hefir svari\u00f0 vi\u00f0 h\u00e6gri h\u00f6nd s\u00edna og vi\u00f0 sinn m\u00e1ttuga armlegg: \u00c9g mun aldrei framar gefa \u00f3vinum \u00fe\u00ednum korn \u00feitt a\u00f0 eta, og eigi skulu \u00fatlendir menn drekka aldinl\u00f6g \u00feinn, sem \u00fe\u00fa hefir erfi\u00f0i fyrir haft,<a name=\"9\"><span class=\"versanumer\">9<\/span><\/a>heldur skulu \u00feeir, sem hirt hafa korni\u00f0, eta \u00fea\u00f0 sj\u00e1lfir og lofa Drottin fyrir, og \u00feeir, sem safna\u00f0 hafa aldinleginum, skulu drekka hann \u00ed forg\u00f6r\u00f0um helgid\u00f3ms m\u00edns.<a name=\"10\"><span class=\"versanumer\">10<\/span><\/a>Gangi\u00f0 \u00fat, gangi\u00f0 \u00fat um borgarhli\u00f0in! Grei\u00f0i\u00f0 g\u00f6tu l\u00fd\u00f0sins! Leggi\u00f0, leggi\u00f0 braut! Ry\u00f0ji\u00f0 burt grj\u00f3tinu! Reisi\u00f0 merki fyrir \u00fej\u00f3\u00f0irnar!<a name=\"11\"><span class=\"versanumer\">11<\/span><\/a>Sj\u00e1, Drottinn gj\u00f6rir \u00fea\u00f0 kunnugt til endimarka jar\u00f0arinnar: Segi\u00f0 d\u00f3tturinni S\u00edon: Sj\u00e1, hj\u00e1lpr\u00e6\u00f0i \u00feitt kemur! Sj\u00e1, endurgjald hans fylgir honum, og fengur hans fer \u00e1 undan honum!<a name=\"12\"><span class=\"versanumer\">12<\/span><\/a>Og \u00feeir munu kalla\u00f0ir ver\u00f0a hinn heilagi l\u00fd\u00f0ur, hinir endurleystu Drottins, og \u00fe\u00fa munt k\u00f6llu\u00f0 ver\u00f0a hin fj\u00f6ls\u00f3tta, borgin, sem eigi var yfirgefin.<\/p>\n<div class=\"footnote1981\"><b>62.1<\/b> \u00deaga\u00f0 Jes 42.14+ &#8211; lj\u00f3mi sbr Jes 60.1,3 \u2013 r\u00e9ttl\u00e6ti og hj\u00e1lpr\u00e6\u00f0i Jes 45.8+<br \/>\n<b>62.2<\/b> \u00dej\u00f3\u00f0irnar, konungar Jes 60.3,11 \u2013 n\u00fdtt nafn Jes 65.15; Opb 2.17; 3.12<br \/>\n<b>62.4<\/b> Yfirgefin, eiginkona Jes 49.14-21; 54.1-8; 60.15<br \/>\n<b>62.5<\/b> \u00c6skuma\u00f0ur kv\u00e6nist ungri st\u00falku Jes 49.18; 61.10<br \/>\n<b>62.6<\/b> Var\u00f0menn Jes 21.6,8; 52.8; Esk 3.17<br \/>\n<b>62.7<\/b> Endurreist Jes 54.14 \u2013 vegsamlega Jes 60.18; 61.11<br \/>\n<b>62.8<\/b> H\u00e6gri h\u00f6nd Drottins Jes 41.10 \u2013 armur Jes 40.10+ &#8211; Drottinn sver Jes 45.23; 54.9 \u2013 nj\u00f3ta erfi\u00f0is s\u00edns Jes 65.21-22; Am 9.14; sbr 5M\u00f3s 28.30-35; Neh 5.15<br \/>\n<b>62.10<\/b> Gangi\u00f0 um Jes 48.20; 52.11 \u2013 ry\u00f0ji\u00f0 braut Jes 40.3; 57.14 \u2013 merki Jes 11.10-12; 49.22<br \/>\n<b>62.11<\/b> Til endimarka jar\u00f0ar Jes 48.20 \u2013 hj\u00e1lpr\u00e6\u00f0i, frelsari Jes 40.10; sbr Jes 43.3+ &#8211; sigurlaun Jes 61.8; Opb 22.12<br \/>\n<b>62.12<\/b> Heil\u00f6g \u00fej\u00f3\u00f0 2M\u00f3s 19.6; sbr Jes 61.6 \u2013 hinir endurleystu Jes 41.14+ ; Slm 107.2<\/div>\n","protected":false},"excerpt":{"rendered":"<p>1S\u00f6kum S\u00edonar get \u00e9g ekki \u00feaga\u00f0, og s\u00f6kum Jer\u00fasalem get \u00e9g ekki kyrr veri\u00f0, uns r\u00e9ttl\u00e6ti hennar rennur upp sem lj\u00f3mi og hj\u00e1lpr\u00e6\u00f0i hennar sem brennandi blys.2\u00de\u00e1 skulu \u00fej\u00f3\u00f0irnar sj\u00e1 r\u00e9ttl\u00e6ti \u00feitt og allir konungar vegsemd \u00fe\u00edna, og \u00fe\u00fa munt nefnd ver\u00f0a n\u00fdju nafni, er munnur Drottins mun \u00e1kve\u00f0a.3\u00de\u00fa munt ver\u00f0a pr\u00fd\u00f0ileg k\u00f3r\u00f3na \u00ed hendi Drottins og konunglegt h\u00f6fu\u00f0dj\u00e1sn \u00ed hendi Gu\u00f0s \u00fe\u00edns.4\u00de\u00fa munt ekki framar nefnd ver\u00f0a Yfirgefin, og land \u00feitt ekki framar nefnt ver\u00f0a Au\u00f0n, heldur skalt \u00fe\u00fa k\u00f6llu\u00f0 ver\u00f0a Yndi\u00f0 mitt, og land \u00feitt Eiginkona, \u00fev\u00ed a\u00f0 Drottinn ann \u00fe\u00e9r og land \u00feitt mun manni gefi\u00f0 ver\u00f0a.5Eins <a href=\"https:\/\/biblian.is\/1981\/jesaja-62-kafli\/\"> [&#8230;]<\/a><\/p>\n","protected":false},"author":1,"featured_media":0,"parent":0,"menu_order":0,"comment_status":"open","ping_status":"open","template":"bibliukaflar.php","meta":{"footnotes":""},"class_list":["post-2088","page","type-page","status-publish","hentry"],"_links":{"self":[{"href":"https:\/\/biblian.is\/1981\/wp-json\/wp\/v2\/pages\/2088","targetHints":{"allow":["GET"]}}],"collection":[{"href":"https:\/\/biblian.is\/1981\/wp-json\/wp\/v2\/pages"}],"about":[{"href":"https:\/\/biblian.is\/1981\/wp-json\/wp\/v2\/types\/page"}],"author":[{"embeddable":true,"href":"https:\/\/biblian.is\/1981\/wp-json\/wp\/v2\/users\/1"}],"replies":[{"embeddable":true,"href":"https:\/\/biblian.is\/1981\/wp-json\/wp\/v2\/comments?post=2088"}],"version-history":[{"count":0,"href":"https:\/\/biblian.is\/1981\/wp-json\/wp\/v2\/pages\/2088\/revisions"}],"wp:attachment":[{"href":"https:\/\/biblian.is\/1981\/wp-json\/wp\/v2\/media?parent=2088"}],"curies":[{"name":"wp","href":"https:\/\/api.w.org\/{rel}","templated":true}]}}