{"id":2087,"date":"2017-11-18T20:20:02","date_gmt":"2017-11-18T20:20:02","guid":{"rendered":"http:\/\/biblian.is\/1981\/jesaja-61-kafli\/"},"modified":"2017-11-18T20:20:02","modified_gmt":"2017-11-18T20:20:02","slug":"jesaja-61-kafli","status":"publish","type":"page","link":"https:\/\/biblian.is\/1981\/jesaja-61-kafli\/","title":{"rendered":"Jesaja 61. kafli"},"content":{"rendered":"<p><a name=\"1\"><span class=\"versanumer\">1<\/span><\/a>Andi Drottins er yfir m\u00e9r, af \u00fev\u00ed a\u00f0 Drottinn hefir smurt mig. Hann hefir sent mig til a\u00f0 flytja nau\u00f0st\u00f6ddum gle\u00f0ilegan bo\u00f0skap og til a\u00f0 gr\u00e6\u00f0a \u00fe\u00e1, sem hafa sundurmari\u00f0 hjarta, til a\u00f0 bo\u00f0a herteknum frelsi og fj\u00f6tru\u00f0um lausn,<a name=\"2\"><span class=\"versanumer\">2<\/span><\/a>til a\u00f0 bo\u00f0a n\u00e1\u00f0ar\u00e1r Drottins og hefndardag Gu\u00f0s vors, til a\u00f0 hugga alla hrellda,<a name=\"3\"><span class=\"versanumer\">3<\/span><\/a>til a\u00f0 l\u00e1ta hinum hrelldu \u00ed S\u00edon \u00ed t\u00e9, gefa \u00feeim h\u00f6fu\u00f0dj\u00e1sn \u00ed sta\u00f0 \u00f6sku, fagna\u00f0arol\u00edu \u00ed sta\u00f0 hrygg\u00f0ar, skartkl\u00e6\u00f0i \u00ed sta\u00f0 hugarv\u00edls. \u00deeir munu kalla\u00f0ir ver\u00f0a r\u00e9ttl\u00e6tis-eikur, plantan Drottins honum til vegsemdar.<a name=\"4\"><span class=\"versanumer\">4<\/span><\/a>\u00deeir munu byggja upp hinar fornu r\u00fastir, reisa a\u00f0 n\u00fdju t\u00f3ttir fyrri t\u00ed\u00f0a, koma upp aftur eyddum borgum, sem legi\u00f0 hafa vi\u00f0 velli \u00ed marga mannsaldra.<a name=\"5\"><span class=\"versanumer\">5<\/span><\/a>\u00datlendingar munu standa yfir hj\u00f6r\u00f0um y\u00f0ar og halda \u00feeim til haga, og a\u00f0komnir menn vera akurmenn og v\u00edngar\u00f0smenn hj\u00e1 y\u00f0ur,<a name=\"6\"><span class=\"versanumer\">6<\/span><\/a>en sj\u00e1lfir munu\u00f0 \u00fe\u00e9r kalla\u00f0ir ver\u00f0a prestar Drottins og nefndir ver\u00f0a \u00fej\u00f3nar Gu\u00f0s vors. \u00de\u00e9r munu\u00f0 nj\u00f3ta fj\u00e1rafla \u00fej\u00f3\u00f0anna og st\u00e6ra y\u00f0ur af au\u00f0leg\u00f0 \u00feeirra.<a name=\"7\"><span class=\"versanumer\">7<\/span><\/a>Fyrir \u00fe\u00e1 sm\u00e1n, er \u00fe\u00e9r \u00feoldu\u00f0, skulu\u00f0 \u00fe\u00e9r f\u00e1 tv\u00f6falt. \u00cd sta\u00f0 h\u00e1\u00f0ungar skulu \u00feeir fagna yfir hlutskipti s\u00ednu. Fyrir \u00fev\u00ed skulu \u00feeir eignast tv\u00f6f\u00f6ld \u00f3\u00f0ul \u00ed landi s\u00ednu, og eil\u00edf gle\u00f0i skal falla \u00feeim \u00ed skaut.<a name=\"8\"><span class=\"versanumer\">8<\/span><\/a>\u00dev\u00ed a\u00f0 \u00e9g, Drottinn, elska r\u00e9ttl\u00e6ti, en hata gl\u00e6psamlegt r\u00e1n. \u00c9g geld \u00feeim laun \u00feeirra me\u00f0 tr\u00fafesti og gj\u00f6ri vi\u00f0 \u00fe\u00e1 eil\u00edfan s\u00e1ttm\u00e1la.<a name=\"9\"><span class=\"versanumer\">9<\/span><\/a>Ni\u00f0jar \u00feeirra munu kunnir ver\u00f0a me\u00f0al \u00fej\u00f3\u00f0anna og afsprengi \u00feeirra \u00e1 me\u00f0al \u00fej\u00f3\u00f0flokkanna. Allir sem sj\u00e1 \u00fe\u00e1, munu kannast vi\u00f0, a\u00f0 \u00feeir eru s\u00fa kynsl\u00f3\u00f0, sem Drottinn hefir blessa\u00f0.<a name=\"10\"><span class=\"versanumer\">10<\/span><\/a>\u00c9g gle\u00f0st yfir Drottni, s\u00e1l m\u00edn fagnar yfir Gu\u00f0i m\u00ednum, \u00fev\u00ed a\u00f0 hann hefir kl\u00e6tt mig kl\u00e6\u00f0um hj\u00e1lpr\u00e6\u00f0isins, hann hefir sveipa\u00f0 mig \u00ed skikkju r\u00e9ttl\u00e6tisins, eins og \u00feegar br\u00fa\u00f0gumi l\u00e6tur \u00e1 sig h\u00f6fu\u00f0dj\u00e1sn og br\u00fa\u00f0ur b\u00fdr sig skarti s\u00ednu.<a name=\"11\"><span class=\"versanumer\">11<\/span><\/a>\u00dev\u00ed eins og j\u00f6r\u00f0in l\u00e6tur gr\u00f3\u00f0ur sinn koma upp og eins og aldingar\u00f0urinn l\u00e6tur fr\u00e6kornin upp spretta, svo mun hinn alvaldi Drottinn l\u00e1ta r\u00e9ttl\u00e6ti og fr\u00e6g\u00f0 upp spretta \u00ed augs\u00fdn allra \u00fej\u00f3\u00f0a.<\/p>\n<div class=\"footnote1981\"><b>61.1-2<\/b> Sj\u00e1 L\u00fak 4.18-19<br \/>\n<b>61.1<\/b> Andi Drottins Jes 42.1+ ; Post 10.38 \u2013 smurt Jes 45.1+ &#8211; gle\u00f0ilegan bo\u00f0skap sbr Jes 40.9; L\u00fak 7.22 \u2013 f\u00e1t\u00e6kum, brosti\u00f0 hjarta Jes 57.15 \u2013 f\u00f6ngum lausn Jes 42.7<br \/>\n<b>61.2<\/b> N\u00e1\u00f0ar\u00e1r Drottins Jes 49.8; 2M\u00f3s 21.2; 5M\u00f3s 15.12; Jer 34.8-16; sbr 3M\u00f3s 25.10 \u2013 hefndardag Jes 63.4 \u2013 hugga Jes 40.1+ ; 57.18 \u2013 hryggir Jes 60.20<br \/>\n<b>61.3<\/b> Birtir d\u00fdr\u00f0 Drottins Jes 60.21<br \/>\n<b>61.4<\/b> Endurreisa Jes 58.12<br \/>\n<b>61.5<\/b> \u00datlendingar Jes 56.6 \u2013 \u00fej\u00f3na hinum \u00fatv\u00f6ldu Jes 14.2; 60.10<br \/>\n<b>61.6<\/b> Prestar Drottins 2M\u00f3s 19.6; 1P\u00e9t 2.5; Opb 1.6<br \/>\n<b>61.7<\/b> Tv\u00f6falt Jes 40.2; Sak 9.12; Job 42.10<br \/>\n<b>61.8<\/b> Drottinn elskar r\u00e9ttl\u00e6ti Slm 37.28 \u2013 \u00e6varandi s\u00e1ttm\u00e1la Jes 55.3+<br \/>\n<b>61.9<\/b> Ni\u00f0jar \u00feeirra Jes 44.3+<br \/>\n<b>61.10<\/b> Fagna Jes 41.16; 1Sam 2.1; L\u00fak 1.46-47 \u2013 sveipa\u00f0i mig sbr Jes 59.17; Opb 19.8 \u2013 eins og br\u00fa\u00f0ur Jes 49.18; Opb 21.2<br \/>\n<b>61.11<\/b> Sp\u00edra Jes 45.8<\/div>\n","protected":false},"excerpt":{"rendered":"<p>1Andi Drottins er yfir m\u00e9r, af \u00fev\u00ed a\u00f0 Drottinn hefir smurt mig. Hann hefir sent mig til a\u00f0 flytja nau\u00f0st\u00f6ddum gle\u00f0ilegan bo\u00f0skap og til a\u00f0 gr\u00e6\u00f0a \u00fe\u00e1, sem hafa sundurmari\u00f0 hjarta, til a\u00f0 bo\u00f0a herteknum frelsi og fj\u00f6tru\u00f0um lausn,2til a\u00f0 bo\u00f0a n\u00e1\u00f0ar\u00e1r Drottins og hefndardag Gu\u00f0s vors, til a\u00f0 hugga alla hrellda,3til a\u00f0 l\u00e1ta hinum hrelldu \u00ed S\u00edon \u00ed t\u00e9, gefa \u00feeim h\u00f6fu\u00f0dj\u00e1sn \u00ed sta\u00f0 \u00f6sku, fagna\u00f0arol\u00edu \u00ed sta\u00f0 hrygg\u00f0ar, skartkl\u00e6\u00f0i \u00ed sta\u00f0 hugarv\u00edls. \u00deeir munu kalla\u00f0ir ver\u00f0a r\u00e9ttl\u00e6tis-eikur, plantan Drottins honum til vegsemdar.4\u00deeir munu byggja upp hinar fornu r\u00fastir, reisa a\u00f0 n\u00fdju t\u00f3ttir fyrri t\u00ed\u00f0a, koma upp aftur eyddum <a href=\"https:\/\/biblian.is\/1981\/jesaja-61-kafli\/\"> [&#8230;]<\/a><\/p>\n","protected":false},"author":1,"featured_media":0,"parent":0,"menu_order":0,"comment_status":"open","ping_status":"open","template":"bibliukaflar.php","meta":{"footnotes":""},"class_list":["post-2087","page","type-page","status-publish","hentry"],"_links":{"self":[{"href":"https:\/\/biblian.is\/1981\/wp-json\/wp\/v2\/pages\/2087","targetHints":{"allow":["GET"]}}],"collection":[{"href":"https:\/\/biblian.is\/1981\/wp-json\/wp\/v2\/pages"}],"about":[{"href":"https:\/\/biblian.is\/1981\/wp-json\/wp\/v2\/types\/page"}],"author":[{"embeddable":true,"href":"https:\/\/biblian.is\/1981\/wp-json\/wp\/v2\/users\/1"}],"replies":[{"embeddable":true,"href":"https:\/\/biblian.is\/1981\/wp-json\/wp\/v2\/comments?post=2087"}],"version-history":[{"count":0,"href":"https:\/\/biblian.is\/1981\/wp-json\/wp\/v2\/pages\/2087\/revisions"}],"wp:attachment":[{"href":"https:\/\/biblian.is\/1981\/wp-json\/wp\/v2\/media?parent=2087"}],"curies":[{"name":"wp","href":"https:\/\/api.w.org\/{rel}","templated":true}]}}