{"id":2086,"date":"2017-11-18T20:20:02","date_gmt":"2017-11-18T20:20:02","guid":{"rendered":"http:\/\/biblian.is\/1981\/jesaja-60-kafli\/"},"modified":"2017-11-18T20:20:02","modified_gmt":"2017-11-18T20:20:02","slug":"jesaja-60-kafli","status":"publish","type":"page","link":"https:\/\/biblian.is\/1981\/jesaja-60-kafli\/","title":{"rendered":"Jesaja 60. kafli"},"content":{"rendered":"<p><a name=\"1\"><span class=\"versanumer\">1<\/span><\/a>Statt upp, sk\u00edn \u00fe\u00fa, \u00fev\u00ed a\u00f0 lj\u00f3s \u00feitt kemur og d\u00fdr\u00f0 Drottins rennur upp yfir \u00fe\u00e9r!<a name=\"2\"><span class=\"versanumer\">2<\/span><\/a>Sj\u00e1, myrkur gr\u00fafir yfir j\u00f6r\u00f0inni og sorti yfir \u00fej\u00f3\u00f0unum. En yfir \u00fe\u00e9r upp rennur Drottinn, og d\u00fdr\u00f0 hans birtist yfir \u00fe\u00e9r.<a name=\"3\"><span class=\"versanumer\">3<\/span><\/a>\u00dej\u00f3\u00f0irnar stefna \u00e1 lj\u00f3s \u00feitt og konungar \u00e1 lj\u00f3mann, sem upp rennur yfir \u00fe\u00e9r.<a name=\"4\"><span class=\"versanumer\">4<\/span><\/a>Hef upp augu \u00fe\u00edn og litast um: \u00deeir safnast allir saman og koma til \u00fe\u00edn. Synir \u00fe\u00ednir koma af fjarl\u00e6gum l\u00f6ndum, og d\u00e6tur \u00fe\u00ednar eru bornar \u00e1 mj\u00f6\u00f0minni.<a name=\"5\"><span class=\"versanumer\">5<\/span><\/a>Vi\u00f0 \u00fe\u00e1 s\u00fdn muntu gle\u00f0jast, hjarta \u00feitt mun titra og svella, \u00fev\u00ed a\u00f0 au\u00f0leg\u00f0 hafsins hverfur til \u00fe\u00edn og fj\u00e1rafli \u00fej\u00f3\u00f0anna kemur undir \u00feig.<a name=\"6\"><span class=\"versanumer\">6<\/span><\/a>Merg\u00f0 \u00falfalda hylur \u00feig, ungir \u00falfaldar fr\u00e1 Mid\u00edan og Efa. \u00deeir koma allir fr\u00e1 Saba, gull og reykelsi f\u00e6ra \u00feeir, og \u00feeir kunngj\u00f6ra lof Drottins.<a name=\"7\"><span class=\"versanumer\">7<\/span><\/a>Allar hjar\u00f0ir Kedars safnast til \u00fe\u00edn, hr\u00fatar Nebaj\u00f3ts \u00fej\u00f3na \u00fe\u00e9r: \u00deeir st\u00edga upp \u00e1 altari mitt m\u00e9r til \u00fe\u00f3knunar, og h\u00fas d\u00fdr\u00f0ar minnar gj\u00f6ri \u00e9g d\u00fdrlegt.<a name=\"8\"><span class=\"versanumer\">8<\/span><\/a>Hverjir eru \u00feessir, sem koma flj\u00fagandi eins og sk\u00fd og sem d\u00fafur til b\u00fara sinna?<a name=\"9\"><span class=\"versanumer\">9<\/span><\/a>M\u00edn b\u00ed\u00f0a eyl\u00f6ndin, og Tarsis-knerrir fara fremstir til \u00feess a\u00f0 flytja sonu \u00fe\u00edna heim af fjarl\u00e6gum l\u00f6ndum, og \u00feeir hafa me\u00f0 s\u00e9r silfur sitt og gull sitt vegna nafns Drottins Gu\u00f0s \u00fe\u00edns og vegna Hins heilaga \u00ed \u00cdsrael, af \u00fev\u00ed a\u00f0 hann hefir gj\u00f6rt \u00feig vegsamlega.<a name=\"10\"><span class=\"versanumer\">10<\/span><\/a>\u00datlendir menn munu hla\u00f0a upp m\u00fara \u00fe\u00edna og konungar \u00feeirra \u00fej\u00f3na \u00fe\u00e9r, \u00fev\u00ed a\u00f0 \u00ed rei\u00f0i minni sl\u00f3 \u00e9g \u00feig, en af n\u00e1\u00f0 minni miskunna \u00e9g \u00fe\u00e9r.<a name=\"11\"><span class=\"versanumer\">11<\/span><\/a>Hli\u00f0 \u00fe\u00edn munu \u00e1vallt opin standa, \u00feeim er hvorki loka\u00f0 dag n\u00e9 n\u00f3tt, til \u00feess a\u00f0 menn geti f\u00e6rt \u00fe\u00e9r fj\u00e1rafla \u00fej\u00f3\u00f0anna og konunga \u00feeirra sem bandingja.<a name=\"12\"><span class=\"versanumer\">12<\/span><\/a>\u00dev\u00ed a\u00f0 hver s\u00fa \u00fej\u00f3\u00f0 og hvert \u00fea\u00f0 konungsr\u00edki, sem eigi vill l\u00fata \u00fe\u00e9r, skal undir lok l\u00ed\u00f0a, og \u00fe\u00e6r \u00fej\u00f3\u00f0ir munu gj\u00f6reyddar ver\u00f0a.<a name=\"13\"><span class=\"versanumer\">13<\/span><\/a>Pr\u00fd\u00f0i L\u00edbanons mun til \u00fe\u00edn koma: k\u00fdpresvi\u00f0ur, \u00e1lmvi\u00f0ur og sortulyngsvi\u00f0ur, hver me\u00f0 \u00f6\u00f0rum til \u00feess a\u00f0 pr\u00fd\u00f0a helgan sta\u00f0 minn og gj\u00f6ra vegsamlegan sta\u00f0 f\u00f3ta minna.<a name=\"14\"><span class=\"versanumer\">14<\/span><\/a>Og synir \u00feeirra, sem k\u00fagu\u00f0u \u00feig, munu koma til \u00fe\u00edn ni\u00f0url\u00fatir, og allir \u00feeir, sem sm\u00e1nu\u00f0u \u00feig, munu fleygja s\u00e9r fl\u00f6tum fyrir f\u00e6tur \u00fe\u00e9r. \u00deeir munu kalla \u00feig borg Drottins, S\u00edon Hins heilaga \u00ed \u00cdsrael.<a name=\"15\"><span class=\"versanumer\">15<\/span><\/a>\u00cd sta\u00f0 \u00feess, a\u00f0 \u00fe\u00fa \u00e1\u00f0ur varst yfirgefin, h\u00f6tu\u00f0 og enginn f\u00f3r um hj\u00e1 \u00fe\u00e9r, gj\u00f6ri \u00e9g \u00feig a\u00f0 eil\u00edfri vegsemd, a\u00f0 f\u00f6gnu\u00f0i margra kynsl\u00f3\u00f0a.<a name=\"16\"><span class=\"versanumer\">16<\/span><\/a>Og \u00fe\u00fa munt drekka mj\u00f3lk \u00fej\u00f3\u00f0anna og sj\u00faga brj\u00f3st konunganna, og \u00fe\u00e1 skalt \u00fe\u00fa reyna \u00fea\u00f0, a\u00f0 \u00e9g, Drottinn, er frelsari \u00feinn, og Jakobs voldugi Gu\u00f0, lausnari \u00feinn.<a name=\"17\"><span class=\"versanumer\">17<\/span><\/a>\u00c9g mun f\u00e6ra \u00fe\u00e9r gull \u00ed sta\u00f0 eirs og silfur \u00ed sta\u00f0 j\u00e1rns, eir \u00ed sta\u00f0 trj\u00e1vi\u00f0ar og j\u00e1rn \u00ed sta\u00f0 grj\u00f3ts. \u00c9g gj\u00f6ri fri\u00f0inn a\u00f0 valdstj\u00f3rn \u00feinni og r\u00e9ttl\u00e6ti\u00f0 a\u00f0 valdsmanni \u00fe\u00ednum.<a name=\"18\"><span class=\"versanumer\">18<\/span><\/a>Eigi skal framar heyrast geti\u00f0 um ofr\u00edki \u00ed landi \u00fe\u00ednu, n\u00e9 um tj\u00f3n og tort\u00edming innan landamerkja \u00feinna. \u00de\u00fa skalt kalla Hj\u00e1lpr\u00e6\u00f0i m\u00fara \u00fe\u00edna og Sigurfr\u00e6g\u00f0 hli\u00f0 \u00fe\u00edn.<a name=\"19\"><span class=\"versanumer\">19<\/span><\/a>\u00de\u00fa skalt ekki framar hafa s\u00f3lina til a\u00f0 l\u00fdsa \u00fe\u00e9r um daga, og tungli\u00f0 skal ekki sk\u00edna til a\u00f0 gefa \u00fe\u00e9r birtu, heldur skal Drottinn vera \u00fe\u00e9r eil\u00edft lj\u00f3s og Gu\u00f0 \u00feinn vera \u00fe\u00e9r geislandi r\u00f6\u00f0ull.<a name=\"20\"><span class=\"versanumer\">20<\/span><\/a>\u00de\u00e1 mun s\u00f3l \u00fe\u00edn ekki framar ganga undir og tungl \u00feitt ekki minnka, \u00fev\u00ed a\u00f0 Drottinn mun vera \u00fe\u00e9r eil\u00edft lj\u00f3s og h\u00f6rmungardagar \u00fe\u00ednir skulu \u00fe\u00e1 vera \u00e1 enda.<a name=\"21\"><span class=\"versanumer\">21<\/span><\/a>Og l\u00fd\u00f0ur \u00feinn \u00feeir eru allir r\u00e9ttl\u00e1tir, \u00feeir munu eiga landi\u00f0 eil\u00edflega: \u00feeir eru kvisturinn, sem \u00e9g hefi gr\u00f3\u00f0ursett, verk handa minna, er \u00e9g gj\u00f6ri mig vegsamlegan me\u00f0.<a name=\"22\"><span class=\"versanumer\">22<\/span><\/a>Hinn minnsti skal ver\u00f0a a\u00f0 \u00fe\u00fasund og hinn l\u00edtilm\u00f3tlegasti a\u00f0 voldugri \u00fej\u00f3\u00f0. \u00c9g, Drottinn, mun hra\u00f0a \u00fev\u00ed, \u00feegar a\u00f0 \u00fev\u00ed kemur.<\/p>\n<div class=\"footnote1981\"><b>60.1<\/b> Upp Jes 51.17; 52.1 \u2013 lj\u00f3s \u00feitt Jes 58.8,10; sbr 59.9 \u2013 d\u00fdr\u00f0 Drottins Jes 58.8; Opb 21.11<br \/>\n<b>60.2<\/b> Myrkur yfir j\u00f6r\u00f0inni Jes 8.22; 9.1,2; &#8211; d\u00fdr\u00f0 Drottins Jes 59.19<br \/>\n<b>60.3<\/b> \u00dej\u00f3\u00f0ir sbr Jes 2.2-3; 42.6; 49.6; 66.18; Tob 13.11; Opb 21.24<br \/>\n<b>60.4<\/b> Synir \u00fe\u00ednir Jes 49.21-22 \u2013 koma Jes 49.18; Bar 5.5-6<br \/>\n<b>60.5<\/b> Au\u00f0\u00e6fi \u00fej\u00f3\u00f0a Jes 60.11,17; Hag 2.7<br \/>\n<b>60.6<\/b> Fr\u00e1 Saba 1Kon 10.1-13; Slm 72.10,15 \u2013 gull og reykelsi 1Kon 10.2; Matt 2.11<br \/>\n<b>60.7<\/b> Kedars Jes 21.16+<br \/>\n<b>60.8<\/b> Hver eru \u00feau? Jes 49.21<br \/>\n<b>60.9<\/b> Eyjunum Jes 40.15+ &#8211; Tarsisskip Jes 2.16+ &#8211; flytja Jes 49.22 \u2013 Drottins, Gu\u00f0s \u00fe\u00edns Jes 51.15  &#8211; Hins heilaga \u00ed \u00cdsrael Jes 1.4+<br \/>\n<b>60.10<\/b> Reisa Jes 49.17 \u2013 konungar \u00fej\u00f3na Jes 49.23 \u2013 rei\u00f0i, n\u00e1\u00f0, miskunn Jes 54.7-8<br \/>\n<b>60.11<\/b> Opin hli\u00f0 Opb 21.25-26<br \/>\n<b>60.12<\/b> Ekki vill \u00fej\u00f3na Sak 14.17-18<br \/>\n<b>60.14<\/b> Fleygja s\u00e9r fl\u00f6tum Jes 45.14; 49.23; Opb 3.9 \u2013 borg Drottins sbr Jes 1.26, Esk 48.35; Slm 87.3<br \/>\n<b>60.15<\/b> Yfirgefin Jes 49.14+ ; 62.4,12<br \/>\n<b>60.16<\/b> Brj\u00f3st konunganna sbr Jes 49.23 \u2013 frelsari Jes 41.14+ &#8211; Hinn voldugi Jakobs Jes 1.24+<br \/>\n<b>60.17<\/b> R\u00e9ttl\u00e6ti\u00f0 Jes 59.9,16<br \/>\n<b>60.18<\/b> M\u00fara Opb 21.12,14 \u2013 hj\u00e1lpr\u00e6\u00f0i Jes 59.11,16-17 \u2013 lofs\u00f6ng Jes 62.7<br \/>\n<b>60.19<\/b> Drottinn ver\u00f0ur \u00fe\u00e9r lj\u00f3s Opb 21.23; 22.5; sbr L\u00fak 1.78<br \/>\n<b>60.20<\/b> Sorg \u00e1 enda Jes 61.3; Opb 21.4<br \/>\n<b>60.21<\/b> Allir r\u00e9ttl\u00e1tir Jes 54.13-14 \u2013 eiga landi\u00f0 Jes 57.13+ &#8211; birtir d\u00fdr\u00f0 Jes 61.3<\/div>\n","protected":false},"excerpt":{"rendered":"<p>1Statt upp, sk\u00edn \u00fe\u00fa, \u00fev\u00ed a\u00f0 lj\u00f3s \u00feitt kemur og d\u00fdr\u00f0 Drottins rennur upp yfir \u00fe\u00e9r!2Sj\u00e1, myrkur gr\u00fafir yfir j\u00f6r\u00f0inni og sorti yfir \u00fej\u00f3\u00f0unum. En yfir \u00fe\u00e9r upp rennur Drottinn, og d\u00fdr\u00f0 hans birtist yfir \u00fe\u00e9r.3\u00dej\u00f3\u00f0irnar stefna \u00e1 lj\u00f3s \u00feitt og konungar \u00e1 lj\u00f3mann, sem upp rennur yfir \u00fe\u00e9r.4Hef upp augu \u00fe\u00edn og litast um: \u00deeir safnast allir saman og koma til \u00fe\u00edn. Synir \u00fe\u00ednir koma af fjarl\u00e6gum l\u00f6ndum, og d\u00e6tur \u00fe\u00ednar eru bornar \u00e1 mj\u00f6\u00f0minni.5Vi\u00f0 \u00fe\u00e1 s\u00fdn muntu gle\u00f0jast, hjarta \u00feitt mun titra og svella, \u00fev\u00ed a\u00f0 au\u00f0leg\u00f0 hafsins hverfur til \u00fe\u00edn og fj\u00e1rafli \u00fej\u00f3\u00f0anna kemur undir \u00feig.6Merg\u00f0 \u00falfalda <a href=\"https:\/\/biblian.is\/1981\/jesaja-60-kafli\/\"> [&#8230;]<\/a><\/p>\n","protected":false},"author":1,"featured_media":0,"parent":0,"menu_order":0,"comment_status":"open","ping_status":"open","template":"bibliukaflar.php","meta":{"footnotes":""},"class_list":["post-2086","page","type-page","status-publish","hentry"],"_links":{"self":[{"href":"https:\/\/biblian.is\/1981\/wp-json\/wp\/v2\/pages\/2086","targetHints":{"allow":["GET"]}}],"collection":[{"href":"https:\/\/biblian.is\/1981\/wp-json\/wp\/v2\/pages"}],"about":[{"href":"https:\/\/biblian.is\/1981\/wp-json\/wp\/v2\/types\/page"}],"author":[{"embeddable":true,"href":"https:\/\/biblian.is\/1981\/wp-json\/wp\/v2\/users\/1"}],"replies":[{"embeddable":true,"href":"https:\/\/biblian.is\/1981\/wp-json\/wp\/v2\/comments?post=2086"}],"version-history":[{"count":0,"href":"https:\/\/biblian.is\/1981\/wp-json\/wp\/v2\/pages\/2086\/revisions"}],"wp:attachment":[{"href":"https:\/\/biblian.is\/1981\/wp-json\/wp\/v2\/media?parent=2086"}],"curies":[{"name":"wp","href":"https:\/\/api.w.org\/{rel}","templated":true}]}}