{"id":2084,"date":"2017-11-18T20:20:02","date_gmt":"2017-11-18T20:20:02","guid":{"rendered":"http:\/\/biblian.is\/1981\/jesaja-58-kafli\/"},"modified":"2017-11-18T20:20:02","modified_gmt":"2017-11-18T20:20:02","slug":"jesaja-58-kafli","status":"publish","type":"page","link":"https:\/\/biblian.is\/1981\/jesaja-58-kafli\/","title":{"rendered":"Jesaja 58. kafli"},"content":{"rendered":"<p><a name=\"1\"><span class=\"versanumer\">1<\/span><\/a>Kalla \u00fe\u00fa af megni og drag ekki af! Hef upp raust \u00fe\u00edna sem l\u00fa\u00f0ur og kunngj\u00f6r l\u00fd\u00f0 m\u00ednum misgj\u00f6r\u00f0 \u00feeirra og h\u00fasi Jakobs syndir \u00feeirra!<a name=\"2\"><span class=\"versanumer\">2<\/span><\/a>\u00deeir leita m\u00edn dag fr\u00e1 degi og girnast a\u00f0 \u00feekkja m\u00edna vegu. \u00deeir heimta af m\u00e9r r\u00e9ttl\u00e1ta d\u00f3ma og girnast \u00fea\u00f0, a\u00f0 Gu\u00f0 komi til, eins og v\u00e6ru \u00feeir \u00fej\u00f3\u00f0, sem i\u00f0kar r\u00e9ttl\u00e6ti og eigi v\u00edkur fr\u00e1 skipunum Gu\u00f0s s\u00edns.<a name=\"3\"><span class=\"versanumer\">3<\/span><\/a>Hv\u00ed f\u00f6stum v\u00e9r, og \u00fe\u00fa s\u00e9r \u00fea\u00f0 ekki? Hv\u00ed \u00fej\u00e1um v\u00e9r oss, og \u00fe\u00fa skeytir \u00fev\u00ed ekki? Sj\u00e1, daginn sem \u00fe\u00e9r fasti\u00f0 f\u00e1ist \u00fe\u00e9r vi\u00f0 st\u00f6rf y\u00f0ar og \u00fer\u00e6lki\u00f0 \u00f6ll hj\u00fa y\u00f0ar.<a name=\"4\"><span class=\"versanumer\">4<\/span><\/a>Sj\u00e1, \u00fe\u00e9r fasti\u00f0 til \u00feess a\u00f0 vekja deilur og \u00fer\u00e6tur og til \u00feess a\u00f0 lj\u00f3sta me\u00f0 \u00f3sv\u00edfnum hnefa. En \u00fe\u00e9r fasti\u00f0 eigi \u00ed dag til \u00feess a\u00f0 l\u00e1ta r\u00f6dd y\u00f0ar heyrast upp \u00ed h\u00e6\u00f0irnar.<a name=\"5\"><span class=\"versanumer\">5<\/span><\/a>Mun sl\u00edkt vera s\u00fa fasta, er m\u00e9r l\u00edkar, s\u00e1 dagur, er menn \u00fej\u00e1 sig? A\u00f0 hengja ni\u00f0ur h\u00f6fu\u00f0i\u00f0 sem sef og brei\u00f0a undir sig sekk og \u00f6sku, kallar \u00fe\u00fa sl\u00edkt f\u00f6stu og dag vel\u00fe\u00f3knunar fyrir Drottni?<a name=\"6\"><span class=\"versanumer\">6<\/span><\/a>Nei, s\u00fa fasta, sem m\u00e9r l\u00edkar, er a\u00f0 leysa fj\u00f6tra rangsleitninnar, l\u00e1ta rakna b\u00f6nd oksins, gefa frj\u00e1lsa hina hrj\u00e1\u00f0u og sundurbrj\u00f3ta s\u00e9rhvert ok,<a name=\"7\"><span class=\"versanumer\">7<\/span><\/a>\u00fea\u00f0 er, a\u00f0 \u00fe\u00fa mi\u00f0lir hinum hungru\u00f0u af brau\u00f0i \u00fe\u00ednu, h\u00fdsir b\u00e1gstadda, h\u00e6lislausa menn, og ef \u00fe\u00fa s\u00e9r kl\u00e6\u00f0lausan mann, a\u00f0 \u00fe\u00fa \u00fe\u00e1 kl\u00e6\u00f0ir hann og firrist eigi \u00feann, sem er hold \u00feitt og bl\u00f3\u00f0.<a name=\"8\"><span class=\"versanumer\">8<\/span><\/a>\u00de\u00e1 skal lj\u00f3s \u00feitt bruna fram sem morgunro\u00f0i og s\u00e1r \u00feitt gr\u00f3a br\u00e1\u00f0lega, \u00fe\u00e1 mun r\u00e9ttl\u00e6ti \u00feitt fara fyrir \u00fe\u00e9r, d\u00fdr\u00f0 Drottins fylgja \u00e1 eftir \u00fe\u00e9r.<a name=\"9\"><span class=\"versanumer\">9<\/span><\/a>\u00de\u00e1 munt \u00fe\u00fa kalla \u00e1 Drottin, og hann mun svara, \u00fe\u00fa munt hr\u00f3pa \u00e1 hj\u00e1lp og hann segja: H\u00e9r er \u00e9g! Ef \u00fe\u00fa h\u00e6ttir allri undirokun, h\u00e6\u00f0nisbendingum og illm\u00e6lum,<a name=\"10\"><span class=\"versanumer\">10<\/span><\/a>ef \u00fe\u00fa r\u00e9ttir hinum hungra\u00f0a brau\u00f0 \u00feitt og se\u00f0ur \u00feann, sem b\u00e1gt \u00e1, \u00fe\u00e1 mun lj\u00f3s \u00feitt renna upp \u00ed myrkrinu og ni\u00f0dimman \u00ed kringum \u00feig ver\u00f0a sem h\u00e1bjartur dagur.<a name=\"11\"><span class=\"versanumer\">11<\/span><\/a>\u00de\u00e1 mun Drottinn st\u00f6\u00f0ugt lei\u00f0a \u00feig og se\u00f0ja \u00feig, \u00fe\u00f3tt \u00fe\u00fa s\u00e9rt staddur \u00e1 vatnslausum st\u00f6\u00f0um, og styrkja bein \u00fe\u00edn, og \u00fe\u00e1 munt \u00fe\u00fa ver\u00f0a sem v\u00f6kva\u00f0ur aldingar\u00f0ur og sem uppsprettulind, er aldrei \u00fer\u00fdtur.<a name=\"12\"><span class=\"versanumer\">12<\/span><\/a>\u00de\u00e1 munu afkomendur \u00fe\u00ednir byggja upp hinar fornu borgarr\u00fastir, og \u00fe\u00fa munt reisa a\u00f0 n\u00fdju m\u00farveggina, er legi\u00f0 hafa vi\u00f0 velli marga mannsaldra, og \u00fe\u00e1 munt \u00fe\u00fa nefndur ver\u00f0a m\u00farskar\u00f0a-fyllir, farbrauta-b\u00e6tir.<a name=\"13\"><span class=\"versanumer\">13<\/span><\/a>Ef \u00fe\u00fa varast a\u00f0 vanhelga hv\u00edldardaginn, varast a\u00f0 gegna st\u00f6rfum \u00fe\u00ednum \u00e1 helgum degi m\u00ednum, ef \u00fe\u00fa kallar hv\u00edldardaginn feginsdag, hinn helga dag Drottins hei\u00f0ursdag og vir\u00f0ir hann svo, a\u00f0 \u00fe\u00fa framkv\u00e6mir ekki fyrir\u00e6tlanir \u00fe\u00ednar, annast ekki st\u00f6rf \u00fe\u00edn n\u00e9 talar h\u00e9g\u00f3maor\u00f0,<a name=\"14\"><span class=\"versanumer\">14<\/span><\/a>\u00fe\u00e1 munt \u00fe\u00fa gle\u00f0jast yfir Drottni og \u00fe\u00e1 mun \u00e9g l\u00e1ta \u00feig fram bruna \u00e1 h\u00e6\u00f0um landsins og l\u00e1ta \u00feig nj\u00f3ta arfleif\u00f0ar Jakobs f\u00f6\u00f0ur \u00fe\u00edns, \u00fev\u00ed a\u00f0 munnur Drottins hefir tala\u00f0 \u00fea\u00f0.<\/p>\n<div class=\"footnote1981\"><b>58.1<\/b> Seg\u00f0u &#8230; H\u00f3s 8.1; M\u00edk 3.8<br \/>\n<b>58.2<\/b> Leita Jes 55.6 \u2013 r\u00e9ttl\u00e6ti og r\u00e9ttur Jes 56.1+ &#8211; v\u00edkur ekki fr\u00e1 Slm 73.28<br \/>\n<b>58.3<\/b> F\u00f6stum 3M\u00f3s 16.29,31; 23.27; 4M\u00f3s 29.7 \u2013 hvers vegna f\u00f6stum v\u00e9r &#8230; ? Mal 3.14 \u2013 Drottinn s\u00e9r Matt 6.18<br \/>\n<b>58.4<\/b> Heyrast \u00ed upph\u00e6\u00f0um Jes 1.15<br \/>\n<b>58.5<\/b> Er s\u00fa? Matt 6.16 \u2013 sekk og \u00f6sku Jer 6.26; Est 4.3; Dan 9.3; Matt 11.21<br \/>\n<b>58.6<\/b> \u00de\u00f3knanleg fasta sbr Jes 1.11; Am 5.21 \u2013 gefa frj\u00e1lsa 5M\u00f3s 15.12-15; Jer 34.8-9 \u2013 hina hrj\u00e1\u00f0u Jes 42.3<br \/>\n<b>58.7<\/b> Mi\u00f0la af brau\u00f0i sbr Esk 18.5-9 \u2013 h\u00fdsa sbr Matt 25.34-40 \u2013 kl\u00e6\u00f0ir Job 31.19-20 \u2013 firrist 5M\u00f3s 22.1<br \/>\n<b>58.8<\/b> S\u00e1r gr\u00f3a Jer 8.21-22; 30.17; 33.6 \u2013 fylgir eftir Jes 52.12<br \/>\n<b>58.9<\/b> Kalla, svara Jer 33.3; Slm 91.15 \u2013 h\u00e9r er \u00e9g Jes 52.6; 65.1<br \/>\n<b>58.10<\/b> Lj\u00f3s \u00feitt Matt 5.14 \u2013 lj\u00f3s \u00ed myrkri J\u00f3h 8.12<br \/>\n<b>58.11<\/b> Skr\u00e6lna\u00f0 land 1P\u00e9t 14.12 \u2013 uppsprettu J\u00f3h 4.14<br \/>\n<b>58.12<\/b> Hinar fornu r\u00fastir Jes 64.10 \u2013 byggja upp Jes 61.4<br \/>\n<b>58.13<\/b> Halda hv\u00edldardaginn Jes 56.2,4,6; 2M\u00f3s 31.15; Esk 20.12-24<br \/>\n<b>58.14<\/b> Gle\u00f0jast yfir Drottni Slm 37.4; Job 22.26 \u2013 arfur sbr Heb 3.7-4.11 \u2013 munnur Drottins &#8230; Jes 40.5<\/div>\n","protected":false},"excerpt":{"rendered":"<p>1Kalla \u00fe\u00fa af megni og drag ekki af! Hef upp raust \u00fe\u00edna sem l\u00fa\u00f0ur og kunngj\u00f6r l\u00fd\u00f0 m\u00ednum misgj\u00f6r\u00f0 \u00feeirra og h\u00fasi Jakobs syndir \u00feeirra!2\u00deeir leita m\u00edn dag fr\u00e1 degi og girnast a\u00f0 \u00feekkja m\u00edna vegu. \u00deeir heimta af m\u00e9r r\u00e9ttl\u00e1ta d\u00f3ma og girnast \u00fea\u00f0, a\u00f0 Gu\u00f0 komi til, eins og v\u00e6ru \u00feeir \u00fej\u00f3\u00f0, sem i\u00f0kar r\u00e9ttl\u00e6ti og eigi v\u00edkur fr\u00e1 skipunum Gu\u00f0s s\u00edns.3Hv\u00ed f\u00f6stum v\u00e9r, og \u00fe\u00fa s\u00e9r \u00fea\u00f0 ekki? Hv\u00ed \u00fej\u00e1um v\u00e9r oss, og \u00fe\u00fa skeytir \u00fev\u00ed ekki? Sj\u00e1, daginn sem \u00fe\u00e9r fasti\u00f0 f\u00e1ist \u00fe\u00e9r vi\u00f0 st\u00f6rf y\u00f0ar og \u00fer\u00e6lki\u00f0 \u00f6ll hj\u00fa y\u00f0ar.4Sj\u00e1, \u00fe\u00e9r fasti\u00f0 til \u00feess a\u00f0 <a href=\"https:\/\/biblian.is\/1981\/jesaja-58-kafli\/\"> [&#8230;]<\/a><\/p>\n","protected":false},"author":1,"featured_media":0,"parent":0,"menu_order":0,"comment_status":"open","ping_status":"open","template":"bibliukaflar.php","meta":{"footnotes":""},"class_list":["post-2084","page","type-page","status-publish","hentry"],"_links":{"self":[{"href":"https:\/\/biblian.is\/1981\/wp-json\/wp\/v2\/pages\/2084","targetHints":{"allow":["GET"]}}],"collection":[{"href":"https:\/\/biblian.is\/1981\/wp-json\/wp\/v2\/pages"}],"about":[{"href":"https:\/\/biblian.is\/1981\/wp-json\/wp\/v2\/types\/page"}],"author":[{"embeddable":true,"href":"https:\/\/biblian.is\/1981\/wp-json\/wp\/v2\/users\/1"}],"replies":[{"embeddable":true,"href":"https:\/\/biblian.is\/1981\/wp-json\/wp\/v2\/comments?post=2084"}],"version-history":[{"count":0,"href":"https:\/\/biblian.is\/1981\/wp-json\/wp\/v2\/pages\/2084\/revisions"}],"wp:attachment":[{"href":"https:\/\/biblian.is\/1981\/wp-json\/wp\/v2\/media?parent=2084"}],"curies":[{"name":"wp","href":"https:\/\/api.w.org\/{rel}","templated":true}]}}