{"id":2083,"date":"2017-11-18T20:20:02","date_gmt":"2017-11-18T20:20:02","guid":{"rendered":"http:\/\/biblian.is\/1981\/jesaja-57-kafli\/"},"modified":"2017-11-18T20:20:02","modified_gmt":"2017-11-18T20:20:02","slug":"jesaja-57-kafli","status":"publish","type":"page","link":"https:\/\/biblian.is\/1981\/jesaja-57-kafli\/","title":{"rendered":"Jesaja 57. kafli"},"content":{"rendered":"<p><a name=\"1\"><span class=\"versanumer\">1<\/span><\/a>Hinir r\u00e9ttl\u00e1tu l\u00ed\u00f0a undir lok, og enginn leggur \u00fea\u00f0 \u00e1 hjarta. Hinum gu\u00f0hr\u00e6ddu er burt svipt, og enginn veitir \u00fev\u00ed athygli. Hinir r\u00e9ttl\u00e1tu ver\u00f0a burt numdir fr\u00e1 \u00f3g\u00e6funni,<a name=\"2\"><span class=\"versanumer\">2<\/span><\/a>\u00feeir ganga inn til fri\u00f0ar. \u00deeir, sem ganga beina braut, munu hv\u00edla \u00ed legur\u00famum s\u00ednum.<a name=\"3\"><span class=\"versanumer\">3<\/span><\/a>Komi\u00f0 \u00fe\u00e9r hinga\u00f0, \u00fe\u00e9r sei\u00f0konusynir, \u00fe\u00fa afsprengi h\u00f3rkarls og sk\u00e6kju!<a name=\"4\"><span class=\"versanumer\">4<\/span><\/a>A\u00f0 hverjum skopist \u00fe\u00e9r? Framan \u00ed hvern eru\u00f0 \u00fe\u00e9r a\u00f0 bretta y\u00f0ur og reka \u00fat \u00far y\u00f0ur tunguna? Eru\u00f0 \u00fe\u00e9r ekki syndarinnar b\u00f6rn og lyginnar afsprengi?<a name=\"5\"><span class=\"versanumer\">5<\/span><\/a>\u00de\u00e9r brunnu\u00f0 af girndarbruna hj\u00e1 eikitrj\u00e1num, undir hverju gr\u00e6nu tr\u00e9, \u00fe\u00e9r sl\u00e1tru\u00f0u\u00f0 b\u00f6rnum \u00ed d\u00f6lunum, ni\u00f0ri \u00ed klettagj\u00e1num.<a name=\"6\"><span class=\"versanumer\">6<\/span><\/a>\u00c1 sleipum steinum \u00ed \u00e1rfarvegi skri\u00f0nar \u00fe\u00e9r f\u00f3tur. \u00de\u00fa \u00fathelltir drykkjarf\u00f3rn handa \u00feeim, f\u00e6r\u00f0ir \u00feeim matf\u00f3rn. \u00c1tti \u00e9g a\u00f0 una sl\u00edku?<a name=\"7\"><span class=\"versanumer\">7<\/span><\/a>\u00c1 h\u00e1u og gn\u00e6fandi fjalli settir \u00fe\u00fa hv\u00edlur\u00fam \u00feitt, \u00fe\u00fa f\u00f3rst og upp \u00feanga\u00f0 til \u00feess a\u00f0 f\u00e6ra f\u00f3rnir.<a name=\"8\"><span class=\"versanumer\">8<\/span><\/a>\u00c1 bak vi\u00f0 hur\u00f0 og dyrastafi settir \u00fe\u00fa minningarmark \u00feitt. J\u00e1, fr\u00e1hverf m\u00e9r flettir \u00fe\u00fa ofan af hv\u00edlu \u00feinni, steigst upp \u00ed hana og r\u00fdmka\u00f0ir til \u00ed henni og gj\u00f6r\u00f0ir samning vi\u00f0 \u00fe\u00e1. \u00de\u00e9r voru k\u00e6r hv\u00edlubr\u00f6g\u00f0 \u00feeirra, \u00fe\u00fa s\u00e1st blyg\u00f0an \u00feeirra.<a name=\"9\"><span class=\"versanumer\">9<\/span><\/a>\u00de\u00fa f\u00f3rst til konungsins me\u00f0 ol\u00edu og haf\u00f0ir me\u00f0 \u00fe\u00e9r mikil smyrsl, og \u00fe\u00fa sendir sendibo\u00f0a \u00fe\u00edna langar lei\u00f0ir og steigst ni\u00f0ur allt til Heljar.<a name=\"10\"><span class=\"versanumer\">10<\/span><\/a>\u00de\u00fa var\u00f0st \u00fereytt af hinu langa fer\u00f0alagi \u00fe\u00ednu, en \u00fe\u00f3 sag\u00f0ir \u00fe\u00fa ekki: \u00c9g gefst upp! \u00de\u00fa fannst n\u00fdjan l\u00edfs\u00fer\u00f3tt \u00ed hendi \u00feinni, fyrir \u00fev\u00ed \u00f6rmagna\u00f0ist \u00fe\u00fa ekki.<a name=\"11\"><span class=\"versanumer\">11<\/span><\/a>Hvern hr\u00e6ddist og \u00f3tta\u00f0ist \u00fe\u00fa \u00fe\u00e1, a\u00f0 \u00fe\u00fa skyldir breg\u00f0a svo tr\u00fana\u00f0i \u00fe\u00ednum, a\u00f0 \u00fe\u00fa skyldir ekki muna til m\u00edn, ekkert um mig hir\u00f0a? Er eigi svo: \u00c9g hefi \u00feaga\u00f0, og \u00fea\u00f0 fr\u00e1 eil\u00edf\u00f0, mig \u00f3tta\u00f0ist \u00fe\u00fa \u00fev\u00ed ekki?<a name=\"12\"><span class=\"versanumer\">12<\/span><\/a>En \u00e9g skal gj\u00f6ra r\u00e9ttl\u00e6ti \u00feitt kunnugt, og verkin \u00fe\u00edn \u00feau munu \u00fe\u00e9r a\u00f0 engu li\u00f0i ver\u00f0a.<a name=\"13\"><span class=\"versanumer\">13<\/span><\/a>L\u00e1t skur\u00f0go\u00f0in, sem \u00fe\u00fa hefir saman safna\u00f0, bjarga \u00fe\u00e9r, er \u00fe\u00fa kallar \u00e1 hj\u00e1lp! Vindurinn mun svipta \u00feeim \u00f6llum \u00ed burt, gusturinn taka \u00feau. En s\u00e1, sem leitar h\u00e6lis hj\u00e1 m\u00e9r, mun erfa landi\u00f0 og eignast mitt heilaga fjall.<a name=\"14\"><span class=\"versanumer\">14<\/span><\/a>Sagt mun ver\u00f0a: Leggi\u00f0 braut, leggi\u00f0 braut, grei\u00f0i\u00f0 veginn, ry\u00f0ji\u00f0 hverjum \u00e1steytingarsteini \u00far vegi \u00fej\u00f3\u00f0ar minnar!<a name=\"15\"><span class=\"versanumer\">15<\/span><\/a>J\u00e1, svo segir hinn h\u00e1i og h\u00e1leiti, hann sem r\u00edkir eil\u00edflega og heitir Heilagur: \u00c9g b\u00fd \u00e1 h\u00e1um og helgum sta\u00f0, en einnig hj\u00e1 \u00feeim, sem hafa sundurkraminn og au\u00f0mj\u00fakan anda, til \u00feess a\u00f0 l\u00edfga anda hinna l\u00edtill\u00e1tu og til \u00feess a\u00f0 l\u00edfga hj\u00f6rtu hinna sundurkr\u00f6mdu.<a name=\"16\"><span class=\"versanumer\">16<\/span><\/a>\u00dev\u00ed a\u00f0 \u00e9g \u00fereyti ekki deilur eil\u00edflega og rei\u00f0ist ekki \u00e6vinlega, ella mundi andi mannsins vanmegnast fyrir m\u00e9r og s\u00e1lirnar, sem \u00e9g hefi skapa\u00f0.<a name=\"17\"><span class=\"versanumer\">17<\/span><\/a>S\u00f6kum hinnar syndsamlegu \u00e1girndar hans reiddist \u00e9g og laust hann, \u00e9g byrg\u00f0i andlit mitt og var rei\u00f0ur. \u00derj\u00f3skufullur h\u00e9lt hann \u00fe\u00e1 lei\u00f0, er hann lysti.<a name=\"18\"><span class=\"versanumer\">18<\/span><\/a>\u00c9g s\u00e1 vegu hans og \u00e9g vil l\u00e6kna hann, \u00e9g vil lei\u00f0a hann og veita honum hugsv\u00f6lun. \u00d6llum \u00feeim, sem hryggir eru hj\u00e1 honum,<a name=\"19\"><span class=\"versanumer\">19<\/span><\/a>vil \u00e9g gefa \u00e1v\u00f6xt varanna segir Drottinn. Fri\u00f0ur, fri\u00f0ur fyrir fjarl\u00e6ga og fyrir n\u00e1l\u00e6ga. \u00c9g l\u00e6kna hann!<a name=\"20\"><span class=\"versanumer\">20<\/span><\/a>En hinir \u00f3gu\u00f0legu eru sem \u00f3lgusj\u00f3r, \u00fev\u00ed a\u00f0 hann getur ekki veri\u00f0 kyrr og bylgjur hans r\u00f3ta upp aur og le\u00f0ju.<a name=\"21\"><span class=\"versanumer\">21<\/span><\/a>Hinum \u00f3gu\u00f0legu, segir Gu\u00f0 minn, er enginn fri\u00f0ur b\u00fainn.<\/p>\n<div class=\"footnote1981\"><b>57.1<\/b> Svipt burt M\u00edk 7.2; Slm 12.2<br \/>\n<b>57.3<\/b> H\u00f3rkarl og sk\u00e6kja Jer 3.9; Esk 16; H\u00f3s 2.4; Mal 3.5<br \/>\n<b>57.4<\/b> A\u00f0 hverjum Jes 37.23<br \/>\n<b>57.5<\/b> Undir hverju laufgu\u00f0u tr\u00e9 5M\u00f3s 12.2; Jer 2.20; Jes 6.13; sbr 1.29 \u2013 sl\u00e1tri\u00f0 b\u00f6rnum 3M\u00f3s 18.21; 5M\u00f3s 12.31; Jer 7.31<br \/>\n<b>57.6<\/b> Steinum 2Kon 17.10-11<br \/>\n<b>57.8<\/b> Girntist &#8230; Esk 16.15<br \/>\n<b>57.9<\/b> Melek sbr 3M\u00f3s 20.5; 1Kon 11.7; Jer 32.35 \u2013 me\u00f0 ol\u00edu M\u00edk 6.7<br \/>\n<b>57.10<\/b> \u00dereyttist Jer 2.25<br \/>\n<b>57.11<\/b> \u00deag\u00f0i Jes 42.14+<br \/>\n<b>57.13<\/b> Bjarga \u00fe\u00e9r D\u00f3m 10.14; Jer 2.28 \u2013 erfa landi\u00f0 Jes 60.21; Slm 37.9,34; Matt 5.5<br \/>\n<b>57.14<\/b> Gera veginn grei\u00f0an Jes 40.3 \u2013 \u00fej\u00f3\u00f0ar minnar Jes 62.10<br \/>\n<b>57.15<\/b> Hinn upphafni Jes 6.1; 52.13 \u2013 \u00fej\u00f6ku\u00f0um Jes 53.5,10; 66.2; Slm 34.19 \u2013 l\u00edtill\u00e1tu Slm 138.6<br \/>\n<b>57.16<\/b> Ekki eil\u00edflega Jer 3.5,12; Slm 103.9 \u2013 sem Gu\u00f0 skapa\u00f0i Jes 42.5<br \/>\n<b>57.17<\/b> Reiddist Jes 54.8-9 \u2013 sl\u00f3 Jes 60.10 \u2013 h\u00e9ldu \u00feann veg Jes 56.11; Jer 3.17; 7.24; sbr 50.6<br \/>\n<b>57.18<\/b> Veg Jes 55.8-9 \u2013 l\u00e6kna Jer 3.22; H\u00f3s 6.1 \u2013 veita huggun Jes 40.1+ &#8211; hryggir Jes 60.20; 61.2-3; 66.10<br \/>\n<b>57.19<\/b> Fjarri &#8230; n\u00e6rri Jer 25.26; Esk 6.12; 22.5; Ef 2.13,17; sbr Post 2.39<br \/>\n<b>57.21<\/b> Gu\u00f0leysingjar Jes 48.22<\/div>\n","protected":false},"excerpt":{"rendered":"<p>1Hinir r\u00e9ttl\u00e1tu l\u00ed\u00f0a undir lok, og enginn leggur \u00fea\u00f0 \u00e1 hjarta. Hinum gu\u00f0hr\u00e6ddu er burt svipt, og enginn veitir \u00fev\u00ed athygli. Hinir r\u00e9ttl\u00e1tu ver\u00f0a burt numdir fr\u00e1 \u00f3g\u00e6funni,2\u00feeir ganga inn til fri\u00f0ar. \u00deeir, sem ganga beina braut, munu hv\u00edla \u00ed legur\u00famum s\u00ednum.3Komi\u00f0 \u00fe\u00e9r hinga\u00f0, \u00fe\u00e9r sei\u00f0konusynir, \u00fe\u00fa afsprengi h\u00f3rkarls og sk\u00e6kju!4A\u00f0 hverjum skopist \u00fe\u00e9r? Framan \u00ed hvern eru\u00f0 \u00fe\u00e9r a\u00f0 bretta y\u00f0ur og reka \u00fat \u00far y\u00f0ur tunguna? Eru\u00f0 \u00fe\u00e9r ekki syndarinnar b\u00f6rn og lyginnar afsprengi?5\u00de\u00e9r brunnu\u00f0 af girndarbruna hj\u00e1 eikitrj\u00e1num, undir hverju gr\u00e6nu tr\u00e9, \u00fe\u00e9r sl\u00e1tru\u00f0u\u00f0 b\u00f6rnum \u00ed d\u00f6lunum, ni\u00f0ri \u00ed klettagj\u00e1num.6\u00c1 sleipum steinum \u00ed \u00e1rfarvegi skri\u00f0nar \u00fe\u00e9r f\u00f3tur. <a href=\"https:\/\/biblian.is\/1981\/jesaja-57-kafli\/\"> [&#8230;]<\/a><\/p>\n","protected":false},"author":1,"featured_media":0,"parent":0,"menu_order":0,"comment_status":"open","ping_status":"open","template":"bibliukaflar.php","meta":{"footnotes":""},"class_list":["post-2083","page","type-page","status-publish","hentry"],"_links":{"self":[{"href":"https:\/\/biblian.is\/1981\/wp-json\/wp\/v2\/pages\/2083","targetHints":{"allow":["GET"]}}],"collection":[{"href":"https:\/\/biblian.is\/1981\/wp-json\/wp\/v2\/pages"}],"about":[{"href":"https:\/\/biblian.is\/1981\/wp-json\/wp\/v2\/types\/page"}],"author":[{"embeddable":true,"href":"https:\/\/biblian.is\/1981\/wp-json\/wp\/v2\/users\/1"}],"replies":[{"embeddable":true,"href":"https:\/\/biblian.is\/1981\/wp-json\/wp\/v2\/comments?post=2083"}],"version-history":[{"count":0,"href":"https:\/\/biblian.is\/1981\/wp-json\/wp\/v2\/pages\/2083\/revisions"}],"wp:attachment":[{"href":"https:\/\/biblian.is\/1981\/wp-json\/wp\/v2\/media?parent=2083"}],"curies":[{"name":"wp","href":"https:\/\/api.w.org\/{rel}","templated":true}]}}