{"id":2082,"date":"2017-11-18T20:20:02","date_gmt":"2017-11-18T20:20:02","guid":{"rendered":"http:\/\/biblian.is\/1981\/jesaja-56-kafli\/"},"modified":"2017-11-18T20:20:02","modified_gmt":"2017-11-18T20:20:02","slug":"jesaja-56-kafli","status":"publish","type":"page","link":"https:\/\/biblian.is\/1981\/jesaja-56-kafli\/","title":{"rendered":"Jesaja 56. kafli"},"content":{"rendered":"<p><a name=\"1\"><span class=\"versanumer\">1<\/span><\/a>Svo segir Drottinn: Var\u00f0veiti\u00f0 r\u00e9ttinn og gj\u00f6ri\u00f0 \u00fea\u00f0, sem r\u00e9tt er, \u00fev\u00ed a\u00f0 hj\u00e1lpr\u00e6\u00f0i mitt er \u00ed n\u00e1nd og r\u00e9ttl\u00e6ti mitt birtist br\u00e1\u00f0lega.<a name=\"2\"><span class=\"versanumer\">2<\/span><\/a>S\u00e6ll er s\u00e1 ma\u00f0ur, sem gj\u00f6rir \u00feetta, og \u00fea\u00f0 mannsbarn, sem heldur fast vi\u00f0 \u00fea\u00f0, s\u00e1 sem g\u00e6tir \u00feess a\u00f0 vanhelga ekki hv\u00edldardaginn og var\u00f0veitir h\u00f6nd s\u00edna fr\u00e1 \u00fev\u00ed a\u00f0 gj\u00f6ra nokku\u00f0 illt.<a name=\"3\"><span class=\"versanumer\">3<\/span><\/a>Eigi m\u00e1 \u00fatlendingurinn, er gengi\u00f0 hefir Drottni \u00e1 h\u00f6nd, segja: Drottinn mun skilja mig fr\u00e1 l\u00fd\u00f0 s\u00ednum! Og eigi m\u00e1 geldingurinn segja: \u00c9g er visi\u00f0 tr\u00e9!<a name=\"4\"><span class=\"versanumer\">4<\/span><\/a>\u00dev\u00ed a\u00f0 svo segir Drottinn: Geldingunum, sem halda hv\u00edldardaga m\u00edna og kj\u00f3sa \u00fea\u00f0, sem m\u00e9r vel l\u00edkar, og halda fast vi\u00f0 s\u00e1ttm\u00e1la minn,<a name=\"5\"><span class=\"versanumer\">5<\/span><\/a>\u00feeim vil \u00e9g gefa minningarmark og nafn \u00ed h\u00fasi m\u00ednu og \u00e1 m\u00farveggjum m\u00ednum, sem er betra en synir og d\u00e6tur. Eil\u00edft nafn vil \u00e9g gefa \u00feeim, \u00fea\u00f0 er aldrei mun afm\u00e1\u00f0 ver\u00f0a.<a name=\"6\"><span class=\"versanumer\">6<\/span><\/a>Og \u00fatlendinga, sem gengi\u00f0 hafa Drottni \u00e1 h\u00f6nd til \u00feess a\u00f0 \u00fej\u00f3na honum og til \u00feess a\u00f0 elska nafn Drottins, til \u00feess a\u00f0 ver\u00f0a \u00fej\u00f3nar hans alla \u00fe\u00e1, sem g\u00e6ta \u00feess a\u00f0 vanhelga ekki hv\u00edldardaginn og halda fast vi\u00f0 minn s\u00e1ttm\u00e1la,<a name=\"7\"><span class=\"versanumer\">7<\/span><\/a>\u00fe\u00e1 mun \u00e9g lei\u00f0a til m\u00edns heilaga fjalls og gle\u00f0ja \u00fe\u00e1 \u00ed b\u00e6nah\u00fasi m\u00ednu. Brennif\u00f3rnir \u00feeirra og sl\u00e1turf\u00f3rnir skulu vera m\u00e9r \u00fe\u00f3knanlegar \u00e1 altari m\u00ednu. \u00dev\u00ed a\u00f0 h\u00fas mitt skal nefnast b\u00e6nah\u00fas fyrir allar \u00fej\u00f3\u00f0ir.<a name=\"8\"><span class=\"versanumer\">8<\/span><\/a>Hinn alvaldi Drottinn segir: \u00deegar \u00e9g safna saman hinum burtreknu af \u00cdsrael, mun \u00e9g og safna m\u00f6rgum auk \u00feeirra!<a name=\"9\"><span class=\"versanumer\">9<\/span><\/a>Safnist saman, \u00f6ll d\u00fdr merkurinnar, komi\u00f0 til a\u00f0 eta, \u00f6ll d\u00fdr sk\u00f3garins!<a name=\"10\"><span class=\"versanumer\">10<\/span><\/a>Var\u00f0menn \u00cdsraels eru allir blindir, vita ekki neitt, \u00feeir eru allir hlj\u00f3\u00f0lausir hundar, sem ekki geta gelt. \u00deeir liggja \u00ed draumm\u00f3ki, \u00feeim \u00feykir gott a\u00f0 l\u00fara.<a name=\"11\"><span class=\"versanumer\">11<\/span><\/a>Og hundarnir eru gr\u00e1\u00f0soltnir, f\u00e1 aldrei fylli s\u00edna. Og hir\u00f0arnir sj\u00e1lfir hafa ekki vit \u00e1 a\u00f0 taka eftir, \u00feeir fara hver sinna fer\u00f0a, l\u00edta allir \u00e1 eigin hag:<a name=\"12\"><span class=\"versanumer\">12<\/span><\/a>Komi\u00f0, \u00e9g \u00e6tla a\u00f0 s\u00e6kja v\u00edn, v\u00e9r skulum drekka \u00f3sleitulega! Og morgundagurinn skal ver\u00f0a sem \u00feessi, d\u00fdrlegur n\u00e6sta mj\u00f6g!<\/p>\n<div class=\"footnote1981\"><b>56.1<\/b> R\u00e9ttur, r\u00e9ttl\u00e6ti Jes 28.17; Jer 22.3; Am 5.24 \u2013 hj\u00e1lpr\u00e6\u00f0i mitt &#8230; r\u00e9ttl\u00e6ti mitt Jes 45.8+ &#8211; \u00ed n\u00e1nd Jes 46.13; 51.5<br \/>\n<b>56.2<\/b> S\u00e6ll Slm 1.1+ &#8211; hv\u00edldardagurinn Jes 58.13; 2M\u00f3s 20.8; Am 8.5<br \/>\n<b>56.3<\/b> Geldingurinn 3M\u00f3s 21.20; 5M\u00f3s 23.1-8; S\u00edr 3.14; Matt 19.12<br \/>\n<b>56.4<\/b> Sem m\u00e9r \u00fe\u00f3knast Jes 65.12; 66.4<br \/>\n<b>56.5<\/b> Betra en synir 1Sam 1.8; SSal 4.1 \u2013 eil\u00edft nafn Jes 55.13; Opb 3.5<br \/>\n<b>56.6<\/b> \u00datlendinga 2M\u00f3s 12.43; 5M\u00f3s 14.21; 15.3; 23.19; Esk 44.7-9; 1Kon 8.41-43<br \/>\n<b>56.7<\/b> Heilaga fjalls Slm 15.1; sbr Slm 3.5+ &#8211; \u00fe\u00f3knanlegar f\u00f3rnir Jes 60.7 \u2013 h\u00fas mitt &#8230; Mrk 11.17 og hlst.<br \/>\n<b>56.8<\/b> Burtreknir safnast saman Jes 11.12; Slm 147.2 \u2013 enn fleirum Jes 43.9; 66.18<br \/>\n<b>56.11<\/b> Fj\u00e1rhir\u00f0ar Jer 23.1; Esk 34.2 \u2013 hver s\u00edna lei\u00f0 Jes 53.6; 57.17<br \/>\n<b>56.12<\/b> Teyga bj\u00f3r Jes 5.11; 28.7<\/div>\n","protected":false},"excerpt":{"rendered":"<p>1Svo segir Drottinn: Var\u00f0veiti\u00f0 r\u00e9ttinn og gj\u00f6ri\u00f0 \u00fea\u00f0, sem r\u00e9tt er, \u00fev\u00ed a\u00f0 hj\u00e1lpr\u00e6\u00f0i mitt er \u00ed n\u00e1nd og r\u00e9ttl\u00e6ti mitt birtist br\u00e1\u00f0lega.2S\u00e6ll er s\u00e1 ma\u00f0ur, sem gj\u00f6rir \u00feetta, og \u00fea\u00f0 mannsbarn, sem heldur fast vi\u00f0 \u00fea\u00f0, s\u00e1 sem g\u00e6tir \u00feess a\u00f0 vanhelga ekki hv\u00edldardaginn og var\u00f0veitir h\u00f6nd s\u00edna fr\u00e1 \u00fev\u00ed a\u00f0 gj\u00f6ra nokku\u00f0 illt.3Eigi m\u00e1 \u00fatlendingurinn, er gengi\u00f0 hefir Drottni \u00e1 h\u00f6nd, segja: Drottinn mun skilja mig fr\u00e1 l\u00fd\u00f0 s\u00ednum! Og eigi m\u00e1 geldingurinn segja: \u00c9g er visi\u00f0 tr\u00e9!4\u00dev\u00ed a\u00f0 svo segir Drottinn: Geldingunum, sem halda hv\u00edldardaga m\u00edna og kj\u00f3sa \u00fea\u00f0, sem m\u00e9r vel l\u00edkar, og halda fast vi\u00f0 <a href=\"https:\/\/biblian.is\/1981\/jesaja-56-kafli\/\"> [&#8230;]<\/a><\/p>\n","protected":false},"author":1,"featured_media":0,"parent":0,"menu_order":0,"comment_status":"open","ping_status":"open","template":"bibliukaflar.php","meta":{"footnotes":""},"class_list":["post-2082","page","type-page","status-publish","hentry"],"_links":{"self":[{"href":"https:\/\/biblian.is\/1981\/wp-json\/wp\/v2\/pages\/2082","targetHints":{"allow":["GET"]}}],"collection":[{"href":"https:\/\/biblian.is\/1981\/wp-json\/wp\/v2\/pages"}],"about":[{"href":"https:\/\/biblian.is\/1981\/wp-json\/wp\/v2\/types\/page"}],"author":[{"embeddable":true,"href":"https:\/\/biblian.is\/1981\/wp-json\/wp\/v2\/users\/1"}],"replies":[{"embeddable":true,"href":"https:\/\/biblian.is\/1981\/wp-json\/wp\/v2\/comments?post=2082"}],"version-history":[{"count":0,"href":"https:\/\/biblian.is\/1981\/wp-json\/wp\/v2\/pages\/2082\/revisions"}],"wp:attachment":[{"href":"https:\/\/biblian.is\/1981\/wp-json\/wp\/v2\/media?parent=2082"}],"curies":[{"name":"wp","href":"https:\/\/api.w.org\/{rel}","templated":true}]}}