{"id":2081,"date":"2017-11-18T20:20:02","date_gmt":"2017-11-18T20:20:02","guid":{"rendered":"http:\/\/biblian.is\/1981\/jesaja-55-kafli\/"},"modified":"2017-11-18T20:20:02","modified_gmt":"2017-11-18T20:20:02","slug":"jesaja-55-kafli","status":"publish","type":"page","link":"https:\/\/biblian.is\/1981\/jesaja-55-kafli\/","title":{"rendered":"Jesaja 55. kafli"},"content":{"rendered":"<p><a name=\"1\"><span class=\"versanumer\">1<\/span><\/a>Heyri\u00f0, allir \u00fe\u00e9r sem \u00feyrstir eru\u00f0, komi\u00f0 hinga\u00f0 til vatnsins, og \u00fe\u00e9r sem ekkert silfur eigi\u00f0, komi\u00f0, kaupi\u00f0 korn og eti\u00f0! Komi\u00f0, kaupi\u00f0 korn \u00e1n silfurs og endurgjaldslaust b\u00e6\u00f0i v\u00edn og mj\u00f3lk!<a name=\"2\"><span class=\"versanumer\">2<\/span><\/a>Hv\u00ed rei\u00f0i\u00f0 \u00fe\u00e9r silfur fyrir \u00fea\u00f0, sem ekki er brau\u00f0, og gr\u00f3\u00f0a y\u00f0ar fyrir \u00fea\u00f0, sem ekki er til sa\u00f0nings? Hl\u00fd\u00f0i\u00f0 \u00e1 mig, \u00fe\u00e1 skulu\u00f0 \u00fe\u00e9r f\u00e1 gott a\u00f0 eta og s\u00e1lir y\u00f0ar g\u00e6\u00f0a s\u00e9r \u00e1 feiti!<a name=\"3\"><span class=\"versanumer\">3<\/span><\/a>Hneigi\u00f0 eyru y\u00f0ar og komi\u00f0 til m\u00edn, heyri\u00f0, svo a\u00f0 s\u00e1lir y\u00f0ar megi lifna vi\u00f0! \u00c9g vil gj\u00f6ra vi\u00f0 y\u00f0ur eil\u00edfan s\u00e1ttm\u00e1la, Dav\u00ed\u00f0s \u00f3rj\u00fafanlega n\u00e1\u00f0ars\u00e1ttm\u00e1la.<a name=\"4\"><span class=\"versanumer\">4<\/span><\/a>Sj\u00e1, \u00e9g hefi gj\u00f6rt hann a\u00f0 vitni fyrir \u00fej\u00f3\u00f0irnar, a\u00f0 h\u00f6f\u00f0ingja og stj\u00f3rnara \u00fej\u00f3\u00f0anna.<a name=\"5\"><span class=\"versanumer\">5<\/span><\/a>Sj\u00e1, \u00fe\u00fa munt kalla til \u00fe\u00edn \u00fej\u00f3\u00f0, er \u00fe\u00fa \u00feekkir ekki, og f\u00f3lk, sem ekki \u00feekkir \u00feig, mun hra\u00f0a s\u00e9r til \u00fe\u00edn, sakir Drottins Gu\u00f0s \u00fe\u00edns og vegna Hins heilaga \u00ed \u00cdsrael, af \u00fev\u00ed a\u00f0 hann hefir gj\u00f6rt \u00feig vegsamlegan.<a name=\"6\"><span class=\"versanumer\">6<\/span><\/a>Leiti\u00f0 Drottins, me\u00f0an hann er a\u00f0 finna, kalli\u00f0 \u00e1 hann, me\u00f0an hann er n\u00e1l\u00e6gur!<a name=\"7\"><span class=\"versanumer\">7<\/span><\/a>Hinn \u00f3gu\u00f0legi l\u00e1ti af breytni sinni og illvirkinn af v\u00e9lr\u00e1\u00f0um s\u00ednum og sn\u00fai s\u00e9r til Drottins, \u00fe\u00e1 mun hann miskunna honum, til Gu\u00f0s vors, \u00fev\u00ed a\u00f0 hann fyrirgefur r\u00edkulega.<a name=\"8\"><span class=\"versanumer\">8<\/span><\/a>J\u00e1, m\u00ednar hugsanir eru ekki y\u00f0ar hugsanir, og y\u00f0ar vegir ekki m\u00ednir vegir segir Drottinn.<a name=\"9\"><span class=\"versanumer\">9<\/span><\/a>Heldur svo miklu sem himinninn er h\u00e6rri en j\u00f6r\u00f0in, svo miklu h\u00e6rri eru m\u00ednir vegir y\u00f0ar vegum og m\u00ednar hugsanir y\u00f0ar hugsunum.<a name=\"10\"><span class=\"versanumer\">10<\/span><\/a>\u00dev\u00ed eins og regn og snj\u00f3r fellur af himni ofan og hverfur eigi \u00feanga\u00f0 aftur, fyrr en \u00fea\u00f0 hefir v\u00f6kva\u00f0 j\u00f6r\u00f0ina, gj\u00f6rt hana frj\u00f3sama og gr\u00f3andi og gefi\u00f0 s\u00e1\u00f0manninum s\u00e6\u00f0i og brau\u00f0 \u00feeim er eta,<a name=\"11\"><span class=\"versanumer\">11<\/span><\/a>eins er \u00fev\u00ed fari\u00f0 me\u00f0 mitt or\u00f0, \u00fea\u00f0 er \u00fatgengur af m\u00ednum munni: \u00dea\u00f0 hverfur ekki aftur til m\u00edn vi\u00f0 svo b\u00fai\u00f0, eigi fyrr en \u00fea\u00f0 hefir framkv\u00e6mt \u00fea\u00f0, sem m\u00e9r vel l\u00edkar, og komi\u00f0 \u00fev\u00ed til vegar, er \u00e9g f\u00f3l \u00fev\u00ed a\u00f0 framkv\u00e6ma.<a name=\"12\"><span class=\"versanumer\">12<\/span><\/a>J\u00e1, me\u00f0 gle\u00f0i skulu\u00f0 \u00fe\u00e9r \u00fat fara, og \u00ed fri\u00f0i burt leiddir ver\u00f0a. Fj\u00f6ll og h\u00e1lsar skulu hefja upp fagna\u00f0ars\u00f6ng fyrir y\u00f0ur, og \u00f6ll tr\u00e9 merkurinnar klappa lof \u00ed l\u00f3fa.<a name=\"13\"><span class=\"versanumer\">13<\/span><\/a>\u00dear sem \u00e1\u00f0ur voru \u00feyrnirunnar, mun k\u00fdpresvi\u00f0ur vaxa, og \u00fear sem \u00e1\u00f0ur var lyng, mun m\u00fdrtusvi\u00f0ur vaxa. \u00deetta mun ver\u00f0a Drottni til lofs og eil\u00edfs minningarmarks, sem aldrei mun afm\u00e1\u00f0 ver\u00f0a.<\/p>\n<div class=\"footnote1981\"><b>55.1<\/b> \u00deyrstir Jes 41.17; Matt 5.6; J\u00f3h 4.14; 7.37; Opb 21.6; 22.17 \u2013 komi\u00f0, eti\u00f0 og drekki\u00f0 Okv 9.5; S\u00edr 24.19-21 \u2013 endurgjaldslaust Jes 45.13; 52.3 \u2013 v\u00edn og mj\u00f3lk Jl 4.18; sbr 2M\u00f3s 3.8; Okv 9.1-2; 1P\u00e9t 2.2<br \/>\n<b>55.2<\/b> Ekki se\u00f0ur 5M\u00f3s 8.3; J\u00f3h 6.27 \u2013 Drottinn b\u00fd\u00f0ur til veislu Jes 25.6-7; Slm 36.9-10<br \/>\n<b>55.3<\/b> Leggja eyrun vi\u00f0 og lifa 5M\u00f3s 30.15-16; sbr 8.1; Esk 20.11,21 \u2013 \u00e6varandi s\u00e1ttm\u00e1la Jes 61.8; Jer 32.40; Esk 16.60; 37.26 \u2013 miskunn vi\u00f0 Dav\u00ed\u00f0 Post 13.34<br \/>\n<b>55.5<\/b> Til \u00fe\u00edn Jes 2.2-4; 49.7 \u2013 Gu\u00f0s \u00fe\u00edns Jes 51.15 \u2013 Hins heilaga \u00ed \u00cdsrael Jes 1.4+ &#8211; gert vegsamlegan Jes 44.23; 49.3<br \/>\n<b>55.6<\/b> Leiti\u00f0 Drottins Am 5.4+ ; Slm 9.11+ &#8211; er a\u00f0 finna Jer 29.13-14; sbr Jes 49.8 \u2013 n\u00e1l\u00e6gur Jes 49.8; 5M\u00f3s 4.7; Slm 145.18<br \/>\n<b>55.7<\/b> L\u00e1ti af breytni sinni Jer 18.11; Esk 33.11; 2Kro 7.14 \u2013 sn\u00fai s\u00e9r Jer 31.18; H\u00f3s 6.1+ ; Hlj 5.21 \u2013 fyrirgefur r\u00edkulega 2M\u00f3s 34.6-7; L\u00fak 15.20<br \/>\n<b>55.8<\/b> M\u00ednar hugsanir Job 11.7-9; R\u00f3m 11.3; sbr Jer 29.11<br \/>\n<b>55.9<\/b> Himininn &#8230; j\u00f6r\u00f0in Slm 103.11 \u2013 hugsanir Gu\u00f0s Slm 92.6<br \/>\n<b>55.10<\/b> Regn Slm 65.10-11; 104.13-15<br \/>\n<b>55.11<\/b> Or\u00f0 af munni m\u00ednum 5M\u00f3s 8.3; Jer 23.16 \u2013 framkv\u00e6mir Jes 44.26; 46.10-11; 48.13; Slm 33.6,9; sbr Jer 29.10 \u2013 Gu\u00f0 sendir or\u00f0 sitt Slm 107.20; 147.18; sbr J\u00f3h 1.9,30<br \/>\n<b>55.12<\/b> Fagnandi Jes 35.10; 51.3,11 \u2013 fagna\u00f0ar\u00f3p Jes 44.23+ ; sbr 54.1+ &#8211; fj\u00f6ll Slm 96.12; 98.8 \u2013 klappa saman l\u00f3fum Slm 47.2<br \/>\n<b>55.13<\/b> \u00deyrnirunnar Jes 5.6; 1M\u00f3s 3.18 \u2013 k\u00fdpresvi\u00f0ur, myrtusvi\u00f0ur Jes 41.19; Sak 1.8-11 \u2013 t\u00e1kn Jes 56.5; 63.12; Jer 32.20<\/div>\n","protected":false},"excerpt":{"rendered":"<p>1Heyri\u00f0, allir \u00fe\u00e9r sem \u00feyrstir eru\u00f0, komi\u00f0 hinga\u00f0 til vatnsins, og \u00fe\u00e9r sem ekkert silfur eigi\u00f0, komi\u00f0, kaupi\u00f0 korn og eti\u00f0! Komi\u00f0, kaupi\u00f0 korn \u00e1n silfurs og endurgjaldslaust b\u00e6\u00f0i v\u00edn og mj\u00f3lk!2Hv\u00ed rei\u00f0i\u00f0 \u00fe\u00e9r silfur fyrir \u00fea\u00f0, sem ekki er brau\u00f0, og gr\u00f3\u00f0a y\u00f0ar fyrir \u00fea\u00f0, sem ekki er til sa\u00f0nings? Hl\u00fd\u00f0i\u00f0 \u00e1 mig, \u00fe\u00e1 skulu\u00f0 \u00fe\u00e9r f\u00e1 gott a\u00f0 eta og s\u00e1lir y\u00f0ar g\u00e6\u00f0a s\u00e9r \u00e1 feiti!3Hneigi\u00f0 eyru y\u00f0ar og komi\u00f0 til m\u00edn, heyri\u00f0, svo a\u00f0 s\u00e1lir y\u00f0ar megi lifna vi\u00f0! \u00c9g vil gj\u00f6ra vi\u00f0 y\u00f0ur eil\u00edfan s\u00e1ttm\u00e1la, Dav\u00ed\u00f0s \u00f3rj\u00fafanlega n\u00e1\u00f0ars\u00e1ttm\u00e1la.4Sj\u00e1, \u00e9g hefi gj\u00f6rt hann a\u00f0 vitni fyrir \u00fej\u00f3\u00f0irnar, <a href=\"https:\/\/biblian.is\/1981\/jesaja-55-kafli\/\"> [&#8230;]<\/a><\/p>\n","protected":false},"author":1,"featured_media":0,"parent":0,"menu_order":0,"comment_status":"open","ping_status":"open","template":"bibliukaflar.php","meta":{"footnotes":""},"class_list":["post-2081","page","type-page","status-publish","hentry"],"_links":{"self":[{"href":"https:\/\/biblian.is\/1981\/wp-json\/wp\/v2\/pages\/2081","targetHints":{"allow":["GET"]}}],"collection":[{"href":"https:\/\/biblian.is\/1981\/wp-json\/wp\/v2\/pages"}],"about":[{"href":"https:\/\/biblian.is\/1981\/wp-json\/wp\/v2\/types\/page"}],"author":[{"embeddable":true,"href":"https:\/\/biblian.is\/1981\/wp-json\/wp\/v2\/users\/1"}],"replies":[{"embeddable":true,"href":"https:\/\/biblian.is\/1981\/wp-json\/wp\/v2\/comments?post=2081"}],"version-history":[{"count":0,"href":"https:\/\/biblian.is\/1981\/wp-json\/wp\/v2\/pages\/2081\/revisions"}],"wp:attachment":[{"href":"https:\/\/biblian.is\/1981\/wp-json\/wp\/v2\/media?parent=2081"}],"curies":[{"name":"wp","href":"https:\/\/api.w.org\/{rel}","templated":true}]}}