{"id":2080,"date":"2017-11-18T20:20:02","date_gmt":"2017-11-18T20:20:02","guid":{"rendered":"http:\/\/biblian.is\/1981\/jesaja-54-kafli\/"},"modified":"2017-11-18T20:20:02","modified_gmt":"2017-11-18T20:20:02","slug":"jesaja-54-kafli","status":"publish","type":"page","link":"https:\/\/biblian.is\/1981\/jesaja-54-kafli\/","title":{"rendered":"Jesaja 54. kafli"},"content":{"rendered":"<p><a name=\"1\"><span class=\"versanumer\">1<\/span><\/a>Fagna, \u00fe\u00fa \u00f3byrja, sem ekki hefir f\u00e6tt! Hef upp gle\u00f0is\u00f6ng, l\u00e1t vi\u00f0 kve\u00f0a fagna\u00f0ar\u00f3p, \u00fe\u00fa sem eigi hefir haft f\u00e6\u00f0ingarhr\u00ed\u00f0ir! \u00dev\u00ed a\u00f0 b\u00f6rn hinnar yfirgefnu munu fleiri ver\u00f0a en giftu konunnar, segir Drottinn.<a name=\"2\"><span class=\"versanumer\">2<\/span><\/a>V\u00edkka \u00fe\u00fa \u00fat tjald \u00feitt, og l\u00e1t \u00fe\u00e1 \u00feenja \u00fat tjaldd\u00faka b\u00fa\u00f0ar \u00feinnar, meina \u00feeim \u00fea\u00f0 ekki, gj\u00f6r tjaldst\u00f6g \u00fe\u00edn l\u00f6ng og rek fast h\u00e6lana.<a name=\"3\"><span class=\"versanumer\">3<\/span><\/a>\u00dev\u00ed a\u00f0 \u00fe\u00fa munt \u00fatbrei\u00f0ast til h\u00e6gri og vinstri, og ni\u00f0jar \u00fe\u00ednir munu eignast l\u00f6nd \u00fej\u00f3\u00f0anna og byggja eyddar borgir.<a name=\"4\"><span class=\"versanumer\">4<\/span><\/a>\u00d3ttast eigi, \u00fev\u00ed a\u00f0 \u00fe\u00fa skalt eigi til skammar ver\u00f0a, l\u00e1t eigi h\u00e1\u00f0ungina \u00e1 \u00fe\u00e9r festa, \u00fev\u00ed a\u00f0 \u00fe\u00fa skalt eigi \u00feurfa a\u00f0 fyrirver\u00f0a \u00feig. \u00dev\u00ed a\u00f0 \u00fe\u00fa skalt gleyma vanvir\u00f0u \u00e6sku \u00feinnar og eigi framar minnast sv\u00edvir\u00f0ingar ekkjud\u00f3ms \u00fe\u00edns.<a name=\"5\"><span class=\"versanumer\">5<\/span><\/a>\u00dev\u00ed a\u00f0 hann, sem sk\u00f3p \u00feig, er eiginma\u00f0ur \u00feinn, Drottinn allsherjar er nafn hans. Og Hinn heilagi \u00ed \u00cdsrael er frelsari \u00feinn, Gu\u00f0 gj\u00f6rvallrar jar\u00f0arinnar heitir hann.<a name=\"6\"><span class=\"versanumer\">6<\/span><\/a>Drottinn kallar \u00feig sem yfirgefna konu og harm\u00ferungna, og \u00e6skunnar br\u00fa\u00f0ur, sem veri\u00f0 hefir ein l\u00e1tin, segir Gu\u00f0 \u00feinn.<a name=\"7\"><span class=\"versanumer\">7<\/span><\/a>Skamma stund yfirgaf \u00e9g \u00feig, en me\u00f0 mikilli miskunnsemi tek \u00e9g \u00feig a\u00f0 m\u00e9r.<a name=\"8\"><span class=\"versanumer\">8<\/span><\/a>\u00cd ofurrei\u00f0i minni byrg\u00f0i \u00e9g auglit mitt fyrir \u00fe\u00e9r um stund, en me\u00f0 eil\u00edfri l\u00edkn miskunna \u00e9g \u00fe\u00e9r, segir endurlausnari \u00feinn, Drottinn.<a name=\"9\"><span class=\"versanumer\">9<\/span><\/a>\u00dea\u00f0 fer eins fyrir m\u00e9r me\u00f0 \u00feetta og me\u00f0 N\u00f3afl\u00f3\u00f0: Svo sem \u00e9g s\u00f3r \u00fe\u00e1, a\u00f0 N\u00f3afl\u00f3\u00f0 skyldi ekki framar ganga yfir j\u00f6r\u00f0ina, eins sver \u00e9g n\u00fa a\u00f0 rei\u00f0ast \u00fe\u00e9r ekki n\u00e9 \u00e1v\u00edta \u00feig.<a name=\"10\"><span class=\"versanumer\">10<\/span><\/a>\u00dev\u00ed \u00fe\u00f3tt fj\u00f6llin f\u00e6rist \u00far sta\u00f0 og h\u00e1lsarnir ri\u00f0i skal m\u00edn miskunnsemi vi\u00f0 \u00feig ekki f\u00e6rast \u00far sta\u00f0 og minn fri\u00f0ars\u00e1ttm\u00e1li ekki raskast, segir miskunnari \u00feinn, Drottinn.<a name=\"11\"><span class=\"versanumer\">11<\/span><\/a>\u00de\u00fa hin vesala, hrakta, huggunarlausa! Sj\u00e1, \u00e9g legg r\u00fab\u00edna sem steina \u00ed bygging \u00fe\u00edna og hle\u00f0 grunnm\u00fara \u00fe\u00edna af saf\u00edrsteinum.<a name=\"12\"><span class=\"versanumer\">12<\/span><\/a>\u00c9g gj\u00f6ri m\u00fartinda \u00fe\u00edna af jaspis og hli\u00f0 \u00fe\u00edn af ro\u00f0asteinum og allan ummerkjagar\u00f0 \u00feinn af d\u00fdrindissteinum.<a name=\"13\"><span class=\"versanumer\">13<\/span><\/a>Allir synir \u00fe\u00ednir eru l\u00e6risveinar Drottins og nj\u00f3ta mikils fri\u00f0ar.<a name=\"14\"><span class=\"versanumer\">14<\/span><\/a>Fyrir r\u00e9ttl\u00e6ti munt \u00fe\u00fa st\u00f6\u00f0ug standa. \u00c1l\u00edt \u00feig fjarl\u00e6ga ofr\u00edki, \u00fev\u00ed a\u00f0 \u00fe\u00fa \u00fearft ekki a\u00f0 \u00f3ttast, og fjarl\u00e6ga skelfingu, \u00fev\u00ed a\u00f0 h\u00fan skal ekki koma n\u00e6rri \u00fe\u00e9r.<a name=\"15\"><span class=\"versanumer\">15<\/span><\/a>Ef nokkur \u00e1reitir \u00feig, \u00fe\u00e1 er \u00fea\u00f0 ekki a\u00f0 m\u00ednum vilja. Hver sem \u00e1reitir \u00feig, skal falla fyrir \u00fe\u00e9r.<a name=\"16\"><span class=\"versanumer\">16<\/span><\/a>Sj\u00e1, \u00e9g skapa smi\u00f0inn, sem bl\u00e6s a\u00f0 kolaeldinum og framlei\u00f0ir vopni\u00f0 til sinnar notkunar, og \u00e9g skapa ey\u00f0andann til \u00feess a\u00f0 leggja \u00ed ey\u00f0i.<a name=\"17\"><span class=\"versanumer\">17<\/span><\/a>Engin vopn, sem sm\u00ed\u00f0u\u00f0 ver\u00f0a m\u00f3ti \u00fe\u00e9r, skulu ver\u00f0a sigurv\u00e6nleg, og allar tungur, sem upp r\u00edsa gegn \u00fe\u00e9r til m\u00e1laferla, skalt \u00fe\u00fa kve\u00f0a ni\u00f0ur. \u00deetta er hlutskipti \u00fej\u00f3na Drottins og \u00fea\u00f0 r\u00e9ttl\u00e6ti, er \u00feeir f\u00e1 hj\u00e1 m\u00e9r segir Drottinn.<\/p>\n<div class=\"footnote1981\"><b>54.1<\/b> Sj\u00e1 Gal 4.27 \u2013 fagna Jes 12.6; 24.14; 26.19; 44.23; 49.13; 52.8-9; 55.12 \u2013 \u00f3byrja 1Sam 2.5; Slm 113.9 \u2013 hinnar yfirgefnu Jes 62.4; sbr Jes 60.15<br \/>\n<b>54.2<\/b> V\u00edkka \u00fat tjald Jes 49.20<br \/>\n<b>54.3<\/b> Brei\u00f0ast \u00fat Jes 49.19; 1M\u00f3s 28.14 \u2013 \u00fej\u00f3\u00f0irnar Jes 45.14; 60.3-16 \u2013 au\u00f0ar borgir Jes 44.27; 55.5<br \/>\n<b>54.4<\/b> \u00d3ttastu ekki Jes 41.13+ &#8211; ekkjud\u00f3ms \u00fe\u00edns sbr Jes 47.8; Jer 51.5<br \/>\n<b>54.5<\/b> Skapari \u00feinn Jes 43.1+ &#8211; eiginma\u00f0ur \u00feinn Jes 49.14-21; 50.1; 51.17-52.2; H\u00f3s 2.18 \u2013 allsherjar Jes 44.6+ &#8211; Hinn heilagi \u00ed \u00cdsrael Jes 1.4+ &#8211; lausnari \u00feinn Jes 41.14+<br \/>\n<b>54.6<\/b> Yfirgefna Jes 49.14+ ; Jer 3.1 \u2013 kona sem hann eignast \u00ed \u00e6sku Mal 2.14-16; Okv 5.18 \u2013 hafna\u00f0 Jes 41.9<br \/>\n<b>54.7<\/b> Skamma stund Slm 30.6<br \/>\n<b>54.8<\/b> Huldi auglit mitt Jes 8.17; 59.2; 64.6; Slm 13.2+ ; sbr Jes 53.3 \u2013 \u00e6varandi k\u00e6rleika Jes 51.6,8; Jer 31.3; Slm 136<br \/>\n<b>54.9<\/b> N\u00f3afl\u00f3\u00f0 1M\u00f3s 7.6-12 \u2013 Drottinn s\u00f3r 1M\u00f3s 8.21-22; 9.11-16; Jer 31.35-37<br \/>\n<b>54.10<\/b> \u00de\u00f3tt fj\u00f6llin bifist Hab 3.6; Slm 46.3-4; sbr Jes 36.19 \u2013 fri\u00f0ars\u00e1ttm\u00e1li Esk 34.25; 37.26 \u2013 ekki haggast Jer 31.31-34; 33.20-21<br \/>\n<b>54.11-12<\/b> Borg Gu\u00f0s Opb 21.18-21<br \/>\n<b>54.13<\/b> Synir \u00fe\u00ednir Jes 49.20-22 \u2013 l\u00e6risveinar Jes 50.4; sbr Jer 31.34; J\u00f3h 6.45<br \/>\n<b>54.14<\/b> \u00c1 r\u00e9ttl\u00e6ti Jes 1.26-27; 28.16-17 \u2013 \u00f3ttast ekki Slm 121 \u2013 fjarri skelfingu Slm 91<br \/>\n<b>54.15<\/b> R\u00e1\u00f0ast \u00e1 Jes 8.12<br \/>\n<b>54.16<\/b> \u00dea\u00f0 er \u00e9g Jes 43.11,12 \u2013 ey\u00f0andann Jes 40.14+ &#8211; ey\u00f0a, k\u00faga Jes 51.13<br \/>\n<b>54.17<\/b> Misheppna\u00f0ar atl\u00f6gur Jes 8.2-3; 37.33-37; 50.9 \u2013 hlutskipti sbr Job 5.17-26<\/div>\n","protected":false},"excerpt":{"rendered":"<p>1Fagna, \u00fe\u00fa \u00f3byrja, sem ekki hefir f\u00e6tt! Hef upp gle\u00f0is\u00f6ng, l\u00e1t vi\u00f0 kve\u00f0a fagna\u00f0ar\u00f3p, \u00fe\u00fa sem eigi hefir haft f\u00e6\u00f0ingarhr\u00ed\u00f0ir! \u00dev\u00ed a\u00f0 b\u00f6rn hinnar yfirgefnu munu fleiri ver\u00f0a en giftu konunnar, segir Drottinn.2V\u00edkka \u00fe\u00fa \u00fat tjald \u00feitt, og l\u00e1t \u00fe\u00e1 \u00feenja \u00fat tjaldd\u00faka b\u00fa\u00f0ar \u00feinnar, meina \u00feeim \u00fea\u00f0 ekki, gj\u00f6r tjaldst\u00f6g \u00fe\u00edn l\u00f6ng og rek fast h\u00e6lana.3\u00dev\u00ed a\u00f0 \u00fe\u00fa munt \u00fatbrei\u00f0ast til h\u00e6gri og vinstri, og ni\u00f0jar \u00fe\u00ednir munu eignast l\u00f6nd \u00fej\u00f3\u00f0anna og byggja eyddar borgir.4\u00d3ttast eigi, \u00fev\u00ed a\u00f0 \u00fe\u00fa skalt eigi til skammar ver\u00f0a, l\u00e1t eigi h\u00e1\u00f0ungina \u00e1 \u00fe\u00e9r festa, \u00fev\u00ed a\u00f0 \u00fe\u00fa skalt eigi \u00feurfa a\u00f0 fyrirver\u00f0a \u00feig. <a href=\"https:\/\/biblian.is\/1981\/jesaja-54-kafli\/\"> [&#8230;]<\/a><\/p>\n","protected":false},"author":1,"featured_media":0,"parent":0,"menu_order":0,"comment_status":"open","ping_status":"open","template":"bibliukaflar.php","meta":{"footnotes":""},"class_list":["post-2080","page","type-page","status-publish","hentry"],"_links":{"self":[{"href":"https:\/\/biblian.is\/1981\/wp-json\/wp\/v2\/pages\/2080","targetHints":{"allow":["GET"]}}],"collection":[{"href":"https:\/\/biblian.is\/1981\/wp-json\/wp\/v2\/pages"}],"about":[{"href":"https:\/\/biblian.is\/1981\/wp-json\/wp\/v2\/types\/page"}],"author":[{"embeddable":true,"href":"https:\/\/biblian.is\/1981\/wp-json\/wp\/v2\/users\/1"}],"replies":[{"embeddable":true,"href":"https:\/\/biblian.is\/1981\/wp-json\/wp\/v2\/comments?post=2080"}],"version-history":[{"count":0,"href":"https:\/\/biblian.is\/1981\/wp-json\/wp\/v2\/pages\/2080\/revisions"}],"wp:attachment":[{"href":"https:\/\/biblian.is\/1981\/wp-json\/wp\/v2\/media?parent=2080"}],"curies":[{"name":"wp","href":"https:\/\/api.w.org\/{rel}","templated":true}]}}