{"id":2079,"date":"2017-11-18T20:20:02","date_gmt":"2017-11-18T20:20:02","guid":{"rendered":"http:\/\/biblian.is\/1981\/jesaja-53-kafli\/"},"modified":"2017-11-18T20:20:02","modified_gmt":"2017-11-18T20:20:02","slug":"jesaja-53-kafli","status":"publish","type":"page","link":"https:\/\/biblian.is\/1981\/jesaja-53-kafli\/","title":{"rendered":"Jesaja 53. kafli"},"content":{"rendered":"<p><a name=\"1\"><span class=\"versanumer\">1<\/span><\/a>Hver tr\u00fa\u00f0i \u00fev\u00ed, sem oss var bo\u00f0a\u00f0, og hverjum var\u00f0 armleggur Drottins opinber?<a name=\"2\"><span class=\"versanumer\">2<\/span><\/a>Hann rann upp eins og vi\u00f0arteinungur fyrir augliti hans og sem r\u00f3tarkvistur \u00far \u00feurri j\u00f6r\u00f0. Hann var hvorki fagur n\u00e9 gl\u00e6silegur, svo a\u00f0 oss g\u00e6fi \u00e1 a\u00f0 l\u00edta, n\u00e9 \u00e1litlegur, svo a\u00f0 oss fyndist til um hann.<a name=\"3\"><span class=\"versanumer\">3<\/span><\/a>Hann var fyrirlitinn, og menn for\u00f0u\u00f0ust hann, harmkv\u00e6lama\u00f0ur og kunnugur \u00fej\u00e1ningum, l\u00edkur manni, er menn byrgja fyrir andlit s\u00edn, fyrirlitinn og v\u00e9r m\u00e1tum hann einskis.<a name=\"4\"><span class=\"versanumer\">4<\/span><\/a>En vorar \u00fej\u00e1ningar voru \u00fea\u00f0, sem hann bar, og vor harmkv\u00e6li, er hann \u00e1 sig lag\u00f0i. V\u00e9r \u00e1litum hann refsa\u00f0an, sleginn af Gu\u00f0i og l\u00edtill\u00e6ttan,<a name=\"5\"><span class=\"versanumer\">5<\/span><\/a>en hann var s\u00e6r\u00f0ur vegna vorra synda og kraminn vegna vorra misgj\u00f6r\u00f0a. Hegningin, sem v\u00e9r h\u00f6f\u00f0um til unni\u00f0, kom ni\u00f0ur \u00e1 honum, og fyrir hans benjar ur\u00f0um v\u00e9r heilbrig\u00f0ir.<a name=\"6\"><span class=\"versanumer\">6<\/span><\/a>V\u00e9r f\u00f3rum allir villir vega sem sau\u00f0ir, stefndum hver s\u00edna lei\u00f0, en Drottinn l\u00e9t misgj\u00f6r\u00f0 vor allra koma ni\u00f0ur \u00e1 honum.<a name=\"7\"><span class=\"versanumer\">7<\/span><\/a>Hann var hrj\u00e1\u00f0ur, en hann l\u00edtill\u00e6tti sig og lauk eigi upp munni s\u00ednum. Eins og lamb, sem leitt er til sl\u00e1trunar, og eins og sau\u00f0ur \u00feegir fyrir \u00feeim, er klippa hann, lauk hann eigi upp munni s\u00ednum.<a name=\"8\"><span class=\"versanumer\">8<\/span><\/a>Me\u00f0 \u00ferenging og d\u00f3mi var hann burt numinn, og hver af samt\u00ed\u00f0arm\u00f6nnum hans hugsa\u00f0i um \u00fea\u00f0? Hann var hrifinn burt af landi lifenda, fyrir sakir syndar m\u00edns l\u00fd\u00f0s var hann lostinn til dau\u00f0a.<a name=\"9\"><span class=\"versanumer\">9<\/span><\/a>Og menn bjuggu honum gr\u00f6f me\u00f0al illr\u00e6\u00f0ismanna, legsta\u00f0 me\u00f0 r\u00edkum, \u00fe\u00f3tt hann hef\u00f0i eigi rangl\u00e6ti frami\u00f0 og svik v\u00e6ru ekki \u00ed munni hans.<a name=\"10\"><span class=\"versanumer\">10<\/span><\/a>En Drottni \u00fe\u00f3kna\u00f0ist a\u00f0 kremja hann me\u00f0 harmkv\u00e6lum: \u00dear sem hann f\u00f3rna\u00f0i sj\u00e1lfum s\u00e9r \u00ed sektarf\u00f3rn, skyldi hann f\u00e1 a\u00f0 l\u00edta afsprengi og lifa langa \u00e6vi og \u00e1formi Drottins fyrir hans h\u00f6nd framgengt ver\u00f0a.<a name=\"11\"><span class=\"versanumer\">11<\/span><\/a>Vegna \u00feeirra h\u00f6rmunga, er s\u00e1l hans \u00feoldi, mun hann sj\u00e1 lj\u00f3s og se\u00f0jast. \u00de\u00e1 menn l\u00e6ra a\u00f0 \u00feekkja hann, mun hann, hinn r\u00e9ttl\u00e1ti, \u00fej\u00f3nn minn, gj\u00f6ra marga r\u00e9ttl\u00e1ta, og hann mun bera misgj\u00f6r\u00f0ir \u00feeirra.<a name=\"12\"><span class=\"versanumer\">12<\/span><\/a>Fyrir \u00fev\u00ed gef \u00e9g honum hina m\u00f6rgu a\u00f0 hlutskipti, og hann mun \u00f6\u00f0last hina voldugu a\u00f0 herfangi, fyrir \u00fea\u00f0, a\u00f0 hann gaf l\u00edf sitt \u00ed dau\u00f0ann og var me\u00f0 illr\u00e6\u00f0ism\u00f6nnum talinn. En hann bar syndir margra og ba\u00f0 fyrir illr\u00e6\u00f0ism\u00f6nnum.<\/p>\n<div class=\"footnote1981\"><b>53.1<\/b> Sj\u00e1 J\u00f3h 12.38; R\u00f3m 10.16 \u2013 armleggur Jes 40.10+<br \/>\n<b>53.2<\/b> Kvistur Jes 11.1,10; 37.31 \u2013 hvorki fagur n\u00e9 gl\u00e6silegur Jes 52.14<br \/>\n<b>53.3<\/b> Fyrirlitinn Jes 49.7; Slm 22.7; Mrk 9.13<br \/>\n<b>53.4<\/b> Vorar \u00fej\u00e1ningar Matt 8.17; Heb 2.10<br \/>\n<b>53.5<\/b> S\u00e6r\u00f0ur vegna vorra synda R\u00f3m 4.24; 2Kor 5.21; Gal 3.13 \u2013 refsing Ef 2.14-18 \u2013 heilbrig\u00f0ir 1P\u00e9t 2.24<br \/>\n<b>53.6<\/b> Sem sau\u00f0ir 4M\u00f3s 27.17; 1Kon 22.17; Jer 10.21; 50.6; Esk 34.5-6; Nah 3.18; Sak 13.7; Matt 9.36 og hlst.; 1P\u00e9t 2.25 \u2013 misgj\u00f6r\u00f0a vorra 1Kor 15.3<br \/>\n<b>53.7-8<\/b> Sj\u00e1 Post 8.32-33<br \/>\n<b>53.7<\/b> Lamb 2M\u00f3s 12.3-6; J\u00f3h 1.29 \u2013 til sl\u00e1trunar Jer 11.19; Slm 44.23 \u2013 sau\u00f0ur \u00feegir Slm 38.14-16; sbr SSal 2.19; Matt 27.12-13; Mrk 14.61; 15.4-5; L\u00fak 23.9; J\u00f3h 19.9<br \/>\n<b>53.8<\/b> Leiddur burt Jes 52.5; Matt 9.15 \u2013 burt af landi lifenda sbr Esk 37.11; Hlj 3.54<br \/>\n<b>53.9<\/b> Gr\u00f6f Hlj 3.6; (me\u00f0 r\u00edkum Matt 27.57-60) \u2013 ekki frami\u00f0 ofbeldi Slm 44.18-22 \u2013 svik 1P\u00e9t 2.22<br \/>\n<b>53.10<\/b> Sektarf\u00f3rn R\u00f3m 3.25; Heb 2.17; 1J\u00f3h 2.2 \u2013 vilji Drottins Jes 44.26; 46.10; 48.14; Matt 6.10; 26.42; J\u00f3h 4.34<br \/>\n<b>53.11<\/b> R\u00e9ttl\u00e6ta R\u00f3m 3.26; 5.18; 1P\u00e9t 3.18<br \/>\n<b>53.12<\/b> St\u00f3rmenni og voldugir Jes 60.22; Matt 26.28; Mrk 10.45 \u2013 hlutdeild Slm 2.8 \u2013 a\u00f0 feng L\u00fak 11.21-22 \u2013 \u00ed dau\u00f0ann Fil 2.8 \u2013 me\u00f0 syndurum L\u00fak 22.7 \u2013 ber synd margra J\u00f3h 1.29; Heb 9.28; 1P\u00e9t 2.24 \u2013 ba\u00f0 fyrir Jer 15.11; L\u00fak 23.34; Heb 7.25<\/div>\n","protected":false},"excerpt":{"rendered":"<p>1Hver tr\u00fa\u00f0i \u00fev\u00ed, sem oss var bo\u00f0a\u00f0, og hverjum var\u00f0 armleggur Drottins opinber?2Hann rann upp eins og vi\u00f0arteinungur fyrir augliti hans og sem r\u00f3tarkvistur \u00far \u00feurri j\u00f6r\u00f0. Hann var hvorki fagur n\u00e9 gl\u00e6silegur, svo a\u00f0 oss g\u00e6fi \u00e1 a\u00f0 l\u00edta, n\u00e9 \u00e1litlegur, svo a\u00f0 oss fyndist til um hann.3Hann var fyrirlitinn, og menn for\u00f0u\u00f0ust hann, harmkv\u00e6lama\u00f0ur og kunnugur \u00fej\u00e1ningum, l\u00edkur manni, er menn byrgja fyrir andlit s\u00edn, fyrirlitinn og v\u00e9r m\u00e1tum hann einskis.4En vorar \u00fej\u00e1ningar voru \u00fea\u00f0, sem hann bar, og vor harmkv\u00e6li, er hann \u00e1 sig lag\u00f0i. V\u00e9r \u00e1litum hann refsa\u00f0an, sleginn af Gu\u00f0i og l\u00edtill\u00e6ttan,5en hann var s\u00e6r\u00f0ur <a href=\"https:\/\/biblian.is\/1981\/jesaja-53-kafli\/\"> [&#8230;]<\/a><\/p>\n","protected":false},"author":1,"featured_media":0,"parent":0,"menu_order":0,"comment_status":"open","ping_status":"open","template":"bibliukaflar.php","meta":{"footnotes":""},"class_list":["post-2079","page","type-page","status-publish","hentry"],"_links":{"self":[{"href":"https:\/\/biblian.is\/1981\/wp-json\/wp\/v2\/pages\/2079","targetHints":{"allow":["GET"]}}],"collection":[{"href":"https:\/\/biblian.is\/1981\/wp-json\/wp\/v2\/pages"}],"about":[{"href":"https:\/\/biblian.is\/1981\/wp-json\/wp\/v2\/types\/page"}],"author":[{"embeddable":true,"href":"https:\/\/biblian.is\/1981\/wp-json\/wp\/v2\/users\/1"}],"replies":[{"embeddable":true,"href":"https:\/\/biblian.is\/1981\/wp-json\/wp\/v2\/comments?post=2079"}],"version-history":[{"count":0,"href":"https:\/\/biblian.is\/1981\/wp-json\/wp\/v2\/pages\/2079\/revisions"}],"wp:attachment":[{"href":"https:\/\/biblian.is\/1981\/wp-json\/wp\/v2\/media?parent=2079"}],"curies":[{"name":"wp","href":"https:\/\/api.w.org\/{rel}","templated":true}]}}