{"id":2077,"date":"2017-11-18T20:20:02","date_gmt":"2017-11-18T20:20:02","guid":{"rendered":"http:\/\/biblian.is\/1981\/jesaja-51-kafli\/"},"modified":"2017-11-18T20:20:02","modified_gmt":"2017-11-18T20:20:02","slug":"jesaja-51-kafli","status":"publish","type":"page","link":"https:\/\/biblian.is\/1981\/jesaja-51-kafli\/","title":{"rendered":"Jesaja 51. kafli"},"content":{"rendered":"<p><a name=\"1\"><span class=\"versanumer\">1<\/span><\/a>Hl\u00fd\u00f0i\u00f0 \u00e1 mig, \u00fe\u00e9r sem leggi\u00f0 stund \u00e1 r\u00e9ttl\u00e6ti, \u00fe\u00e9r sem leiti\u00f0 Drottins! L\u00edti\u00f0 \u00e1 hellubjargi\u00f0, sem \u00fe\u00e9r eru\u00f0 af h\u00f6ggnir, og \u00e1 brunnholuna, sem \u00fe\u00e9r eru\u00f0 \u00far grafnir!<a name=\"2\"><span class=\"versanumer\">2<\/span><\/a>L\u00edti\u00f0 \u00e1 Abraham, f\u00f6\u00f0ur y\u00f0ar, og \u00e1 S\u00f6ru, sem \u00f3l y\u00f0ur! \u00dev\u00ed a\u00f0 barnlausan kalla\u00f0i \u00e9g hann, en \u00e9g blessa\u00f0i hann og j\u00f3k kyn hans.<a name=\"3\"><span class=\"versanumer\">3<\/span><\/a>J\u00e1, Drottinn huggar S\u00edon, huggar allar r\u00fastir hennar. Hann gj\u00f6rir au\u00f0n hennar sem Eden og hei\u00f0i hennar sem aldingar\u00f0 Drottins. F\u00f6gnu\u00f0ur og gle\u00f0i mun finnast \u00ed henni, \u00feakkargj\u00f6r\u00f0 og lofs\u00f6ngur.<a name=\"4\"><span class=\"versanumer\">4<\/span><\/a>Hl\u00fd\u00f0 \u00fe\u00fa \u00e1 mig, \u00fe\u00fa l\u00fd\u00f0ur minn, hlusta \u00e1 mig, \u00fe\u00fa \u00fej\u00f3\u00f0 m\u00edn, \u00fev\u00ed fr\u00e1 m\u00e9r mun kenning \u00fat ganga og minn r\u00e9ttur sem lj\u00f3s fyrir \u00fej\u00f3\u00f0irnar.<a name=\"5\"><span class=\"versanumer\">5<\/span><\/a>Skyndilega n\u00e1lgast r\u00e9ttl\u00e6ti mitt, hj\u00e1lpr\u00e6\u00f0i mitt er \u00e1 lei\u00f0inni. Armleggir m\u00ednir munu f\u00e6ra \u00fej\u00f3\u00f0unum r\u00e9ttl\u00e6ti. Fjarl\u00e6gar lands\u00e1lfur v\u00e6nta m\u00edn og b\u00ed\u00f0a eftir m\u00ednum armlegg.<a name=\"6\"><span class=\"versanumer\">6<\/span><\/a>Hefji\u00f0 augu y\u00f0ar til himins og l\u00edti\u00f0 \u00e1 j\u00f6r\u00f0ina h\u00e9r ne\u00f0ra. Himinninn mun leysast sundur sem reykur og j\u00f6r\u00f0in fyrnast sem fat og \u00feeir, sem \u00e1 henni b\u00faa, deyja sem m\u00fd. En mitt hj\u00e1lpr\u00e6\u00f0i varir eil\u00edflega, og m\u00ednu r\u00e9ttl\u00e6ti mun eigi linna.<a name=\"7\"><span class=\"versanumer\">7<\/span><\/a>Hl\u00fd\u00f0i\u00f0 \u00e1 mig, \u00fe\u00e9r sem \u00feekki\u00f0 r\u00e9ttl\u00e6ti\u00f0, \u00fe\u00fa l\u00fd\u00f0ur, sem ber l\u00f6gm\u00e1l mitt \u00ed hjarta \u00fe\u00ednu. \u00d3ttist eigi spott manna og hr\u00e6\u00f0ist eigi sm\u00e1naryr\u00f0i \u00feeirra,<a name=\"8\"><span class=\"versanumer\">8<\/span><\/a>\u00fev\u00ed a\u00f0 m\u00f6lur mun eta \u00fe\u00e1 eins og kl\u00e6\u00f0i og maur eta \u00fe\u00e1 eins og ull. En r\u00e9ttl\u00e6ti mitt varir eil\u00edflega og hj\u00e1lpr\u00e6\u00f0i mitt fr\u00e1 kyni til kyns.<a name=\"9\"><span class=\"versanumer\">9<\/span><\/a>Vakna \u00fe\u00fa, vakna \u00fe\u00fa, \u00edkl\u00e6\u00f0 \u00feig styrkleika, armleggur Drottins! Vakna \u00fe\u00fa, eins og fyrr \u00e1 t\u00ed\u00f0um, eins og \u00ed \u00e1rdaga! Varst \u00fea\u00f0 eigi \u00fe\u00fa, sem bana\u00f0ir skr\u00edmslinu og lag\u00f0ir \u00ed gegn drekann?<a name=\"10\"><span class=\"versanumer\">10<\/span><\/a>Varst \u00fea\u00f0 eigi \u00fe\u00fa, sem \u00feurrka\u00f0ir upp hafi\u00f0, v\u00f6tn hins mikla dj\u00faps, sem gj\u00f6r\u00f0ir sj\u00e1vardj\u00fapin a\u00f0 vegi, svo a\u00f0 hinir endurleystu g\u00e6tu komist yfir?<a name=\"11\"><span class=\"versanumer\">11<\/span><\/a>Hinir endurkeyptu Drottins skulu aftur hverfa og koma me\u00f0 f\u00f6gnu\u00f0i til S\u00edonar, og eil\u00edf gle\u00f0i skal leika yfir h\u00f6f\u00f0i \u00feeim. F\u00f6gnu\u00f0ur og gle\u00f0i skal fylgja \u00feeim, en hrygg\u00f0 og andvarpan fl\u00fdja.<a name=\"12\"><span class=\"versanumer\">12<\/span><\/a>\u00c9g, \u00e9g er s\u00e1 sem huggar y\u00f0ur. Hver ert \u00fe\u00fa, a\u00f0 \u00fe\u00fa skulir hr\u00e6dd vera vi\u00f0 mennina, sem eiga a\u00f0 deyja, og mannanna b\u00f6rn, sem felld ver\u00f0a eins og grasi\u00f0,<a name=\"13\"><span class=\"versanumer\">13<\/span><\/a>en gleymir Drottni, skapara \u00fe\u00ednum, sem \u00fat\u00feandi himininn og grundvalla\u00f0i j\u00f6r\u00f0ina, a\u00f0 \u00fe\u00fa \u00f3ttast st\u00f6\u00f0ugt li\u00f0langan daginn heift k\u00fagarans? \u00deegar hann b\u00fdr sig til a\u00f0 gj\u00f6rey\u00f0a, hvar er \u00fe\u00e1 heift k\u00fagarans?<a name=\"14\"><span class=\"versanumer\">14<\/span><\/a>Br\u00e1tt skulu \u00feeir, er fj\u00f6tra\u00f0ir eru, leystir ver\u00f0a, og \u00feeir skulu eigi deyja og fara \u00ed gr\u00f6fina, n\u00e9 heldur skal \u00fe\u00e1 skorta brau\u00f0<a name=\"15\"><span class=\"versanumer\">15<\/span><\/a>svo sannarlega sem \u00e9g er Drottinn, Gu\u00f0 \u00feinn, s\u00e1 er \u00e6sir hafi\u00f0, svo a\u00f0 bylgjurnar gn\u00fdja. Drottinn allsherjar er nafn hans.<a name=\"16\"><span class=\"versanumer\">16<\/span><\/a>\u00c9g hefi lagt m\u00edn or\u00f0 \u00ed munn \u00fe\u00e9r og sk\u00fdlt \u00fe\u00e9r undir skugga handar minnar, \u00e9g, sem gr\u00f3\u00f0ursetti himininn og grundvalla\u00f0i j\u00f6r\u00f0ina og segi vi\u00f0 S\u00edon: \u00de\u00fa ert minn l\u00fd\u00f0ur!<a name=\"17\"><span class=\"versanumer\">17<\/span><\/a>Hresstu \u00feig upp, hresstu \u00feig upp, r\u00edstu upp, Jer\u00fasalem, \u00fe\u00fa sem drukki\u00f0 hefir rei\u00f0ibikar Drottins, er h\u00f6nd hans r\u00e9tti a\u00f0 \u00fe\u00e9r. V\u00edmubikarinn hefir \u00fe\u00fa drukki\u00f0 \u00ed botn!<a name=\"18\"><span class=\"versanumer\">18<\/span><\/a>Af \u00f6llum \u00feeim sonum, sem h\u00fan haf\u00f0i ali\u00f0, var ekki nokkur einn, sem leiddi hana. Af \u00f6llum \u00feeim sonum, sem h\u00fan haf\u00f0i upp f\u00e6tt, var enginn, sem t\u00e6ki \u00ed h\u00f6nd hennar.<a name=\"19\"><span class=\"versanumer\">19<\/span><\/a>\u00deetta tvennt henti \u00feig hver aumkar \u00feig? ey\u00f0ing og umturnun, hungur og sver\u00f0 hver huggar \u00feig?<a name=\"20\"><span class=\"versanumer\">20<\/span><\/a>Synir \u00fe\u00ednir li\u00f0u \u00ed \u00f3megin og l\u00e1gu \u00e1 \u00f6llum str\u00e6tam\u00f3tum, eins og ant\u00edl\u00f3pur \u00ed vei\u00f0igr\u00f6f, fullir af rei\u00f0i Drottins, af hirtingaror\u00f0um Gu\u00f0s \u00fe\u00edns.<a name=\"21\"><span class=\"versanumer\">21<\/span><\/a>Fyrir \u00fev\u00ed heyr \u00fe\u00fa \u00feetta, \u00fe\u00fa hin vesala, \u00fe\u00fa sem drukkin ert, og \u00fe\u00f3 ekki af v\u00edni:<a name=\"22\"><span class=\"versanumer\">22<\/span><\/a>Svo segir Drottinn \u00feinn alvaldur og Gu\u00f0 \u00feinn, sem r\u00e9ttir hlut l\u00fd\u00f0s s\u00edns: Sj\u00e1, \u00e9g tek \u00far hendi \u00feinni v\u00edmubikarinn, sk\u00e1l rei\u00f0i minnar, \u00fe\u00fa skalt ekki framar \u00e1 henni bergja.<a name=\"23\"><span class=\"versanumer\">23<\/span><\/a>\u00c9g f\u00e6 hana \u00ed hendur \u00feeim, sem angra \u00feig, \u00feeim er s\u00f6g\u00f0u vi\u00f0 \u00feig: Varpa \u00fe\u00e9r ni\u00f0ur, svo a\u00f0 v\u00e9r getum gengi\u00f0 \u00e1 \u00fe\u00e9r! Og \u00fe\u00fa var\u00f0st a\u00f0 gj\u00f6ra hrygg \u00feinn sem g\u00f3lf og a\u00f0 g\u00f6tu fyrir vegfarendur.<\/p>\n<div class=\"footnote1981\"><b>51.1<\/b> R\u00e9ttl\u00e6ti Sef 2.3; Matt 5.6; 6.33 \u2013 leiti\u00f0 Drottins Slm 9.11+  &#8211; klettinn 5M\u00f3s 32.18<br \/>\n<b>51.2<\/b> Abraham sbr Jes 63.16; R\u00f3m 4.11-12 \u2013 hann var einn Esk 33.24 \u2013 j\u00f3k kyn 1M\u00f3s 12.2-3; 15.5<br \/>\n<b>51.3<\/b> Huggar S\u00edon Jes 40.1+ &#8211; au\u00f0nin ummmyndu\u00f0 sbr Jes 41.18+ &#8211; Eden 1M\u00f3s 2.8; Esk 36.35; Opb 2.7; 22.2 \u2013 f\u00f6gnu\u00f0ur og gle\u00f0i Jes 51.11; Jer 33.11; Slm 51.10<br \/>\n<b>51.4<\/b> Hlusti\u00f0 \u00e1 mig Jes 42.23 \u2013 \u00fej\u00f3\u00f0unum lj\u00f3s Jes 42.6+<br \/>\n<b>51.5<\/b> N\u00e1lgast r\u00e9ttl\u00e6ti mitt Jes 46.13 \u2013 r\u00e9ttl\u00e6ti, hj\u00e1lpr\u00e6\u00f0i Jes 45.8+ &#8211; armur Jes 40.10+ &#8211; eyjarnar Jes 40.15+ &#8211; b\u00ed\u00f0a Jes 42.4; sbr Jes 30.18+<br \/>\n<b>51.6<\/b> Til himins &#8230; j\u00f6r\u00f0ina Jes 40.22 \u2013 fyrnast Slm 102.26-27; Matt 5.18; 2P\u00e9t 3.7-12; Opb 20.11 \u2013 \u00e6varandi Matt 24.35<br \/>\n<b>51.7<\/b> \u00cd hjarta s\u00ednu 5M\u00f3s 30.14; Jer 31.33 \u2013 sm\u00e1naryr\u00f0i Sef 2.8<br \/>\n<b>51.9<\/b> Armur Drottins Jes 40.10+ &#8211; eins og \u00ed \u00e1rdaga sbr 2M\u00f3s 6.6 \u2013 Rahab sbr Slm 89.11; Job 9.13 \u2013 drekann sbr Job 7.12<br \/>\n<b>51.10<\/b> Hafi\u00f0 Job 38.8; sbr 2M\u00f3s 14.2 \u2013 a\u00f0 vegi Jes 43.16; 2M\u00f3s 14.21-22<br \/>\n<b>51.11<\/b> Hinir endurleystu Jes 35.10<br \/>\n<b>51.12<\/b> \u00c9g sj\u00e1lfur Jes 43.11+ &#8211; hugga Jes 40.1+ &#8211; sem grasi\u00f0 Jes 40.7+<br \/>\n<b>51.13<\/b> Drottni, skapara \u00fe\u00ednum Jes 43.1+ &#8211; himinn og j\u00f6r\u00f0 Jes 44.24<br \/>\n<b>51.14<\/b> \u00cd d\u00fdflissu Slm 16.10<br \/>\n<b>51.15<\/b> Gu\u00f0 \u00feinn Jes 55.5; 60.9 \u2013 sem \u00e6sir hafi\u00f0 Jer 31.35; sbr Job 26.12 \u2013 Drottinn allsherjar Jes 44.6+<br \/>\n<b>51.16<\/b> \u00cd munn Jes 59.21; Jer 1.9; sbr 5M\u00f3s 18.18 \u2013 \u00ed skugga handar minnar Jes 49.2<br \/>\n<b>51.17<\/b> Vakna \u00fe\u00fa Jes 52.1; D\u00f3m 5.12 \u2013 rei\u00f0ibikar Drottins Jes 42.25 \u2013 v\u00edmubikarinn Jer 25.15+<br \/>\n<b>51.18<\/b> Synir Jer\u00fasalem Jes 49.21-22; 60.4<br \/>\n<b>51.19<\/b> \u00deetta tvennt Jes 47.9 \u2013 hver s\u00fdnir \u00fe\u00e9r hluttekningu? Jer 15.5; Hlj 1.2,9,16,17<br \/>\n<b>51.20<\/b> Synir \u00fe\u00ednir Hlj 2.19 \u2013 h\u00f3tunum Jes 50.2<br \/>\n<b>51.23<\/b> Bak \u00feitt eins og v\u00f6ll J\u00f3s 10.24<\/div>\n","protected":false},"excerpt":{"rendered":"<p>1Hl\u00fd\u00f0i\u00f0 \u00e1 mig, \u00fe\u00e9r sem leggi\u00f0 stund \u00e1 r\u00e9ttl\u00e6ti, \u00fe\u00e9r sem leiti\u00f0 Drottins! L\u00edti\u00f0 \u00e1 hellubjargi\u00f0, sem \u00fe\u00e9r eru\u00f0 af h\u00f6ggnir, og \u00e1 brunnholuna, sem \u00fe\u00e9r eru\u00f0 \u00far grafnir!2L\u00edti\u00f0 \u00e1 Abraham, f\u00f6\u00f0ur y\u00f0ar, og \u00e1 S\u00f6ru, sem \u00f3l y\u00f0ur! \u00dev\u00ed a\u00f0 barnlausan kalla\u00f0i \u00e9g hann, en \u00e9g blessa\u00f0i hann og j\u00f3k kyn hans.3J\u00e1, Drottinn huggar S\u00edon, huggar allar r\u00fastir hennar. Hann gj\u00f6rir au\u00f0n hennar sem Eden og hei\u00f0i hennar sem aldingar\u00f0 Drottins. F\u00f6gnu\u00f0ur og gle\u00f0i mun finnast \u00ed henni, \u00feakkargj\u00f6r\u00f0 og lofs\u00f6ngur.4Hl\u00fd\u00f0 \u00fe\u00fa \u00e1 mig, \u00fe\u00fa l\u00fd\u00f0ur minn, hlusta \u00e1 mig, \u00fe\u00fa \u00fej\u00f3\u00f0 m\u00edn, \u00fev\u00ed fr\u00e1 m\u00e9r mun kenning \u00fat <a href=\"https:\/\/biblian.is\/1981\/jesaja-51-kafli\/\"> [&#8230;]<\/a><\/p>\n","protected":false},"author":1,"featured_media":0,"parent":0,"menu_order":0,"comment_status":"open","ping_status":"open","template":"bibliukaflar.php","meta":{"footnotes":""},"class_list":["post-2077","page","type-page","status-publish","hentry"],"_links":{"self":[{"href":"https:\/\/biblian.is\/1981\/wp-json\/wp\/v2\/pages\/2077","targetHints":{"allow":["GET"]}}],"collection":[{"href":"https:\/\/biblian.is\/1981\/wp-json\/wp\/v2\/pages"}],"about":[{"href":"https:\/\/biblian.is\/1981\/wp-json\/wp\/v2\/types\/page"}],"author":[{"embeddable":true,"href":"https:\/\/biblian.is\/1981\/wp-json\/wp\/v2\/users\/1"}],"replies":[{"embeddable":true,"href":"https:\/\/biblian.is\/1981\/wp-json\/wp\/v2\/comments?post=2077"}],"version-history":[{"count":0,"href":"https:\/\/biblian.is\/1981\/wp-json\/wp\/v2\/pages\/2077\/revisions"}],"wp:attachment":[{"href":"https:\/\/biblian.is\/1981\/wp-json\/wp\/v2\/media?parent=2077"}],"curies":[{"name":"wp","href":"https:\/\/api.w.org\/{rel}","templated":true}]}}