{"id":2076,"date":"2017-11-18T20:20:02","date_gmt":"2017-11-18T20:20:02","guid":{"rendered":"http:\/\/biblian.is\/1981\/jesaja-50-kafli\/"},"modified":"2017-11-18T20:20:02","modified_gmt":"2017-11-18T20:20:02","slug":"jesaja-50-kafli","status":"publish","type":"page","link":"https:\/\/biblian.is\/1981\/jesaja-50-kafli\/","title":{"rendered":"Jesaja 50. kafli"},"content":{"rendered":"<p><a name=\"1\"><span class=\"versanumer\">1<\/span><\/a>Svo segir Drottinn: Hvar er s\u00fa skilna\u00f0arskr\u00e1 m\u00f3\u00f0ur y\u00f0ar, er \u00e9g \u00e1 a\u00f0 hafa reki\u00f0 hana burt me\u00f0? E\u00f0a hverjum af l\u00e1nardrottnum m\u00ednum hefi \u00e9g selt y\u00f0ur? Sj\u00e1, s\u00f6kum misgj\u00f6r\u00f0a y\u00f0ar hafi\u00f0 \u00fe\u00e9r seldir veri\u00f0 og vegna afbrota y\u00f0ar hefir m\u00f3\u00f0ir y\u00f0ar veri\u00f0 burt rekin.<a name=\"2\"><span class=\"versanumer\">2<\/span><\/a>Hvers vegna var enginn fyrir, \u00feegar \u00e9g kom, hv\u00ed gegndi enginn, \u00feegar \u00e9g kalla\u00f0i? Er h\u00f6nd m\u00edn \u00fe\u00e1 svo stutt or\u00f0in, a\u00f0 h\u00fan geti eigi frelsa\u00f0, e\u00f0a vantar mig m\u00e1tt til a\u00f0 bjarga? Sj\u00e1, me\u00f0 h\u00f3tun minni \u00feurrka \u00e9g upp hafi\u00f0, gj\u00f6ri flj\u00f3tin a\u00f0 ey\u00f0im\u00f6rk, svo a\u00f0 fiskarnir \u00ed \u00feeim \u00faldna af vatnsleysi og deyja af \u00feorsta.<a name=\"3\"><span class=\"versanumer\">3<\/span><\/a>\u00c9g f\u00e6ri himininn \u00ed svartan hj\u00fap og sveipa hann \u00ed sorgarb\u00faning.<a name=\"4\"><span class=\"versanumer\">4<\/span><\/a>Hinn alvaldi Drottinn hefir gefi\u00f0 m\u00e9r l\u00e6risveina tungu, svo a\u00f0 \u00e9g hef\u00f0i vit \u00e1 a\u00f0 styrkja hina m\u00e6ddu me\u00f0 or\u00f0um m\u00ednum. Hann vekur \u00e1 hverjum morgni, \u00e1 hverjum morgni vekur hann eyra mitt, svo a\u00f0 \u00e9g taki eftir, eins og l\u00e6risveinar gj\u00f6ra.<a name=\"5\"><span class=\"versanumer\">5<\/span><\/a>Hinn alvaldi Drottinn opna\u00f0i eyra mitt, og \u00e9g \u00feverskalla\u00f0ist eigi, f\u00e6r\u00f0ist ekki undan.<a name=\"6\"><span class=\"versanumer\">6<\/span><\/a>\u00c9g bau\u00f0 bak mitt \u00feeim, sem b\u00f6r\u00f0u mig, og kinnar m\u00ednar \u00feeim, sem reyttu mig. \u00c9g byrg\u00f0i eigi \u00e1sj\u00f3nu m\u00edna fyrir h\u00e1\u00f0ungum og hr\u00e1kum.<a name=\"7\"><span class=\"versanumer\">7<\/span><\/a>Drottinn hinn alvaldi hj\u00e1lpar m\u00e9r, \u00fev\u00ed l\u00e9t \u00e9g ekki h\u00e1\u00f0ungarnar \u00e1 m\u00e9r festa. Fyrir \u00fev\u00ed gj\u00f6r\u00f0i \u00e9g andlit mitt a\u00f0 tinnusteini, \u00fev\u00ed a\u00f0 \u00e9g veit, a\u00f0 \u00e9g ver\u00f0 ekki til skammar.<a name=\"8\"><span class=\"versanumer\">8<\/span><\/a>N\u00e1l\u00e6gur er s\u00e1 er mig r\u00e9ttl\u00e6tir. Hver vill deila vi\u00f0 mig? Vi\u00f0 skulum b\u00e1\u00f0ir ganga fram! Hver hefir s\u00f6k a\u00f0 k\u00e6ra \u00e1 hendur m\u00e9r? Komi hann til m\u00edn!<a name=\"9\"><span class=\"versanumer\">9<\/span><\/a>Sj\u00e1, hinn alvaldi Drottinn hj\u00e1lpar m\u00e9r. Hver er s\u00e1 er geti gj\u00f6rt mig sekan? Sj\u00e1, \u00feeir munu allir detta sundur eins og gamalt fat, m\u00f6lur skal ey\u00f0a \u00feeim.<a name=\"10\"><span class=\"versanumer\">10<\/span><\/a>Hver s\u00e1 me\u00f0al y\u00f0ar, sem \u00f3ttast Drottin, hl\u00fd\u00f0i raustu \u00fej\u00f3ns hans. S\u00e1 sem \u00ed myrkrunum gengur og enga sk\u00edmu s\u00e9r, hann treysti \u00e1 nafn Drottins og rei\u00f0i sig \u00e1 Gu\u00f0 sinn.<a name=\"11\"><span class=\"versanumer\">11<\/span><\/a>Sj\u00e1, allir \u00fe\u00e9r, sem kveiki\u00f0 eld og gyr\u00f0i\u00f0 y\u00f0ur eldlegum skeytum, gangi\u00f0 \u00fe\u00e9r \u00fat \u00ed \u00feann eld, sem \u00fe\u00e9r hafi\u00f0 kveikt, og sl\u00e1i\u00f0 umhverfis y\u00f0ur \u00feeim slagbr\u00f6ndum, sem \u00fe\u00e9r hafi\u00f0 tendra\u00f0! Fr\u00e1 minni hendi kemur \u00feetta yfir y\u00f0ur, \u00fe\u00e9r skulu\u00f0 liggja \u00ed kv\u00f6lum.<\/p>\n<div class=\"footnote1981\"><b>50.1<\/b> Senda Jes 54.6; Jer 3.1; H\u00f3s 2.4 \u2013 selt Jes 52.3; Slm 44.13; Bar 4.6<br \/>\n<b>50.2<\/b> Enginn Jes 41.28+ &#8211; \u00feegar \u00e9g hr\u00f3pa\u00f0i Jes 65.12; 66.4; Jer 7.13; 35.17 \u2013 h\u00f6nd m\u00edn of stutt &#8230; Jes 37.27; 59.1; sbr 4M\u00f3s 11.23 \u2013 \u00feurrka upp hafi\u00f0 Jes 44.27; Nah 1.4; Slm 106.9<br \/>\n<b>50.3<\/b> Sorta 2M\u00f3s 10.21-23 \u2013 sorgarkl\u00e6\u00f0i Jes 58.5<br \/>\n<b>50.4<\/b> L\u00e6risveina Jes 54.13 \u2013 styrkja Jes 40.29<br \/>\n<b>50.6<\/b> Bau\u00f0 vanga m\u00edna Hlj 3.30; Matt 5.39 \u2013 hr\u00e1kum Matt 26.67; 27.30 og hlst.<br \/>\n<b>50.7<\/b> Andlit sem tinna Esk 3.8-9; sbr L\u00fak 9.51<br \/>\n<b>50.8<\/b> Hann er n\u00e6rri Jes 55.6 \u2013 hver getur deilt? Job 13.18-19; sbr R\u00f3m 8.31-34<br \/>\n<b>50.9<\/b> Sakfellt? J\u00f3h 8.46<br \/>\n<b>50.10<\/b> \u00d3ttast Drottin Slm 15.4+ &#8211; bo\u00f0skap \u00fej\u00f3ns hans Esk 3.7; sbr Jes 42.1+ &#8211; \u00ed myrkri Jes 42.7; 49.9; 5M\u00f3s 4.30<\/div>\n","protected":false},"excerpt":{"rendered":"<p>1Svo segir Drottinn: Hvar er s\u00fa skilna\u00f0arskr\u00e1 m\u00f3\u00f0ur y\u00f0ar, er \u00e9g \u00e1 a\u00f0 hafa reki\u00f0 hana burt me\u00f0? E\u00f0a hverjum af l\u00e1nardrottnum m\u00ednum hefi \u00e9g selt y\u00f0ur? Sj\u00e1, s\u00f6kum misgj\u00f6r\u00f0a y\u00f0ar hafi\u00f0 \u00fe\u00e9r seldir veri\u00f0 og vegna afbrota y\u00f0ar hefir m\u00f3\u00f0ir y\u00f0ar veri\u00f0 burt rekin.2Hvers vegna var enginn fyrir, \u00feegar \u00e9g kom, hv\u00ed gegndi enginn, \u00feegar \u00e9g kalla\u00f0i? Er h\u00f6nd m\u00edn \u00fe\u00e1 svo stutt or\u00f0in, a\u00f0 h\u00fan geti eigi frelsa\u00f0, e\u00f0a vantar mig m\u00e1tt til a\u00f0 bjarga? Sj\u00e1, me\u00f0 h\u00f3tun minni \u00feurrka \u00e9g upp hafi\u00f0, gj\u00f6ri flj\u00f3tin a\u00f0 ey\u00f0im\u00f6rk, svo a\u00f0 fiskarnir \u00ed \u00feeim \u00faldna af vatnsleysi og deyja af <a href=\"https:\/\/biblian.is\/1981\/jesaja-50-kafli\/\"> [&#8230;]<\/a><\/p>\n","protected":false},"author":1,"featured_media":0,"parent":0,"menu_order":0,"comment_status":"open","ping_status":"open","template":"bibliukaflar.php","meta":{"footnotes":""},"class_list":["post-2076","page","type-page","status-publish","hentry"],"_links":{"self":[{"href":"https:\/\/biblian.is\/1981\/wp-json\/wp\/v2\/pages\/2076","targetHints":{"allow":["GET"]}}],"collection":[{"href":"https:\/\/biblian.is\/1981\/wp-json\/wp\/v2\/pages"}],"about":[{"href":"https:\/\/biblian.is\/1981\/wp-json\/wp\/v2\/types\/page"}],"author":[{"embeddable":true,"href":"https:\/\/biblian.is\/1981\/wp-json\/wp\/v2\/users\/1"}],"replies":[{"embeddable":true,"href":"https:\/\/biblian.is\/1981\/wp-json\/wp\/v2\/comments?post=2076"}],"version-history":[{"count":0,"href":"https:\/\/biblian.is\/1981\/wp-json\/wp\/v2\/pages\/2076\/revisions"}],"wp:attachment":[{"href":"https:\/\/biblian.is\/1981\/wp-json\/wp\/v2\/media?parent=2076"}],"curies":[{"name":"wp","href":"https:\/\/api.w.org\/{rel}","templated":true}]}}