{"id":2074,"date":"2017-11-18T20:20:02","date_gmt":"2017-11-18T20:20:02","guid":{"rendered":"http:\/\/biblian.is\/1981\/jesaja-48-kafli\/"},"modified":"2017-11-18T20:20:02","modified_gmt":"2017-11-18T20:20:02","slug":"jesaja-48-kafli","status":"publish","type":"page","link":"https:\/\/biblian.is\/1981\/jesaja-48-kafli\/","title":{"rendered":"Jesaja 48. kafli"},"content":{"rendered":"<p><a name=\"1\"><span class=\"versanumer\">1<\/span><\/a>Heyri\u00f0 \u00feetta, \u00fe\u00e9r Jakobs ni\u00f0jar, \u00fe\u00e9r sem nefndir eru\u00f0 eftir \u00cdsrael og runnir eru\u00f0 \u00far J\u00fada lindum, \u00fe\u00e9r sem sverji\u00f0 vi\u00f0 nafn Drottins og tigni\u00f0 \u00cdsraels Gu\u00f0, \u00fe\u00f3tt eigi s\u00e9 \u00ed sannleika og r\u00e9ttl\u00e6ti,<a name=\"2\"><span class=\"versanumer\">2<\/span><\/a>\u00fev\u00ed a\u00f0 \u00feeir kenna sig vi\u00f0 hina helgu borg og leita trausts hj\u00e1 \u00cdsraels Gu\u00f0i: Nafn hans er Drottinn allsherjar.<a name=\"3\"><span class=\"versanumer\">3<\/span><\/a>\u00dea\u00f0 sem n\u00fa er fram komi\u00f0, hefi \u00e9g kunngj\u00f6rt fyrir l\u00f6ngu, \u00fea\u00f0 er \u00fatgengi\u00f0 af m\u00ednum munni, og \u00e9g hefi gj\u00f6rt \u00fea\u00f0 heyrinkunnugt. Skyndilega f\u00e6r\u00f0i \u00e9g \u00fea\u00f0 til vegar, og \u00fea\u00f0 kom fram.<a name=\"4\"><span class=\"versanumer\">4<\/span><\/a>Af \u00fev\u00ed a\u00f0 \u00e9g vissi, a\u00f0 \u00fe\u00fa ert \u00ferj\u00f3skur og h\u00e1ls \u00feinn seigur sem j\u00e1rnseymi og enni \u00feitt hart sem kopar,<a name=\"5\"><span class=\"versanumer\">5<\/span><\/a>fyrir \u00fev\u00ed kunngj\u00f6r\u00f0i \u00e9g \u00fe\u00e9r \u00fea\u00f0 l\u00f6ngu fyrir og l\u00e9t \u00feig vita \u00fea\u00f0 \u00e1\u00f0ur en \u00fea\u00f0 kom fram, til \u00feess a\u00f0 \u00fe\u00fa skyldir ekki segja: Go\u00f0 mitt hefir komi\u00f0 \u00fev\u00ed til lei\u00f0ar, og skur\u00f0go\u00f0 mitt og hi\u00f0 steypta l\u00edkneski mitt hefir r\u00e1\u00f0stafa\u00f0 \u00fev\u00ed.<a name=\"6\"><span class=\"versanumer\">6<\/span><\/a>\u00de\u00fa hefir heyrt \u00fea\u00f0, sj\u00e1, n\u00fa er \u00fea\u00f0 allt komi\u00f0 fram! Og \u00fe\u00e9r, hlj\u00f3ti\u00f0 \u00fe\u00e9r ekki a\u00f0 j\u00e1ta \u00fea\u00f0? N\u00fa bo\u00f0a \u00e9g \u00fe\u00e9r n\u00fdja hluti og hulda, sem \u00fe\u00fa ekkert veist um.<a name=\"7\"><span class=\"versanumer\">7<\/span><\/a>\u00deeir eru n\u00fa a\u00f0 skapast, en eigi fyrr, fyrr en \u00ed dag hefir \u00fe\u00fa ekkert um \u00fe\u00e1 heyrt, svo a\u00f0 \u00fe\u00fa skyldir ekki geta sagt: Sj\u00e1, \u00e9g vissi \u00fea\u00f0!<a name=\"8\"><span class=\"versanumer\">8<\/span><\/a>\u00de\u00fa hefir hvorki heyrt \u00fea\u00f0 n\u00e9 vita\u00f0 \u00fea\u00f0, n\u00e9 heldur hefir eyra \u00feitt veri\u00f0 opi\u00f0 fyrir l\u00f6ngu, \u00fev\u00ed a\u00f0 \u00e9g vissi, a\u00f0 \u00fe\u00fa ert mj\u00f6g \u00f3tr\u00far og a\u00f0 \u00fe\u00fa hefir kalla\u00f0ur veri\u00f0 tr\u00farofi fr\u00e1 m\u00f3\u00f0url\u00edfi.<a name=\"9\"><span class=\"versanumer\">9<\/span><\/a>Fyrir sakir nafns m\u00edns sefa \u00e9g rei\u00f0i m\u00edna og vegna lofs m\u00edns hefti \u00e9g hana \u00fe\u00e9r \u00ed vil, svo a\u00f0 \u00e9g uppr\u00e6ti \u00feig eigi.<a name=\"10\"><span class=\"versanumer\">10<\/span><\/a>Sj\u00e1, \u00e9g hefi hreinsa\u00f0 \u00feig, \u00fe\u00f3 eigi sem silfur, \u00e9g hefi reynt \u00feig \u00ed br\u00e6\u00f0sluofni h\u00f6rmungarinnar.<a name=\"11\"><span class=\"versanumer\">11<\/span><\/a>M\u00edn vegna, sj\u00e1lfs m\u00edn vegna gj\u00f6ri \u00e9g \u00fea\u00f0, og d\u00fdr\u00f0 m\u00edna gef \u00e9g eigi \u00f6\u00f0rum, \u00fev\u00ed a\u00f0 hversu mj\u00f6g yr\u00f0i nafn mitt vanhelga\u00f0!<a name=\"12\"><span class=\"versanumer\">12<\/span><\/a>Heyr mig, Jakob, og \u00fe\u00fa \u00cdsrael, sem \u00e9g hefi kalla\u00f0: \u00c9g er hann, \u00e9g er hinn fyrsti, \u00e9g er einnig hinn s\u00ed\u00f0asti.<a name=\"13\"><span class=\"versanumer\">13<\/span><\/a>H\u00f6nd m\u00edn hefir grundvalla\u00f0 j\u00f6r\u00f0ina, og h\u00e6gri h\u00f6nd m\u00edn hefir \u00feani\u00f0 \u00fat himininn. \u00deegar \u00e9g kalla \u00e1 \u00feau, koma \u00feau.<a name=\"14\"><span class=\"versanumer\">14<\/span><\/a>Safnist allir saman og heyri\u00f0: Hver \u00e1 me\u00f0al \u00feeirra hefir kunngj\u00f6rt \u00feetta: S\u00e1 er Drottinn elskar, skal framkv\u00e6ma vilja hans \u00e1 Bab\u00fdlon og vera armleggur hans me\u00f0al Kaldea?<a name=\"15\"><span class=\"versanumer\">15<\/span><\/a>\u00dea\u00f0 er \u00e9g, \u00fea\u00f0 er \u00e9g, sem hefi tala\u00f0 \u00fea\u00f0, \u00e9g hefi og kalla\u00f0 hann. \u00c9g hefi leitt hann fram og veitt honum sigurgengi.<a name=\"16\"><span class=\"versanumer\">16<\/span><\/a>&#8222;Komi\u00f0 til m\u00edn og heyri\u00f0 \u00feetta: Fr\u00e1 upphafi hefi \u00e9g eigi tala\u00f0 \u00ed leyndum; \u00feegar kominn var s\u00e1 t\u00edmi, a\u00f0 \u00fea\u00f0 skyldi ver\u00f0a, kom \u00e9g. N\u00fa hefir hinn alvaldi Drottinn sent mig me\u00f0 sinn anda.&#8220;<a name=\"17\"><span class=\"versanumer\">17<\/span><\/a>Svo segir Drottinn, frelsari \u00feinn, Hinn heilagi \u00ed \u00cdsrael: \u00c9g, Drottinn Gu\u00f0 \u00feinn, er s\u00e1 sem kenni \u00fe\u00e9r a\u00f0 gj\u00f6ra \u00fea\u00f0 sem \u00fe\u00e9r er gagnlegt, sem v\u00edsa \u00fe\u00e9r \u00feann veg, er \u00fe\u00fa skalt ganga.<a name=\"18\"><span class=\"versanumer\">18<\/span><\/a>\u00c6, a\u00f0 \u00fe\u00fa vildir gefa gaum a\u00f0 bo\u00f0or\u00f0um m\u00ednum, \u00fe\u00e1 mundi heill \u00fe\u00edn ver\u00f0a sem flj\u00f3t og r\u00e9ttl\u00e6ti \u00feitt sem bylgjur sj\u00e1varins.<a name=\"19\"><span class=\"versanumer\">19<\/span><\/a>Ni\u00f0jar \u00fe\u00ednir mundu \u00fe\u00e1 ver\u00f0a sem fj\u00f6rusandur og l\u00edfsafkv\u00e6mi \u00fe\u00edn sem sandkorn. Nafn hans mun aldrei afm\u00e1\u00f0 ver\u00f0a og aldrei hverfa burt fr\u00e1 m\u00ednu augliti.<a name=\"20\"><span class=\"versanumer\">20<\/span><\/a>Gangi\u00f0 \u00fat \u00far Bab\u00fdlon, skundi\u00f0 burt fr\u00e1 Kaldeum me\u00f0 fagna\u00f0ar\u00f3pi, bo\u00f0i\u00f0 \u00feetta og birti\u00f0 \u00fea\u00f0, \u00fatbrei\u00f0i\u00f0 \u00fea\u00f0 til endimarka jar\u00f0arinnar: Drottinn hefir frelsa\u00f0 \u00fej\u00f3n sinn Jakob!<a name=\"21\"><span class=\"versanumer\">21<\/span><\/a>Og \u00fe\u00e1 \u00feyrsti ekki, \u00feegar hann leiddi \u00fe\u00e1 um \u00f6r\u00e6fin. Hann l\u00e9t vatn spretta upp \u00far kletti handa \u00feeim, og hann klauf klettinn, svo a\u00f0 vatni\u00f0 vall \u00fear upp.<a name=\"22\"><span class=\"versanumer\">22<\/span><\/a>Hinum \u00f3gu\u00f0legu, segir Drottinn, er enginn fri\u00f0ur b\u00fainn.<\/p>\n<div class=\"footnote1981\"><b>48.1<\/b> Sverji\u00f0 Jes 19.18; sbr Jes 65.16; 5M\u00f3s 6.13; 10.20; Jer 4.2 \u2013 vi\u00f0 nafn Gu\u00f0s 2M\u00f3s 23.13; J\u00f3s 23.7 \u2013 hvorki \u00ed einl\u00e6gni n\u00e9 sannleika Jes 29.13; Jer 5.2; sbr Sak 8.8<br \/>\n<b>48.2<\/b> Stu\u00f0ningur Slm 71.6 \u2013 allsherjar Jes 44.6+<br \/>\n<b>48.3<\/b> Fyrri atbur\u00f0ir Jes 42.9+ &#8211; bo\u00f0a\u00f0i Jes 41.22 \u2013 fyrir l\u00f6ngu Jes 44.8; 45.21 \u2013 \u00fea\u00f0 var\u00f0 sbr Jes 44.28; 46.10; 55.11<br \/>\n<b>48.4<\/b> \u00dar j\u00e1rni 2M\u00f3s 32.9; 5M\u00f3s 9.6,13; 2Kon 17.14; Jer 7.26<br \/>\n<b>48.6<\/b> N\u00fdtt Jes 42.9+ &#8211; \u00f3\u00feekkt Jer 33.3<br \/>\n<b>48.8<\/b> Ekki heyrt Jes 41.26 \u2013 svikull Jer 5.11 \u2013 heitrofi Jes 43.27 \u2013 fr\u00e1 f\u00e6\u00f0ingu Jes 44.2+<br \/>\n<b>48.9<\/b> Sefa rei\u00f0i m\u00edna 2M\u00f3s 34.6 \u2013 nafns m\u00edns Jes 52.5<br \/>\n<b>48.10<\/b> Hreinsa\u00f0i \u00feig Jer 6.29<br \/>\n<b>48.11<\/b> Vanhelgast nafn mitt Esk 20.9,14; 36.22-23 \u2013 s\u00e6md m\u00edna &#8230; Jes 42.8<br \/>\n<b>48.12<\/b> Fyrsti og s\u00ed\u00f0asti Jes 41.4+<br \/>\n<b>48.13<\/b> Gu\u00f0 skapar Jes 42.5+ ; sj\u00e1 einnig 44.24<br \/>\n<b>48.14<\/b> Hver hefur sagt fyrir? Jes 41.26+ &#8211; K\u00fdrus Jes 40.13+ &#8211; vilji Drottins, \u00e1form Jes 53.10<br \/>\n<b>48.15<\/b> Brautargengi sbr Jes 44.28; 53.10<br \/>\n<b>48.16<\/b> Fr\u00e1 upphafi Jes 40.21+ &#8211; \u00ed leyndum Jes 45.19+ &#8211; Drottinn sent mig Jes 61.1 \u2013 anda Jes 42.1; M\u00edk 3.8<br \/>\n<b>48.17<\/b> Drottinn, lausnari \u00feinn Jes 41.14+ &#8211; Hinn heilagi \u00ed \u00cdsrael Jes 1.4+ ; sbr Jes 40.28 \u2013 \u00e9g er s\u00e1 Jes 44.24+<br \/>\n<b>48.18<\/b> A\u00f0eins a\u00f0 \u00fe\u00fa &#8230; Slm 81.14-17 \u2013 sem flj\u00f3t Jes 66.12<br \/>\n<b>48.19<\/b> Ni\u00f0jar Jes 44.3+ &#8211; sandur Jes 10.22+ ; sbr Hab 1.9 \u2013 nafn \u00feeirra Jes 66.22 \u2013 aldrei afm\u00e1\u00f0 1Sam 24.22; sbr Slm 37.38<br \/>\n<b>48.20<\/b> Fr\u00e1 Bab\u00fdlon Jes 52.11; Jer 51.6; Opb 18.4; sbr Slm 126.1-2 \u2013 frelsa\u00f0i Jes 41.14+ &#8211; \u00fej\u00f3n sinn Jes 41.8+<br \/>\n<b>48.21<\/b> Vatn \u00far kletti Slm 78.15-16+ ; sbr Jes 43.20<br \/>\n<b>48.22<\/b> Gu\u00f0leysingjar Jes 57.21<\/div>\n","protected":false},"excerpt":{"rendered":"<p>1Heyri\u00f0 \u00feetta, \u00fe\u00e9r Jakobs ni\u00f0jar, \u00fe\u00e9r sem nefndir eru\u00f0 eftir \u00cdsrael og runnir eru\u00f0 \u00far J\u00fada lindum, \u00fe\u00e9r sem sverji\u00f0 vi\u00f0 nafn Drottins og tigni\u00f0 \u00cdsraels Gu\u00f0, \u00fe\u00f3tt eigi s\u00e9 \u00ed sannleika og r\u00e9ttl\u00e6ti,2\u00fev\u00ed a\u00f0 \u00feeir kenna sig vi\u00f0 hina helgu borg og leita trausts hj\u00e1 \u00cdsraels Gu\u00f0i: Nafn hans er Drottinn allsherjar.3\u00dea\u00f0 sem n\u00fa er fram komi\u00f0, hefi \u00e9g kunngj\u00f6rt fyrir l\u00f6ngu, \u00fea\u00f0 er \u00fatgengi\u00f0 af m\u00ednum munni, og \u00e9g hefi gj\u00f6rt \u00fea\u00f0 heyrinkunnugt. Skyndilega f\u00e6r\u00f0i \u00e9g \u00fea\u00f0 til vegar, og \u00fea\u00f0 kom fram.4Af \u00fev\u00ed a\u00f0 \u00e9g vissi, a\u00f0 \u00fe\u00fa ert \u00ferj\u00f3skur og h\u00e1ls \u00feinn seigur sem j\u00e1rnseymi og <a href=\"https:\/\/biblian.is\/1981\/jesaja-48-kafli\/\"> [&#8230;]<\/a><\/p>\n","protected":false},"author":1,"featured_media":0,"parent":0,"menu_order":0,"comment_status":"open","ping_status":"open","template":"bibliukaflar.php","meta":{"footnotes":""},"class_list":["post-2074","page","type-page","status-publish","hentry"],"_links":{"self":[{"href":"https:\/\/biblian.is\/1981\/wp-json\/wp\/v2\/pages\/2074","targetHints":{"allow":["GET"]}}],"collection":[{"href":"https:\/\/biblian.is\/1981\/wp-json\/wp\/v2\/pages"}],"about":[{"href":"https:\/\/biblian.is\/1981\/wp-json\/wp\/v2\/types\/page"}],"author":[{"embeddable":true,"href":"https:\/\/biblian.is\/1981\/wp-json\/wp\/v2\/users\/1"}],"replies":[{"embeddable":true,"href":"https:\/\/biblian.is\/1981\/wp-json\/wp\/v2\/comments?post=2074"}],"version-history":[{"count":0,"href":"https:\/\/biblian.is\/1981\/wp-json\/wp\/v2\/pages\/2074\/revisions"}],"wp:attachment":[{"href":"https:\/\/biblian.is\/1981\/wp-json\/wp\/v2\/media?parent=2074"}],"curies":[{"name":"wp","href":"https:\/\/api.w.org\/{rel}","templated":true}]}}