{"id":2073,"date":"2017-11-18T20:20:02","date_gmt":"2017-11-18T20:20:02","guid":{"rendered":"http:\/\/biblian.is\/1981\/jesaja-47-kafli\/"},"modified":"2017-11-18T20:20:02","modified_gmt":"2017-11-18T20:20:02","slug":"jesaja-47-kafli","status":"publish","type":"page","link":"https:\/\/biblian.is\/1981\/jesaja-47-kafli\/","title":{"rendered":"Jesaja 47. kafli"},"content":{"rendered":"<p><a name=\"1\"><span class=\"versanumer\">1<\/span><\/a>St\u00edg ni\u00f0ur og sest \u00ed dufti\u00f0, \u00fe\u00fa m\u00e6rin Babeld\u00f3ttir! Sest \u00fe\u00fa \u00e1 j\u00f6r\u00f0ina h\u00e1s\u00e6tislaus, \u00fe\u00fa Kaldead\u00f3ttir! \u00fev\u00ed \u00fe\u00fa munt eigi framar k\u00f6llu\u00f0 ver\u00f0a hin lystilega og l\u00e1tpr\u00fa\u00f0a.<a name=\"2\"><span class=\"versanumer\">2<\/span><\/a>Tak kv\u00f6rnina og mala mj\u00f6l! Breg\u00f0 burt sk\u00fdlu \u00feinni, tak upp um \u00feig kl\u00e6\u00f0in, gj\u00f6r beran f\u00f3tlegg \u00feinn og va\u00f0 yfir flj\u00f3tin!<a name=\"3\"><span class=\"versanumer\">3<\/span><\/a>Ber ver\u00f0i blyg\u00f0an \u00fe\u00edn og sv\u00edvir\u00f0a \u00fe\u00edn augs\u00fdnileg. \u00c9g vil hefna m\u00edn og hl\u00edfi engum,<a name=\"4\"><span class=\"versanumer\">4<\/span><\/a>&#8222;segir lausnari vor; Drottinn allsherjar er nafn hans, Hinn heilagi \u00ed \u00cdsrael.&#8220;<a name=\"5\"><span class=\"versanumer\">5<\/span><\/a>Sit hlj\u00f3\u00f0 og gakk inn \u00ed myrkri\u00f0, \u00fe\u00fa Kaldead\u00f3ttir, \u00fev\u00ed \u00fe\u00fa munt eigi framar k\u00f6llu\u00f0 ver\u00f0a drottning konungsr\u00edkjanna.<a name=\"6\"><span class=\"versanumer\">6<\/span><\/a>\u00c9g var rei\u00f0ur l\u00fd\u00f0 m\u00ednum og l\u00e9t eign m\u00edna ver\u00f0a fyrir vans\u00e6md og seldi hana \u00ed hendur \u00fe\u00e9r. En \u00fe\u00fa s\u00fdndir \u00feeim enga miskunnsemi. Jafnvel \u00e1 gamalmennin lag\u00f0ir \u00fe\u00fa \u00feitt afar \u00feunga ok.<a name=\"7\"><span class=\"versanumer\">7<\/span><\/a>Og \u00fe\u00fa sag\u00f0ir: \u00c9g skal ver\u00f0a drottning um aldur og \u00e6vi. \u00de\u00fa hugfestir \u00feetta eigi og hugsa\u00f0ir eigi um, hver endalokin mundu ver\u00f0a.<a name=\"8\"><span class=\"versanumer\">8<\/span><\/a>En heyr n\u00fa \u00feetta, \u00fe\u00fa hin s\u00e6ll\u00edfa, er situr andvaralaus og segir \u00ed hjarta \u00fe\u00ednu: \u00c9g og engin \u00f6nnur. \u00cd ekkjud\u00f3mi skal \u00e9g aldrei sitja og eigi reyna, hva\u00f0 \u00fea\u00f0 er a\u00f0 vera barnalaus.<a name=\"9\"><span class=\"versanumer\">9<\/span><\/a>En hvort tveggja \u00feetta skal \u00fe\u00e9r a\u00f0 hendi bera skyndilega, \u00e1 einum degi. \u00de\u00fa skalt b\u00e6\u00f0i ver\u00f0a barnalaus og ekkja. \u00cd fullum m\u00e6li mun \u00fea\u00f0 yfir \u00feig koma, \u00fer\u00e1tt fyrir \u00fe\u00edna margv\u00edslegu t\u00f6fra og \u00fe\u00ednar miklu s\u00e6ringar.<a name=\"10\"><span class=\"versanumer\">10<\/span><\/a>\u00de\u00fa \u00fe\u00f3ttist \u00f6rugg \u00ed vonsku \u00feinni og sag\u00f0ir: Enginn s\u00e9r til m\u00edn. Viska \u00fe\u00edn og kunn\u00e1tta hefir leitt \u00feig afvega, svo a\u00f0 \u00fe\u00fa sag\u00f0ir \u00ed hjarta \u00fe\u00ednu: \u00c9g og engin \u00f6nnur!<a name=\"11\"><span class=\"versanumer\">11<\/span><\/a>\u00deess vegna skal \u00f3g\u00e6fa yfir \u00feig koma, sem \u00fe\u00fa skalt ekki geta keypt \u00feig undan. \u00d3l\u00e1n skal yfir \u00feig dynja, er \u00fe\u00fa eigi f\u00e6r afst\u00fdrt me\u00f0 f\u00e9gj\u00f6fum. Skyndilega skal ey\u00f0ing yfir \u00feig koma, \u00feegar \u00feig varir minnst.<a name=\"12\"><span class=\"versanumer\">12<\/span><\/a>Kom \u00fe\u00fa n\u00fa me\u00f0 s\u00e6ringar \u00fe\u00ednar og me\u00f0 hina margv\u00edslegu t\u00f6fra \u00fe\u00edna, sem \u00fe\u00fa hefir stunda\u00f0 me\u00f0 allri elju \u00ed fr\u00e1 barn\u00e6sku \u00feinni. M\u00e1 vera, a\u00f0 \u00fe\u00fa getir eitthva\u00f0 \u00e1unni\u00f0, m\u00e1 vera, \u00fe\u00fa f\u00e1ir f\u00e6lt \u00fea\u00f0 burt.<a name=\"13\"><span class=\"versanumer\">13<\/span><\/a>\u00de\u00fa ert or\u00f0in \u00fereytt \u00e1 hinum m\u00f6rgu fyrir\u00e6tlunum \u00fe\u00ednum. L\u00e1t \u00fev\u00ed himinfr\u00e6\u00f0ingana og stj\u00f6rnusko\u00f0arana koma og hj\u00e1lpa \u00fe\u00e9r, \u00fe\u00e1 er \u00e1 m\u00e1nu\u00f0i hverjum bo\u00f0a \u00fe\u00e9r, hva\u00f0 yfir \u00feig \u00e1 a\u00f0 koma.<a name=\"14\"><span class=\"versanumer\">14<\/span><\/a>Sj\u00e1, \u00feeir eru sem h\u00e1lmleggir, eldurinn ey\u00f0ir \u00feeim. \u00deeir geta ekki bjarga\u00f0 l\u00edfi sj\u00e1lfra s\u00edn \u00far loganum, \u00fev\u00ed \u00fea\u00f0 ver\u00f0ur ekki gl\u00f3\u00f0 til a\u00f0 orna s\u00e9r vi\u00f0 e\u00f0a eldur til a\u00f0 sitja vi\u00f0.<a name=\"15\"><span class=\"versanumer\">15<\/span><\/a>Svo munu \u00feeir reynast \u00fe\u00e9r, er \u00fe\u00fa hefir m\u00e6\u00f0st fyrir, \u00feeir er keypt hafa vi\u00f0 \u00feig fr\u00e1 \u00e6sku\u00e1rum \u00fe\u00ednum: \u00deeir \u00fej\u00f3ta \u00ed s\u00edna \u00e1ttina hver, og enginn ver\u00f0ur til a\u00f0 hj\u00e1lpa \u00fe\u00e9r.<\/p>\n<div class=\"footnote1981\"><b>47.1<\/b> D\u00f3mur yfir Bab\u00fdlon Jes 13+ ; sbr Jes 48.14,20<br \/>\n<b>47.4<\/b> Lausnari Jes 41.14+; sbr Jes 63.4 \u2013 hersveitanna Jes 44.6+ &#8211; Hinn heilagi \u00ed \u00edsrael Jes 1.4+<br \/>\n<b>47.6<\/b> Erf\u00f0aland 5M\u00f3s 4.20 \u2013 ofurseldi Jes 42.24; 43.27; 54.8 \u2013 aldra\u00f0ra Hlj 2.21 \u2013 ok Jer 27.8,11<br \/>\n<b>47.7<\/b> \u00cdhuga\u00f0ir Jes 42.25<br \/>\n<b>47.8-9<\/b> Sj\u00e1 Opb 18.7-8<br \/>\n<b>47.8<\/b> Engin \u00f6nnur Sef 2.15<br \/>\n<b>47.9<\/b> Barnlaus sbr Jes 54.1-6 \u2013 galdra Opb 18.23<br \/>\n<b>47.10<\/b> Enginn s\u00e9r Esk 8.12; Slm 10.11<br \/>\n<b>47.12<\/b> \u00c1vinningur skur\u00f0go\u00f0ad\u00fdrkunar Jes 44.9<br \/>\n<b>47.13<\/b> Koma til li\u00f0s Jes 57.13; 5M\u00f3s 32.28; Jer 2.28<br \/>\n<b>47.15<\/b> Enginn hj\u00e1lpar Jes 45.20+<\/div>\n","protected":false},"excerpt":{"rendered":"<p>1St\u00edg ni\u00f0ur og sest \u00ed dufti\u00f0, \u00fe\u00fa m\u00e6rin Babeld\u00f3ttir! Sest \u00fe\u00fa \u00e1 j\u00f6r\u00f0ina h\u00e1s\u00e6tislaus, \u00fe\u00fa Kaldead\u00f3ttir! \u00fev\u00ed \u00fe\u00fa munt eigi framar k\u00f6llu\u00f0 ver\u00f0a hin lystilega og l\u00e1tpr\u00fa\u00f0a.2Tak kv\u00f6rnina og mala mj\u00f6l! Breg\u00f0 burt sk\u00fdlu \u00feinni, tak upp um \u00feig kl\u00e6\u00f0in, gj\u00f6r beran f\u00f3tlegg \u00feinn og va\u00f0 yfir flj\u00f3tin!3Ber ver\u00f0i blyg\u00f0an \u00fe\u00edn og sv\u00edvir\u00f0a \u00fe\u00edn augs\u00fdnileg. \u00c9g vil hefna m\u00edn og hl\u00edfi engum,4&#8222;segir lausnari vor; Drottinn allsherjar er nafn hans, Hinn heilagi \u00ed \u00cdsrael.&#8220;5Sit hlj\u00f3\u00f0 og gakk inn \u00ed myrkri\u00f0, \u00fe\u00fa Kaldead\u00f3ttir, \u00fev\u00ed \u00fe\u00fa munt eigi framar k\u00f6llu\u00f0 ver\u00f0a drottning konungsr\u00edkjanna.6\u00c9g var rei\u00f0ur l\u00fd\u00f0 m\u00ednum og l\u00e9t eign m\u00edna ver\u00f0a fyrir <a href=\"https:\/\/biblian.is\/1981\/jesaja-47-kafli\/\"> [&#8230;]<\/a><\/p>\n","protected":false},"author":1,"featured_media":0,"parent":0,"menu_order":0,"comment_status":"open","ping_status":"open","template":"bibliukaflar.php","meta":{"footnotes":""},"class_list":["post-2073","page","type-page","status-publish","hentry"],"_links":{"self":[{"href":"https:\/\/biblian.is\/1981\/wp-json\/wp\/v2\/pages\/2073","targetHints":{"allow":["GET"]}}],"collection":[{"href":"https:\/\/biblian.is\/1981\/wp-json\/wp\/v2\/pages"}],"about":[{"href":"https:\/\/biblian.is\/1981\/wp-json\/wp\/v2\/types\/page"}],"author":[{"embeddable":true,"href":"https:\/\/biblian.is\/1981\/wp-json\/wp\/v2\/users\/1"}],"replies":[{"embeddable":true,"href":"https:\/\/biblian.is\/1981\/wp-json\/wp\/v2\/comments?post=2073"}],"version-history":[{"count":0,"href":"https:\/\/biblian.is\/1981\/wp-json\/wp\/v2\/pages\/2073\/revisions"}],"wp:attachment":[{"href":"https:\/\/biblian.is\/1981\/wp-json\/wp\/v2\/media?parent=2073"}],"curies":[{"name":"wp","href":"https:\/\/api.w.org\/{rel}","templated":true}]}}