{"id":2072,"date":"2017-11-18T20:20:02","date_gmt":"2017-11-18T20:20:02","guid":{"rendered":"http:\/\/biblian.is\/1981\/jesaja-46-kafli\/"},"modified":"2017-11-18T20:20:02","modified_gmt":"2017-11-18T20:20:02","slug":"jesaja-46-kafli","status":"publish","type":"page","link":"https:\/\/biblian.is\/1981\/jesaja-46-kafli\/","title":{"rendered":"Jesaja 46. kafli"},"content":{"rendered":"<p><a name=\"1\"><span class=\"versanumer\">1<\/span><\/a>Bel er hokinn, Neb\u00f3 er boginn. L\u00edkneski \u00feeirra eru fengin eykjum og gripum, go\u00f0al\u00edkneskin, sem \u00fe\u00e9r \u00e1\u00f0ur b\u00e1ru\u00f0 um kring, eru n\u00fa l\u00e1tin upp \u00e1 \u00fereyttan eyk, eins og \u00f6nnur byr\u00f0i.<a name=\"2\"><span class=\"versanumer\">2<\/span><\/a>\u00deeir eru b\u00e6\u00f0i bognir og hoknir. \u00deeir megna ekki a\u00f0 frelsa byr\u00f0ina, og sj\u00e1lfir hlj\u00f3ta \u00feeir a\u00f0 fara \u00ed \u00fatleg\u00f0.<a name=\"3\"><span class=\"versanumer\">3<\/span><\/a>Hl\u00fd\u00f0i\u00f0 \u00e1 mig, \u00fe\u00e9r kynsmenn Jakobs, og allir \u00fe\u00e9r, sem eftir eru\u00f0 af kyni \u00cdsraels, \u00fe\u00e9r sem eru\u00f0 m\u00e9r \u00e1 her\u00f0ar lag\u00f0ir allt \u00ed fr\u00e1 m\u00f3\u00f0urkvi\u00f0i og \u00e9g hefi bori\u00f0 allt \u00ed fr\u00e1 m\u00f3\u00f0url\u00edfi:<a name=\"4\"><span class=\"versanumer\">4<\/span><\/a>Allt til elli\u00e1ra er \u00e9g hinn sami, og \u00e9g vil bera y\u00f0ur, \u00fear til er \u00fe\u00e9r ver\u00f0i\u00f0 gr\u00e1ir fyrir h\u00e6rum. \u00c9g hefi gj\u00f6rt y\u00f0ur, og \u00e9g skal bera y\u00f0ur, \u00e9g skal bera y\u00f0ur og frelsa.<a name=\"5\"><span class=\"versanumer\">5<\/span><\/a>Vi\u00f0 hvern vilji\u00f0 \u00fe\u00e9r saml\u00edkja m\u00e9r og jafna m\u00e9r? Saman vi\u00f0 hvern vilji\u00f0 \u00fe\u00e9r bera mig sem jafningja minn?<a name=\"6\"><span class=\"versanumer\">6<\/span><\/a>\u00deeir sem steypa gullinu \u00far sj\u00f3\u00f0num og vega silfri\u00f0 \u00e1 vogarsk\u00e1lum, leigja s\u00e9r gullsmi\u00f0 til a\u00f0 sm\u00ed\u00f0a \u00far \u00fev\u00ed gu\u00f0, s\u00ed\u00f0an kn\u00e9krj\u00fapa \u00feeir og falla fram.<a name=\"7\"><span class=\"versanumer\">7<\/span><\/a>\u00deeir lyfta honum \u00e1 axlir s\u00e9r, bera hann og setja hann \u00e1 sinn sta\u00f0, og \u00fear stendur hann og v\u00edkur ekki \u00far sta\u00f0. Og \u00fe\u00f3tt einhver \u00e1kalli hann, \u00fe\u00e1 svarar hann ekki, hann frelsar eigi \u00far nau\u00f0um.<a name=\"8\"><span class=\"versanumer\">8<\/span><\/a>Minnist \u00feessa og l\u00e1ti\u00f0 y\u00f0ur segjast, leggi\u00f0 \u00fea\u00f0 \u00e1 hjarta, \u00fe\u00e9r tr\u00farofar.<a name=\"9\"><span class=\"versanumer\">9<\/span><\/a>Minnist \u00feess hins fyrra fr\u00e1 upphafi, a\u00f0 \u00e9g er Gu\u00f0 og enginn annar, hinn sanni Gu\u00f0 og enginn minn l\u00edki.<a name=\"10\"><span class=\"versanumer\">10<\/span><\/a>\u00c9g kunngj\u00f6r\u00f0i endalokin fr\u00e1 \u00f6ndver\u00f0u og sag\u00f0i fyrir fram \u00fea\u00f0, sem eigi var enn fram komi\u00f0. \u00c9g segi: M\u00edn r\u00e1\u00f0s\u00e1lyktun stendur st\u00f6\u00f0ug, og allt, sem m\u00e9r vel l\u00edkar, framkv\u00e6mi \u00e9g.<a name=\"11\"><span class=\"versanumer\">11<\/span><\/a>\u00c9g kalla \u00f6rninn \u00far austur\u00e1tt, \u00far fjarl\u00e6gu landi mann \u00feann, er framkv\u00e6mir r\u00e1\u00f0s\u00e1lyktun m\u00edna. \u00dea\u00f0 sem \u00e9g tala, \u00fea\u00f0 l\u00e6t \u00e9g einnig fram koma, \u00fea\u00f0 sem \u00e9g \u00e1set m\u00e9r, \u00fea\u00f0 gj\u00f6ri \u00e9g einnig.<a name=\"12\"><span class=\"versanumer\">12<\/span><\/a>Hl\u00fd\u00f0i\u00f0 \u00e1 mig, \u00fe\u00e9r har\u00f0sv\u00edru\u00f0u, sem eru\u00f0 fjarl\u00e6gir r\u00e9ttl\u00e6tinu!<a name=\"13\"><span class=\"versanumer\">13<\/span><\/a>\u00c9g n\u00e1l\u00e6gi mitt r\u00e9ttl\u00e6ti, \u00fea\u00f0 er ekki langt \u00ed burtu, og hj\u00e1lp m\u00edn skal ekki dvelja. \u00c9g veiti hj\u00e1lp \u00ed S\u00edon og vegsemd m\u00edna \u00cdsrael.<\/p>\n<div class=\"footnote1981\"><b>46.1<\/b> Bel Jer 51.44; VDan 2; BJer 40<br \/>\n<b>46.2<\/b> \u00cd \u00fatleg\u00f0 Jer 43.12; 48.7<br \/>\n<b>46.3<\/b> Sem eftir eru\u00f0 Jes 4.3+ ; Am 5.15 \u2013 fr\u00e1 f\u00e6\u00f0ingu Jes 44.2+<br \/>\n<b>46.4<\/b> Til elli\u00e1ra Slm 71.18<br \/>\n<b>46.5<\/b> L\u00edkja Jes 40.18+<br \/>\n<b>46.6<\/b> Skur\u00f0go\u00f0 Jes 40.19+<br \/>\n<b>46.7<\/b> F\u00e1n\u00fdt go\u00f0 Slm 115.5-7+ &#8211; hreyfir sig ekki Jes 41.7 \u2013 svarar ekki 1Kon 18.26-29; Jer 10.5 \u2013 frelsar ekki Jes 45.20<br \/>\n<b>46.8<\/b> Minnist Jes 44.21<br \/>\n<b>46.9<\/b> Sem \u00e1\u00f0ur var Jes 43.18; sbr Jes 42.9+ &#8211; enginn annar Jes 44.6+<br \/>\n<b>46.10<\/b> Fr\u00e1 \u00f6ndver\u00f0u Jes 40.21+ ; sbr Jes 44.8+ ; 45.21 \u2013 sk\u00fdrt fr\u00e1 Jes 41.22+ &#8211; \u00e1kv\u00f6r\u00f0un Jes 5.19; 14.26-27; 19.17; 44.26; Ef 1.11 \u2013 geri Jes 44.28; Slm 33.11; sbr Jes 53.10<br \/>\n<b>46.11<\/b> Mann Jes 40.13+<br \/>\n<b>46.13<\/b> F\u00e6ri Jes 51.5 \u2013 r\u00e9ttl\u00e6ti og hj\u00e1lp Jes 45.8+<\/div>\n","protected":false},"excerpt":{"rendered":"<p>1Bel er hokinn, Neb\u00f3 er boginn. L\u00edkneski \u00feeirra eru fengin eykjum og gripum, go\u00f0al\u00edkneskin, sem \u00fe\u00e9r \u00e1\u00f0ur b\u00e1ru\u00f0 um kring, eru n\u00fa l\u00e1tin upp \u00e1 \u00fereyttan eyk, eins og \u00f6nnur byr\u00f0i.2\u00deeir eru b\u00e6\u00f0i bognir og hoknir. \u00deeir megna ekki a\u00f0 frelsa byr\u00f0ina, og sj\u00e1lfir hlj\u00f3ta \u00feeir a\u00f0 fara \u00ed \u00fatleg\u00f0.3Hl\u00fd\u00f0i\u00f0 \u00e1 mig, \u00fe\u00e9r kynsmenn Jakobs, og allir \u00fe\u00e9r, sem eftir eru\u00f0 af kyni \u00cdsraels, \u00fe\u00e9r sem eru\u00f0 m\u00e9r \u00e1 her\u00f0ar lag\u00f0ir allt \u00ed fr\u00e1 m\u00f3\u00f0urkvi\u00f0i og \u00e9g hefi bori\u00f0 allt \u00ed fr\u00e1 m\u00f3\u00f0url\u00edfi:4Allt til elli\u00e1ra er \u00e9g hinn sami, og \u00e9g vil bera y\u00f0ur, \u00fear til er \u00fe\u00e9r ver\u00f0i\u00f0 gr\u00e1ir <a href=\"https:\/\/biblian.is\/1981\/jesaja-46-kafli\/\"> [&#8230;]<\/a><\/p>\n","protected":false},"author":1,"featured_media":0,"parent":0,"menu_order":0,"comment_status":"open","ping_status":"open","template":"bibliukaflar.php","meta":{"footnotes":""},"class_list":["post-2072","page","type-page","status-publish","hentry"],"_links":{"self":[{"href":"https:\/\/biblian.is\/1981\/wp-json\/wp\/v2\/pages\/2072","targetHints":{"allow":["GET"]}}],"collection":[{"href":"https:\/\/biblian.is\/1981\/wp-json\/wp\/v2\/pages"}],"about":[{"href":"https:\/\/biblian.is\/1981\/wp-json\/wp\/v2\/types\/page"}],"author":[{"embeddable":true,"href":"https:\/\/biblian.is\/1981\/wp-json\/wp\/v2\/users\/1"}],"replies":[{"embeddable":true,"href":"https:\/\/biblian.is\/1981\/wp-json\/wp\/v2\/comments?post=2072"}],"version-history":[{"count":0,"href":"https:\/\/biblian.is\/1981\/wp-json\/wp\/v2\/pages\/2072\/revisions"}],"wp:attachment":[{"href":"https:\/\/biblian.is\/1981\/wp-json\/wp\/v2\/media?parent=2072"}],"curies":[{"name":"wp","href":"https:\/\/api.w.org\/{rel}","templated":true}]}}