{"id":2071,"date":"2017-11-18T20:20:02","date_gmt":"2017-11-18T20:20:02","guid":{"rendered":"http:\/\/biblian.is\/1981\/jesaja-45-kafli\/"},"modified":"2017-11-18T20:20:02","modified_gmt":"2017-11-18T20:20:02","slug":"jesaja-45-kafli","status":"publish","type":"page","link":"https:\/\/biblian.is\/1981\/jesaja-45-kafli\/","title":{"rendered":"Jesaja 45. kafli"},"content":{"rendered":"<p><a name=\"1\"><span class=\"versanumer\">1<\/span><\/a>Svo segir Drottinn vi\u00f0 sinn smur\u00f0a, vi\u00f0 K\u00fdrus, sem \u00e9g held \u00ed h\u00e6gri h\u00f6ndina \u00e1, til \u00feess a\u00f0 leggja a\u00f0 velli \u00fej\u00f3\u00f0ir fyrir augliti hans og spretta belti af lendum konunganna, til \u00feess a\u00f0 opna fyrir honum dyrnar og til \u00feess a\u00f0 borgarhli\u00f0in ver\u00f0i eigi loku\u00f0:<a name=\"2\"><span class=\"versanumer\">2<\/span><\/a>\u00c9g mun ganga \u00e1 undan \u00fe\u00e9r og jafna h\u00f3lana, \u00e9g mun brj\u00f3ta eirhli\u00f0in og m\u00f6lva j\u00e1rnsl\u00e1rnar.<a name=\"3\"><span class=\"versanumer\">3<\/span><\/a>\u00c9g mun gefa \u00fe\u00e9r hina huldu fj\u00e1rsj\u00f3\u00f0u og hina f\u00f3lgnu d\u00fdrgripi, svo a\u00f0 \u00fe\u00fa kannist vi\u00f0, a\u00f0 \u00fea\u00f0 er \u00e9g, Drottinn, sem kalla \u00feig me\u00f0 nafni \u00fe\u00ednu, \u00e9g \u00cdsraels Gu\u00f0.<a name=\"4\"><span class=\"versanumer\">4<\/span><\/a>Vegna \u00fej\u00f3ns m\u00edns Jakobs og vegna \u00cdsraels, m\u00edns \u00fatvalda, kalla\u00f0i \u00e9g \u00feig me\u00f0 nafni \u00fe\u00ednu, nefndi \u00feig s\u00e6mdarnafni, \u00fe\u00f3 a\u00f0 \u00fe\u00fa \u00feekktir mig ekki.<a name=\"5\"><span class=\"versanumer\">5<\/span><\/a>\u00c9g er Drottinn og enginn annar. Enginn Gu\u00f0 er til nema \u00e9g. \u00c9g hertygja\u00f0i \u00feig, \u00fe\u00f3 a\u00f0 \u00fe\u00fa \u00feekktir mig ekki,<a name=\"6\"><span class=\"versanumer\">6<\/span><\/a>svo a\u00f0 menn skyldu kannast vi\u00f0 \u00fea\u00f0 b\u00e6\u00f0i \u00ed austri og vestri, a\u00f0 enginn er til nema \u00e9g. \u00c9g er Drottinn og enginn annar.<a name=\"7\"><span class=\"versanumer\">7<\/span><\/a>\u00c9g tilb\u00fd lj\u00f3si\u00f0 og framlei\u00f0i myrkri\u00f0, \u00e9g veiti heill og veld \u00f3hamingju. \u00c9g er Drottinn, sem gj\u00f6ri allt \u00feetta.<a name=\"8\"><span class=\"versanumer\">8<\/span><\/a>Drj\u00fapi\u00f0, \u00fe\u00e9r himnar, a\u00f0 ofan, og l\u00e1ti sk\u00fdin r\u00e9ttl\u00e6ti ni\u00f0ur streyma. J\u00f6r\u00f0in opnist og l\u00e1ti hj\u00e1lpr\u00e6\u00f0i fram spretta og r\u00e9ttl\u00e6ti bl\u00f3mgast jafnframt. \u00c9g, Drottinn, kem \u00fev\u00ed til vegar.<a name=\"9\"><span class=\"versanumer\">9<\/span><\/a>Vei \u00feeim, sem \u00fer\u00e1ttar vi\u00f0 skapara sinn, sj\u00e1lfur leirbrot innan um \u00f6nnur leirbrot jar\u00f0ar! Hvort m\u00e1 leirinn segja vi\u00f0 leirmyndarann: Hva\u00f0 getur \u00fe\u00fa? e\u00f0a handaverk hans: Hann hefir engar hendur.<a name=\"10\"><span class=\"versanumer\">10<\/span><\/a>Vei \u00feeim, sem segir vi\u00f0 f\u00f6\u00f0ur sinn: Hva\u00f0 munt \u00fe\u00fa f\u00e1 geti\u00f0! e\u00f0a vi\u00f0 konuna: Hva\u00f0 \u00e6tli \u00fe\u00fa getir f\u00e6tt!<a name=\"11\"><span class=\"versanumer\">11<\/span><\/a>Svo segir Drottinn, Hinn heilagi \u00ed \u00cdsrael og s\u00e1 er hann hefir mynda\u00f0: Spyrji\u00f0 mig um hi\u00f0 \u00f3komna og feli\u00f0 m\u00e9r a\u00f0 annast sonu m\u00edna og verk handa minna!<a name=\"12\"><span class=\"versanumer\">12<\/span><\/a>\u00c9g hefi til b\u00fai\u00f0 j\u00f6r\u00f0ina og skapa\u00f0 mennina \u00e1 henni. M\u00ednar hendur hafa \u00feani\u00f0 \u00fat himininn og \u00e9g hefi kalla\u00f0 fram allan hans her.<a name=\"13\"><span class=\"versanumer\">13<\/span><\/a>\u00c9g hefi vaki\u00f0 hann upp \u00ed r\u00e9ttl\u00e6ti og \u00e9g mun grei\u00f0a alla hans vegu. Hann skal byggja upp borg m\u00edna og gefa \u00fatl\u00f6gum m\u00ednum heimfararleyfi, og \u00fea\u00f0 \u00e1n endurgjalds og \u00e1n f\u00e9gjafa, segir Drottinn allsherjar.<a name=\"14\"><span class=\"versanumer\">14<\/span><\/a>Svo segir Drottinn: Au\u00f0ur Egyptalands og verslunargr\u00f3\u00f0i Bl\u00e1lands og Sebainga, hinna h\u00e1v\u00f6xnu manna, skal ganga til \u00fe\u00edn og ver\u00f0a \u00fe\u00edn eign. \u00deeir skulu fylgja \u00fe\u00e9r, \u00ed fj\u00f6trum skulu \u00feeir koma, og \u00feeir skulu falla fram fyrir \u00fe\u00e9r og gr\u00e1tb\u00e6na \u00feig og segja: Gu\u00f0 er hj\u00e1 \u00fe\u00e9r einum, enginn annar er til, enginn annar gu\u00f0.<a name=\"15\"><span class=\"versanumer\">15<\/span><\/a>Sannlega ert \u00fe\u00fa Gu\u00f0, sem hylur \u00feig, \u00cdsraels Gu\u00f0, frelsari.<a name=\"16\"><span class=\"versanumer\">16<\/span><\/a>Skur\u00f0go\u00f0asmi\u00f0irnir ver\u00f0a s\u00e9r til skammar, j\u00e1, til h\u00e1\u00f0ungar allir saman, \u00feeir ganga allir sneyptir.<a name=\"17\"><span class=\"versanumer\">17<\/span><\/a>En \u00cdsrael frelsast fyrir Drottin eil\u00edfri frelsun. \u00de\u00e9r skulu\u00f0 eigi ver\u00f0a til skammar n\u00e9 h\u00e1\u00f0ungar a\u00f0 eil\u00edfu.<a name=\"18\"><span class=\"versanumer\">18<\/span><\/a>J\u00e1, svo segir Drottinn, s\u00e1 er himininn hefir skapa\u00f0 hann einn er Gu\u00f0, s\u00e1 er j\u00f6r\u00f0ina hefir mynda\u00f0 og hana til b\u00fai\u00f0, hann, sem hefir grundvalla\u00f0 hana og hefir eigi skapa\u00f0 hana til \u00feess, a\u00f0 h\u00fan v\u00e6ri au\u00f0n, heldur mynda\u00f0 hana svo, a\u00f0 h\u00fan v\u00e6ri byggileg: \u00c9g er Drottinn, og enginn annar.<a name=\"19\"><span class=\"versanumer\">19<\/span><\/a>\u00c9g hefi ekki tala\u00f0 \u00ed leynum, einhvers sta\u00f0ar \u00ed landi myrkranna. \u00c9g hefi eigi sagt vi\u00f0 Jakobsni\u00f0ja: Leiti\u00f0 m\u00edn \u00fat \u00ed bl\u00e1inn! \u00c9g, Drottinn, tala \u00fea\u00f0 sem r\u00e9tt er og kunngj\u00f6ri sannm\u00e6li.<a name=\"20\"><span class=\"versanumer\">20<\/span><\/a>Safnist saman og komi\u00f0, n\u00e1l\u00e6gi\u00f0 y\u00f0ur, allir \u00fe\u00e9r af \u00fej\u00f3\u00f0unum, sem undan hafi\u00f0 komist: Skynlausir eru \u00feeir, sem bur\u00f0ast me\u00f0 tr\u00e9l\u00edkneski sitt og bi\u00f0ja til gu\u00f0s, er eigi getur hj\u00e1lpa\u00f0.<a name=\"21\"><span class=\"versanumer\">21<\/span><\/a>Gj\u00f6ri\u00f0 kunnugt og segi\u00f0 til! J\u00e1, r\u00e1\u00f0f\u00e6ri \u00feeir sig hver vi\u00f0 annan! Hver hefir bo\u00f0a\u00f0 \u00feetta fr\u00e1 \u00f6ndver\u00f0u og kunngj\u00f6rt \u00fea\u00f0 fyrir l\u00f6ngu? Hefi \u00e9g, Drottinn, ekki gj\u00f6rt \u00fea\u00f0? Enginn Gu\u00f0 er til nema \u00e9g. Fyrir utan mig er enginn sannur Gu\u00f0 og hj\u00e1lpari til.<a name=\"22\"><span class=\"versanumer\">22<\/span><\/a>Sn\u00fai\u00f0 y\u00f0ur til m\u00edn og l\u00e1ti\u00f0 frelsast, \u00fe\u00e9r gj\u00f6rv\u00f6ll endim\u00f6rk jar\u00f0arinnar, \u00fev\u00ed a\u00f0 \u00e9g er Gu\u00f0 og enginn annar.<a name=\"23\"><span class=\"versanumer\">23<\/span><\/a>\u00c9g hefi svari\u00f0 vi\u00f0 sj\u00e1lfan mig, af munni m\u00ednum er sannleikur \u00fat genginn, or\u00f0, er eigi mun breg\u00f0ast: Fyrir m\u00e9r skal s\u00e9rhvert kn\u00e9 beygja sig, s\u00e9rhver tunga sverja m\u00e9r tr\u00fana\u00f0.<a name=\"24\"><span class=\"versanumer\">24<\/span><\/a>Hj\u00e1 Drottni einum, mun um mig sagt ver\u00f0a, er r\u00e9ttl\u00e6ti og vald. Allir fjendur hans skulu til hans koma og blyg\u00f0ast s\u00edn.<a name=\"25\"><span class=\"versanumer\">25<\/span><\/a>Allir \u00cdsraelsni\u00f0jar skulu r\u00e9ttl\u00e6tast fyrir Drottin og miklast af honum.<\/p>\n<div class=\"footnote1981\"><b>45.1<\/b> Hinn smur\u00f0i Slm 2.2+ 1) konungurinn 2Sam 5.3; 2) presturinn 2M\u00f3s 29.7; 3) sp\u00e1ma\u00f0urinn Jes 61.1; 1Kon 19.16 \u2013 K\u00fdrus Jes 40.13+<br \/>\n<b>45.2<\/b> Ganga \u00e1 undan Jes 52.12; sbr Jes 49.10; 2M\u00f3s 13.21 \u2013 jafna fj\u00f6llin Jes 40.3-4<br \/>\n<b>45.4<\/b> \u00dej\u00f3ns m\u00edns, m\u00edns \u00fatvalda Jes 41.8+ ; sbr Jes 42.1 \u2013 me\u00f0 nafni Jes 41.25<br \/>\n<b>45.6<\/b> Skilji sbr Jes 49.23+ &#8211; nema \u00e9g Jes 44.6<br \/>\n<b>45.7<\/b> Heill &#8230; b\u00f6l S\u00edr 11.14; sbr Jes 41.23<br \/>\n<b>45.8<\/b> R\u00e9ttl\u00e6ti Jes 46.13; 51.5,6,8; 56.1; 59.17; 62.1 \u2013 r\u00e9ttl\u00e6ti bl\u00f3mgast Jes 61.11; Slm 85.12<br \/>\n<b>45.9<\/b> Leirinn vi\u00f0 \u00feann sem m\u00f3tar hann Jes 29.16; Jer 18.6; R\u00f3m 9.20-21; sbr Jes 64.7<br \/>\n<b>45.11<\/b> Skapari Jes 43.1+ &#8211; Hinn heilagi \u00ed \u00cdsrael Jes 1.4+<br \/>\n<b>45.12<\/b> Drottinn skapar Jes 42.5+<br \/>\n<b>45.13<\/b> Gera brautir beinar sbr Jes 40.3-4; 45.2 \u2013 \u00e1n lausnargjalds Jes 52.3; 55.1 \u2013 Drottinn allsherjar Jes 44.6+<br \/>\n<b>45.14<\/b> Egyptaland, K\u00fass, Seba Jes 43.3 \u2013 hj\u00e1 einum 2Kon 5.15 \u2013 enginn annar Gu\u00f0 Jes 44.6+<br \/>\n<b>45.15<\/b> Frelsari Jes 43.3+<br \/>\n<b>45.18<\/b> Skapari himins og jar\u00f0ar Jes 44.24+ &#8211; enginn annar Jes 44.6+<br \/>\n<b>45.19<\/b> \u00cd leynum Jes 48.16; J\u00f3h 18.20; Post 26.26; sbr Jes 45.15 \u2013 sk\u00fdri fr\u00e1 Jes 41.22+<br \/>\n<b>45.20<\/b> Skur\u00f0go\u00f0 Jes 44.17 \u2013 getur ekki hj\u00e1lpa\u00f0 Jes 46.7; 47.15<br \/>\n<b>45.21<\/b> Gj\u00f6ri\u00f0 kunnugt Jes 41.22+ &#8211; fr\u00e1 \u00f6ndver\u00f0u sbr Jes 46.10 \u2013 fyrir l\u00f6ngu Jes 44.8+ &#8211; enginn Gu\u00f0 nema \u00e9g Jes 45.6; 43.11; 44.6 \u2013 frelsari Jes 43.3+<br \/>\n<b>45.22<\/b> Endim\u00f6rk jar\u00f0ar Jes 49.6; 52.10; Slm 98.3<br \/>\n<b>45.23<\/b> Svari\u00f0 Jes 49.18; 1M\u00f3s 22.16; 5M\u00f3s 32.40 \u2013 ekki sn\u00fdr aftur Jes 55.11; 62.8 \u2013 kn\u00e9, tunga R\u00f3m 14.11; Fil 2.10-11 \u2013 sverja Jes 19.18; 2Kro 15.14<\/div>\n","protected":false},"excerpt":{"rendered":"<p>1Svo segir Drottinn vi\u00f0 sinn smur\u00f0a, vi\u00f0 K\u00fdrus, sem \u00e9g held \u00ed h\u00e6gri h\u00f6ndina \u00e1, til \u00feess a\u00f0 leggja a\u00f0 velli \u00fej\u00f3\u00f0ir fyrir augliti hans og spretta belti af lendum konunganna, til \u00feess a\u00f0 opna fyrir honum dyrnar og til \u00feess a\u00f0 borgarhli\u00f0in ver\u00f0i eigi loku\u00f0:2\u00c9g mun ganga \u00e1 undan \u00fe\u00e9r og jafna h\u00f3lana, \u00e9g mun brj\u00f3ta eirhli\u00f0in og m\u00f6lva j\u00e1rnsl\u00e1rnar.3\u00c9g mun gefa \u00fe\u00e9r hina huldu fj\u00e1rsj\u00f3\u00f0u og hina f\u00f3lgnu d\u00fdrgripi, svo a\u00f0 \u00fe\u00fa kannist vi\u00f0, a\u00f0 \u00fea\u00f0 er \u00e9g, Drottinn, sem kalla \u00feig me\u00f0 nafni \u00fe\u00ednu, \u00e9g \u00cdsraels Gu\u00f0.4Vegna \u00fej\u00f3ns m\u00edns Jakobs og vegna \u00cdsraels, m\u00edns \u00fatvalda, kalla\u00f0i \u00e9g <a href=\"https:\/\/biblian.is\/1981\/jesaja-45-kafli\/\"> [&#8230;]<\/a><\/p>\n","protected":false},"author":1,"featured_media":0,"parent":0,"menu_order":0,"comment_status":"open","ping_status":"open","template":"bibliukaflar.php","meta":{"footnotes":""},"class_list":["post-2071","page","type-page","status-publish","hentry"],"_links":{"self":[{"href":"https:\/\/biblian.is\/1981\/wp-json\/wp\/v2\/pages\/2071","targetHints":{"allow":["GET"]}}],"collection":[{"href":"https:\/\/biblian.is\/1981\/wp-json\/wp\/v2\/pages"}],"about":[{"href":"https:\/\/biblian.is\/1981\/wp-json\/wp\/v2\/types\/page"}],"author":[{"embeddable":true,"href":"https:\/\/biblian.is\/1981\/wp-json\/wp\/v2\/users\/1"}],"replies":[{"embeddable":true,"href":"https:\/\/biblian.is\/1981\/wp-json\/wp\/v2\/comments?post=2071"}],"version-history":[{"count":0,"href":"https:\/\/biblian.is\/1981\/wp-json\/wp\/v2\/pages\/2071\/revisions"}],"wp:attachment":[{"href":"https:\/\/biblian.is\/1981\/wp-json\/wp\/v2\/media?parent=2071"}],"curies":[{"name":"wp","href":"https:\/\/api.w.org\/{rel}","templated":true}]}}