{"id":2069,"date":"2017-11-18T20:20:02","date_gmt":"2017-11-18T20:20:02","guid":{"rendered":"http:\/\/biblian.is\/1981\/jesaja-43-kafli\/"},"modified":"2017-11-18T20:20:02","modified_gmt":"2017-11-18T20:20:02","slug":"jesaja-43-kafli","status":"publish","type":"page","link":"https:\/\/biblian.is\/1981\/jesaja-43-kafli\/","title":{"rendered":"Jesaja 43. kafli"},"content":{"rendered":"<p><a name=\"1\"><span class=\"versanumer\">1<\/span><\/a>En n\u00fa segir Drottinn svo, s\u00e1 er sk\u00f3p \u00feig, Jakobs\u00e6tt, og mynda\u00f0i \u00feig, \u00cdsrael: \u00d3ttast \u00fe\u00fa eigi, \u00fev\u00ed a\u00f0 \u00e9g frelsa \u00feig. \u00c9g kalla \u00e1 \u00feig me\u00f0 nafni, \u00fe\u00fa ert minn.<a name=\"2\"><span class=\"versanumer\">2<\/span><\/a>Gangir \u00fe\u00fa gegnum v\u00f6tnin, \u00fe\u00e1 er \u00e9g me\u00f0 \u00fe\u00e9r, gegnum vatnsf\u00f6llin, \u00fe\u00e1 skulu \u00feau ekki fl\u00e6\u00f0a yfir \u00feig. Gangir \u00fe\u00fa gegnum eld, skalt \u00fe\u00fa eigi brenna \u00feig, og loginn skal eigi granda \u00fe\u00e9r.<a name=\"3\"><span class=\"versanumer\">3<\/span><\/a>\u00dev\u00ed a\u00f0 \u00e9g, Drottinn, er Gu\u00f0 \u00feinn, Hinn heilagi \u00ed \u00cdsrael frelsari \u00feinn. \u00c9g gef Egyptaland \u00ed lausnargjald fyrir \u00feig, l\u00e6t Bl\u00e1land og Seba \u00ed sta\u00f0 \u00fe\u00edn.<a name=\"4\"><span class=\"versanumer\">4<\/span><\/a>S\u00f6kum \u00feess a\u00f0 \u00fe\u00fa ert d\u00fdrm\u00e6tur \u00ed m\u00ednum augum og mikils metinn, og af \u00fev\u00ed a\u00f0 \u00e9g elska \u00feig, \u00fe\u00e1 legg \u00e9g menn \u00ed s\u00f6lurnar fyrir \u00feig og \u00fej\u00f3\u00f0ir fyrir l\u00edf \u00feitt.<a name=\"5\"><span class=\"versanumer\">5<\/span><\/a>\u00d3ttast \u00fe\u00fa eigi, \u00fev\u00ed a\u00f0 \u00e9g er me\u00f0 \u00fe\u00e9r. \u00c9g kem me\u00f0 ni\u00f0ja \u00fe\u00edna \u00far austri og safna \u00fe\u00e9r saman \u00far vestri.<a name=\"6\"><span class=\"versanumer\">6<\/span><\/a>\u00c9g segi vi\u00f0 nor\u00f0ri\u00f0: L\u00e1t fram! og vi\u00f0 su\u00f0ri\u00f0: Haltu \u00feeim eigi! Flyt \u00fe\u00fa sonu m\u00edna \u00far fjarl\u00e6g\u00f0 og d\u00e6tur m\u00ednar fr\u00e1 endim\u00f6rkum jar\u00f0arinnar:<a name=\"7\"><span class=\"versanumer\">7<\/span><\/a>s\u00e9rhvern \u00feann, sem vi\u00f0 nafn mitt er kenndur og \u00e9g hefi skapa\u00f0 m\u00e9r til d\u00fdr\u00f0ar, s\u00e9rhvern \u00feann, er \u00e9g hefi mynda\u00f0 og gj\u00f6rt!<a name=\"8\"><span class=\"versanumer\">8<\/span><\/a>L\u00e1t n\u00fa koma fram l\u00fd\u00f0 \u00feann, sem blindur er, \u00fe\u00f3tt hann hafi augu, og \u00fe\u00e1 menn, sem daufir eru, \u00fe\u00f3tt \u00feeir hafi eyru.<a name=\"9\"><span class=\"versanumer\">9<\/span><\/a>L\u00e1t alla hei\u00f0ingjana safnast \u00ed einn h\u00f3p og \u00fej\u00f3\u00f0irnar koma saman. Hver af \u00feeim getur kunngj\u00f6rt sl\u00edkt og l\u00e1ti\u00f0 oss heyra \u00fea\u00f0, er \u00e1\u00f0ur er fram komi\u00f0? Lei\u00f0i \u00feeir fram votta s\u00edna og f\u00e6ri s\u00f6nnur \u00e1 m\u00e1l sitt, svo a\u00f0 menn segi, er \u00feeir heyra \u00fea\u00f0: \u00dea\u00f0 er satt!<a name=\"10\"><span class=\"versanumer\">10<\/span><\/a>En \u00fe\u00e9r eru\u00f0 m\u00ednir vottar, segir Drottinn, og minn \u00fej\u00f3nn, sem \u00e9g hefi \u00fatvali\u00f0, til \u00feess a\u00f0 \u00fe\u00e9r skyldu\u00f0 kannast vi\u00f0 og tr\u00faa m\u00e9r og skilja, a\u00f0 \u00fea\u00f0 er \u00e9g einn. \u00c1 undan m\u00e9r hefir enginn gu\u00f0 veri\u00f0 b\u00fainn til, og eftir mig mun enginn ver\u00f0a til.<a name=\"11\"><span class=\"versanumer\">11<\/span><\/a>\u00c9g, \u00e9g er Drottinn, og enginn frelsari er til nema \u00e9g.<a name=\"12\"><span class=\"versanumer\">12<\/span><\/a>\u00dea\u00f0 var \u00e9g, sem bo\u00f0a\u00f0i og hj\u00e1lpa\u00f0i og kunngj\u00f6r\u00f0i, en enginn annar y\u00f0ar \u00e1 me\u00f0al, og \u00fe\u00e9r eru\u00f0 vottar m\u00ednir segir Drottinn. \u00c9g er Gu\u00f0.<a name=\"13\"><span class=\"versanumer\">13<\/span><\/a>J\u00e1, enn \u00ed dag er \u00e9g hinn sami. Enginn getur frelsa\u00f0 af minni hendi. Hver vill gj\u00f6ra \u00fea\u00f0 \u00f3gj\u00f6rt, sem \u00e9g framkv\u00e6mi?<a name=\"14\"><span class=\"versanumer\">14<\/span><\/a>Svo segir Drottinn, frelsari y\u00f0ar, Hinn heilagi \u00ed \u00cdsrael: Y\u00f0ar vegna sendi \u00e9g til Bab\u00fdlon og br\u00fdt ni\u00f0ur slagbranda hennar. Og gle\u00f0il\u00e6ti Kaldeanna munu sn\u00faast \u00ed sorgars\u00f6ng.<a name=\"15\"><span class=\"versanumer\">15<\/span><\/a>\u00c9g, Drottinn, er y\u00f0ar Heilagi, skapari \u00cdsraels, konungur y\u00f0ar.<a name=\"16\"><span class=\"versanumer\">16<\/span><\/a>Svo segir Drottinn, hann sem lag\u00f0i veg yfir hafi\u00f0 og braut yfir hin str\u00f6ngu v\u00f6tn,<a name=\"17\"><span class=\"versanumer\">17<\/span><\/a>hann sem leiddi \u00fat vagna og hesta, herafla og fyrirli\u00f0a. \u00deeir liggja \u00fear hver me\u00f0 \u00f6\u00f0rum og f\u00e1 eigi risi\u00f0 \u00e1 f\u00e6tur, \u00feeir slokknu\u00f0u, kulnu\u00f0u \u00fat sem h\u00f6rkveikur:<a name=\"18\"><span class=\"versanumer\">18<\/span><\/a>Renni\u00f0 eigi huga til hins umli\u00f0na og gefi\u00f0 eigi g\u00e6tur a\u00f0 \u00fev\u00ed er \u00e1\u00f0ur var.<a name=\"19\"><span class=\"versanumer\">19<\/span><\/a>Sj\u00e1, n\u00fa hefi \u00e9g n\u00fdtt fyrir stafni, \u00fea\u00f0 tekur \u00feegar a\u00f0 votta fyrir \u00fev\u00ed sj\u00e1i\u00f0 \u00fe\u00e9r \u00fea\u00f0 ekki? \u00c9g gj\u00f6ri veg um ey\u00f0im\u00f6rkina og lei\u00f0i \u00e1r um \u00f6r\u00e6fin.<a name=\"20\"><span class=\"versanumer\">20<\/span><\/a>D\u00fdr merkurinnar, sjakalar og str\u00fatsfuglar skulu vegsama mig, \u00fev\u00ed a\u00f0 \u00e9g lei\u00f0i vatn um ey\u00f0im\u00f6rkina og \u00e1r um \u00f6r\u00e6fin til \u00feess a\u00f0 svala l\u00fd\u00f0 m\u00ednum, m\u00ednum \u00fatvalda.<a name=\"21\"><span class=\"versanumer\">21<\/span><\/a>S\u00e1 l\u00fd\u00f0ur, sem \u00e9g hefi skapa\u00f0 m\u00e9r til handa, skal v\u00ed\u00f0fr\u00e6gja lof mitt.<a name=\"22\"><span class=\"versanumer\">22<\/span><\/a>Eigi hefir \u00fe\u00fa \u00e1kalla\u00f0 mig, Jakobs\u00e6tt, n\u00e9 lagt \u00feig \u00ed l\u00edma fyrir mig, \u00cdsrael.<a name=\"23\"><span class=\"versanumer\">23<\/span><\/a>\u00de\u00fa hefir ekki f\u00e6rt m\u00e9r sau\u00f0kindur \u00fe\u00ednar \u00ed brennif\u00f3rnir og eigi tigna\u00f0 mig me\u00f0 sl\u00e1turf\u00f3rnum \u00fe\u00ednum. \u00c9g hefi eigi m\u00e6tt \u00feig me\u00f0 matf\u00f3rnum n\u00e9 \u00fereytt \u00feig me\u00f0 reykelsi.<a name=\"24\"><span class=\"versanumer\">24<\/span><\/a>\u00de\u00fa hefir ekki keypt ilmreyr fyrir silfur m\u00e9r til handa, og \u00fe\u00fa hefir ekki satt mig \u00e1 feiti sl\u00e1turf\u00f3rna \u00feinna, heldur hefir \u00fe\u00fa m\u00e6tt mig me\u00f0 syndum \u00fe\u00ednum og \u00fereytt mig me\u00f0 misgj\u00f6r\u00f0um \u00fe\u00ednum.<a name=\"25\"><span class=\"versanumer\">25<\/span><\/a>\u00c9g, \u00e9g einn afm\u00e1i afbrot \u00fe\u00edn sj\u00e1lfs m\u00edn vegna og minnist ekki synda \u00feinna.<a name=\"26\"><span class=\"versanumer\">26<\/span><\/a>Minn mig \u00e1, vi\u00f0 skulum eigast l\u00f6g vi\u00f0. Tel \u00fe\u00fa upp, svo a\u00f0 \u00fe\u00fa f\u00e1ir r\u00e9ttl\u00e6tt \u00feig.<a name=\"27\"><span class=\"versanumer\">27<\/span><\/a>Hinn fyrsti forfa\u00f0ir \u00feinn syndga\u00f0i og talsmenn \u00fe\u00ednir brutu \u00e1 m\u00f3ti m\u00e9r.<a name=\"28\"><span class=\"versanumer\">28<\/span><\/a>\u00deess vegna vanhelga\u00f0i \u00e9g hina heil\u00f6gu h\u00f6f\u00f0ingja og ofurseldi Jakobs\u00e6tt bannf\u00e6ringunni og \u00cdsrael h\u00e1\u00f0unginni.<\/p>\n<div class=\"footnote1981\"><b>43.1<\/b> Gu\u00f0 skapar \u00cdsrael Jes 43.7,15,21; 44.2,21,24; 45.11; 51.13; 54.5; 5M\u00f3s 32.15 \u2013 \u00f3ttastu ekki Jes 41.13+ &#8211; \u00e9g hef leyst \u00feig Jes 41.14+ &#8211; \u00e9g kalla\u00f0i \u00feig Jes 42.6<br \/>\n<b>43.2<\/b> Gegnum eld og vatn Slm 66.12; sbr 2M\u00f3s 14.21-22; Jes 48.10; 1Kor 3.15<br \/>\n<b>43.3<\/b> Hinn heilagi Jes 1.4+ &#8211; frelsari Jes 12.2; 17.10; 43.11; 45.15,21; 49.26; 60.16; 62.11; 63.8; 2M\u00f3s 15.2; Jer 3.23; 14.8; Sak 9.16; Slm 25.5; 51.16; 65.6; 79.9; 85.5; 106.21; 118.14; 1T\u00edm 1.1+<br \/>\n<b>43.5<\/b> Me\u00f0 \u00fe\u00e9r Jes 41.10+ ; Jer 46.28 \u2013 \u00far austri og vestri Jes 49.12; Slm 107.3; sbr J\u00f3h 11.52<br \/>\n<b>43.7<\/b> Vi\u00f0 nafn mitt J\u00f3h 17.6<br \/>\n<b>43.8<\/b> Blindu, heyrnarlausu Jes 42.18; sbr Jes 6.9-10<br \/>\n<b>43.9<\/b> Fyrir r\u00e9tti Jes 41.1+<br \/>\n<b>43.10<\/b> \u00dej\u00f3nn minn Jes 44.1,21 \u2013 viti\u00f0 sbr Jes 49.23+ &#8211; \u00e9g er J\u00f3h 8.28 \u2013 undan m\u00e9r &#8230; eftir mig Jes 41.4<br \/>\n<b>43.11<\/b> \u00c9g er Jes 43.25; 48.15; 51.12; 54.16; 5M\u00f3s 32.39; H\u00f3s 12.10 \u2013 enginn frelsari Post 4.12; sbr Jes 44.6+<br \/>\n<b>43.12<\/b> Bo\u00f0a\u00f0i Jes 41.26+ &#8211; vitni m\u00edn Jes 44.8; Post 1.8 \u2013 enginn annar 5M\u00f3s 32.16; Jer 2.25; Slm 44.21; &#8211; \u00e9g er Gu\u00f0 Jes 41.14+<br \/>\n<b>43.13<\/b> \u00dar hendi minni 5M\u00f3s 32.39; Job 10.7; SSal 16.15 \u2013 gert \u00f3gert Job 11.10; 23.13<br \/>\n<b>43.14<\/b> Lausnari y\u00f0ar Jes 41.14+ &#8211; Hinn heilagi \u00ed \u00cdsrael Jes 1.4+<br \/>\n<b>43.15<\/b> Skapari \u00cdsraels Jes 43.1+ &#8211; konungur y\u00f0ar Jes 41.21+<br \/>\n<b>43.16<\/b> Veg yfir hafi\u00f0 Jes 51.10; 2M\u00f3s 14.21-22<br \/>\n<b>43.17<\/b> Kulnu\u00f0u \u00fat 2M\u00f3s 14.23-30; 15.3-5,9-10 \u2013 eins og h\u00f6rkveikur Jes 42.3<br \/>\n<b>43.18<\/b> Hins li\u00f0na Jes 46.9 \u2013 meira en \u00fatf\u00f6rin af Egyptalandi Jer 23.7-8<br \/>\n<b>43.19<\/b> N\u00fdtt 2Kor 5.17; Opb 21.5; sbr Jes 42.9+ &#8211; vegur Jes 40.3; 42.16; 49.11<br \/>\n<b>43.20<\/b> Vatn \u00ed ey\u00f0im\u00f6rkinni Jes 41.18+ ; 42.16; 2M\u00f3s 17.1-7<br \/>\n<b>43.21<\/b> \u00dej\u00f3\u00f0in 1P\u00e9t 2.9<br \/>\n<b>43.22<\/b> Drottinn \u00e1k\u00e6rir Jes 42.18-25; 50.1-3<br \/>\n<b>43.23<\/b> Gagnslaus gu\u00f0s\u00fej\u00f3nusta? Mal 3.14<br \/>\n<b>43.25<\/b> \u00c9g Jes 41.4+ &#8211; \u00e1fm\u00e1i afbrot Jes 44.22; sbr Jes 48.9-11<br \/>\n<b>43.26<\/b> Drottinn stefnir Jes 3.13+<br \/>\n<b>43.27<\/b> Syndga\u00f0i, brutu gegn Jes 48.8 &#8211; bann, h\u00e1\u00f0ung Jer 25.9<\/div>\n","protected":false},"excerpt":{"rendered":"<p>1En n\u00fa segir Drottinn svo, s\u00e1 er sk\u00f3p \u00feig, Jakobs\u00e6tt, og mynda\u00f0i \u00feig, \u00cdsrael: \u00d3ttast \u00fe\u00fa eigi, \u00fev\u00ed a\u00f0 \u00e9g frelsa \u00feig. \u00c9g kalla \u00e1 \u00feig me\u00f0 nafni, \u00fe\u00fa ert minn.2Gangir \u00fe\u00fa gegnum v\u00f6tnin, \u00fe\u00e1 er \u00e9g me\u00f0 \u00fe\u00e9r, gegnum vatnsf\u00f6llin, \u00fe\u00e1 skulu \u00feau ekki fl\u00e6\u00f0a yfir \u00feig. Gangir \u00fe\u00fa gegnum eld, skalt \u00fe\u00fa eigi brenna \u00feig, og loginn skal eigi granda \u00fe\u00e9r.3\u00dev\u00ed a\u00f0 \u00e9g, Drottinn, er Gu\u00f0 \u00feinn, Hinn heilagi \u00ed \u00cdsrael frelsari \u00feinn. \u00c9g gef Egyptaland \u00ed lausnargjald fyrir \u00feig, l\u00e6t Bl\u00e1land og Seba \u00ed sta\u00f0 \u00fe\u00edn.4S\u00f6kum \u00feess a\u00f0 \u00fe\u00fa ert d\u00fdrm\u00e6tur \u00ed m\u00ednum augum og mikils metinn, <a href=\"https:\/\/biblian.is\/1981\/jesaja-43-kafli\/\"> [&#8230;]<\/a><\/p>\n","protected":false},"author":1,"featured_media":0,"parent":0,"menu_order":0,"comment_status":"open","ping_status":"open","template":"bibliukaflar.php","meta":{"footnotes":""},"class_list":["post-2069","page","type-page","status-publish","hentry"],"_links":{"self":[{"href":"https:\/\/biblian.is\/1981\/wp-json\/wp\/v2\/pages\/2069","targetHints":{"allow":["GET"]}}],"collection":[{"href":"https:\/\/biblian.is\/1981\/wp-json\/wp\/v2\/pages"}],"about":[{"href":"https:\/\/biblian.is\/1981\/wp-json\/wp\/v2\/types\/page"}],"author":[{"embeddable":true,"href":"https:\/\/biblian.is\/1981\/wp-json\/wp\/v2\/users\/1"}],"replies":[{"embeddable":true,"href":"https:\/\/biblian.is\/1981\/wp-json\/wp\/v2\/comments?post=2069"}],"version-history":[{"count":0,"href":"https:\/\/biblian.is\/1981\/wp-json\/wp\/v2\/pages\/2069\/revisions"}],"wp:attachment":[{"href":"https:\/\/biblian.is\/1981\/wp-json\/wp\/v2\/media?parent=2069"}],"curies":[{"name":"wp","href":"https:\/\/api.w.org\/{rel}","templated":true}]}}