{"id":2067,"date":"2017-11-18T20:19:56","date_gmt":"2017-11-18T20:19:56","guid":{"rendered":"http:\/\/biblian.is\/1981\/jesaja-41-kafli\/"},"modified":"2017-11-18T20:19:56","modified_gmt":"2017-11-18T20:19:56","slug":"jesaja-41-kafli","status":"publish","type":"page","link":"https:\/\/biblian.is\/1981\/jesaja-41-kafli\/","title":{"rendered":"Jesaja 41. kafli"},"content":{"rendered":"<p><a name=\"1\"><span class=\"versanumer\">1<\/span><\/a>Veri\u00f0 hlj\u00f3\u00f0 og hlusti\u00f0 \u00e1 mig, \u00fe\u00e9r eyl\u00f6nd. Safni \u00fej\u00f3\u00f0irnar n\u00fdjum kr\u00f6ftum, gangi svo n\u00e6r og tali m\u00e1li s\u00ednu. V\u00e9r skulum eigast l\u00f6g vi\u00f0.<a name=\"2\"><span class=\"versanumer\">2<\/span><\/a>Hver hefir vaki\u00f0 upp manninn \u00ed austrinu, sem r\u00e9ttl\u00e6ti\u00f0 kve\u00f0ur til fylgdar? Hver leggur \u00fej\u00f3\u00f0ir undir vald hans og l\u00e6tur hann drottna yfir konungum? Hver gj\u00f6rir sver\u00f0 \u00feeirra a\u00f0 moldarryki og boga \u00feeirra sem fj\u00fakandi h\u00e1lmleggi,<a name=\"3\"><span class=\"versanumer\">3<\/span><\/a>svo a\u00f0 hann veitir \u00feeim eftirf\u00f6r og fer \u00f3saka\u00f0ur \u00feann veg, er hann aldrei hefir stigi\u00f0 \u00e1 f\u00e6ti s\u00ednum?<a name=\"4\"><span class=\"versanumer\">4<\/span><\/a>Hver hefir gj\u00f6rt \u00fea\u00f0 og framkv\u00e6mt? Hann sem kalla\u00f0i fram kyn\u00fe\u00e1ttu mannanna \u00ed \u00f6ndver\u00f0u, \u00e9g, Drottinn, sem er hinn fyrsti, og me\u00f0 hinum s\u00ed\u00f0ustu enn hinn sami.<a name=\"5\"><span class=\"versanumer\">5<\/span><\/a>Eyl\u00f6ndin s\u00e1u \u00fea\u00f0 og ur\u00f0u hr\u00e6dd, endim\u00f6rk jar\u00f0arinnar skulfu. \u00deeir \u00feyrptust saman og komu.<a name=\"6\"><span class=\"versanumer\">6<\/span><\/a>Hver hj\u00e1lpar \u00f6\u00f0rum og segir vi\u00f0 f\u00e9laga sinn: Vertu hughraustur!<a name=\"7\"><span class=\"versanumer\">7<\/span><\/a>Tr\u00e9smi\u00f0urinn hughreystir gullsmi\u00f0inn, koparsmi\u00f0urinn j\u00e1rnsmi\u00f0inn og segir: Kveikingin er g\u00f3\u00f0! S\u00ed\u00f0an festir hann go\u00f0al\u00edkneski\u00f0 me\u00f0 n\u00f6glum, til \u00feess a\u00f0 \u00fea\u00f0 haggist ekki.<a name=\"8\"><span class=\"versanumer\">8<\/span><\/a>En \u00fe\u00fa \u00cdsrael, \u00fej\u00f3nn minn, Jakob, sem \u00e9g hefi \u00fatvali\u00f0, \u00fe\u00fa afsprengi Abrahams \u00e1stvinar m\u00edns.<a name=\"9\"><span class=\"versanumer\">9<\/span><\/a>\u00de\u00fa, sem \u00e9g \u00fereif fr\u00e1 endim\u00f6rkum jar\u00f0arinnar og kalla\u00f0i \u00feig fr\u00e1 ystu lands\u00e1lfum hennar og sag\u00f0i vi\u00f0 \u00feig: \u00de\u00fa ert \u00fej\u00f3nn minn, \u00e9g hefi \u00fatvali\u00f0 \u00feig og eigi hafna\u00f0 \u00fe\u00e9r!<a name=\"10\"><span class=\"versanumer\">10<\/span><\/a>\u00d3ttast \u00fe\u00fa eigi, \u00fev\u00ed a\u00f0 \u00e9g er me\u00f0 \u00fe\u00e9r. L\u00e1t eigi hugfallast, \u00fev\u00ed a\u00f0 \u00e9g er \u00feinn Gu\u00f0. \u00c9g styrki \u00feig, \u00e9g hj\u00e1lpa \u00fe\u00e9r, \u00e9g sty\u00f0 \u00feig me\u00f0 h\u00e6gri hendi r\u00e9ttl\u00e6tis m\u00edns.<a name=\"11\"><span class=\"versanumer\">11<\/span><\/a>Sj\u00e1, allir fjandmenn \u00fe\u00ednir skulu ver\u00f0a til skammar og h\u00e1\u00f0ungar. S\u00f6kud\u00f3lgar \u00fe\u00ednir skulu ver\u00f0a a\u00f0 engu og tort\u00edmast.<a name=\"12\"><span class=\"versanumer\">12<\/span><\/a>\u00de\u00f3 a\u00f0 \u00fe\u00fa leitir a\u00f0 \u00fer\u00e6tud\u00f3lgum \u00fe\u00ednum, skalt \u00fe\u00fa ekki finna \u00fe\u00e1. \u00deeir sem \u00e1 \u00feig herja, skulu hverfa og a\u00f0 engu ver\u00f0a.<a name=\"13\"><span class=\"versanumer\">13<\/span><\/a>\u00dev\u00ed a\u00f0 \u00e9g, Drottinn, Gu\u00f0 \u00feinn, held \u00ed h\u00e6gri h\u00f6nd \u00fe\u00edna og segi vi\u00f0 \u00feig: \u00d3ttast \u00fe\u00fa eigi, \u00e9g hj\u00e1lpa \u00fe\u00e9r!<a name=\"14\"><span class=\"versanumer\">14<\/span><\/a>\u00d3ttast \u00fe\u00fa eigi, ma\u00f0kurinn \u00feinn Jakob, \u00fe\u00fa f\u00e1menni h\u00f3pur \u00cdsrael! \u00c9g hj\u00e1lpa \u00fe\u00e9r, segir Drottinn, og frelsari \u00feinn er Hinn heilagi \u00ed \u00cdsrael.<a name=\"15\"><span class=\"versanumer\">15<\/span><\/a>Sj\u00e1, \u00e9g gj\u00f6ri \u00feig a\u00f0 n\u00fdhvesstum \u00fereskisle\u00f0a, sem alsettur er g\u00f6ddum. \u00de\u00fa skalt \u00fereskja sundur fj\u00f6llin og mylja \u00feau \u00ed sm\u00e1tt og gj\u00f6ra h\u00e1lsana sem s\u00e1\u00f0ir.<a name=\"16\"><span class=\"versanumer\">16<\/span><\/a>\u00de\u00fa skalt s\u00e1ldra \u00feeim, og vindurinn mun feykja \u00feeim og stormbylurinn tv\u00edstra \u00feeim. En sj\u00e1lfur skalt \u00fe\u00fa fagna yfir Drottni og miklast af Hinum heilaga \u00ed \u00cdsrael.<a name=\"17\"><span class=\"versanumer\">17<\/span><\/a>Hinir f\u00e1t\u00e6ku og volu\u00f0u leita vatns, en finna ekki, tunga \u00feeirra ver\u00f0ur \u00feurr af \u00feorsta. \u00c9g, Drottinn, mun b\u00e6nheyra \u00fe\u00e1, \u00e9g, \u00cdsraels Gu\u00f0, mun ekki yfirgefa \u00fe\u00e1.<a name=\"18\"><span class=\"versanumer\">18<\/span><\/a>\u00c9g l\u00e6t \u00e1r spretta upp \u00e1 gr\u00f3\u00f0urlausum h\u00e6\u00f0um og vatnslindir \u00ed d\u00f6lunum mi\u00f0jum. \u00c9g gj\u00f6ri ey\u00f0im\u00f6rkina a\u00f0 vatnstj\u00f6rnum og \u00feurrlendi\u00f0 a\u00f0 uppsprettum.<a name=\"19\"><span class=\"versanumer\">19<\/span><\/a>\u00c9g l\u00e6t sedrustr\u00e9, akas\u00edutr\u00e9, myrtustr\u00e9 og ol\u00edutr\u00e9 vaxa \u00ed ey\u00f0im\u00f6rkinni, og k\u00fdpresvi\u00f0ur, \u00e1lmvi\u00f0ur og sortulyngsvi\u00f0ur spretta hver me\u00f0 \u00f6\u00f0rum \u00e1 sl\u00e9ttunum,<a name=\"20\"><span class=\"versanumer\">20<\/span><\/a>svo a\u00f0 \u00feeir allir sj\u00e1i og viti, skynji og skilji, a\u00f0 h\u00f6nd Drottins hefir gj\u00f6rt \u00feetta og Hinn heilagi \u00ed \u00cdsrael hefir \u00fev\u00ed til vegar komi\u00f0.<a name=\"21\"><span class=\"versanumer\">21<\/span><\/a>Beri\u00f0 n\u00fa fram m\u00e1lefni y\u00f0ar, segir Drottinn. F\u00e6ri\u00f0 fram varnir y\u00f0ar, segir konungur Jakobs\u00e6ttar.<a name=\"22\"><span class=\"versanumer\">22<\/span><\/a>L\u00e1tum \u00fe\u00e1 koma me\u00f0 m\u00e1lefni s\u00edn og kunngj\u00f6ra oss, hva\u00f0 ver\u00f0a muni. Gj\u00f6ri\u00f0 kunnugt \u00fea\u00f0 sem \u00e1\u00f0ur var, svo a\u00f0 v\u00e9r getum hugleitt \u00fea\u00f0! L\u00e1ti\u00f0 oss heyra, hva\u00f0 koma \u00e1, svo a\u00f0 v\u00e9r vitum, hva\u00f0 \u00ed v\u00e6ndum er!<a name=\"23\"><span class=\"versanumer\">23<\/span><\/a>Gj\u00f6ri\u00f0 kunnugt, hva\u00f0 h\u00e9r eftir muni fram koma, svo a\u00f0 v\u00e9r megum sj\u00e1, a\u00f0 \u00fe\u00e9r eru\u00f0 gu\u00f0ir! Gj\u00f6ri\u00f0 anna\u00f0hvort af y\u00f0ur gott e\u00f0a illt, svo a\u00f0 vi\u00f0 f\u00e1um reynt me\u00f0 okkur og sj\u00f3n ver\u00f0i s\u00f6gu r\u00edkari.<a name=\"24\"><span class=\"versanumer\">24<\/span><\/a>Sj\u00e1, \u00fe\u00e9r eru\u00f0 ekkert og verk y\u00f0ar ekki neitt! Andstyggilegur er s\u00e1, sem y\u00f0ur k\u00fds!<a name=\"25\"><span class=\"versanumer\">25<\/span><\/a>\u00c9g vakti upp mann \u00ed nor\u00f0ri, og hann kom. Fr\u00e1 uppr\u00e1s s\u00f3lar kalla\u00f0i \u00e9g \u00feann, er \u00e1kallar nafn mitt. Hann gengur yfir landstj\u00f3ra sem leir, eins og leirkerasmi\u00f0ur tre\u00f0ur deigulm\u00f3.<a name=\"26\"><span class=\"versanumer\">26<\/span><\/a>Hver hefir kunngj\u00f6rt \u00fea\u00f0 fr\u00e1 \u00f6ndver\u00f0u, svo a\u00f0 v\u00e9r vissum \u00fea\u00f0, e\u00f0a fyrirfram, svo a\u00f0 v\u00e9r g\u00e6tum sagt: Hann hefir r\u00e9tt fyrir s\u00e9r? Nei, enginn hefir kunngj\u00f6rt \u00fea\u00f0, enginn l\u00e1ti\u00f0 til s\u00edn heyra, enginn hefir heyrt y\u00f0ur segja neitt.<a name=\"27\"><span class=\"versanumer\">27<\/span><\/a>\u00c9g var hinn fyrsti, sem sag\u00f0i vi\u00f0 S\u00edon: Sj\u00e1, \u00fear kemur \u00fea\u00f0 fram! og hinn fyrsti, er sendi Jer\u00fasalem fagna\u00f0arbo\u00f0a.<a name=\"28\"><span class=\"versanumer\">28<\/span><\/a>\u00c9g litast um, en \u00fear er enginn, og \u00e1 me\u00f0al \u00feeirra er ekki neinn, er \u00farskur\u00f0 veiti, svo a\u00f0 \u00e9g geti spurt \u00fe\u00e1 og \u00feeir svara\u00f0 m\u00e9r.<a name=\"29\"><span class=\"versanumer\">29<\/span><\/a>Sj\u00e1, \u00feeir eru allir h\u00e9g\u00f3mi og verk \u00feeirra ekki neitt, l\u00edkneski \u00feeirra vindur og hj\u00f3m.<\/p>\n<div class=\"footnote1981\"><b>41.1<\/b> Eyl\u00f6nd Jes 40.15+ &#8211; Drottinn s\u00e6kir s\u00f6k Jes 3.13+ ; 41.21-24; 43.9-13,26; 44.7-8<br \/>\n<b>41.2<\/b> K\u00fdrus Jes 40.13+<br \/>\n<b>41.4<\/b> \u00c9g, Drottinn Jes 43.18,13,25; 46.4; 48.12; 52.6; 5M\u00f3s 32.39; Slm 102.28; sbr 2M\u00f3s 3.14 \u2013 hinn fyrsti og s\u00ed\u00f0asti Jes 44.6; 48.12; Opb 1.18; 2.8; 22.13<br \/>\n<b>41.7<\/b> Skur\u00f0go\u00f0 Jes 40.19+<br \/>\n<b>41.8<\/b> \u00cdsrael, \u00fej\u00f3nn minn Jes 43.10; 44.1,21; 45.4; 48.20; Jer 30.10; Slm 136.22; L\u00fak 1.54 \u2013 Abraham, vinur Drottins 2Kro 20.7; VDan 3.12; Jak 2.23 \u2013 ni\u00f0ji Abrahmas Jes 51.2; Heb 2.16; Matt 3.9+<br \/>\n<b>41.10<\/b> \u00c9g er me\u00f0 \u00fe\u00e9r Jes 7.14+ ; 43.5<br \/>\n<b>41.13<\/b> \u00d3ttastu ekki Jes 43.1; 44.2; 54.4<br \/>\n<b>41.14<\/b> Ma\u00f0kur Esk 37.11 \u2013 lausnari \u00feinn Jes 44.24; 48.17; 49.26; 54.5; 60.16; sbr 43.1,14; 44.6,22; 47.4; 48.20; 49.7; 52.9; 59.20; 63.16 \u2013 Hinn heilagi \u00ed \u00cdsrael Jes 1.4+<br \/>\n<b>41.18<\/b> Ey\u00f0im\u00f6rkina a\u00f0 tj\u00f6rnum Jes 35.6-7; 43.20; 48.21; 49.10; Slm 107.35; 114.8<br \/>\n<b>41.20<\/b> Skynji og skilji sbr Jes 49.23+ &#8211; Hinn heilagi \u00ed \u00cdsrael Jes 1.4+<br \/>\n<b>41.21<\/b> Drottinn s\u00e6kir s\u00f6k Jes 41.1+ &#8211; gegn skur\u00f0go\u00f0um Jes 42.8,17 \u2013 konungur Jakobs Jes 43.15; 44.6<br \/>\n<b>41.22<\/b> Sk\u00fdra fr\u00e1 Jes 41.26; 42.9; 43.9,12; 44.7-8; 48.3<br \/>\n<b>41.23<\/b> Engir gu\u00f0ir Jes 42.17; BJer 14,22,28 o.fl.<br \/>\n<b>41.25<\/b> Kalla\u00f0i Jes 40.13+<br \/>\n<b>41.26<\/b> Hver bo\u00f0a\u00f0i? Jes 41.22; 48.14 \u2013 fr\u00e1 \u00f6ndver\u00f0u Jes 40.21+<br \/>\n<b>41.27<\/b> Fagna\u00f0arbo\u00f0a Jes 40.9<br \/>\n<b>41.28<\/b> Enginn Jes 50.2; 59.16; 63.5; 66.4 \u2013 veitt r\u00e1\u00f0 Jes 40.13<\/div>\n","protected":false},"excerpt":{"rendered":"<p>1Veri\u00f0 hlj\u00f3\u00f0 og hlusti\u00f0 \u00e1 mig, \u00fe\u00e9r eyl\u00f6nd. Safni \u00fej\u00f3\u00f0irnar n\u00fdjum kr\u00f6ftum, gangi svo n\u00e6r og tali m\u00e1li s\u00ednu. V\u00e9r skulum eigast l\u00f6g vi\u00f0.2Hver hefir vaki\u00f0 upp manninn \u00ed austrinu, sem r\u00e9ttl\u00e6ti\u00f0 kve\u00f0ur til fylgdar? Hver leggur \u00fej\u00f3\u00f0ir undir vald hans og l\u00e6tur hann drottna yfir konungum? Hver gj\u00f6rir sver\u00f0 \u00feeirra a\u00f0 moldarryki og boga \u00feeirra sem fj\u00fakandi h\u00e1lmleggi,3svo a\u00f0 hann veitir \u00feeim eftirf\u00f6r og fer \u00f3saka\u00f0ur \u00feann veg, er hann aldrei hefir stigi\u00f0 \u00e1 f\u00e6ti s\u00ednum?4Hver hefir gj\u00f6rt \u00fea\u00f0 og framkv\u00e6mt? Hann sem kalla\u00f0i fram kyn\u00fe\u00e1ttu mannanna \u00ed \u00f6ndver\u00f0u, \u00e9g, Drottinn, sem er hinn fyrsti, og me\u00f0 hinum s\u00ed\u00f0ustu <a href=\"https:\/\/biblian.is\/1981\/jesaja-41-kafli\/\"> [&#8230;]<\/a><\/p>\n","protected":false},"author":1,"featured_media":0,"parent":0,"menu_order":0,"comment_status":"open","ping_status":"open","template":"bibliukaflar.php","meta":{"footnotes":""},"class_list":["post-2067","page","type-page","status-publish","hentry"],"_links":{"self":[{"href":"https:\/\/biblian.is\/1981\/wp-json\/wp\/v2\/pages\/2067","targetHints":{"allow":["GET"]}}],"collection":[{"href":"https:\/\/biblian.is\/1981\/wp-json\/wp\/v2\/pages"}],"about":[{"href":"https:\/\/biblian.is\/1981\/wp-json\/wp\/v2\/types\/page"}],"author":[{"embeddable":true,"href":"https:\/\/biblian.is\/1981\/wp-json\/wp\/v2\/users\/1"}],"replies":[{"embeddable":true,"href":"https:\/\/biblian.is\/1981\/wp-json\/wp\/v2\/comments?post=2067"}],"version-history":[{"count":0,"href":"https:\/\/biblian.is\/1981\/wp-json\/wp\/v2\/pages\/2067\/revisions"}],"wp:attachment":[{"href":"https:\/\/biblian.is\/1981\/wp-json\/wp\/v2\/media?parent=2067"}],"curies":[{"name":"wp","href":"https:\/\/api.w.org\/{rel}","templated":true}]}}