{"id":2066,"date":"2017-11-18T20:19:56","date_gmt":"2017-11-18T20:19:56","guid":{"rendered":"http:\/\/biblian.is\/1981\/jesaja-40-kafli\/"},"modified":"2017-11-18T20:19:56","modified_gmt":"2017-11-18T20:19:56","slug":"jesaja-40-kafli","status":"publish","type":"page","link":"https:\/\/biblian.is\/1981\/jesaja-40-kafli\/","title":{"rendered":"Jesaja 40. kafli"},"content":{"rendered":"<p><a name=\"1\"><span class=\"versanumer\">1<\/span><\/a>Huggi\u00f0, huggi\u00f0 l\u00fd\u00f0 minn! segir Gu\u00f0 y\u00f0ar.<a name=\"2\"><span class=\"versanumer\">2<\/span><\/a>Hughreysti\u00f0 Jer\u00fasalem og bo\u00f0i\u00f0 henni, a\u00f0 \u00e1\u00fej\u00e1n hennar s\u00e9 \u00e1 enda, a\u00f0 sekt hennar s\u00e9 goldin, a\u00f0 h\u00fan hafi fengi\u00f0 tv\u00f6falt af hendi Drottins fyrir allar syndir s\u00ednar!<a name=\"3\"><span class=\"versanumer\">3<\/span><\/a>Heyr, kalla\u00f0 er: Grei\u00f0i\u00f0 g\u00f6tu Drottins \u00ed ey\u00f0im\u00f6rkinni, ry\u00f0ji\u00f0 Gu\u00f0i vorum veg \u00ed \u00f3bygg\u00f0inni!<a name=\"4\"><span class=\"versanumer\">4<\/span><\/a>S\u00e9rhver dalur skal h\u00e6kka, hvert fjall og h\u00e1ls l\u00e6kka. H\u00f3larnir skulu ver\u00f0a a\u00f0 jafnsl\u00e9ttu og hamrarnir a\u00f0 dalagrundum!<a name=\"5\"><span class=\"versanumer\">5<\/span><\/a>D\u00fdr\u00f0 Drottins mun birtast, og allt hold mun sj\u00e1 \u00fea\u00f0, \u00fev\u00ed a\u00f0 munnur Drottins hefir tala\u00f0 \u00fea\u00f0!<a name=\"6\"><span class=\"versanumer\">6<\/span><\/a>Heyr, einhver segir: Kalla \u00fe\u00fa! Og \u00e9g svara: Hva\u00f0 skal \u00e9g kalla? Allt hold er gras og allur yndisleikur \u00feess sem bl\u00f3m vallarins.<a name=\"7\"><span class=\"versanumer\">7<\/span><\/a>Grasi\u00f0 visnar, bl\u00f3min f\u00f6lna, \u00feegar Drottinn andar \u00e1 \u00feau. Sannlega, mennirnir eru gras.<a name=\"8\"><span class=\"versanumer\">8<\/span><\/a>Grasi\u00f0 visnar, bl\u00f3min f\u00f6lna, en or\u00f0 Gu\u00f0s vors stendur st\u00f6\u00f0ugt eil\u00edflega.<a name=\"9\"><span class=\"versanumer\">9<\/span><\/a>St\u00edg upp \u00e1 h\u00e1tt fjall, \u00fe\u00fa S\u00edon fagna\u00f0arbo\u00f0i! Hef upp raust \u00fe\u00edna kr\u00f6ftuglega, \u00fe\u00fa Jer\u00fasalem fagna\u00f0arbo\u00f0i! Hef upp raustina, \u00f3ttast eigi, seg borgunum \u00ed J\u00fada: Sj\u00e1, Gu\u00f0 y\u00f0ar kemur!<a name=\"10\"><span class=\"versanumer\">10<\/span><\/a>Sj\u00e1, hinn alvaldi Drottinn kemur sem hetja, og armleggur hans aflar honum yfirr\u00e1\u00f0a. Sj\u00e1, endurgjald hans fylgir honum, og fengur hans fer \u00e1 undan honum.<a name=\"11\"><span class=\"versanumer\">11<\/span><\/a>Eins og hir\u00f0ir mun hann halda hj\u00f6r\u00f0 sinni til haga, taka ungl\u00f6mbin \u00ed fa\u00f0m s\u00e9r og bera \u00feau \u00ed fangi s\u00ednu, en lei\u00f0a m\u00e6\u00f0urnar.<a name=\"12\"><span class=\"versanumer\">12<\/span><\/a>Hver hefir m\u00e6lt v\u00f6tnin \u00ed l\u00f3fa s\u00ednum og stika\u00f0 himininn me\u00f0 sp\u00f6nn sinni, innilukt duft jar\u00f0arinnar \u00ed m\u00e6likeri og vegi\u00f0 fj\u00f6llin \u00e1 reislu og h\u00e1lsana \u00e1 metask\u00e1lum?<a name=\"13\"><span class=\"versanumer\">13<\/span><\/a>Hver hefir lei\u00f0beint anda Drottins, hver hefir veri\u00f0 r\u00e1\u00f0gjafi hans og fr\u00e6tt hann?<a name=\"14\"><span class=\"versanumer\">14<\/span><\/a>Hvern hefir hann s\u00f3tt a\u00f0 r\u00e1\u00f0um, \u00feann er g\u00e6fi honum skilning og kenndi honum lei\u00f0 r\u00e9ttv\u00edsinnar, uppfr\u00e6ddi hann \u00ed \u00feekkingu og v\u00edsa\u00f0i honum veg viskunnar?<a name=\"15\"><span class=\"versanumer\">15<\/span><\/a>Sj\u00e1, \u00fej\u00f3\u00f0irnar eru sem dropi \u00ed vatnskj\u00f3lu og metnar sem ryk \u00e1 vogarsk\u00e1lum. Sj\u00e1, eyl\u00f6ndunum lyftir hann upp eins og duftkorni.<a name=\"16\"><span class=\"versanumer\">16<\/span><\/a>Og L\u00edbanon-sk\u00f3gur hrekkur ekki til eldsneytis og d\u00fdrin \u00ed honum ekki til brennif\u00f3rnar.<a name=\"17\"><span class=\"versanumer\">17<\/span><\/a>Allar \u00fej\u00f3\u00f0ir eru sem ekkert fyrir honum, \u00fe\u00e6r eru minna en ekki neitt og h\u00e9g\u00f3mi \u00ed hans augum.<a name=\"18\"><span class=\"versanumer\">18<\/span><\/a>Vi\u00f0 hvern vilji\u00f0 \u00fe\u00e9r \u00fe\u00e1 saml\u00edkja Gu\u00f0i, og hva\u00f0 vilji\u00f0 \u00fe\u00e9r taka til jafns vi\u00f0 hann?<a name=\"19\"><span class=\"versanumer\">19<\/span><\/a>L\u00edkneski\u00f0 steypir smi\u00f0urinn, og gullsmi\u00f0urinn b\u00fdr \u00fea\u00f0 slegnu gulli og setur \u00e1 silfurfestar,<a name=\"20\"><span class=\"versanumer\">20<\/span><\/a>en s\u00e1, sem eigi \u00e1 fyrir sl\u00edkri f\u00f3rnargj\u00f6f, velur s\u00e9r \u00feann vi\u00f0, er ekki f\u00fani, og leitar a\u00f0 g\u00f3\u00f0um smi\u00f0, er reist geti svo l\u00edkneski, a\u00f0 ekki haggist!<a name=\"21\"><span class=\"versanumer\">21<\/span><\/a>Viti\u00f0 \u00fe\u00e9r ekkert? Heyri\u00f0 \u00fe\u00e9r ekki? Hefir y\u00f0ur eigi veri\u00f0 kunngj\u00f6rt \u00fea\u00f0 fr\u00e1 upphafi? Hafi\u00f0 \u00fe\u00e9r engan skilning hloti\u00f0 fr\u00e1 grundv\u00f6llun jar\u00f0ar?<a name=\"22\"><span class=\"versanumer\">22<\/span><\/a>\u00dea\u00f0 er hann, sem situr h\u00e1tt yfir jar\u00f0arkringlunni, og \u00feeir, sem \u00e1 henni b\u00faa, eru sem engisprettur. \u00dea\u00f0 er hann, sem \u00feenur \u00fat himininn eins og \u00feunna vo\u00f0 og sl\u00e6r honum sundur eins og tjaldi til \u00feess a\u00f0 b\u00faa \u00ed.<a name=\"23\"><span class=\"versanumer\">23<\/span><\/a>\u00dea\u00f0 er hann, sem l\u00e6tur h\u00f6f\u00f0ingjana ver\u00f0a a\u00f0 engu og gj\u00f6rir drottna jar\u00f0arinnar a\u00f0 h\u00e9g\u00f3ma.<a name=\"24\"><span class=\"versanumer\">24<\/span><\/a>Varla eru \u00feeir gr\u00f3\u00f0ursettir, varla ni\u00f0urs\u00e1nir, varla hefir stofn \u00feeirra n\u00e1\u00f0 a\u00f0 festa r\u00e6tur \u00ed j\u00f6r\u00f0inni fyrr en hann andar \u00e1 \u00fe\u00e1, og \u00fe\u00e1 skr\u00e6lna \u00feeir upp og stormbylurinn feykir \u00feeim burt eins og h\u00e1lmleggjum.<a name=\"25\"><span class=\"versanumer\">25<\/span><\/a>Vi\u00f0 hvern vilji\u00f0 \u00fe\u00e9r saml\u00edkja m\u00e9r, a\u00f0 \u00e9g s\u00e9 honum jafn? segir Hinn heilagi.<a name=\"26\"><span class=\"versanumer\">26<\/span><\/a>Hefji\u00f0 upp augu y\u00f0ar til h\u00e6\u00f0a og litist um: Hver hefir skapa\u00f0 stj\u00f6rnurnar? Hann, sem lei\u00f0ir \u00fat her \u00feeirra me\u00f0 t\u00f6lu og kallar \u00fe\u00e6r allar me\u00f0 nafni. S\u00f6kum mikilleiks kraftar hans og af \u00fev\u00ed a\u00f0 hann er voldugur a\u00f0 afli ver\u00f0ur einskis \u00feeirra vant.<a name=\"27\"><span class=\"versanumer\">27<\/span><\/a>Hv\u00ed segir \u00fe\u00fa \u00fe\u00e1 svo, Jakobs\u00e6tt, og hv\u00ed m\u00e6lir \u00fe\u00fa \u00fe\u00e1 svo, \u00cdsrael: Hagur minn er hulinn fyrir Drottni, og r\u00e9ttur minn er genginn \u00far h\u00f6ndum Gu\u00f0i m\u00ednum?<a name=\"28\"><span class=\"versanumer\">28<\/span><\/a>Veistu \u00fe\u00e1 ekki? Hefir \u00fe\u00fa ekki heyrt? Drottinn er eil\u00edfur Gu\u00f0, er skapa\u00f0 hefir endim\u00f6rk jar\u00f0arinnar. Hann \u00fereytist ekki, hann l\u00fdist ekki, speki hans er \u00f3rannsakanleg.<a name=\"29\"><span class=\"versanumer\">29<\/span><\/a>Hann veitir kraft hinum \u00fereytta og gn\u00f3gan styrk hinum \u00fer\u00f3ttlausa.<a name=\"30\"><span class=\"versanumer\">30<\/span><\/a>Ungir menn \u00fereytast og l\u00fdjast, og \u00e6skumenn hn\u00edga,<a name=\"31\"><span class=\"versanumer\">31<\/span><\/a>en \u00feeir, sem vona \u00e1 Drottin, f\u00e1 n\u00fdjan kraft, \u00feeir flj\u00faga upp \u00e1 v\u00e6ngjum sem ernir. \u00deeir hlaupa og l\u00fdjast ekki, \u00feeir ganga og \u00fereytast ekki.<\/p>\n<div class=\"footnote1981\"><b>40.1<\/b> Huggi\u00f0 Jes 49.13; 51.3,12; 52.9; 61.2<br \/>\n<b>40.2<\/b> Tv\u00f6falt 2M\u00f3s 22.4,7,9; Jer 16.18<br \/>\n<b>40.3<\/b> Kalla\u00f0 er Matt 3.3 og hlst. J\u00f3h 1.23 \u2013 Drottni veg Jes 49.11; Mal 3.1,23-24; L\u00fak 1.76<br \/>\n<b>40.5<\/b> D\u00fdr\u00f0 Drottins Jes 58.8; 60.1-2 \u2013 birtist Jes 35.2 \u2013 allt hold Jes 49.26; 66.16,23; Jer 32.27<br \/>\n<b>40.7<\/b> Gras Jes 40.23-24; 51.12; Jak 1.10-11; 1P\u00e9t 1.24 &#8211; mennirnir Jes 42.6; 49.8<br \/>\n<b>40.8<\/b> Or\u00f0 Gu\u00f0s vors &#8230; Slm 119.89; 1P\u00e9t 1.25<br \/>\n<b>40.9<\/b> Fagna\u00f0arbo\u00f0i Jes 41.27; 52.7; 60.6; 61.1<br \/>\n<b>40.10<\/b> Drottinn kemur \u00ed m\u00e6tti Jes 62.11; Opb 22.12 \u2013 armur Jes 51.5,9; 52.10; 53.1; 59.16; 62.8; 63.5,12; sj\u00e1 Slm 77.16; 89.14<br \/>\n<b>40.11<\/b> Eins og hir\u00f0ir Esk 34.11-31; L\u00fak 15.4-7; J\u00f3h 10<br \/>\n<b>40.13<\/b> Hver gat &#8230; ? Job 38.4-39.30; Okv 30.4; S\u00edr 1.2-3; R\u00f3m 11.34; 1Kor 2.16 \u2013 K\u00fdrus, \u00fatvalinn Jes 41.2-4; 41.25-42.9; 44.28; 45.1-6,13; 46.10-11; 48.14-15; Esr 1.1-5; 6.3-5; 2Kro 36.22-23<br \/>\n<b>40.14<\/b> R\u00e1\u00f0gjafi Drottins Job 21.22<br \/>\n<b>40.15<\/b> Eyjarnar Jes 41.1,5; 42.4,10,12; 49.1; 51.5; 60.9; 66.19<br \/>\n<b>40.16<\/b> L\u00edbanon Jes 2.13+<br \/>\n<b>40.18<\/b> L\u00edkja Jes 40.25; 44.7; 46.5; Jer 10.6; 49.19; Post 17.29<br \/>\n<b>40.19<\/b> Skur\u00f0go\u00f0 Jes 41.6-7; 44.9-20; 46.6-7; Jer 2.27-28; 10.3-5,14-15; 51.17-18; Slm 115.4-8; 135.15-18; SSal 13.10-19; BJer 3-72<br \/>\n<b>40.21<\/b> Fr\u00e1 \u00f6ndver\u00f0u Jes 41.26; 46.10; 48.16; sbr 45.21 \u2013 grundv\u00f6llun jar\u00f0ar Jes 44.24+<br \/>\n<b>40.23-24<\/b> Drottinn og \u00fej\u00f3\u00f0h\u00f6f\u00f0ingjarnir Jes 17.13; Job 34.18-20<br \/>\n<b>40.25<\/b> Hinn heilagi Jes 6.3+ ; Hab 3.3; Job 6.10<br \/>\n<b>40.26<\/b> Skapari stjarnanna Slm 147.4; Bar 3.35; sbr 1M\u00f3s 1.14-19<br \/>\n<b>40.27<\/b> \u00cdsrael guggnar Jes 49.4<br \/>\n<b>40.28<\/b> Drottinn er eil\u00edfur 1M\u00f3s 21.33 \u2013 og \u00f3rannsakanlegur R\u00f3m 11.33<br \/>\n<b>40.31<\/b> Vona \u00e1 Drottin Jes 30.18+ ; sbr Slm 9.11+<\/div>\n","protected":false},"excerpt":{"rendered":"<p>1Huggi\u00f0, huggi\u00f0 l\u00fd\u00f0 minn! segir Gu\u00f0 y\u00f0ar.2Hughreysti\u00f0 Jer\u00fasalem og bo\u00f0i\u00f0 henni, a\u00f0 \u00e1\u00fej\u00e1n hennar s\u00e9 \u00e1 enda, a\u00f0 sekt hennar s\u00e9 goldin, a\u00f0 h\u00fan hafi fengi\u00f0 tv\u00f6falt af hendi Drottins fyrir allar syndir s\u00ednar!3Heyr, kalla\u00f0 er: Grei\u00f0i\u00f0 g\u00f6tu Drottins \u00ed ey\u00f0im\u00f6rkinni, ry\u00f0ji\u00f0 Gu\u00f0i vorum veg \u00ed \u00f3bygg\u00f0inni!4S\u00e9rhver dalur skal h\u00e6kka, hvert fjall og h\u00e1ls l\u00e6kka. H\u00f3larnir skulu ver\u00f0a a\u00f0 jafnsl\u00e9ttu og hamrarnir a\u00f0 dalagrundum!5D\u00fdr\u00f0 Drottins mun birtast, og allt hold mun sj\u00e1 \u00fea\u00f0, \u00fev\u00ed a\u00f0 munnur Drottins hefir tala\u00f0 \u00fea\u00f0!6Heyr, einhver segir: Kalla \u00fe\u00fa! Og \u00e9g svara: Hva\u00f0 skal \u00e9g kalla? Allt hold er gras og allur yndisleikur \u00feess sem <a href=\"https:\/\/biblian.is\/1981\/jesaja-40-kafli\/\"> [&#8230;]<\/a><\/p>\n","protected":false},"author":1,"featured_media":0,"parent":0,"menu_order":0,"comment_status":"open","ping_status":"open","template":"bibliukaflar.php","meta":{"footnotes":""},"class_list":["post-2066","page","type-page","status-publish","hentry"],"_links":{"self":[{"href":"https:\/\/biblian.is\/1981\/wp-json\/wp\/v2\/pages\/2066","targetHints":{"allow":["GET"]}}],"collection":[{"href":"https:\/\/biblian.is\/1981\/wp-json\/wp\/v2\/pages"}],"about":[{"href":"https:\/\/biblian.is\/1981\/wp-json\/wp\/v2\/types\/page"}],"author":[{"embeddable":true,"href":"https:\/\/biblian.is\/1981\/wp-json\/wp\/v2\/users\/1"}],"replies":[{"embeddable":true,"href":"https:\/\/biblian.is\/1981\/wp-json\/wp\/v2\/comments?post=2066"}],"version-history":[{"count":0,"href":"https:\/\/biblian.is\/1981\/wp-json\/wp\/v2\/pages\/2066\/revisions"}],"wp:attachment":[{"href":"https:\/\/biblian.is\/1981\/wp-json\/wp\/v2\/media?parent=2066"}],"curies":[{"name":"wp","href":"https:\/\/api.w.org\/{rel}","templated":true}]}}