{"id":2065,"date":"2017-11-18T20:19:56","date_gmt":"2017-11-18T20:19:56","guid":{"rendered":"http:\/\/biblian.is\/1981\/jesaja-39-kafli\/"},"modified":"2017-11-18T20:19:56","modified_gmt":"2017-11-18T20:19:56","slug":"jesaja-39-kafli","status":"publish","type":"page","link":"https:\/\/biblian.is\/1981\/jesaja-39-kafli\/","title":{"rendered":"Jesaja 39. kafli"},"content":{"rendered":"<p><a name=\"1\"><span class=\"versanumer\">1<\/span><\/a>Um \u00fe\u00e6r mundir sendi Mer\u00f3dak Baladan Baladansson, konungur \u00ed Bab\u00fdlon, br\u00e9f og gjafir til Hisk\u00eda, \u00fev\u00ed a\u00f0 hann haf\u00f0i fr\u00e9tt, a\u00f0 hann hef\u00f0i veri\u00f0 sj\u00fakur, en v\u00e6ri n\u00fa aftur heill or\u00f0inn.<a name=\"2\"><span class=\"versanumer\">2<\/span><\/a>Hisk\u00eda fagna\u00f0i komu \u00feeirra og s\u00fdndi \u00feeim f\u00e9hirslu s\u00edna, silfri\u00f0 og gulli\u00f0, ilmjurtirnar og hina d\u00fdru ol\u00edu og allt vopnab\u00far sitt og allt, sem til var \u00ed fj\u00e1rsj\u00f3\u00f0um hans. Var enginn s\u00e1 hlutur \u00ed h\u00f6ll Hisk\u00eda e\u00f0a nokkurs sta\u00f0ar \u00ed r\u00edki hans, a\u00f0 eigi s\u00fdndi hann \u00feeim.<a name=\"3\"><span class=\"versanumer\">3<\/span><\/a>\u00de\u00e1 kom Jesaja sp\u00e1ma\u00f0ur til Hisk\u00eda konungs og sag\u00f0i vi\u00f0 hann: Hvert var erindi \u00feessara manna, og hva\u00f0an eru \u00feeir til \u00fe\u00edn komnir? Hisk\u00eda svara\u00f0i: Af fjarl\u00e6gu landi eru \u00feeir til m\u00edn komnir, fr\u00e1 Bab\u00fdlon.<a name=\"4\"><span class=\"versanumer\">4<\/span><\/a>\u00de\u00e1 sag\u00f0i hann: Hva\u00f0 s\u00e1u \u00feeir \u00ed h\u00f6ll \u00feinni? Hisk\u00eda svara\u00f0i: Allt, sem \u00ed h\u00f6ll minni er, hafa \u00feeir s\u00e9\u00f0. Enginn er s\u00e1 hlutur \u00ed fj\u00e1rsj\u00f3\u00f0um m\u00ednum, a\u00f0 eigi hafi \u00e9g s\u00fdnt \u00feeim.<a name=\"5\"><span class=\"versanumer\">5<\/span><\/a>\u00de\u00e1 sag\u00f0i Jesaja vi\u00f0 Hisk\u00eda: Heyr \u00fe\u00fa or\u00f0 Drottins allsherjar.<a name=\"6\"><span class=\"versanumer\">6<\/span><\/a>Sj\u00e1, \u00feeir dagar munu koma, a\u00f0 allt, sem er \u00ed h\u00f6ll \u00feinni, og \u00fea\u00f0, sem fe\u00f0ur \u00fe\u00ednir hafa saman dregi\u00f0 allt til \u00feessa dags, mun flutt ver\u00f0a til Bab\u00fdlon. Ekkert skal eftir ver\u00f0a segir Drottinn.<a name=\"7\"><span class=\"versanumer\">7<\/span><\/a>Og nokkrir af sonum \u00fe\u00ednum, sem af \u00fe\u00e9r munu koma og \u00fe\u00fa munt geta, munu teknir ver\u00f0a og gj\u00f6r\u00f0ir a\u00f0 hir\u00f0sveinum \u00ed h\u00f6ll konungsins \u00ed Bab\u00fdlon.<a name=\"8\"><span class=\"versanumer\">8<\/span><\/a>En Hisk\u00eda sag\u00f0i vi\u00f0 Jesaja: Gott er \u00fea\u00f0 or\u00f0 Drottins, er \u00fe\u00fa hefir tala\u00f0. \u00dev\u00ed a\u00f0 hann hugsa\u00f0i: Fars\u00e6ld og fri\u00f0ur helst \u00fe\u00f3 me\u00f0an \u00e9g lifi.<\/p>\n<div class=\"footnote1981\"><b>39.1<\/b> Br\u00e9f og gj\u00f6f 2Sam 8.9-10<br \/>\n<b>39.3<\/b> Til konungs Jes 7.3 \u2013 gegn au\u00f0s\u00f6fnun Jes 2.7; 3.16-24 \u2013 og bandal\u00f6gum vi\u00f0 \u00fatlendinga Jes 10.20; 30.1,7; 31.1-3<br \/>\n<b>39.6<\/b> Flutt til Bab\u00fdlon 2Kon 24.13; Jer 20.5; 27.21-22<br \/>\n<b>39.7<\/b> Teknir &#8230; 2Kon 24.12,14; 25.7,11; Jer 52.28-30<\/div>\n","protected":false},"excerpt":{"rendered":"<p>1Um \u00fe\u00e6r mundir sendi Mer\u00f3dak Baladan Baladansson, konungur \u00ed Bab\u00fdlon, br\u00e9f og gjafir til Hisk\u00eda, \u00fev\u00ed a\u00f0 hann haf\u00f0i fr\u00e9tt, a\u00f0 hann hef\u00f0i veri\u00f0 sj\u00fakur, en v\u00e6ri n\u00fa aftur heill or\u00f0inn.2Hisk\u00eda fagna\u00f0i komu \u00feeirra og s\u00fdndi \u00feeim f\u00e9hirslu s\u00edna, silfri\u00f0 og gulli\u00f0, ilmjurtirnar og hina d\u00fdru ol\u00edu og allt vopnab\u00far sitt og allt, sem til var \u00ed fj\u00e1rsj\u00f3\u00f0um hans. Var enginn s\u00e1 hlutur \u00ed h\u00f6ll Hisk\u00eda e\u00f0a nokkurs sta\u00f0ar \u00ed r\u00edki hans, a\u00f0 eigi s\u00fdndi hann \u00feeim.3\u00de\u00e1 kom Jesaja sp\u00e1ma\u00f0ur til Hisk\u00eda konungs og sag\u00f0i vi\u00f0 hann: Hvert var erindi \u00feessara manna, og hva\u00f0an eru \u00feeir til \u00fe\u00edn komnir? Hisk\u00eda <a href=\"https:\/\/biblian.is\/1981\/jesaja-39-kafli\/\"> [&#8230;]<\/a><\/p>\n","protected":false},"author":1,"featured_media":0,"parent":0,"menu_order":0,"comment_status":"open","ping_status":"open","template":"bibliukaflar.php","meta":{"footnotes":""},"class_list":["post-2065","page","type-page","status-publish","hentry"],"_links":{"self":[{"href":"https:\/\/biblian.is\/1981\/wp-json\/wp\/v2\/pages\/2065","targetHints":{"allow":["GET"]}}],"collection":[{"href":"https:\/\/biblian.is\/1981\/wp-json\/wp\/v2\/pages"}],"about":[{"href":"https:\/\/biblian.is\/1981\/wp-json\/wp\/v2\/types\/page"}],"author":[{"embeddable":true,"href":"https:\/\/biblian.is\/1981\/wp-json\/wp\/v2\/users\/1"}],"replies":[{"embeddable":true,"href":"https:\/\/biblian.is\/1981\/wp-json\/wp\/v2\/comments?post=2065"}],"version-history":[{"count":0,"href":"https:\/\/biblian.is\/1981\/wp-json\/wp\/v2\/pages\/2065\/revisions"}],"wp:attachment":[{"href":"https:\/\/biblian.is\/1981\/wp-json\/wp\/v2\/media?parent=2065"}],"curies":[{"name":"wp","href":"https:\/\/api.w.org\/{rel}","templated":true}]}}