{"id":2064,"date":"2017-11-18T20:19:56","date_gmt":"2017-11-18T20:19:56","guid":{"rendered":"http:\/\/biblian.is\/1981\/jesaja-38-kafli\/"},"modified":"2017-11-18T20:19:56","modified_gmt":"2017-11-18T20:19:56","slug":"jesaja-38-kafli","status":"publish","type":"page","link":"https:\/\/biblian.is\/1981\/jesaja-38-kafli\/","title":{"rendered":"Jesaja 38. kafli"},"content":{"rendered":"<p><a name=\"1\"><span class=\"versanumer\">1<\/span><\/a>Um \u00fe\u00e6r mundir t\u00f3k Hisk\u00eda s\u00f3tt og var a\u00f0 dau\u00f0a kominn. \u00de\u00e1 kom Jesaja Amozson sp\u00e1ma\u00f0ur til hans og sag\u00f0i vi\u00f0 hann: Svo segir Drottinn: R\u00e1\u00f0stafa h\u00fasi \u00fe\u00ednu, \u00fev\u00ed a\u00f0 \u00fe\u00fa munt deyja og eigi lifa.<a name=\"2\"><span class=\"versanumer\">2<\/span><\/a>\u00de\u00e1 sneri Hisk\u00eda andliti s\u00ednu til veggjar, ba\u00f0 til Drottins<a name=\"3\"><span class=\"versanumer\">3<\/span><\/a>og m\u00e6lti: \u00c6, Drottinn, minnstu \u00feess, a\u00f0 \u00e9g hefi gengi\u00f0 fyrir augliti \u00fe\u00ednu me\u00f0 tr\u00famennsku og einl\u00e6gu hjarta og gj\u00f6rt \u00fea\u00f0, sem \u00fe\u00e9r er \u00fe\u00f3knanlegt! Og hann gr\u00e9t s\u00e1ran.<a name=\"4\"><span class=\"versanumer\">4<\/span><\/a>\u00de\u00e1 kom or\u00f0 Drottins, til Jesaja, svol\u00e1tandi:<a name=\"5\"><span class=\"versanumer\">5<\/span><\/a>Far og seg Hisk\u00eda: Svo segir Drottinn, Gu\u00f0 Dav\u00ed\u00f0s, forf\u00f6\u00f0ur \u00fe\u00edns: \u00c9g hefi heyrt b\u00e6n \u00fe\u00edna og s\u00e9\u00f0 t\u00e1r \u00fe\u00edn. Sj\u00e1, \u00e9g vil enn leggja fimmt\u00e1n \u00e1r vi\u00f0 aldur \u00feinn.<a name=\"6\"><span class=\"versanumer\">6<\/span><\/a>Og \u00e9g vil frelsa \u00feig og \u00feessa borg af hendi Ass\u00fdr\u00edukonungs, og \u00e9g mun vernda \u00feessa borg.<a name=\"7\"><span class=\"versanumer\">7<\/span><\/a>Og \u00feetta skalt \u00fe\u00fa til marks hafa af Drottni, a\u00f0 Drottinn muni efna \u00fea\u00f0, sem hann hefir heiti\u00f0:<a name=\"8\"><span class=\"versanumer\">8<\/span><\/a>Sj\u00e1, \u00e9g f\u00e6ri aftur stigskuggann, er me\u00f0 s\u00f3linni hefir f\u00e6rst ni\u00f0ur \u00e1 s\u00f3lsk\u00edfu Akasar, um t\u00edu stig. Og s\u00f3lin f\u00e6r\u00f0ist aftur \u00e1 bak \u00feau t\u00edu stig \u00e1 s\u00f3lsk\u00edfunni, er h\u00fan haf\u00f0i gengi\u00f0 ni\u00f0ur.<a name=\"9\"><span class=\"versanumer\">9<\/span><\/a>S\u00e1lmur eftir Hisk\u00eda konung \u00ed J\u00fada, \u00fe\u00e1 er hann haf\u00f0i veri\u00f0 sj\u00fakur, en var heill or\u00f0inn af sj\u00fakleik s\u00ednum.<a name=\"10\"><span class=\"versanumer\">10<\/span><\/a>\u00c9g sag\u00f0i: \u00c1 h\u00e1degi \u00e6vi minnar stend \u00e9g vi\u00f0 dau\u00f0ans dyr. \u00dea\u00f0 sem eftir er \u00e1ra minna er \u00e9g ofurseldur hli\u00f0um Heljar.<a name=\"11\"><span class=\"versanumer\">11<\/span><\/a>\u00c9g sag\u00f0i: \u00c9g f\u00e6 eigi framar a\u00f0 sj\u00e1 Drottin \u00e1 landi lifenda, \u00e9g f\u00e6 eigi framar menn a\u00f0 l\u00edta me\u00f0al \u00feeirra sem heiminn byggja.<a name=\"12\"><span class=\"versanumer\">12<\/span><\/a>B\u00fasta\u00f0 m\u00ednum er kippt upp og svipt burt fr\u00e1 m\u00e9r eins og hjar\u00f0mannatjaldi. \u00c9g hefi undi\u00f0 upp l\u00edf mitt eins og vefari. Hann sker mig fr\u00e1 uppist\u00f6\u00f0unni. \u00de\u00fa \u00fej\u00e1ir mig fr\u00e1 \u00fev\u00ed a\u00f0 dagar og \u00fear til n\u00f3ttin kemur.<a name=\"13\"><span class=\"versanumer\">13<\/span><\/a>\u00c9g \u00ferey\u00f0i til morguns. \u00d6ll m\u00edn bein voru kramin eins og af lj\u00f3nshrammi. \u00de\u00fa \u00fej\u00e1ir mig fr\u00e1 \u00fev\u00ed a\u00f0 dagar og \u00fear til n\u00f3ttin kemur.<a name=\"14\"><span class=\"versanumer\">14<\/span><\/a>\u00c9g t\u00edsti sem svala og kurra sem d\u00fafa. Augu m\u00edn m\u00e6na til himins. Drottinn, \u00e9g er \u00ed nau\u00f0um, l\u00edkna \u00fe\u00fa m\u00e9r.<a name=\"15\"><span class=\"versanumer\">15<\/span><\/a>Hva\u00f0 \u00e1 \u00e9g a\u00f0 segja? Hann tala\u00f0i til m\u00edn og efndi s\u00edn or\u00f0. \u00cd au\u00f0m\u00fdkt vil \u00e9g ganga alla m\u00edna l\u00edfdaga, \u00fev\u00ed minni s\u00e1larangist er l\u00e9tt.<a name=\"16\"><span class=\"versanumer\">16<\/span><\/a>Drottinn, af \u00feessu lifa menn, og \u00ed \u00f6llu \u00feessu er l\u00edf anda m\u00edns f\u00f3lgi\u00f0, \u00fe\u00fa gafst m\u00e9r heilsuna aftur og l\u00e9st mig lifna vi\u00f0.<a name=\"17\"><span class=\"versanumer\">17<\/span><\/a>Sj\u00e1, til blessunar var\u00f0 m\u00e9r hin s\u00e1ra kv\u00f6l. \u00de\u00fa for\u00f0a\u00f0ir l\u00edfi m\u00ednu fr\u00e1 gr\u00f6f ey\u00f0ingarinnar, \u00fev\u00ed a\u00f0 \u00fe\u00fa varpa\u00f0ir a\u00f0 baki \u00fe\u00e9r \u00f6llum syndum m\u00ednum.<a name=\"18\"><span class=\"versanumer\">18<\/span><\/a>Hel vegsamar \u00feig eigi, dau\u00f0inn lofar \u00feig eigi. \u00deeir sem ni\u00f0ur eru stignir \u00ed gr\u00f6fina vona eigi \u00e1 tr\u00fafesti \u00fe\u00edna.<a name=\"19\"><span class=\"versanumer\">19<\/span><\/a>En s\u00e1 einn lofar \u00feig, sem lifir, eins og \u00e9g \u00ed dag. Fe\u00f0ur kunngj\u00f6ra b\u00f6rnum s\u00ednum tr\u00fafesti \u00fe\u00edna.<a name=\"20\"><span class=\"versanumer\">20<\/span><\/a>Drottinn er mitt hj\u00e1lpr\u00e6\u00f0i. \u00cd h\u00fasi Drottins skulum v\u00e9r \u00fev\u00ed hreyfa strengina alla vora l\u00edfdaga.<a name=\"21\"><span class=\"versanumer\">21<\/span><\/a>Og Jesaja bau\u00f0 a\u00f0 taka skyldi f\u00edkjudeig og leggja \u00e1 k\u00fdli\u00f0, og mundi honum \u00fe\u00e1 batna.<a name=\"22\"><span class=\"versanumer\">22<\/span><\/a>En Hisk\u00eda sag\u00f0i: Hva\u00f0 skal \u00e9g hafa til marks um \u00fea\u00f0, a\u00f0 \u00e9g megi aftur ganga upp \u00ed h\u00fas Drottins?<\/p>\n<div class=\"footnote1981\"><b>38.5<\/b> T\u00e1r Jer 9.18; Slm 39.13; 56.9<br \/>\n<b>38.6<\/b> Vernda Jes 31.5; 37.35<br \/>\n<b>38.7<\/b> T\u00e1kn Jes 38.22; 7.11+<br \/>\n<b>38.10<\/b> Hli\u00f0 Heljar Job 17.11-13<br \/>\n<b>38.11<\/b> \u00c1 landi lifenda Slm 27.13 \u2013 \u00ed d\u00e1narheimi Pr\u00e9d 9.5-6<br \/>\n<b>38.12<\/b> Skarst mig fr\u00e1 Job 7.6; 14.2; sbr Pr\u00e9d 12.6<br \/>\n<b>38.13<\/b> Eins og lj\u00f3ns Jes 31.4; Job 10.16 \u2013 bein molu\u00f0 Slm 51.10<br \/>\n<b>38.14<\/b> M\u00e6na til h\u00e6\u00f0a Slm 121.1; 123.1-2 \u2013 bjarga\u00f0u m\u00e9r sbr Job 17.3<br \/>\n<b>38.16<\/b> Hj\u00e1 Drottni er l\u00edf Slm 36.10 \u2013 veita l\u00edf H\u00f3s 6.2; Slm 30.3-4<br \/>\n<b>38.17<\/b> Beiskja, blessun Heb 12.11<br \/>\n<b>38.18<\/b> Dau\u00f0inn lofar \u00feig ekki Slm 6.6+ ; 30.10; Bar 2.17; sbr Pr\u00e9d 9.10<br \/>\n<b>38.19<\/b> S\u00e1 einn &#8230; Slm 119.175; 146.2 \u2013 fe\u00f0ur munu segja &#8230; Slm 78.5+<br \/>\n<b>38.20<\/b> Drottinn hj\u00e1lpar Jes 12.2<br \/>\n<b>38.22<\/b> Til marks Jes 7.11+ &#8211; t\u00e1kn Jes 7.11; D\u00f3m 6.17,36-40<\/div>\n","protected":false},"excerpt":{"rendered":"<p>1Um \u00fe\u00e6r mundir t\u00f3k Hisk\u00eda s\u00f3tt og var a\u00f0 dau\u00f0a kominn. \u00de\u00e1 kom Jesaja Amozson sp\u00e1ma\u00f0ur til hans og sag\u00f0i vi\u00f0 hann: Svo segir Drottinn: R\u00e1\u00f0stafa h\u00fasi \u00fe\u00ednu, \u00fev\u00ed a\u00f0 \u00fe\u00fa munt deyja og eigi lifa.2\u00de\u00e1 sneri Hisk\u00eda andliti s\u00ednu til veggjar, ba\u00f0 til Drottins3og m\u00e6lti: \u00c6, Drottinn, minnstu \u00feess, a\u00f0 \u00e9g hefi gengi\u00f0 fyrir augliti \u00fe\u00ednu me\u00f0 tr\u00famennsku og einl\u00e6gu hjarta og gj\u00f6rt \u00fea\u00f0, sem \u00fe\u00e9r er \u00fe\u00f3knanlegt! Og hann gr\u00e9t s\u00e1ran.4\u00de\u00e1 kom or\u00f0 Drottins, til Jesaja, svol\u00e1tandi:5Far og seg Hisk\u00eda: Svo segir Drottinn, Gu\u00f0 Dav\u00ed\u00f0s, forf\u00f6\u00f0ur \u00fe\u00edns: \u00c9g hefi heyrt b\u00e6n \u00fe\u00edna og s\u00e9\u00f0 t\u00e1r \u00fe\u00edn. Sj\u00e1, \u00e9g <a href=\"https:\/\/biblian.is\/1981\/jesaja-38-kafli\/\"> [&#8230;]<\/a><\/p>\n","protected":false},"author":1,"featured_media":0,"parent":0,"menu_order":0,"comment_status":"open","ping_status":"open","template":"bibliukaflar.php","meta":{"footnotes":""},"class_list":["post-2064","page","type-page","status-publish","hentry"],"_links":{"self":[{"href":"https:\/\/biblian.is\/1981\/wp-json\/wp\/v2\/pages\/2064","targetHints":{"allow":["GET"]}}],"collection":[{"href":"https:\/\/biblian.is\/1981\/wp-json\/wp\/v2\/pages"}],"about":[{"href":"https:\/\/biblian.is\/1981\/wp-json\/wp\/v2\/types\/page"}],"author":[{"embeddable":true,"href":"https:\/\/biblian.is\/1981\/wp-json\/wp\/v2\/users\/1"}],"replies":[{"embeddable":true,"href":"https:\/\/biblian.is\/1981\/wp-json\/wp\/v2\/comments?post=2064"}],"version-history":[{"count":0,"href":"https:\/\/biblian.is\/1981\/wp-json\/wp\/v2\/pages\/2064\/revisions"}],"wp:attachment":[{"href":"https:\/\/biblian.is\/1981\/wp-json\/wp\/v2\/media?parent=2064"}],"curies":[{"name":"wp","href":"https:\/\/api.w.org\/{rel}","templated":true}]}}