{"id":2063,"date":"2017-11-18T20:19:56","date_gmt":"2017-11-18T20:19:56","guid":{"rendered":"http:\/\/biblian.is\/1981\/jesaja-37-kafli\/"},"modified":"2017-11-18T20:19:56","modified_gmt":"2017-11-18T20:19:56","slug":"jesaja-37-kafli","status":"publish","type":"page","link":"https:\/\/biblian.is\/1981\/jesaja-37-kafli\/","title":{"rendered":"Jesaja 37. kafli"},"content":{"rendered":"<p><a name=\"1\"><span class=\"versanumer\">1<\/span><\/a>Og er Hisk\u00eda konungur heyr\u00f0i \u00feetta, reif hann kl\u00e6\u00f0i s\u00edn, huldi sig h\u00e6rusekk og gekk \u00ed h\u00fas Drottins.<a name=\"2\"><span class=\"versanumer\">2<\/span><\/a>En Eljak\u00edm dr\u00f3ttseta og S\u00e9bna kanslara og presta\u00f6ldungana sendi hann kl\u00e6dda h\u00e6rusekk til Jesaja Amozsonar sp\u00e1manns,<a name=\"3\"><span class=\"versanumer\">3<\/span><\/a>og skyldu \u00feeir segja vi\u00f0 hann: Svo segir Hisk\u00eda: \u00deessi dagur er ney\u00f0ar-, hirtingar- og h\u00e1\u00f0ungardagur, \u00fev\u00ed a\u00f0 barni\u00f0 er komi\u00f0 \u00ed bur\u00f0arli\u00f0inn, en krafturinn er enginn til a\u00f0 f\u00e6\u00f0a.<a name=\"4\"><span class=\"versanumer\">4<\/span><\/a>Vera m\u00e1, a\u00f0 Drottinn, Gu\u00f0 \u00feinn, heyri or\u00f0 marsk\u00e1lksins, er sendur er af Ass\u00fdr\u00edukonungi, herra s\u00ednum, til a\u00f0 spotta hinn lifandi Gu\u00f0, og l\u00e1ti hegnt ver\u00f0a \u00feeirra or\u00f0a, er Drottinn Gu\u00f0 \u00feinn hefir heyrt. En bi\u00f0 \u00fe\u00fa fyrir leifunum, sem enn eru eftir.<a name=\"5\"><span class=\"versanumer\">5<\/span><\/a>En er \u00fej\u00f3nar Hisk\u00eda konungs komu til Jesaja,<a name=\"6\"><span class=\"versanumer\">6<\/span><\/a>\u00fe\u00e1 sag\u00f0i Jesaja vi\u00f0 \u00fe\u00e1: Segi\u00f0 svo herra y\u00f0ar: Svo segir Drottinn: \u00d3ttast \u00fe\u00fa eigi sm\u00e1naryr\u00f0i \u00feau, er \u00fe\u00fa hefir heyrt sveina Ass\u00fdr\u00edukonungs l\u00e1ta s\u00e9r um munn fara \u00ed gegn m\u00e9r.<a name=\"7\"><span class=\"versanumer\">7<\/span><\/a>Sj\u00e1, \u00e9g l\u00e6t hann ver\u00f0a \u00feess hugar, a\u00f0 \u00feegar hann spyr t\u00ed\u00f0indi, skal hann hverfa aftur heim \u00ed land sitt, og \u00fe\u00e1 skal \u00e9g l\u00e1ta hann fyrir sver\u00f0i falla \u00ed s\u00ednu eigin landi.<a name=\"8\"><span class=\"versanumer\">8<\/span><\/a>S\u00ed\u00f0an sneri marsk\u00e1lkurinn aftur og hitti Ass\u00fdr\u00edukonung \u00fear sem hann sat um L\u00edbna, \u00fev\u00ed a\u00f0 hann haf\u00f0i fr\u00e9tt, a\u00f0 hann v\u00e6ri farinn burt fr\u00e1 Lak\u00eds.<a name=\"9\"><span class=\"versanumer\">9<\/span><\/a>\u00dear kom honum svol\u00e1tandi fregn af T\u00edrhaka Bl\u00e1landskonungi: Hann er lag\u00f0ur af sta\u00f0 til \u00feess a\u00f0 berjast vi\u00f0 \u00feig. Og er hann heyr\u00f0i \u00fea\u00f0, gj\u00f6r\u00f0i hann sendimenn til Hisk\u00eda me\u00f0 \u00feessari or\u00f0sending:<a name=\"10\"><span class=\"versanumer\">10<\/span><\/a>Segi\u00f0 svo Hisk\u00eda J\u00fadakonungi: L\u00e1t eigi Gu\u00f0 \u00feinn, er \u00fe\u00fa treystir \u00e1, t\u00e6la \u00feig, er \u00fe\u00fa hugsar: Jer\u00fasalem ver\u00f0ur eigi seld \u00ed hendur Ass\u00fdr\u00edukonungi.<a name=\"11\"><span class=\"versanumer\">11<\/span><\/a>Sj\u00e1, \u00fe\u00fa hefir sj\u00e1lfur heyrt, hverju Ass\u00fdr\u00edukonungar hafa fram fari\u00f0 vi\u00f0 \u00f6ll l\u00f6nd, hversu \u00feeir hafa gj\u00f6reytt \u00feau, og munt \u00fe\u00fa \u00fe\u00e1 frelsa\u00f0ur ver\u00f0a?<a name=\"12\"><span class=\"versanumer\">12<\/span><\/a>Hvort hafa gu\u00f0ir \u00fej\u00f3\u00f0anna, er fe\u00f0ur m\u00ednir hafa a\u00f0 velli lagt, frelsa\u00f0 \u00fe\u00e6r G\u00f3san og Haran og Resef og Edenmenn, sem voru \u00ed Telassar?<a name=\"13\"><span class=\"versanumer\">13<\/span><\/a>Hvar er n\u00fa konungurinn \u00ed Hamat og konungurinn \u00ed Arpad og konungurinn \u00ed Sefarva\u00edmborg, Hena og \u00cdva?<a name=\"14\"><span class=\"versanumer\">14<\/span><\/a>Hisk\u00eda t\u00f3k vi\u00f0 br\u00e9finu af sendim\u00f6nnunum og las \u00fea\u00f0. S\u00ed\u00f0an gekk hann upp \u00ed h\u00fas Drottins og rakti \u00fea\u00f0 sundur frammi fyrir Drottni.<a name=\"15\"><span class=\"versanumer\">15<\/span><\/a>Og Hisk\u00eda ba\u00f0 til Drottins og sag\u00f0i:<a name=\"16\"><span class=\"versanumer\">16<\/span><\/a>Drottinn allsherjar, Gu\u00f0 \u00cdsraels, \u00fe\u00fa sem situr uppi yfir ker\u00fabunum, \u00fe\u00fa einn ert Gu\u00f0 yfir \u00f6llum konungsr\u00edkjum jar\u00f0ar, \u00fe\u00fa hefir gj\u00f6rt himin og j\u00f6r\u00f0.<a name=\"17\"><span class=\"versanumer\">17<\/span><\/a>Hneig, Drottinn, eyra \u00feitt og heyr! Opna, Drottinn, auga \u00feitt og sj\u00e1! Heyr \u00fe\u00fa \u00f6ll or\u00f0 Sanher\u00edbs, er hann hefir sent til a\u00f0 sm\u00e1na me\u00f0 hinn lifandi Gu\u00f0.<a name=\"18\"><span class=\"versanumer\">18<\/span><\/a>Satt er \u00fea\u00f0, Drottinn, a\u00f0 Ass\u00fdr\u00edukonungar hafa gj\u00f6reytt \u00f6llum \u00fej\u00f3\u00f0um og l\u00f6ndum \u00feeirra,<a name=\"19\"><span class=\"versanumer\">19<\/span><\/a>og kasta\u00f0 gu\u00f0um \u00feeirra \u00e1 eld, \u00fev\u00ed a\u00f0 \u00feeir voru ekki gu\u00f0ir, heldur handaverk manna, stokkar og steinar, svo a\u00f0 \u00feeir g\u00e1tu gj\u00f6rt \u00fe\u00e1 a\u00f0 engu.<a name=\"20\"><span class=\"versanumer\">20<\/span><\/a>En Drottinn, Gu\u00f0 vor, frelsa oss n\u00fa af hans hendi, svo a\u00f0 \u00f6ll konungsr\u00edki jar\u00f0ar megi vi\u00f0 kannast, a\u00f0 \u00fe\u00fa, Drottinn, einn ert Gu\u00f0.<a name=\"21\"><span class=\"versanumer\">21<\/span><\/a>\u00de\u00e1 sendi Jesaja Amozson til Hisk\u00eda og l\u00e9t segja honum: Svo segir Drottinn, \u00cdsraels Gu\u00f0: \u00dear sem \u00fe\u00fa hefir be\u00f0i\u00f0 til m\u00edn um hj\u00e1lp gegn Sanher\u00edb Ass\u00fdr\u00edukonungi,<a name=\"22\"><span class=\"versanumer\">22<\/span><\/a>\u00fe\u00e1 er \u00feetta or\u00f0i\u00f0, er Drottinn hefir um hann sagt: M\u00e6rin, d\u00f3ttirin S\u00edon, fyrirl\u00edtur \u00feig og gj\u00f6rir gys a\u00f0 \u00fe\u00e9r, d\u00f3ttirin Jer\u00fasalem skekur h\u00f6fu\u00f0i\u00f0 \u00e1 eftir \u00fe\u00e9r.<a name=\"23\"><span class=\"versanumer\">23<\/span><\/a>Hvern hefir \u00fe\u00fa sm\u00e1na\u00f0 og spotta\u00f0? Og gegn hverjum hefir \u00fe\u00fa hafi\u00f0 upp raustina og lyft augum \u00fe\u00ednum \u00ed h\u00e6\u00f0irnar? Gegn Hinum heilaga \u00ed \u00cdsrael!<a name=\"24\"><span class=\"versanumer\">24<\/span><\/a>\u00de\u00fa hefir l\u00e1ti\u00f0 \u00fej\u00f3na \u00fe\u00edna sm\u00e1na Drottin og sagt: Me\u00f0 fj\u00f6lda hervagna minna steig \u00e9g upp \u00e1 h\u00e6\u00f0ir fjallanna, efst upp \u00e1 L\u00edbanonfjall. \u00c9g hj\u00f3 hin h\u00e1v\u00f6xnu sedrustr\u00e9 \u00feess og hin \u00e1g\u00e6tu k\u00fdprestr\u00e9 \u00feess. \u00c9g braust upp \u00e1 efsta tind \u00feess, inn \u00ed aldinsk\u00f3ginn, \u00fear sem hann var \u00fe\u00e9ttastur.<a name=\"25\"><span class=\"versanumer\">25<\/span><\/a>\u00c9g gr\u00f3f til vatns og drakk, og me\u00f0 iljum f\u00f3ta minna \u00feurrka\u00f0i \u00e9g upp \u00f6ll vatnsf\u00f6ll Egyptalands.<a name=\"26\"><span class=\"versanumer\">26<\/span><\/a>Hefir \u00fe\u00fa \u00fe\u00e1 ekki teki\u00f0 eftir \u00fev\u00ed, a\u00f0 \u00e9g hefi r\u00e1\u00f0stafa\u00f0 \u00feessu svo fyrir l\u00f6ngu og haga\u00f0 \u00fev\u00ed svo fr\u00e1 \u00f6ndver\u00f0u? Og n\u00fa hefi \u00e9g l\u00e1ti\u00f0 \u00fea\u00f0 koma fram, svo a\u00f0 \u00fe\u00fa m\u00e6ttir leggja v\u00edggirtar borgir \u00ed ey\u00f0i og gj\u00f6ra \u00fe\u00e6r a\u00f0 ey\u00f0ilegum grj\u00f3thr\u00fagum.<a name=\"27\"><span class=\"versanumer\">27<\/span><\/a>En \u00edb\u00faar \u00feeirra voru aflvana og skelfdust \u00fev\u00ed og ur\u00f0u s\u00e9r til minnkunar. Jurtir vallarins og gr\u00e6ngresi\u00f0 var\u00f0 sem gras \u00e1 \u00feekjum og \u00ed hla\u00f0varpa.<a name=\"28\"><span class=\"versanumer\">28<\/span><\/a>\u00c9g s\u00e9 \u00feig, \u00feegar \u00fe\u00fa stendur og \u00feegar \u00fe\u00fa situr, og \u00e9g veit af \u00fev\u00ed, \u00feegar \u00fe\u00fa fer og kemur, svo og um ofsa \u00feinn gegn m\u00e9r.<a name=\"29\"><span class=\"versanumer\">29<\/span><\/a>S\u00f6kum ofsa \u00fe\u00edns \u00ed gegn m\u00e9r og af \u00fev\u00ed a\u00f0 ofmetna\u00f0ur \u00feinn er kominn m\u00e9r til eyrna, \u00fe\u00e1 vil \u00e9g setja hring minn \u00ed nasir \u00fe\u00ednar og bitil minn \u00ed munn \u00fe\u00e9r og f\u00e6ra \u00feig aftur sama veg og \u00fe\u00fa komst.<a name=\"30\"><span class=\"versanumer\">30<\/span><\/a>\u00deetta skaltu til marks hafa: \u00deetta \u00e1ri\u00f0 munu\u00f0 \u00fe\u00e9r eta sj\u00e1lfs\u00e1i\u00f0 korn, anna\u00f0 \u00e1ri\u00f0 sj\u00e1lfvaxi\u00f0 korn, en \u00feri\u00f0ja \u00e1ri\u00f0 munu\u00f0 \u00fe\u00e9r s\u00e1 og uppskera, planta v\u00edngar\u00f0a og eta \u00e1v\u00f6xtu \u00feeirra.<a name=\"31\"><span class=\"versanumer\">31<\/span><\/a>Og leifarnar af J\u00fada h\u00fasi, sem komist hafa undan, skulu a\u00f0 n\u00fdju festa r\u00e6tur a\u00f0 ne\u00f0an og bera \u00e1v\u00f6xtu a\u00f0 ofan.<a name=\"32\"><span class=\"versanumer\">32<\/span><\/a>\u00dev\u00ed a\u00f0 fr\u00e1 Jer\u00fasalem munu leifar \u00fat ganga og \u00feeir, er undan komust, fr\u00e1 S\u00edonfjalli. Vandl\u00e6ti Drottins allsherjar mun \u00feessu til vegar koma.<a name=\"33\"><span class=\"versanumer\">33<\/span><\/a>J\u00e1, svo segir Drottinn um Ass\u00fdr\u00edukonung: Eigi skal hann inn komast \u00ed \u00feessa borg, engri \u00f6r \u00feanga\u00f0 inn skj\u00f3ta, engan herskj\u00f6ld a\u00f0 henni bera og engan virkisvegg hla\u00f0a gegn henni.<a name=\"34\"><span class=\"versanumer\">34<\/span><\/a>Hann skal aftur sn\u00faa s\u00f6mu lei\u00f0ina, sem hann kom, og inn \u00ed \u00feessa borg skal hann ekki koma segir Drottinn.<a name=\"35\"><span class=\"versanumer\">35<\/span><\/a>\u00c9g vil vernda \u00feessa borg og frelsa hana, m\u00edn vegna og vegna Dav\u00ed\u00f0s \u00fej\u00f3ns m\u00edns.<a name=\"36\"><span class=\"versanumer\">36<\/span><\/a>\u00de\u00e1 f\u00f3r engill Drottins og laust hundra\u00f0 \u00e1ttat\u00edu og fimm \u00fe\u00fasundir manns \u00ed herb\u00fa\u00f0um Ass\u00fdringa. Og er menn risu morguninn eftir, sj\u00e1, \u00fe\u00e1 voru \u00feeir allir li\u00f0in l\u00edk.<a name=\"37\"><span class=\"versanumer\">37<\/span><\/a>\u00de\u00e1 t\u00f3k Sanher\u00edb Ass\u00fdr\u00edukonungur sig upp, h\u00e9lt af sta\u00f0 og sneri heim aftur og sat um kyrrt \u00ed N\u00edn\u00edve.<a name=\"38\"><span class=\"versanumer\">38<\/span><\/a>En er hann eitt sinn ba\u00f0st fyrir \u00ed hofi N\u00edsroks, gu\u00f0s s\u00edns, unnu synir hans, Adrammelek og Sareser, \u00e1 honum me\u00f0 sver\u00f0i. \u00deeir komust undan \u00e1 fl\u00f3tta til Araratlands, en Asarhaddon sonur hans t\u00f3k r\u00edki eftir hann.<\/p>\n<div class=\"footnote1981\"><b>37.2<\/b> Leita\u00f0 til sp\u00e1manns 2Kon 22.12-14<br \/>\n<b>37.3<\/b> Krafturinn enginn H\u00f3s 13.13; sbr Jes 26.18<br \/>\n<b>37.4<\/b> Lifandi Gu\u00f0 H\u00f3s 2.1; 5M\u00f3s 5.26+ &#8211; sm\u00e1na Jes 36.18-20; 37.23-24 \u2013 \u00feeim sem komast af Jes 4.3+<br \/>\n<b>37.6<\/b> \u00d3ttast ekki Jes 7.4; 10.24; 41.10-14<br \/>\n<b>37.7<\/b> Fyrir sver\u00f0i 2Kon 19.37<br \/>\n<b>37.9<\/b> Konungur K\u00fas Jes 7.18; 36.6<br \/>\n<b>37.10<\/b> Ekki l\u00e1tin \u00ed hendur &#8230; Jes 36.15<br \/>\n<b>37.12<\/b> Gu\u00f0ir \u00fej\u00f3\u00f0anna Jes 10.10-11<br \/>\n<b>37.13<\/b> Hamat, Arpad o.s.frv. Jes 10.9; 36.19; 2Kon 18.34<br \/>\n<b>37.16<\/b> Ker\u00fabunum Slm 18.11+<br \/>\n<b>37.17<\/b> Drottinn, heyr &#8230; Dan 9.18<br \/>\n<b>37.19<\/b> Handverk manna Jes 2.8; 5M\u00f3s 4.28; Jer 1.16; 2.28; 44.8; H\u00f3s 14.4+ &#8211; \u00far tr\u00e9 e\u00f0a steini Jes 40.20; 44.13-17; 5M\u00f3s 28.36,64; Jer 2.27; 3.9; Esk 20.2; sbr Slm 115.4-7<br \/>\n<b>37.20<\/b> \u00d6ll komast a\u00f0 raun um &#8230; 1Kon 8.60<br \/>\n<b>37.21<\/b> \u00de\u00fa hefur be\u00f0i\u00f0 Jes 38.5<br \/>\n<b>37.22<\/b> Hristir h\u00f6fu\u00f0i\u00f0 Slm 22.8+<br \/>\n<b>37.23<\/b> Hvesst augun Jes 10.12 \u2013 Hinn heilagi \u00ed \u00cdsrael Jes 1.4+<br \/>\n<b>37.24-25<\/b> Ass\u00fdr\u00edukonungur h\u00e6list um Jes 10.7-11,13-14<br \/>\n<b>37.24<\/b> L\u00edbanon Jes 2.13+<br \/>\n<b>37.26<\/b> Drottinn r\u00e1\u00f0gerir Jes 22.11; 30.1; 31.1<br \/>\n<b>37.27<\/b> F\u00e9llust hendur Jes 50.2; 59.1; 4M\u00f3s 11.23<br \/>\n<b>37.28<\/b> \u00c9g veit \u00fea\u00f0 Slm 139.2<br \/>\n<b>37.29<\/b> Hring \u00ed nasir Esk 19.4,9 \u2013 beisli \u00ed munn Jes 30.28; Slm 32.9; sbr 38.4<br \/>\n<b>37.30<\/b> T\u00e1kn Jes 7.11+<br \/>\n<b>37.31<\/b> N\u00fdjar r\u00e6tur Jes 11.1<br \/>\n<b>37.32<\/b> \u00deeir sem eftir ver\u00f0a Jes 4.3+ &#8211; \u00e1kafi Drottins Jes 9.6<br \/>\n<b>37.33<\/b> Ums\u00e1tur Jer 6.6; Esk 4.2; 26.8<br \/>\n<b>37.35<\/b> Drottinn frelsar Jes 30.19; 31.5; 38.6 \u2013 borg Drottins Jes 60.14; Slm 46.5; 48.9; 87.3; 101.8 \u2013 borg Dav\u00ed\u00f0s 2Sam 5.7,9; 6.10; Jes 29.1<br \/>\n<b>37.36<\/b> Jer\u00fasalem bjarga\u00f0 Jes 17.14; S\u00edr 48.21 \u2013 engill Drottins dey\u00f0ir 1M\u00f3s 19.13; 2M\u00f3s 12.23; 2Sam 24.16<\/div>\n","protected":false},"excerpt":{"rendered":"<p>1Og er Hisk\u00eda konungur heyr\u00f0i \u00feetta, reif hann kl\u00e6\u00f0i s\u00edn, huldi sig h\u00e6rusekk og gekk \u00ed h\u00fas Drottins.2En Eljak\u00edm dr\u00f3ttseta og S\u00e9bna kanslara og presta\u00f6ldungana sendi hann kl\u00e6dda h\u00e6rusekk til Jesaja Amozsonar sp\u00e1manns,3og skyldu \u00feeir segja vi\u00f0 hann: Svo segir Hisk\u00eda: \u00deessi dagur er ney\u00f0ar-, hirtingar- og h\u00e1\u00f0ungardagur, \u00fev\u00ed a\u00f0 barni\u00f0 er komi\u00f0 \u00ed bur\u00f0arli\u00f0inn, en krafturinn er enginn til a\u00f0 f\u00e6\u00f0a.4Vera m\u00e1, a\u00f0 Drottinn, Gu\u00f0 \u00feinn, heyri or\u00f0 marsk\u00e1lksins, er sendur er af Ass\u00fdr\u00edukonungi, herra s\u00ednum, til a\u00f0 spotta hinn lifandi Gu\u00f0, og l\u00e1ti hegnt ver\u00f0a \u00feeirra or\u00f0a, er Drottinn Gu\u00f0 \u00feinn hefir heyrt. En bi\u00f0 \u00fe\u00fa fyrir leifunum, <a href=\"https:\/\/biblian.is\/1981\/jesaja-37-kafli\/\"> [&#8230;]<\/a><\/p>\n","protected":false},"author":1,"featured_media":0,"parent":0,"menu_order":0,"comment_status":"open","ping_status":"open","template":"bibliukaflar.php","meta":{"footnotes":""},"class_list":["post-2063","page","type-page","status-publish","hentry"],"_links":{"self":[{"href":"https:\/\/biblian.is\/1981\/wp-json\/wp\/v2\/pages\/2063","targetHints":{"allow":["GET"]}}],"collection":[{"href":"https:\/\/biblian.is\/1981\/wp-json\/wp\/v2\/pages"}],"about":[{"href":"https:\/\/biblian.is\/1981\/wp-json\/wp\/v2\/types\/page"}],"author":[{"embeddable":true,"href":"https:\/\/biblian.is\/1981\/wp-json\/wp\/v2\/users\/1"}],"replies":[{"embeddable":true,"href":"https:\/\/biblian.is\/1981\/wp-json\/wp\/v2\/comments?post=2063"}],"version-history":[{"count":0,"href":"https:\/\/biblian.is\/1981\/wp-json\/wp\/v2\/pages\/2063\/revisions"}],"wp:attachment":[{"href":"https:\/\/biblian.is\/1981\/wp-json\/wp\/v2\/media?parent=2063"}],"curies":[{"name":"wp","href":"https:\/\/api.w.org\/{rel}","templated":true}]}}