{"id":2062,"date":"2017-11-18T20:19:56","date_gmt":"2017-11-18T20:19:56","guid":{"rendered":"http:\/\/biblian.is\/1981\/jesaja-36-kafli\/"},"modified":"2017-11-18T20:19:56","modified_gmt":"2017-11-18T20:19:56","slug":"jesaja-36-kafli","status":"publish","type":"page","link":"https:\/\/biblian.is\/1981\/jesaja-36-kafli\/","title":{"rendered":"Jesaja 36. kafli"},"content":{"rendered":"<p><a name=\"1\"><span class=\"versanumer\">1<\/span><\/a>Svo bar til \u00e1 fj\u00f3rt\u00e1nda r\u00edkis\u00e1ri Hisk\u00eda konungs, a\u00f0 Sanher\u00edb Ass\u00fdr\u00edukonungur f\u00f3r herf\u00f6r gegn \u00f6llum v\u00edggirtum borgum \u00ed J\u00fada og vann \u00fe\u00e6r.<a name=\"2\"><span class=\"versanumer\">2<\/span><\/a>\u00de\u00e1 sendi Ass\u00fdr\u00edukonungur marsk\u00e1lk sinn me\u00f0 miklu li\u00f0i fr\u00e1 Lak\u00eds til Jer\u00fasalem \u00e1 fund Hisk\u00eda konungs. Hann nam sta\u00f0ar hj\u00e1 vatnstokknum \u00far efri tj\u00f6rninni, vi\u00f0 veginn \u00fat \u00e1 bleikiv\u00f6llinn.<a name=\"3\"><span class=\"versanumer\">3<\/span><\/a>\u00de\u00e1 gengu \u00feeir \u00fat til hans Eljak\u00edm Hilk\u00edason dr\u00f3ttseti, S\u00e9bna kanslari og J\u00f3ak Asafsson r\u00edkisritari.<a name=\"4\"><span class=\"versanumer\">4<\/span><\/a>Og marsk\u00e1lkurinn m\u00e6lti til \u00feeirra: Segi\u00f0 Hisk\u00eda: Svo segir hinn mikli konungur, Ass\u00fdr\u00edukonungur: Hvert er \u00fea\u00f0 athvarf er \u00fe\u00fa treystir \u00e1?<a name=\"5\"><span class=\"versanumer\">5<\/span><\/a>Er \u00fe\u00fa r\u00e1\u00f0gj\u00f6rir herna\u00f0 og hyggur \u00feig fullstyrkan til, \u00fe\u00e1 er \u00fea\u00f0 munnfleipur eitt. \u00c1 hvern treystir \u00fe\u00fa \u00fe\u00e1 svo, a\u00f0 \u00fe\u00fa skulir hafa gj\u00f6rt uppreisn \u00ed gegn m\u00e9r?<a name=\"6\"><span class=\"versanumer\">6<\/span><\/a>Sj\u00e1, \u00fe\u00fa treystir \u00e1 \u00feennan brotna reyrstaf, \u00e1 Egyptaland, en hann stingst upp \u00ed h\u00f6ndina \u00e1 hverjum \u00feeim, er vi\u00f0 hann sty\u00f0st, og fer \u00ed gegnum hana. Sl\u00edkur er Fara\u00f3 Egyptalandskonungur \u00f6llum \u00feeim, er \u00e1 hann treysta.<a name=\"7\"><span class=\"versanumer\">7<\/span><\/a>Og segir \u00fe\u00fa vi\u00f0 mig: V\u00e9r treystum \u00e1 Drottin, Gu\u00f0 vorn, eru \u00fea\u00f0 \u00fe\u00e1 ekki f\u00f3rnarh\u00e6\u00f0ir hans og \u00f6lturu, sem Hisk\u00eda nam burt, er hann sag\u00f0i vi\u00f0 J\u00fada og Jer\u00fasalem: Fyrir \u00feessu eina altari skulu\u00f0 \u00fe\u00e9r fram falla?<a name=\"8\"><span class=\"versanumer\">8<\/span><\/a>Kom til og ve\u00f0ja vi\u00f0 herra minn, Ass\u00fdr\u00edukonunginn: \u00c9g skal f\u00e1 \u00fe\u00e9r tv\u00f6 \u00fe\u00fasund hesta, ef \u00fe\u00fa getur sett riddara \u00e1 \u00fe\u00e1.<a name=\"9\"><span class=\"versanumer\">9<\/span><\/a>Hvernig munt \u00fe\u00fa \u00fe\u00e1 f\u00e1 reki\u00f0 af h\u00f6ndum \u00fe\u00e9r einn h\u00f6fu\u00f0smann me\u00f0al hinna minnstu \u00fej\u00f3na herra m\u00edns? Og \u00fe\u00f3 treystir \u00fe\u00fa \u00e1 Egyptaland vegna hervagnanna og riddaranna!<a name=\"10\"><span class=\"versanumer\">10<\/span><\/a>Og hvort mun \u00e9g n\u00fa hafa fari\u00f0 til \u00feessa lands \u00e1n vilja Drottins til \u00feess a\u00f0 ey\u00f0a \u00fea\u00f0? Drottinn sag\u00f0i vi\u00f0 mig: Far \u00fe\u00fa inn \u00ed \u00feetta land og ey\u00f0 \u00fea\u00f0.<a name=\"11\"><span class=\"versanumer\">11<\/span><\/a>\u00de\u00e1 s\u00f6g\u00f0u \u00feeir Eljak\u00edm, S\u00e9bna og J\u00f3ak vi\u00f0 marsk\u00e1lk konungs: Tala \u00fe\u00fa vi\u00f0 \u00fej\u00f3na \u00fe\u00edna \u00e1 arame\u00edsku, \u00fev\u00ed a\u00f0 v\u00e9r skiljum hana, en tala eigi vi\u00f0 oss \u00e1 J\u00fada tungu \u00ed \u00e1heyrn f\u00f3lksins, sem uppi er \u00e1 borgarveggnum.<a name=\"12\"><span class=\"versanumer\">12<\/span><\/a>En marsk\u00e1lkurinn sag\u00f0i: Hefir herra minn sent mig til herra \u00fe\u00edns e\u00f0a til \u00fe\u00edn til \u00feess a\u00f0 flytja \u00feetta erindi? Hefir hann ekki sent mig til \u00feeirra manna, sem \u00fear sitja uppi \u00e1 borgarveggnum og eiga \u00feann kost fyrir h\u00f6ndum \u00e1samt me\u00f0 y\u00f0ur a\u00f0 eta sinn eiginn saur og drekka \u00fevag sitt?<a name=\"13\"><span class=\"versanumer\">13<\/span><\/a>\u00de\u00e1 gekk marsk\u00e1lkurinn fram og kalla\u00f0i h\u00e1rri r\u00f6ddu \u00e1 J\u00fada tungu og m\u00e6lti: Heyri\u00f0 or\u00f0 hins mikla konungs, Ass\u00fdr\u00edukonungs!<a name=\"14\"><span class=\"versanumer\">14<\/span><\/a>Svo segir konungurinn: L\u00e1ti\u00f0 eigi Hisk\u00eda t\u00e6la y\u00f0ur, \u00fev\u00ed a\u00f0 hann f\u00e6r ekki frelsa\u00f0 y\u00f0ur.<a name=\"15\"><span class=\"versanumer\">15<\/span><\/a>&#8222;Og l\u00e1ti\u00f0 eigi Hisk\u00eda koma y\u00f0ur til a\u00f0 treysta \u00e1 Drottin me\u00f0 \u00fev\u00ed a\u00f0 segja: Drottinn mun vissulega frelsa oss; \u00feessi borg skal ekki ver\u00f0a Ass\u00fdr\u00edukonungi \u00ed hendur seld.&#8220;<a name=\"16\"><span class=\"versanumer\">16<\/span><\/a>Hlusti\u00f0 eigi \u00e1 Hisk\u00eda! \u00dev\u00ed a\u00f0 svo segir Ass\u00fdr\u00edukonungur: Gj\u00f6ri\u00f0 fri\u00f0 vi\u00f0 mig og gangi\u00f0 m\u00e9r \u00e1 h\u00f6nd, \u00fe\u00e1 skal hver y\u00f0ar mega eta af s\u00ednum v\u00ednvi\u00f0i og s\u00ednu f\u00edkjutr\u00e9 og hver y\u00f0ar drekka vatn \u00far s\u00ednum brunni,<a name=\"17\"><span class=\"versanumer\">17<\/span><\/a>\u00fear til er \u00e9g kem og flyt y\u00f0ur \u00ed anna\u00f0 eins land og y\u00f0ar land, \u00ed kornland og aldinlagar, \u00ed brau\u00f0land og v\u00edngar\u00f0a.<a name=\"18\"><span class=\"versanumer\">18<\/span><\/a>L\u00e1ti\u00f0 eigi Hisk\u00eda ginna y\u00f0ur, er hann segir: Drottinn mun frelsa oss. Hefir nokkur af gu\u00f0um \u00fej\u00f3\u00f0anna frelsa\u00f0 land sitt undan hendi Ass\u00fdr\u00edukonungs?<a name=\"19\"><span class=\"versanumer\">19<\/span><\/a>Hvar eru gu\u00f0ir Hamatborgar og Arpadborgar? Hvar eru gu\u00f0ir Sefarva\u00edm? Hafa \u00feeir frelsa\u00f0 Samar\u00edu undan minni hendi?<a name=\"20\"><span class=\"versanumer\">20<\/span><\/a>Hverjir eru \u00feeir af \u00f6llum gu\u00f0um \u00feessara landa, er frelsa\u00f0 hafi l\u00f6nd s\u00edn undan minni hendi, svo a\u00f0 Drottinn skyldi f\u00e1 frelsa\u00f0 Jer\u00fasalem undan minni hendi?<a name=\"21\"><span class=\"versanumer\">21<\/span><\/a>En menn \u00fe\u00f6g\u00f0u og sv\u00f6ru\u00f0u honum engu or\u00f0i, \u00fev\u00ed a\u00f0 skipun konungs var \u00feessi: Svari\u00f0 honum eigi.<a name=\"22\"><span class=\"versanumer\">22<\/span><\/a>En \u00feeir Eljak\u00edm Hilk\u00edason dr\u00f3ttseti, S\u00e9bna kanslari og J\u00f3ak Asafsson r\u00edkisritari gengu \u00e1 fund Hisk\u00eda me\u00f0 sundurrifnum kl\u00e6\u00f0um og fluttu honum or\u00f0 marsk\u00e1lksins.<\/p>\n<div class=\"footnote1981\"><b>36.1<\/b> Herf\u00f6r Ass\u00fdringa Jes 7.17-20; 8.7-8<br \/>\n<b>36.2<\/b> Efri tj\u00f6rninni Jes 7.3; 2Kon 18.17<br \/>\n<b>36.3<\/b> Eljak\u00edm Jes 22.20-23 \u2013 Sebna Jes 22.15-19<br \/>\n<b>36.4<\/b> St\u00f3rkonungurinn H\u00f3s 5.13; 10.6 \u2013 or\u00f0 Ass\u00fdr\u00edukonungs Jes 10.8-14<br \/>\n<b>36.5<\/b> Uppresin His\u00edka 2Kon 18.7<br \/>\n<b>36.6<\/b> Traust til Egypta Jes 30.2-3; sbr 37.9 \u2013 gegn s\u00e1ttm\u00e1la vi\u00f0 Egypta Jes 18.2+<br \/>\n<b>36.7<\/b> H\u00e6\u00f0irnar afnumdar 2Kon 18.4<br \/>\n<b>36.9<\/b> Einn landstj\u00f3ra Jes 10.8 \u2013 vagnar og stj\u00f3rar Jes 31.1<br \/>\n<b>36.10<\/b> Ass\u00fdr\u00eda verkf\u00e6ri Drottins Jes 10.5+<br \/>\n<b>36.15<\/b> Jer\u00fasalem ekki framseld Jes 37.10<br \/>\n<b>36.16<\/b> V\u00ednvi\u00f0i, f\u00edkjutr\u00e9 H\u00f3s 2.14+<br \/>\n<b>36.17<\/b> Korn, v\u00ednberasafi &#8230; 5M\u00f3s 7.13; 11.14; 12.17; 14.23; H\u00f3s 2.10,24<br \/>\n<b>36.19<\/b> Hamat og Arpad Jes 10.9; 37.13 \u2013 Sefarva\u00edm 2Kon 17.24<br \/>\n<b>36.22<\/b> Sundurrifnum kl\u00e6\u00f0um Jes 37.1; 1M\u00f3s 37.29,34; 44.13; J\u00f3s 7.6; 2Sam 1.11 o.fl.<\/div>\n","protected":false},"excerpt":{"rendered":"<p>1Svo bar til \u00e1 fj\u00f3rt\u00e1nda r\u00edkis\u00e1ri Hisk\u00eda konungs, a\u00f0 Sanher\u00edb Ass\u00fdr\u00edukonungur f\u00f3r herf\u00f6r gegn \u00f6llum v\u00edggirtum borgum \u00ed J\u00fada og vann \u00fe\u00e6r.2\u00de\u00e1 sendi Ass\u00fdr\u00edukonungur marsk\u00e1lk sinn me\u00f0 miklu li\u00f0i fr\u00e1 Lak\u00eds til Jer\u00fasalem \u00e1 fund Hisk\u00eda konungs. Hann nam sta\u00f0ar hj\u00e1 vatnstokknum \u00far efri tj\u00f6rninni, vi\u00f0 veginn \u00fat \u00e1 bleikiv\u00f6llinn.3\u00de\u00e1 gengu \u00feeir \u00fat til hans Eljak\u00edm Hilk\u00edason dr\u00f3ttseti, S\u00e9bna kanslari og J\u00f3ak Asafsson r\u00edkisritari.4Og marsk\u00e1lkurinn m\u00e6lti til \u00feeirra: Segi\u00f0 Hisk\u00eda: Svo segir hinn mikli konungur, Ass\u00fdr\u00edukonungur: Hvert er \u00fea\u00f0 athvarf er \u00fe\u00fa treystir \u00e1?5Er \u00fe\u00fa r\u00e1\u00f0gj\u00f6rir herna\u00f0 og hyggur \u00feig fullstyrkan til, \u00fe\u00e1 er \u00fea\u00f0 munnfleipur eitt. \u00c1 hvern treystir <a href=\"https:\/\/biblian.is\/1981\/jesaja-36-kafli\/\"> [&#8230;]<\/a><\/p>\n","protected":false},"author":1,"featured_media":0,"parent":0,"menu_order":0,"comment_status":"open","ping_status":"open","template":"bibliukaflar.php","meta":{"footnotes":""},"class_list":["post-2062","page","type-page","status-publish","hentry"],"_links":{"self":[{"href":"https:\/\/biblian.is\/1981\/wp-json\/wp\/v2\/pages\/2062","targetHints":{"allow":["GET"]}}],"collection":[{"href":"https:\/\/biblian.is\/1981\/wp-json\/wp\/v2\/pages"}],"about":[{"href":"https:\/\/biblian.is\/1981\/wp-json\/wp\/v2\/types\/page"}],"author":[{"embeddable":true,"href":"https:\/\/biblian.is\/1981\/wp-json\/wp\/v2\/users\/1"}],"replies":[{"embeddable":true,"href":"https:\/\/biblian.is\/1981\/wp-json\/wp\/v2\/comments?post=2062"}],"version-history":[{"count":0,"href":"https:\/\/biblian.is\/1981\/wp-json\/wp\/v2\/pages\/2062\/revisions"}],"wp:attachment":[{"href":"https:\/\/biblian.is\/1981\/wp-json\/wp\/v2\/media?parent=2062"}],"curies":[{"name":"wp","href":"https:\/\/api.w.org\/{rel}","templated":true}]}}