{"id":2061,"date":"2017-11-18T20:19:56","date_gmt":"2017-11-18T20:19:56","guid":{"rendered":"http:\/\/biblian.is\/1981\/jesaja-35-kafli\/"},"modified":"2017-11-18T20:19:56","modified_gmt":"2017-11-18T20:19:56","slug":"jesaja-35-kafli","status":"publish","type":"page","link":"https:\/\/biblian.is\/1981\/jesaja-35-kafli\/","title":{"rendered":"Jesaja 35. kafli"},"content":{"rendered":"<p><a name=\"1\"><span class=\"versanumer\">1<\/span><\/a>Ey\u00f0im\u00f6rkin og hi\u00f0 \u00feurra landi\u00f0 skulu gle\u00f0jast, \u00f6r\u00e6fin skulu fagna og bl\u00f3mgast sem lilja.<a name=\"2\"><span class=\"versanumer\">2<\/span><\/a>\u00deau skulu bl\u00f3mgast r\u00edkulega og fagna af una\u00f0i og gle\u00f0i. Vegsemd L\u00edbanons skal veitast \u00feeim, pr\u00fd\u00f0i Karmels og Sarons. \u00deau skulu f\u00e1 a\u00f0 sj\u00e1 vegsemd Drottins og pr\u00fd\u00f0i Gu\u00f0s vors.<a name=\"3\"><span class=\"versanumer\">3<\/span><\/a>St\u00e6li\u00f0 hinar m\u00e1ttvana hendur, styrki\u00f0 hin skj\u00f6grandi kn\u00e9!<a name=\"4\"><span class=\"versanumer\">4<\/span><\/a>Segi\u00f0 hinum \u00edst\u00f6\u00f0ulausu: Veri\u00f0 hughraustir, \u00f3ttist eigi! Sj\u00e1, h\u00e9r er Gu\u00f0 y\u00f0ar! Hefndin kemur, endurgjald fr\u00e1 Gu\u00f0i! Hann kemur sj\u00e1lfur og frelsar y\u00f0ur.<a name=\"5\"><span class=\"versanumer\">5<\/span><\/a>\u00de\u00e1 munu augu hinna blindu upp l\u00fakast og opnast eyru hinna daufu.<a name=\"6\"><span class=\"versanumer\">6<\/span><\/a>\u00de\u00e1 mun hinn halti l\u00e9tta s\u00e9r sem hj\u00f6rtur og tunga hins m\u00e1llausa fagna lofsyngjandi, \u00fev\u00ed a\u00f0 vatnslindir spretta upp \u00ed ey\u00f0im\u00f6rkinni og l\u00e6kir \u00e1 \u00f6r\u00e6funum.<a name=\"7\"><span class=\"versanumer\">7<\/span><\/a>S\u00f3lbrunnar au\u00f0nir skulu ver\u00f0a a\u00f0 tj\u00f6rnum og \u00feurrar lendur a\u00f0 uppsprettum. \u00dear sem sjakalar h\u00f6f\u00f0ust \u00e1\u00f0ur vi\u00f0, \u00ed b\u00e6lum \u00feeirra, skal ver\u00f0a gr\u00f3\u00f0rarreitur fyrir sef og reyr.<a name=\"8\"><span class=\"versanumer\">8<\/span><\/a>\u00dear skal ver\u00f0a braut og vegur. S\u00fa braut skal kallast brautin helga. Enginn sem \u00f3hreinn er, skal hana ganga. H\u00fan er fyrir \u00fe\u00e1 eina. Enginn sem hana fer, mun villast, jafnvel ekki f\u00e1r\u00e1\u00f0lingar.<a name=\"9\"><span class=\"versanumer\">9<\/span><\/a>\u00dear skal ekkert lj\u00f3n vera, og ekkert glefsandi d\u00fdr skal \u00fear um fara, eigi hittast \u00fear. En hinir endurleystu skulu ganga \u00fear.<a name=\"10\"><span class=\"versanumer\">10<\/span><\/a>Hinir endurkeyptu Drottins skulu aftur hverfa. \u00deeir koma me\u00f0 f\u00f6gnu\u00f0i til S\u00edonar, og eil\u00edf gle\u00f0i skal leika yfir h\u00f6f\u00f0i \u00feeim. F\u00f6gnu\u00f0ur og gle\u00f0i skal fylgja \u00feeim, en hrygg\u00f0 og andvarpan fl\u00fdja.<\/p>\n<div class=\"footnote1981\"><b>35.1<\/b> Ey\u00f0im\u00f6rkin, skr\u00e6lna\u00f0 land Jes 41.18-19<br \/>\n<b>35.2<\/b> L\u00edbanon, Karmel, Saron Jes 33.9 \u2013 vegsemd Gu\u00f0s vors Jes 40.5; 2M\u00f3s 16.10<br \/>\n<b>35.3<\/b> M\u00e1ttvana &#8230; styrki\u00f0 Jes 40.29-30<br \/>\n<b>35.4<\/b> Hughreysta \u00fe\u00e1 sem brestur kjark Jes 7.2-4 \u2013 hefnd, endurgjald Jes 34.8; 40.10<br \/>\n<b>35.5<\/b> Daufir heyra Jes 29.18<br \/>\n<b>35.8<\/b> Braut Jes 11.16; 43.19; 49.11 \u2013 vegurinn helgi Jes 40.3; 62.10-12 \u2013 \u00f3hreinn Jes 52.1<br \/>\n<b>35.10<\/b> Sbr Jes 51.11 \u2013 hinir herleiddu sn\u00faa heim Jes 27.13 \u2013 fagna\u00f0ar\u00f3p Jes 30.29; 61.3<\/div>\n","protected":false},"excerpt":{"rendered":"<p>1Ey\u00f0im\u00f6rkin og hi\u00f0 \u00feurra landi\u00f0 skulu gle\u00f0jast, \u00f6r\u00e6fin skulu fagna og bl\u00f3mgast sem lilja.2\u00deau skulu bl\u00f3mgast r\u00edkulega og fagna af una\u00f0i og gle\u00f0i. Vegsemd L\u00edbanons skal veitast \u00feeim, pr\u00fd\u00f0i Karmels og Sarons. \u00deau skulu f\u00e1 a\u00f0 sj\u00e1 vegsemd Drottins og pr\u00fd\u00f0i Gu\u00f0s vors.3St\u00e6li\u00f0 hinar m\u00e1ttvana hendur, styrki\u00f0 hin skj\u00f6grandi kn\u00e9!4Segi\u00f0 hinum \u00edst\u00f6\u00f0ulausu: Veri\u00f0 hughraustir, \u00f3ttist eigi! Sj\u00e1, h\u00e9r er Gu\u00f0 y\u00f0ar! Hefndin kemur, endurgjald fr\u00e1 Gu\u00f0i! Hann kemur sj\u00e1lfur og frelsar y\u00f0ur.5\u00de\u00e1 munu augu hinna blindu upp l\u00fakast og opnast eyru hinna daufu.6\u00de\u00e1 mun hinn halti l\u00e9tta s\u00e9r sem hj\u00f6rtur og tunga hins m\u00e1llausa fagna lofsyngjandi, \u00fev\u00ed a\u00f0 vatnslindir spretta <a href=\"https:\/\/biblian.is\/1981\/jesaja-35-kafli\/\"> [&#8230;]<\/a><\/p>\n","protected":false},"author":1,"featured_media":0,"parent":0,"menu_order":0,"comment_status":"open","ping_status":"open","template":"bibliukaflar.php","meta":{"footnotes":""},"class_list":["post-2061","page","type-page","status-publish","hentry"],"_links":{"self":[{"href":"https:\/\/biblian.is\/1981\/wp-json\/wp\/v2\/pages\/2061","targetHints":{"allow":["GET"]}}],"collection":[{"href":"https:\/\/biblian.is\/1981\/wp-json\/wp\/v2\/pages"}],"about":[{"href":"https:\/\/biblian.is\/1981\/wp-json\/wp\/v2\/types\/page"}],"author":[{"embeddable":true,"href":"https:\/\/biblian.is\/1981\/wp-json\/wp\/v2\/users\/1"}],"replies":[{"embeddable":true,"href":"https:\/\/biblian.is\/1981\/wp-json\/wp\/v2\/comments?post=2061"}],"version-history":[{"count":0,"href":"https:\/\/biblian.is\/1981\/wp-json\/wp\/v2\/pages\/2061\/revisions"}],"wp:attachment":[{"href":"https:\/\/biblian.is\/1981\/wp-json\/wp\/v2\/media?parent=2061"}],"curies":[{"name":"wp","href":"https:\/\/api.w.org\/{rel}","templated":true}]}}