{"id":2059,"date":"2017-11-18T20:19:56","date_gmt":"2017-11-18T20:19:56","guid":{"rendered":"http:\/\/biblian.is\/1981\/jesaja-33-kafli\/"},"modified":"2017-11-18T20:19:56","modified_gmt":"2017-11-18T20:19:56","slug":"jesaja-33-kafli","status":"publish","type":"page","link":"https:\/\/biblian.is\/1981\/jesaja-33-kafli\/","title":{"rendered":"Jesaja 33. kafli"},"content":{"rendered":"<p><a name=\"1\"><span class=\"versanumer\">1<\/span><\/a>Vei \u00fe\u00e9r, sem ey\u00f0ir, og hefir \u00fe\u00f3 sj\u00e1lfur eigi fyrir ey\u00f0ingu or\u00f0i\u00f0, sem r\u00e6nir, og hefir \u00fe\u00f3 eigi r\u00e6ndur veri\u00f0! \u00deegar \u00fe\u00fa hefir loki\u00f0 ey\u00f0ingunni, skalt \u00fe\u00fa fyrir ey\u00f0ingu ver\u00f0a, \u00feegar \u00fe\u00fa ert h\u00e6ttur a\u00f0 r\u00e6na, skalt \u00fe\u00fa r\u00e6ndur ver\u00f0a.<a name=\"2\"><span class=\"versanumer\">2<\/span><\/a>Drottinn, ver \u00fe\u00fa oss l\u00edknsamur! V\u00e9r vonum \u00e1 \u00feig. Ver \u00fe\u00fa styrkur vor \u00e1 hverjum morgni og hj\u00e1lpr\u00e6\u00f0i vort \u00e1 ney\u00f0arinnar t\u00edma.<a name=\"3\"><span class=\"versanumer\">3<\/span><\/a>Fyrir hinum dynjandi gn\u00fd fl\u00fdja \u00fej\u00f3\u00f0irnar. \u00deegar \u00fe\u00fa r\u00eds upp, tv\u00edstrast hei\u00f0ingjarnir.<a name=\"4\"><span class=\"versanumer\">4<\/span><\/a>\u00de\u00e1 mun herfangi ver\u00f0a safna\u00f0, eins og \u00feegar engisprettur eru a\u00f0 t\u00edna, menn munu st\u00f6kkva \u00e1 \u00fea\u00f0, eins og \u00feegar jar\u00f0vargar st\u00f6kkva.<a name=\"5\"><span class=\"versanumer\">5<\/span><\/a>H\u00e1r er Drottinn, \u00fev\u00ed a\u00f0 hann b\u00fdr \u00e1 h\u00e6\u00f0um, hann fyllir S\u00edon r\u00e9ttindum og r\u00e9ttl\u00e6ti.<a name=\"6\"><span class=\"versanumer\">6<\/span><\/a>\u00d6rugga t\u00edma skalt \u00fe\u00fa hlj\u00f3ta, g\u00e6fufj\u00e1rsj\u00f3\u00f0 \u00e1tt \u00fe\u00fa \u00ed visku og \u00feekkingu. \u00d3tti Drottins er au\u00f0ur l\u00fd\u00f0sins.<a name=\"7\"><span class=\"versanumer\">7<\/span><\/a>Sj\u00e1, kapparnir kveina \u00fati fyrir, fri\u00f0arbo\u00f0arnir gr\u00e1ta beisklega.<a name=\"8\"><span class=\"versanumer\">8<\/span><\/a>\u00dej\u00f3\u00f0vegirnir eru ey\u00f0ilag\u00f0ir, mannafer\u00f0ir h\u00e6ttar. Menn rj\u00fafa s\u00e1ttm\u00e1lann, fyrirl\u00edta vitnin og vir\u00f0a n\u00e1ungann vettugi.<a name=\"9\"><span class=\"versanumer\">9<\/span><\/a>Landi\u00f0 s\u00fdtir og visnar, L\u00edbanon blyg\u00f0ast s\u00edn og skr\u00e6lnar, Saronsl\u00e9ttan er or\u00f0in eins og ey\u00f0im\u00f6rk, Basan og Karmel fella laufi\u00f0.<a name=\"10\"><span class=\"versanumer\">10<\/span><\/a>N\u00fa vil \u00e9g upp r\u00edsa, segir Drottinn, n\u00fa vil \u00e9g l\u00e1ta til m\u00edn taka, n\u00fa vil \u00e9g hefjast handa.<a name=\"11\"><span class=\"versanumer\">11<\/span><\/a>\u00de\u00e9r gangi\u00f0 me\u00f0 hey og ali\u00f0 h\u00e1lm, andgustur y\u00f0ar er eldur, sem ey\u00f0a mun sj\u00e1lfum y\u00f0ur.<a name=\"12\"><span class=\"versanumer\">12<\/span><\/a>\u00dej\u00f3\u00f0irnar munu brenndar ver\u00f0a a\u00f0 kalki, \u00fe\u00e6r munu ver\u00f0a sem upph\u00f6ggnir \u00feyrnar, sem brenndir eru \u00ed eldi.<a name=\"13\"><span class=\"versanumer\">13<\/span><\/a>Heyri\u00f0, \u00fe\u00e9r sem fjarl\u00e6gir eru\u00f0, hva\u00f0 \u00e9g hefi gj\u00f6rt, og sj\u00e1i\u00f0, \u00fe\u00e9r sem n\u00e1l\u00e6gir eru\u00f0, kraft minn!<a name=\"14\"><span class=\"versanumer\">14<\/span><\/a>Syndararnir \u00ed S\u00edon eru hr\u00e6ddir, skelfing hefir gagnteki\u00f0 gu\u00f0leysingjana: Hver af oss m\u00e1 b\u00faa vi\u00f0 ey\u00f0andi eld, hver af oss m\u00e1 b\u00faa vi\u00f0 eil\u00edft b\u00e1l?<a name=\"15\"><span class=\"versanumer\">15<\/span><\/a>S\u00e1 sem fram gengur r\u00e9ttv\u00edslega og talar af hreinskilni, s\u00e1 sem hafnar \u00feeim \u00e1vinningi, sem fenginn er me\u00f0 ofr\u00edki, s\u00e1 sem hristir m\u00fatugjafir af h\u00f6ndum s\u00e9r, s\u00e1 sem byrgir fyrir eyru s\u00edn til \u00feess a\u00f0 heyra eigi mor\u00f0 r\u00e1\u00f0in, s\u00e1 sem afturlykur augum s\u00ednum til \u00feess a\u00f0 horfa eigi \u00e1 \u00fea\u00f0, sem illt er,<a name=\"16\"><span class=\"versanumer\">16<\/span><\/a>hann skal b\u00faa uppi \u00e1 h\u00e6\u00f0unum. Hamraborgirnar skulu vera v\u00edgi hans, brau\u00f0i\u00f0 skal ver\u00f0a f\u00e6rt honum og vatni\u00f0 handa honum skal eigi \u00feverra.<a name=\"17\"><span class=\"versanumer\">17<\/span><\/a>Augu \u00fe\u00edn skulu sj\u00e1 konunginn \u00ed lj\u00f3ma s\u00ednum, \u00feau skulu horfa \u00e1 v\u00ed\u00f0\u00e1ttumiki\u00f0 land.<a name=\"18\"><span class=\"versanumer\">18<\/span><\/a>Hjarta \u00feitt mun hugsa til skelfingart\u00edmans: Hvar er n\u00fa s\u00e1, er silfri\u00f0 taldi? Hvar er s\u00e1, er v\u00f3 \u00fea\u00f0? Hvar er s\u00e1, sem taldi turnana?<a name=\"19\"><span class=\"versanumer\">19<\/span><\/a>\u00de\u00fa skalt ekki framar sj\u00e1 hina ofstopafullu \u00fej\u00f3\u00f0, sem talar svo \u00f3gl\u00f6ggt m\u00e1l, a\u00f0 ekki ver\u00f0ur numi\u00f0, og svo \u00f3skilmerkilega tungu, a\u00f0 enginn f\u00e6r skili\u00f0.<a name=\"20\"><span class=\"versanumer\">20<\/span><\/a>L\u00edt \u00fe\u00fa \u00e1 S\u00edon, borg samfunda vorra! Augu \u00fe\u00edn skulu horfa \u00e1 Jer\u00fasalem, b\u00fasta\u00f0inn \u00f6rugga, tjaldi\u00f0, sem eigi er flutt \u00far sta\u00f0, h\u00e6lum \u00feess eigi kippt upp og ekkert af st\u00f6gum \u00feess sliti\u00f0.<a name=\"21\"><span class=\"versanumer\">21<\/span><\/a>Nei, hinn m\u00e1ttki, Drottinn, er \u00fear oss til varnar, eins og flj\u00f3t og brei\u00f0 vatnsf\u00f6ll, \u00fear sem engin r\u00f3\u00f0rarskip geta gengi\u00f0 og engin tignarleg langskip um fari\u00f0.<a name=\"22\"><span class=\"versanumer\">22<\/span><\/a>Drottinn er vor d\u00f3mari, Drottinn er vor l\u00f6ggjafi, Drottinn er vor konungur, hann mun frelsa oss.<a name=\"23\"><span class=\"versanumer\">23<\/span><\/a>St\u00f6gin eru sl\u00f6k hj\u00e1 \u00fe\u00e9r, \u00feau halda ekki siglunni \u00ed skor\u00f0um og geta eigi \u00feani\u00f0 \u00fat segli\u00f0. \u00de\u00e1 skal mikilli br\u00e1\u00f0 og herfangi skipt ver\u00f0a, jafnvel haltir menn skulu r\u00e6na.<a name=\"24\"><span class=\"versanumer\">24<\/span><\/a>Og enginn borgarb\u00fai mun segja: \u00c9g er sj\u00fakur. F\u00f3lki\u00f0, sem \u00fear b\u00fdr, hefir fengi\u00f0 fyrirgefning misgj\u00f6r\u00f0a sinna.<\/p>\n<div class=\"footnote1981\"><b>33.2<\/b> Vertu oss n\u00e1\u00f0ugur Jes 30.18-19; Slm 67.2; 123.3 \u2013 v\u00e9r vonum \u00e1 \u00feig Jes 25.9; Slm 33.22 \u2013 hj\u00e1lp vor Jes 12.2-3; 26.1; Slm 46.2 \u2013 \u00e1 ney\u00f0art\u00edma Slm 77.3+<br \/>\n<b>33.3<\/b> Tv\u00edstrast Jes 17.13; 4M\u00f3s 10.35; Slm 68.2<br \/>\n<b>33.5<\/b> H\u00e1r Jes 2.11,17 \u2013 r\u00e9ttur og r\u00e9ttl\u00e6ti Jes 1.27; 32.1<br \/>\n<b>33.6<\/b> V\u00edsd\u00f3mur, \u00f3tti Drottins Jes 11.2; Slm 111.10+<br \/>\n<b>33.8<\/b> S\u00e1ttm\u00e1linn rofinn Jes 24.5<br \/>\n<b>33.9<\/b> Land \u00ed sorg Jes 24.4 \u2013 L\u00edbanon Jes 2.13+ ; 37.24 \u2013 Saron Jes 35.2; 65.10; 1Kor 27.29 \u2013 Basan Jes 2.13+ ; Esk 39.18; Slm 22.13; 68.16 \u2013 Karmel Nah 1.4<br \/>\n<b>33.10<\/b> Drottinn r\u00eds upp Slm 12.6<br \/>\n<b>33.11<\/b> F\u00e6\u00f0a h\u00e1lm Jes 26.18; 59.4; Slm 7.15<br \/>\n<b>33.12<\/b> Brenndar Jes 1.31; 9.1-18; sbr Am 2.1 \u2013 \u00feyrnar Jes 5.6+ ; brenndir \u00ed eldi Jes 10.16-17<br \/>\n<b>33.13<\/b> Fjarl\u00e6gir Jes 49.1 \u2013 og n\u00e1l\u00e6gir Jes 57.19<br \/>\n<b>33.14<\/b> Hver getur leita\u00f0 &#8230; ? Slm 15.1; 24.3; sbr Slm 34.13 \u2013 ey\u00f0andi eld Jes 4.5; 30.27; 31.9; 5M\u00f3s 9.3<br \/>\n<b>33.15<\/b> S\u00e1 sem &#8230; Slm 15.2-5; 24.4; sbr Esk 18.5-9; 22.6-16; Slm 118.19-20 \u2013 m\u00fatur sbr Jes 1.23; 5.23; Slm 15.5 \u2013 heyra ekki &#8230; Okv 1.10-16<br \/>\n<b>33.18<\/b> Skelfingart\u00edmi Jes 37.1-6<br \/>\n<b>33.19<\/b> \u00d3lj\u00f3st m\u00e1l Jes 28.11<br \/>\n<b>33.20<\/b> S\u00edon, borg h\u00e1t\u00ed\u00f0a Jes 30.29 \u2013 og st\u00f6\u00f0ugleikans Slm 122.1-4; sbr Jes 32.18; Slm 46.6<br \/>\n<b>33.21<\/b> Hinn voldugi, Drottinn Jes 12.6 \u2013 vatnsf\u00f6ll Jes 12.3; Esk 47.1-12; Slm 46.5<br \/>\n<b>33.22<\/b> Drottinn er d\u00f3mari vor Jes 2.4; Slm 50.6 \u2013 konungur vor Jes 6.5; Slm 93.1 \u2013 frelsar Jes 12.2; 25.9<br \/>\n<b>33.23<\/b> Herfangi skipt Jes 9.2<br \/>\n<b>33.24<\/b> Syndir fyrirgefnar M\u00edk 7.18-19<\/div>\n","protected":false},"excerpt":{"rendered":"<p>1Vei \u00fe\u00e9r, sem ey\u00f0ir, og hefir \u00fe\u00f3 sj\u00e1lfur eigi fyrir ey\u00f0ingu or\u00f0i\u00f0, sem r\u00e6nir, og hefir \u00fe\u00f3 eigi r\u00e6ndur veri\u00f0! \u00deegar \u00fe\u00fa hefir loki\u00f0 ey\u00f0ingunni, skalt \u00fe\u00fa fyrir ey\u00f0ingu ver\u00f0a, \u00feegar \u00fe\u00fa ert h\u00e6ttur a\u00f0 r\u00e6na, skalt \u00fe\u00fa r\u00e6ndur ver\u00f0a.2Drottinn, ver \u00fe\u00fa oss l\u00edknsamur! V\u00e9r vonum \u00e1 \u00feig. Ver \u00fe\u00fa styrkur vor \u00e1 hverjum morgni og hj\u00e1lpr\u00e6\u00f0i vort \u00e1 ney\u00f0arinnar t\u00edma.3Fyrir hinum dynjandi gn\u00fd fl\u00fdja \u00fej\u00f3\u00f0irnar. \u00deegar \u00fe\u00fa r\u00eds upp, tv\u00edstrast hei\u00f0ingjarnir.4\u00de\u00e1 mun herfangi ver\u00f0a safna\u00f0, eins og \u00feegar engisprettur eru a\u00f0 t\u00edna, menn munu st\u00f6kkva \u00e1 \u00fea\u00f0, eins og \u00feegar jar\u00f0vargar st\u00f6kkva.5H\u00e1r er Drottinn, \u00fev\u00ed a\u00f0 hann b\u00fdr \u00e1 <a href=\"https:\/\/biblian.is\/1981\/jesaja-33-kafli\/\"> [&#8230;]<\/a><\/p>\n","protected":false},"author":1,"featured_media":0,"parent":0,"menu_order":0,"comment_status":"open","ping_status":"open","template":"bibliukaflar.php","meta":{"footnotes":""},"class_list":["post-2059","page","type-page","status-publish","hentry"],"_links":{"self":[{"href":"https:\/\/biblian.is\/1981\/wp-json\/wp\/v2\/pages\/2059","targetHints":{"allow":["GET"]}}],"collection":[{"href":"https:\/\/biblian.is\/1981\/wp-json\/wp\/v2\/pages"}],"about":[{"href":"https:\/\/biblian.is\/1981\/wp-json\/wp\/v2\/types\/page"}],"author":[{"embeddable":true,"href":"https:\/\/biblian.is\/1981\/wp-json\/wp\/v2\/users\/1"}],"replies":[{"embeddable":true,"href":"https:\/\/biblian.is\/1981\/wp-json\/wp\/v2\/comments?post=2059"}],"version-history":[{"count":0,"href":"https:\/\/biblian.is\/1981\/wp-json\/wp\/v2\/pages\/2059\/revisions"}],"wp:attachment":[{"href":"https:\/\/biblian.is\/1981\/wp-json\/wp\/v2\/media?parent=2059"}],"curies":[{"name":"wp","href":"https:\/\/api.w.org\/{rel}","templated":true}]}}