{"id":2058,"date":"2017-11-18T20:19:56","date_gmt":"2017-11-18T20:19:56","guid":{"rendered":"http:\/\/biblian.is\/1981\/jesaja-32-kafli\/"},"modified":"2017-11-18T20:19:56","modified_gmt":"2017-11-18T20:19:56","slug":"jesaja-32-kafli","status":"publish","type":"page","link":"https:\/\/biblian.is\/1981\/jesaja-32-kafli\/","title":{"rendered":"Jesaja 32. kafli"},"content":{"rendered":"<p><a name=\"1\"><span class=\"versanumer\">1<\/span><\/a>\u00deegar konungurinn r\u00edkir me\u00f0 r\u00e9ttl\u00e6ti og h\u00f6f\u00f0ingjarnir stj\u00f3rna me\u00f0 r\u00e9ttv\u00edsi,<a name=\"2\"><span class=\"versanumer\">2<\/span><\/a>\u00fe\u00e1 ver\u00f0ur hver \u00feeirra sem hl\u00e9 fyrir vindi og skj\u00f3l fyrir sk\u00farum, sem vatnsl\u00e6kir \u00ed \u00f6r\u00e6fum, sem skuggi af st\u00f3rum hamri \u00ed vatnslausu landi.<a name=\"3\"><span class=\"versanumer\">3<\/span><\/a>\u00de\u00e1 eru augu hinna sj\u00e1andi eigi afturlukt, og \u00fe\u00e1 hlusta eyru \u00feeirra, sem heyrandi eru.<a name=\"4\"><span class=\"versanumer\">4<\/span><\/a>Hj\u00f6rtu hinna g\u00e1lausu munu l\u00e6ra hyggindi og tunga hinna m\u00e1llausu tala li\u00f0ugt og sk\u00fdrt.<a name=\"5\"><span class=\"versanumer\">5<\/span><\/a>\u00de\u00e1 ver\u00f0ur heimskinginn eigi framar kalla\u00f0ur g\u00f6fugmenni og hinn undirf\u00f6ruli eigi sag\u00f0ur veglyndur.<a name=\"6\"><span class=\"versanumer\">6<\/span><\/a>Heimskinginn talar heimsku og hjarta hans b\u00fdr m\u00f6nnum \u00f3g\u00e6fu, me\u00f0 \u00fev\u00ed a\u00f0 hann breytir \u00f3gu\u00f0lega og talar villu gegn Drottni, l\u00e6tur hinn hungra\u00f0a vera svangan og gefur eigi \u00feyrstum manni vatnsdrykk.<a name=\"7\"><span class=\"versanumer\">7<\/span><\/a>Vopn hins undirf\u00f6rula eru ska\u00f0v\u00e6nleg. Hann hugsar upp pretti til \u00feess a\u00f0 koma hinum umkomulausa \u00e1 kn\u00e9 me\u00f0 lygar\u00e6\u00f0um, og \u00fea\u00f0 jafnvel \u00fe\u00f3tt hinn f\u00e1t\u00e6ki sanni r\u00e9tt sinn.<a name=\"8\"><span class=\"versanumer\">8<\/span><\/a>En g\u00f6fugmenni\u00f0 hefir g\u00f6fugleg \u00e1form og stendur st\u00f6\u00f0ugur \u00ed \u00fev\u00ed, sem g\u00f6fuglegt er.<a name=\"9\"><span class=\"versanumer\">9<\/span><\/a>\u00de\u00e9r \u00e1hyggjulausu konur, standi\u00f0 upp og heyri\u00f0 raust m\u00edna! \u00de\u00e9r ugglausu d\u00e6tur, gefi\u00f0 gaum a\u00f0 r\u00e6\u00f0u minni:<a name=\"10\"><span class=\"versanumer\">10<\/span><\/a>Eftir \u00e1r og daga skulu \u00fe\u00e9r hinar ugglausu skelfast, \u00fev\u00ed a\u00f0 v\u00ednberjatekjan bregst og aldintekja ver\u00f0ur engin.<a name=\"11\"><span class=\"versanumer\">11<\/span><\/a>Hr\u00e6\u00f0ist, \u00fe\u00e9r hinar \u00e1hyggjulausu! Skelfist, \u00fe\u00e9r hinar ugglausu! Fari\u00f0 af kl\u00e6\u00f0um og veri\u00f0 naktar, gyr\u00f0i\u00f0 h\u00e6rusekk um lendar y\u00f0ar,<a name=\"12\"><span class=\"versanumer\">12<\/span><\/a>beri\u00f0 y\u00f0ur h\u00f6rmulega vegna akranna, vegna hinna yndislegu akra, vegna hins frj\u00f3sama v\u00ednvi\u00f0ar,<a name=\"13\"><span class=\"versanumer\">13<\/span><\/a>vegna akurlendis \u00fej\u00f3\u00f0ar minnar \u00fear sem vaxa munu \u00feyrnar og \u00feistlar, j\u00e1 vegna allra gla\u00f0v\u00e6r\u00f0arh\u00fasanna \u00ed hinni glaummiklu borg!<a name=\"14\"><span class=\"versanumer\">14<\/span><\/a>\u00dev\u00ed a\u00f0 hallirnar munu ver\u00f0a mannau\u00f0ar og h\u00e1va\u00f0i borgarinnar hverfa. Borgarh\u00e6\u00f0in og var\u00f0turninn ver\u00f0a hellar um aldur og \u00e6vi, sk\u00f3gar\u00f6snum til skemmtunar og hj\u00f6r\u00f0um til hagbeitar<a name=\"15\"><span class=\"versanumer\">15<\/span><\/a>uns \u00fathellt ver\u00f0ur yfir oss anda af h\u00e6\u00f0um. \u00de\u00e1 skal ey\u00f0im\u00f6rkin ver\u00f0a a\u00f0 aldingar\u00f0i og aldingar\u00f0ur talinn ver\u00f0a kjarrsk\u00f3gur,<a name=\"16\"><span class=\"versanumer\">16<\/span><\/a>r\u00e9ttv\u00edsin festa bygg\u00f0 \u00ed ey\u00f0im\u00f6rkinni og r\u00e9ttl\u00e6ti\u00f0 taka s\u00e9r b\u00f3lfestu \u00ed aldingar\u00f0inum.<a name=\"17\"><span class=\"versanumer\">17<\/span><\/a>Og \u00e1v\u00f6xtur r\u00e9ttl\u00e6tisins skal vera fri\u00f0ur, og \u00e1rangur r\u00e9ttl\u00e6tisins r\u00f3semi og \u00f6ruggleiki a\u00f0 eil\u00edfu.<a name=\"18\"><span class=\"versanumer\">18<\/span><\/a>\u00de\u00e1 skal \u00fej\u00f3\u00f0 m\u00edn b\u00faa \u00ed heimkynni fri\u00f0arins, \u00ed h\u00edb\u00fdlum \u00f6ruggleikans og \u00ed r\u00f3s\u00f6mum b\u00fast\u00f6\u00f0um.<a name=\"19\"><span class=\"versanumer\">19<\/span><\/a>En hegla mun \u00feegar sk\u00f3gurinn hrynur og borgin steypist.<a name=\"20\"><span class=\"versanumer\">20<\/span><\/a>S\u00e6lir eru\u00f0 \u00fe\u00e9r, sem alls sta\u00f0ar s\u00e1i\u00f0 vi\u00f0 v\u00f6tn og l\u00e1ti\u00f0 uxa og asna ganga sj\u00e1lfala.<\/p>\n<div class=\"footnote1981\"><b>32.1<\/b> Me\u00f0 r\u00e9ttl\u00e6ti Jes 9.6; 11.4; Jer 23.5-6 \u2013 samkv\u00e6mt l\u00f6gum Jes 1.21-27; 28.6<br \/>\n<b>32.2<\/b> Hl\u00e9 Jes 16.4; 25.4<br \/>\n<b>32.3<\/b> Sj\u00e1andi augu, heyrandi eyru Jes 35.5; sbr Jes 6.10<br \/>\n<b>32.4<\/b> G\u00e1lausu Jes 35.4 \u2013 stamandi tunga Jes 35.6<br \/>\n<b>32.5<\/b> D\u00e6mdir a\u00f0 ver\u00f0leikum Jes 5.20<br \/>\n<b>32.6<\/b> Heimskinginn talar heimsku Okv 15.2<br \/>\n<b>32.7<\/b> Sv\u00edvir\u00f0ileg r\u00e1\u00f0 M\u00edk 2.1 \u2013 umkomulausa Jes 29.20-21<br \/>\n<b>32.9<\/b> \u00c1hyggjulausu konur Jes 3.16-24; Am 6.1<br \/>\n<b>32.11<\/b> Standi\u00f0 naktar Jes 20.2; M\u00edk 1.8 \u2013 gyr\u00f0a h\u00e6rusekk Jes 15.3; 22.12; 37.1-2; Jer 4.8; 6.26 o.fl.<br \/>\n<b>32.12<\/b> Bera sig h\u00f6rmulega L\u00fak 23.48 \u2013 harmakvein Jes 16.9; 28.1; sbr Opb 18.9-19<br \/>\n<b>32.13<\/b> \u00deyrnar og \u00feistlar Jes 5.6+ &#8211; glaummiklu borg Jes 22.2+<br \/>\n<b>32.14<\/b> Yfirgefin borg Jes 24.10-11 \u2013 virkish\u00e6\u00f0in 2Kro 27.3; Neh 3.27 \u2013 haglendi Jes 7.25+<br \/>\n<b>32.15<\/b> Andanum \u00fathellt Jes 11.2; 44.3; Esk 37.9-10; Jl 3.1-2 \u2013 aldingar\u00f0ur, sk\u00f3gur Jes 29.17+<br \/>\n<b>32.17<\/b> R\u00e9ttl\u00e6ti og fri\u00f0ur Jes 9.6; Slm 72.2-3; Jak 3.18 \u2013 hv\u00edld og \u00f6ruggi Jes 30.15; 33.15-16<br \/>\n<b>32.18<\/b> Fri\u00f0s\u00e6l heimkynni Jes 28.12; Jer 23.6<br \/>\n<b>32.20<\/b> S\u00e6lir Jes 30.18; Slm 1.1+<\/div>\n","protected":false},"excerpt":{"rendered":"<p>1\u00deegar konungurinn r\u00edkir me\u00f0 r\u00e9ttl\u00e6ti og h\u00f6f\u00f0ingjarnir stj\u00f3rna me\u00f0 r\u00e9ttv\u00edsi,2\u00fe\u00e1 ver\u00f0ur hver \u00feeirra sem hl\u00e9 fyrir vindi og skj\u00f3l fyrir sk\u00farum, sem vatnsl\u00e6kir \u00ed \u00f6r\u00e6fum, sem skuggi af st\u00f3rum hamri \u00ed vatnslausu landi.3\u00de\u00e1 eru augu hinna sj\u00e1andi eigi afturlukt, og \u00fe\u00e1 hlusta eyru \u00feeirra, sem heyrandi eru.4Hj\u00f6rtu hinna g\u00e1lausu munu l\u00e6ra hyggindi og tunga hinna m\u00e1llausu tala li\u00f0ugt og sk\u00fdrt.5\u00de\u00e1 ver\u00f0ur heimskinginn eigi framar kalla\u00f0ur g\u00f6fugmenni og hinn undirf\u00f6ruli eigi sag\u00f0ur veglyndur.6Heimskinginn talar heimsku og hjarta hans b\u00fdr m\u00f6nnum \u00f3g\u00e6fu, me\u00f0 \u00fev\u00ed a\u00f0 hann breytir \u00f3gu\u00f0lega og talar villu gegn Drottni, l\u00e6tur hinn hungra\u00f0a vera svangan og gefur eigi \u00feyrstum <a href=\"https:\/\/biblian.is\/1981\/jesaja-32-kafli\/\"> [&#8230;]<\/a><\/p>\n","protected":false},"author":1,"featured_media":0,"parent":0,"menu_order":0,"comment_status":"open","ping_status":"open","template":"bibliukaflar.php","meta":{"footnotes":""},"class_list":["post-2058","page","type-page","status-publish","hentry"],"_links":{"self":[{"href":"https:\/\/biblian.is\/1981\/wp-json\/wp\/v2\/pages\/2058","targetHints":{"allow":["GET"]}}],"collection":[{"href":"https:\/\/biblian.is\/1981\/wp-json\/wp\/v2\/pages"}],"about":[{"href":"https:\/\/biblian.is\/1981\/wp-json\/wp\/v2\/types\/page"}],"author":[{"embeddable":true,"href":"https:\/\/biblian.is\/1981\/wp-json\/wp\/v2\/users\/1"}],"replies":[{"embeddable":true,"href":"https:\/\/biblian.is\/1981\/wp-json\/wp\/v2\/comments?post=2058"}],"version-history":[{"count":0,"href":"https:\/\/biblian.is\/1981\/wp-json\/wp\/v2\/pages\/2058\/revisions"}],"wp:attachment":[{"href":"https:\/\/biblian.is\/1981\/wp-json\/wp\/v2\/media?parent=2058"}],"curies":[{"name":"wp","href":"https:\/\/api.w.org\/{rel}","templated":true}]}}