{"id":2057,"date":"2017-11-18T20:19:56","date_gmt":"2017-11-18T20:19:56","guid":{"rendered":"http:\/\/biblian.is\/1981\/jesaja-31-kafli\/"},"modified":"2017-11-18T20:19:56","modified_gmt":"2017-11-18T20:19:56","slug":"jesaja-31-kafli","status":"publish","type":"page","link":"https:\/\/biblian.is\/1981\/jesaja-31-kafli\/","title":{"rendered":"Jesaja 31. kafli"},"content":{"rendered":"<p><a name=\"1\"><span class=\"versanumer\">1<\/span><\/a>Vei \u00feeim, sem fara su\u00f0ur til Egyptalands \u00ed li\u00f0sb\u00f3n, sem rei\u00f0a sig \u00e1 hesta og treysta \u00e1 vagna, af \u00fev\u00ed a\u00f0 \u00feeir s\u00e9u margir, og \u00e1 riddara, af \u00fev\u00ed a\u00f0 fj\u00f6ldinn s\u00e9 mikill, en l\u00edta ekki til Hins heilaga \u00ed \u00cdsrael og leita ekki Drottins.<a name=\"2\"><span class=\"versanumer\">2<\/span><\/a>En hann er l\u00edka r\u00e1\u00f0spakur og l\u00e6tur \u00f3g\u00e6funa yfir koma og tekur ekki or\u00f0 s\u00edn aftur. Hann r\u00eds upp \u00ed m\u00f3ti h\u00fasi illvirkjanna og \u00ed m\u00f3ti hj\u00e1lparli\u00f0i misgj\u00f6r\u00f0amannanna.<a name=\"3\"><span class=\"versanumer\">3<\/span><\/a>Egyptar eru menn, en enginn Gu\u00f0, hestar \u00feeirra eru hold, en eigi andi. \u00deegar Drottinn r\u00e9ttir \u00fat h\u00f6nd s\u00edna, hrasar li\u00f0veitandinn og li\u00f0\u00feeginn fellur, svo a\u00f0 \u00feeir farast allir hver me\u00f0 \u00f6\u00f0rum.<a name=\"4\"><span class=\"versanumer\">4<\/span><\/a>Svo hefir Drottinn vi\u00f0 mig sagt: Eins og lj\u00f3ni\u00f0 e\u00f0a lj\u00f3nsk\u00e1lfurinn urrar yfir br\u00e1\u00f0 sinni, \u00feegar hjar\u00f0mannah\u00f3p er stefnt saman \u00e1 m\u00f3ti honum, og hann hr\u00e6\u00f0ist ekki k\u00f6ll \u00feeirra og l\u00e6tur ekki hugfallast vi\u00f0 h\u00e1reysti \u00feeirra, eins mun Drottinn allsherjar ofan st\u00edga til \u00feess a\u00f0 herja \u00e1 S\u00edonfjall og h\u00e6\u00f0 \u00feess.<a name=\"5\"><span class=\"versanumer\">5<\/span><\/a>Eins og fuglar \u00e1 fl\u00f6kti, eins mun Drottinn allsherjar vernda Jer\u00fasalem, vernda hana og frelsa, v\u00e6gja henni og bjarga.<a name=\"6\"><span class=\"versanumer\">6<\/span><\/a>Hverfi\u00f0 aftur, \u00fe\u00e9r \u00cdsraelsmenn, til hans, sem \u00fe\u00e9r eru\u00f0 horfnir svo langt \u00ed burtu fr\u00e1.<a name=\"7\"><span class=\"versanumer\">7<\/span><\/a>\u00dev\u00ed a\u00f0 \u00e1 \u00feeim degi munu \u00feeir hver og einn hafna silfurgo\u00f0um s\u00ednum og gullgo\u00f0um, er sekar hendur y\u00f0ar hafa gj\u00f6rt handa y\u00f0ur.<a name=\"8\"><span class=\"versanumer\">8<\/span><\/a>Ass\u00fdr\u00eda skal fyrir sver\u00f0i falla, en ekki fyrir manna sver\u00f0i. Sver\u00f0 skal ver\u00f0a henni a\u00f0 bana, en ekkert mannssver\u00f0. H\u00fan mun undan sver\u00f0i fl\u00fdja og \u00e6skumenn hennar ver\u00f0a \u00e1nau\u00f0ugir.<a name=\"9\"><span class=\"versanumer\">9<\/span><\/a>Og bjarg hennar mun farast af \u00f3tta og h\u00f6f\u00f0ingjar hennar fl\u00fdja \u00ed ofbo\u00f0i undan merkinu. Svo segir Drottinn, sem hefir eld sinn \u00e1 S\u00edon og arin sinn \u00ed Jer\u00fasalem.<\/p>\n<div class=\"footnote1981\"><b>31.1<\/b> \u00cd li\u00f0sb\u00f3n Jes 18.2+ &#8211; treysta \u00e1 vagna Jes 36.9 \u2013 l\u00edta ekki til Jes 5.12-24; 22.11 \u2013 Hinn heilagi Jes 1.4+ &#8211; leita Drottins Slm 9.11+<br \/>\n<b>31.2<\/b> Illvirkjar Slm 5.6; 6.9; 14.4; 28.3; 36.13; 53.5 o.fl.; sbr Jes 10.1; 29.20<br \/>\n<b>31.3<\/b> Menn, en enginn Gu\u00f0 Slm 146.3 \u2013 farast Jes 1.28; 10.18; 29.20<br \/>\n<b>31.5<\/b> Undir vernarv\u00e6ng Slm 17.8+ &#8211; Drottinn verndar Jer\u00fasalem Jes 29.5-8; 36-37<br \/>\n<b>31.6<\/b> Dj\u00fapt fr\u00e1 Jes 1.2-4<br \/>\n<b>31.7<\/b> Tilb\u00fain go\u00f0 Jes 17.7-8; sbr Slm 115.4-7+ &#8211; hafna Jes 2.20; 30.22<br \/>\n<b>31.9<\/b> Merkin Jes 5.26+ &#8211; eld \u00e1 S\u00edon Jes 33.14<\/div>\n","protected":false},"excerpt":{"rendered":"<p>1Vei \u00feeim, sem fara su\u00f0ur til Egyptalands \u00ed li\u00f0sb\u00f3n, sem rei\u00f0a sig \u00e1 hesta og treysta \u00e1 vagna, af \u00fev\u00ed a\u00f0 \u00feeir s\u00e9u margir, og \u00e1 riddara, af \u00fev\u00ed a\u00f0 fj\u00f6ldinn s\u00e9 mikill, en l\u00edta ekki til Hins heilaga \u00ed \u00cdsrael og leita ekki Drottins.2En hann er l\u00edka r\u00e1\u00f0spakur og l\u00e6tur \u00f3g\u00e6funa yfir koma og tekur ekki or\u00f0 s\u00edn aftur. Hann r\u00eds upp \u00ed m\u00f3ti h\u00fasi illvirkjanna og \u00ed m\u00f3ti hj\u00e1lparli\u00f0i misgj\u00f6r\u00f0amannanna.3Egyptar eru menn, en enginn Gu\u00f0, hestar \u00feeirra eru hold, en eigi andi. \u00deegar Drottinn r\u00e9ttir \u00fat h\u00f6nd s\u00edna, hrasar li\u00f0veitandinn og li\u00f0\u00feeginn fellur, svo a\u00f0 \u00feeir farast allir <a href=\"https:\/\/biblian.is\/1981\/jesaja-31-kafli\/\"> [&#8230;]<\/a><\/p>\n","protected":false},"author":1,"featured_media":0,"parent":0,"menu_order":0,"comment_status":"open","ping_status":"open","template":"bibliukaflar.php","meta":{"footnotes":""},"class_list":["post-2057","page","type-page","status-publish","hentry"],"_links":{"self":[{"href":"https:\/\/biblian.is\/1981\/wp-json\/wp\/v2\/pages\/2057","targetHints":{"allow":["GET"]}}],"collection":[{"href":"https:\/\/biblian.is\/1981\/wp-json\/wp\/v2\/pages"}],"about":[{"href":"https:\/\/biblian.is\/1981\/wp-json\/wp\/v2\/types\/page"}],"author":[{"embeddable":true,"href":"https:\/\/biblian.is\/1981\/wp-json\/wp\/v2\/users\/1"}],"replies":[{"embeddable":true,"href":"https:\/\/biblian.is\/1981\/wp-json\/wp\/v2\/comments?post=2057"}],"version-history":[{"count":0,"href":"https:\/\/biblian.is\/1981\/wp-json\/wp\/v2\/pages\/2057\/revisions"}],"wp:attachment":[{"href":"https:\/\/biblian.is\/1981\/wp-json\/wp\/v2\/media?parent=2057"}],"curies":[{"name":"wp","href":"https:\/\/api.w.org\/{rel}","templated":true}]}}